{"id":507705,"date":"2025-05-11T19:01:46","date_gmt":"2025-05-11T17:01:46","guid":{"rendered":"https:\/\/arcasgruber.com\/?page_id=507705"},"modified":"2025-05-11T19:02:39","modified_gmt":"2025-05-11T17:02:39","slug":"massa-carrara","status":"publish","type":"page","link":"https:\/\/arcasgruber.com\/it\/casseforti-italia\/massa-carrara\/","title":{"rendered":"Casseforti a Massa-Carrara | Cassaforte certificata con produzione europea"},"content":{"rendered":"\n<p>Con Arcas Gruber, puoi installare una <strong>cassaforte a Massa-Carrara<\/strong> con la garanzia di un <strong>produttore europeo<\/strong> specializzato in <a href=\"https:\/\/arcasgruber.com\/it\/casseforti\/\">casseforti certificate<\/a> per ogni tipo di applicazione: abitazioni, aziende, uffici e istituti pubblici.<\/p>\n\n\n\n<p>Offriamo modelli conformi alla normativa EN 1143-1, con diversi livelli di resistenza e configurazioni: da incasso, ignifughe, modulari o a pavimento. Tutti realizzati con i pi\u00f9 alti standard di qualit\u00e0 e affidabilit\u00e0.<\/p>\n\n\n\n<ul class=\"wp-block-list\">\n<li>Produzione certificata e controllata in Europa<\/li>\n\n\n\n<li>Installazione e consegna in tutta Massa-Carrara<\/li>\n\n\n\n<li>Supporto tecnico e consulenza personalizzata<\/li>\n\n\n\n<li>Modelli con chiusura elettronica, biometrica o a chiave<\/li>\n<\/ul>\n\n\n\n<p>Scopri le nostre categorie principali:<\/p>\n\n\n\n<ul class=\"wp-block-list\">\n<li><a href=\"https:\/\/arcasgruber.com\/it\/casseforti\/\">Casseforti Arcas Gruber<\/a><\/li>\n\n\n\n<li><a href=\"https:\/\/arcasgruber.com\/it\/casseforti\/certificate-omologate\/\">Casseforti certificate EN 1143-1<\/a><\/li>\n\n\n\n<li><a href=\"https:\/\/arcasgruber.com\/it\/casseforti-certificate\/\">Modelli su misura di alta sicurezza<\/a><\/li>\n<\/ul>\n\n\n\n<p><strong>Email:<\/strong> <a href=\"mailto:italia@arcasgruber.com\">italia@arcasgruber.com<\/a><br><strong>Telefono:<\/strong> <a href=\"tel:+393343260186\">+39 33 43 26 01 86<\/a><br><strong>Modulo di contatto:<\/strong> <a href=\"https:\/\/arcasgruber.com\/it\/contatto\/\">Contattaci<\/a><\/p>\n","protected":false},"excerpt":{"rendered":"<p>Con Arcas Gruber, puoi installare una cassaforte a Massa-Carrara con la garanzia di un produttore europeo specializzato in casseforti certificate<\/p>\n","protected":false},"author":3,"featured_media":507706,"parent":506744,"menu_order":0,"comment_status":"closed","ping_status":"closed","template":"","meta":{"_acf_changed":false,"footnotes":""},"class_list":["post-507705","page","type-page","status-publish","has-post-thumbnail","hentry"],"acf":[],"_links":{"self":[{"href":"https:\/\/arcasgruber.com\/it\/wp-json\/wp\/v2\/pages\/507705","targetHints":{"allow":["GET"]}}],"collection":[{"href":"https:\/\/arcasgruber.com\/it\/wp-json\/wp\/v2\/pages"}],"about":[{"href":"https:\/\/arcasgruber.com\/it\/wp-json\/wp\/v2\/types\/page"}],"author":[{"embeddable":true,"href":"https:\/\/arcasgruber.com\/it\/wp-json\/wp\/v2\/users\/3"}],"replies":[{"embeddable":true,"href":"https:\/\/arcasgruber.com\/it\/wp-json\/wp\/v2\/comments?post=507705"}],"version-history":[{"count":0,"href":"https:\/\/arcasgruber.com\/it\/wp-json\/wp\/v2\/pages\/507705\/revisions"}],"up":[{"embeddable":true,"href":"https:\/\/arcasgruber.com\/it\/wp-json\/wp\/v2\/pages\/506744"}],"wp:featuredmedia":[{"embeddable":true,"href":"https:\/\/arcasgruber.com\/it\/wp-json\/wp\/v2\/media\/507706"}],"wp:attachment":[{"href":"https:\/\/arcasgruber.com\/it\/wp-json\/wp\/v2\/media?parent=507705"}],"curies":[{"name":"wp","href":"https:\/\/api.w.org\/{rel}","templated":true}]}}