{"id":23600,"date":"2022-03-03T16:53:22","date_gmt":"2022-03-03T15:53:22","guid":{"rendered":"https:\/\/pre.thelastdock.com\/gruber\/avvertimento-legale\/"},"modified":"2024-12-19T08:20:48","modified_gmt":"2024-12-19T07:20:48","slug":"avvertimento-legale","status":"publish","type":"page","link":"https:\/\/arcasgruber.com\/it\/avvertimento-legale\/","title":{"rendered":"Avvertimento legale"},"content":{"rendered":"\t\t<div data-elementor-type=\"wp-page\" data-elementor-id=\"23600\" class=\"elementor elementor-23600 elementor-12634\" data-elementor-post-type=\"page\">\n\t\t\t\t\t\t<section class=\"has_ae_slider elementor-section elementor-top-section elementor-element elementor-element-2541d8f0 elementor-section-boxed elementor-section-height-default elementor-section-height-default wd-section-disabled ae-bg-gallery-type-default\" data-id=\"2541d8f0\" data-element_type=\"section\">\n\t\t\t\t\t\t<div class=\"elementor-container elementor-column-gap-default\">\n\t\t\t\t\t<div class=\"has_ae_slider elementor-column elementor-col-100 elementor-top-column elementor-element elementor-element-687ac1ad ae-bg-gallery-type-default\" data-id=\"687ac1ad\" data-element_type=\"column\">\n\t\t\t<div class=\"elementor-widget-wrap elementor-element-populated\">\n\t\t\t\t\t\t<div class=\"elementor-element elementor-element-634d3268 color-scheme-inherit text-left elementor-widget elementor-widget-text-editor\" data-id=\"634d3268\" data-element_type=\"widget\" data-widget_type=\"text-editor.default\">\n\t\t\t\t<div class=\"elementor-widget-container\">\n\t\t\t\t\t\t\t\t\t<h2><strong>Informativa Legale di Arcas Gruber &#8211; Massima Trasparenza e Garanzie<\/strong><\/h2><p>Arcas Gruber \u00e8 impegnata a garantire il pieno rispetto delle normative legali per offrire ai consumatori massima trasparenza e sicurezza. Di seguito, presentiamo in dettaglio l\u2019informativa legale e le condizioni d\u2019uso del nostro portale.<\/p><hr \/><h3><strong>Punti Chiave da Sapere<\/strong><\/h3><h4><strong>Dati Personali<\/strong><\/h4><ul><li><strong>Uso Esclusivo:<\/strong> I tuoi dati personali vengono utilizzati unicamente per fornire i nostri servizi.<\/li><li><strong>Nessuna Condivisione:<\/strong> Non condivideremo mai i tuoi dati con terze parti senza il tuo esplicito consenso.<\/li><\/ul><h4><strong>Politica Anti-Spam<\/strong><\/h4><ul><li>Adottiamo una rigorosa <strong>politica di zero spam<\/strong>. Puoi sempre controllare quali comunicazioni ricevi da parte nostra.<\/li><\/ul><h4><strong>Pagamenti Sicuri<\/strong><\/h4><ul><li><strong>Protezione delle Informazioni Bancarie:<\/strong> I dati relativi alla tua carta di credito vengono inviati in modo crittografato all\u2019istituto finanziario responsabile del pagamento e non sono mai memorizzati sui nostri sistemi.<\/li><\/ul><hr \/><h3><strong>Dati Identificativi dell\u2019Azienda<\/strong><\/h3><p>Conformemente all\u2019articolo 10 della Legge 34\/2002 sui Servizi della Societ\u00e0 dell\u2019Informazione e del Commercio Elettronico, ecco i dati identificativi di Arcas Gruber:<\/p><ul><li><strong>Ragione Sociale:<\/strong> Arcas Gruber, S.A.<\/li><li><strong>Indirizzo:<\/strong> Via Iparraguirre, 52, 48010 Bilbao (Vizcaya), Spagna<\/li><li><strong>CIF:<\/strong> ESA48000814<\/li><li><strong>Email di contatto:<\/strong> <a rel=\"noopener\">info@arcasgruber.com<\/a><\/li><li><strong>Telefono:<\/strong> +34 944 216 820<\/li><li><strong>Registro Mercantile:<\/strong> Registrato nel Registro di Vizcaya, Volume 1836, Folio 122, Voce 40, Foglio BI-3647-A.<\/li><\/ul><hr \/><h3><strong>Utenti e Uso del Portale<\/strong><\/h3><h4><strong>Definizione di Utente<\/strong><\/h4><p>L\u2019accesso e\/o utilizzo del nostro portale attribuisce automaticamente lo status di UTENTE, che accetta le presenti condizioni d\u2019uso. Tali condizioni si applicano insieme alle condizioni contrattuali, se previste.<\/p><h4><strong>Responsabilit\u00e0 dell\u2019Utente<\/strong><\/h4><p>L\u2019UTENTE si impegna a:<\/p><ol><li>Fornire informazioni veritiere e accurate durante la registrazione al portale.<\/li><li>Usare il portale e i suoi servizi in modo appropriato, evitando comportamenti illeciti o dannosi.<\/li><li>Conservare con cura le credenziali di accesso ricevute.<\/li><\/ol><hr \/><h3><strong>Protezione dei Dati<\/strong><\/h3><p>Arcas Gruber \u00e8 conforme alla normativa sulla protezione dei dati personali (Legge Organica 15\/1999 e Regio Decreto 1720\/2007). I tuoi dati saranno trattati con la massima riservatezza e sicurezza.<\/p><ul><li><strong>Diritti dell\u2019Utente:<\/strong> Puoi accedere, rettificare, cancellare o opporti al trattamento dei tuoi dati contattandoci a <a href=\"mailto:info@arcasgruber.com\" rel=\"noopener\">info@arcasgruber.com<\/a>.<\/li><li><strong>Uso dei Dati:<\/strong> I dati saranno utilizzati esclusivamente per la fornitura di servizi, supporto amministrativo e promozioni mirate di tuo interesse.<\/li><\/ul><hr \/><h3><strong>Propriet\u00e0 Intellettuale e Industriale<\/strong><\/h3><p>Tutti i contenuti del portale (testi, immagini, design, software, loghi) sono di propriet\u00e0 di Arcas Gruber o dei suoi licenziatari. \u00c8 vietato l\u2019uso non autorizzato per scopi commerciali.<\/p><hr \/><h3><strong>Modifiche e Contatti<\/strong><\/h3><p>Arcas Gruber si riserva il diritto di modificare contenuti, condizioni d\u2019uso e servizi del portale senza preavviso. Per qualsiasi dubbio o richiesta, puoi contattarci:<br \/>\ud83d\udcde <strong>Telefono:<\/strong> +34 944 216 820<br \/>\ud83d\udce7 <strong>Email:<\/strong> <a href=\"mailto:info@arcasgruber.com\" rel=\"noopener\">info@arcasgruber.com<\/a><\/p><p>Siamo qui per supportarti e offrirti la migliore esperienza possibile.<\/p>\t\t\t\t\t\t\t\t<\/div>\n\t\t\t\t<\/div>\n\t\t\t\t\t<\/div>\n\t\t<\/div>\n\t\t\t\t\t<\/div>\n\t\t<\/section>\n\t\t\t\t<section class=\"has_ae_slider elementor-section elementor-top-section elementor-element elementor-element-9c8e0bf elementor-section-boxed elementor-section-height-default elementor-section-height-default wd-section-disabled ae-bg-gallery-type-default\" data-id=\"9c8e0bf\" data-element_type=\"section\">\n\t\t\t\t\t\t<div class=\"elementor-container elementor-column-gap-default\">\n\t\t\t\t\t<div class=\"has_ae_slider elementor-column elementor-col-100 elementor-top-column elementor-element elementor-element-19c2ac2 ae-bg-gallery-type-default\" data-id=\"19c2ac2\" data-element_type=\"column\">\n\t\t\t<div class=\"elementor-widget-wrap elementor-element-populated\">\n\t\t\t\t\t\t<div class=\"elementor-element elementor-element-41ae3f4 elementor-widget elementor-widget-wd_text_block\" data-id=\"41ae3f4\" data-element_type=\"widget\" data-widget_type=\"wd_text_block.default\">\n\t\t\t\t<div class=\"elementor-widget-container\">\n\t\t\t\t\t\t\t<div class=\"wd-text-block reset-last-child text-left\">\n\t\t\t\n\t\t\t<h3><strong>Proteggi i tuoi beni con le nostre casseforti di qualit\u00e0<\/strong><\/h3><p>Scopri la nostra ampia gamma di <strong><a href=\"https:\/\/arcasgruber.com\/it\/casseforti\/\" target=\"_new\" rel=\"noopener\">casseforti<\/a><\/strong> progettate per offrire sicurezza e tranquillit\u00e0. Che sia per uso domestico, aziendale o industriale, troverai la soluzione perfetta per proteggere ci\u00f2 che conta di pi\u00f9.<\/p><p>\ud83d\udc49 <strong><a href=\"https:\/\/arcasgruber.com\/it\/casseforti\/\" target=\"_new\" rel=\"noopener\">Esplora ora la nostra selezione di casseforti<\/a><\/strong> e assicurati una protezione affidabile con Arcas Gruber!<\/p>\n\t\t\t\t\t<\/div>\n\t\t\t\t\t\t<\/div>\n\t\t\t\t<\/div>\n\t\t\t\t\t<\/div>\n\t\t<\/div>\n\t\t\t\t\t<\/div>\n\t\t<\/section>\n\t\t\t\t<\/div>\n\t\t","protected":false},"excerpt":{"rendered":"<p>Informativa Legale di Arcas Gruber &#8211; Massima Trasparenza e Garanzie Arcas Gruber \u00e8 impegnata a garantire il pieno rispetto delle<\/p>\n","protected":false},"author":3,"featured_media":0,"parent":0,"menu_order":25,"comment_status":"closed","ping_status":"closed","template":"","meta":{"_acf_changed":false,"footnotes":""},"class_list":["post-23600","page","type-page","status-publish","hentry"],"acf":[],"_links":{"self":[{"href":"https:\/\/arcasgruber.com\/it\/wp-json\/wp\/v2\/pages\/23600","targetHints":{"allow":["GET"]}}],"collection":[{"href":"https:\/\/arcasgruber.com\/it\/wp-json\/wp\/v2\/pages"}],"about":[{"href":"https:\/\/arcasgruber.com\/it\/wp-json\/wp\/v2\/types\/page"}],"author":[{"embeddable":true,"href":"https:\/\/arcasgruber.com\/it\/wp-json\/wp\/v2\/users\/3"}],"replies":[{"embeddable":true,"href":"https:\/\/arcasgruber.com\/it\/wp-json\/wp\/v2\/comments?post=23600"}],"version-history":[{"count":0,"href":"https:\/\/arcasgruber.com\/it\/wp-json\/wp\/v2\/pages\/23600\/revisions"}],"wp:attachment":[{"href":"https:\/\/arcasgruber.com\/it\/wp-json\/wp\/v2\/media?parent=23600"}],"curies":[{"name":"wp","href":"https:\/\/api.w.org\/{rel}","templated":true}]}}