{"id":23596,"date":"2022-03-03T16:46:23","date_gmt":"2022-03-03T15:46:23","guid":{"rendered":"https:\/\/pre.thelastdock.com\/gruber\/politica-sui-cookie\/"},"modified":"2024-12-19T12:02:40","modified_gmt":"2024-12-19T11:02:40","slug":"politica-sui-cookie","status":"publish","type":"page","link":"https:\/\/arcasgruber.com\/it\/politica-sui-cookie\/","title":{"rendered":"Politica sui cookie"},"content":{"rendered":"\t\t<div data-elementor-type=\"wp-page\" data-elementor-id=\"23596\" class=\"elementor elementor-23596 elementor-2523\" data-elementor-post-type=\"page\">\n\t\t\t\t\t\t<section class=\"has_ae_slider elementor-section elementor-top-section elementor-element elementor-element-7ec4e98e elementor-section-boxed elementor-section-height-default elementor-section-height-default wd-section-disabled ae-bg-gallery-type-default\" data-id=\"7ec4e98e\" data-element_type=\"section\">\n\t\t\t\t\t\t<div class=\"elementor-container elementor-column-gap-default\">\n\t\t\t\t\t<div class=\"has_ae_slider elementor-column elementor-col-100 elementor-top-column elementor-element elementor-element-7bd92ed8 ae-bg-gallery-type-default\" data-id=\"7bd92ed8\" data-element_type=\"column\">\n\t\t\t<div class=\"elementor-widget-wrap elementor-element-populated\">\n\t\t\t\t\t\t<div class=\"elementor-element elementor-element-58d35330 color-scheme-inherit text-left elementor-widget elementor-widget-text-editor\" data-id=\"58d35330\" data-element_type=\"widget\" data-widget_type=\"text-editor.default\">\n\t\t\t\t<div class=\"elementor-widget-container\">\n\t\t\t\t\t\t\t\t\t<h3><strong>Politica sui Cookie di Arcas Gruber<\/strong><\/h3><p>Presso <strong>Arcas Gruber<\/strong>, ci impegniamo a garantire la massima trasparenza nell&#8217;uso dei cookie sul nostro sito web. Di seguito, spieghiamo cosa sono i cookie, i tipi che utilizziamo e come puoi gestirli.<\/p><hr \/><h3><strong>Cosa sono i cookie?<\/strong><\/h3><p>I cookie sono piccoli file che vengono scaricati sul tuo computer o dispositivo quando accedi a determinati siti web. Consentono a un sito web, tra le altre cose, di memorizzare e recuperare informazioni sulle abitudini di navigazione di un utente o dispositivo e, in base alle informazioni che contengono, possono anche riconoscere l&#8217;utente.<\/p><p>I cookie sono memorizzati sul disco rigido per un tempo limitato e non danneggiano il tuo dispositivo. Non contengono informazioni personali specifiche e, nella maggior parte dei casi, vengono eliminati automaticamente alla chiusura del browser (cookie di sessione).<\/p><hr \/><h3><strong>Uso dei cookie sul nostro sito web<\/strong><\/h3><p>La maggior parte dei browser accetta i cookie per impostazione predefinita e consente di gestirne l&#8217;utilizzo tramite le impostazioni di sicurezza. Senza il tuo consenso esplicito, <strong>Arcas Gruber<\/strong> non collegher\u00e0 le informazioni memorizzate nei cookie ai tuoi dati personali forniti durante la registrazione o l&#8217;acquisto.<\/p><hr \/><h3><strong>Quali tipi di cookie utilizziamo?<\/strong><\/h3><h4><strong>Cookie tecnici:<\/strong><\/h4><p>Questi cookie consentono funzionalit\u00e0 essenziali come la navigazione sul sito, l&#8217;accesso ad aree riservate, la gestione degli ordini o l&#8217;utilizzo di elementi di sicurezza. Esempi: controllo del traffico, finalizzazione degli acquisti o memorizzazione di contenuti multimediali.<\/p><h4><strong>Cookie di personalizzazione:<\/strong><\/h4><p>Consentono di adattare l&#8217;esperienza utente in base a preferenze come la lingua, le impostazioni regionali o il tipo di browser.<\/p><h4><strong>Cookie di analisi:<\/strong><\/h4><p>Gestiti da noi o da terze parti, questi cookie consentono di misurare e analizzare statisticamente come gli utenti interagiscono con il nostro sito web. Questo ci aiuta a migliorare i nostri prodotti e servizi.<\/p><h4><strong>Cookie di terze parti:<\/strong><\/h4><p>Il nostro sito utilizza servizi di terze parti, come Google Analytics, per raccogliere informazioni statistiche e analizzare l&#8217;utilizzo del sito. Questi servizi possono condividere i dati raccolti con terze parti se richiesto dalla legge o quando elaborano informazioni per conto di Google.<\/p><hr \/><h3><strong>Google Analytics<\/strong><\/h3><p>Questo sito utilizza Google Analytics, un servizio di analisi web fornito da Google, Inc., con sede negli Stati Uniti (1600 Amphitheatre Parkway, Mountain View, California 94043).<br \/>Google Analytics utilizza cookie per raccogliere informazioni, incluso il tuo indirizzo IP, che verranno trasmesse e archiviate da Google. Queste informazioni possono essere condivise con terze parti per obblighi legali o quando vengono elaborate per conto di Google.<\/p><hr \/><h3><strong>Consenso dell&#8217;utente<\/strong><\/h3><p>Utilizzando questo sito, accetti espressamente il trattamento delle informazioni raccolte tramite cookie nei modi e per gli scopi descritti sopra. Puoi bloccare o eliminare i cookie configurando il tuo browser, ma ci\u00f2 potrebbe limitare alcune funzionalit\u00e0 del sito.<\/p><hr \/><h3><strong>Gestione dei cookie<\/strong><\/h3><p>Puoi consentire, bloccare o eliminare i cookie installati sul tuo dispositivo tramite le impostazioni del browser. Ecco come fare nei browser pi\u00f9 comuni:<\/p><ul><li><a target=\"_new\" rel=\"noopener\">Chrome<\/a><\/li><li><a href=\"https:\/\/support.microsoft.com\/it-it\/help\/17442\/windows-internet-explorer-delete-manage-cookies\" target=\"_new\" rel=\"noopener\">Explorer<\/a><\/li><li><a href=\"https:\/\/support.mozilla.org\/it\/kb\/attivare-e-disattivare-i-cookie\" target=\"_new\" rel=\"noopener\">Firefox<\/a><\/li><li><a href=\"https:\/\/support.apple.com\/it-it\/guide\/safari\/sfri11471\/mac\" target=\"_new\" rel=\"noopener\">Safari<\/a><\/li><\/ul><hr \/><h3><strong>Contatto<\/strong><\/h3><p>Se hai domande su questa politica sui cookie, contattaci:<br \/>\ud83d\udce7 <strong>Email:<\/strong> <a rel=\"noopener\">info@arcasgruber.com<\/a><\/p><hr \/><h3><strong>Sostegno del Fondo Europeo di Sviluppo Regionale<\/strong><\/h3><p><strong>Arcas Gruber<\/strong> ha beneficiato del <strong>Fondo Europeo di Sviluppo Regionale (FESR)<\/strong>, il cui obiettivo \u00e8 migliorare la competitivit\u00e0 delle piccole e medie imprese (PMI) attraverso strategie online internazionali e marketing digitale. Questa iniziativa \u00e8 stata supportata dal <strong>Programma Xpande Digital<\/strong> della Camera di Commercio di Bilbao.<\/p>\t\t\t\t\t\t\t\t<\/div>\n\t\t\t\t<\/div>\n\t\t\t\t\t<\/div>\n\t\t<\/div>\n\t\t\t\t\t<\/div>\n\t\t<\/section>\n\t\t\t\t<\/div>\n\t\t","protected":false},"excerpt":{"rendered":"<p>Politica sui Cookie di Arcas Gruber Presso Arcas Gruber, ci impegniamo a garantire la massima trasparenza nell&#8217;uso dei cookie sul<\/p>\n","protected":false},"author":3,"featured_media":0,"parent":0,"menu_order":24,"comment_status":"closed","ping_status":"closed","template":"","meta":{"_acf_changed":false,"footnotes":""},"class_list":["post-23596","page","type-page","status-publish","hentry"],"acf":[],"_links":{"self":[{"href":"https:\/\/arcasgruber.com\/it\/wp-json\/wp\/v2\/pages\/23596","targetHints":{"allow":["GET"]}}],"collection":[{"href":"https:\/\/arcasgruber.com\/it\/wp-json\/wp\/v2\/pages"}],"about":[{"href":"https:\/\/arcasgruber.com\/it\/wp-json\/wp\/v2\/types\/page"}],"author":[{"embeddable":true,"href":"https:\/\/arcasgruber.com\/it\/wp-json\/wp\/v2\/users\/3"}],"replies":[{"embeddable":true,"href":"https:\/\/arcasgruber.com\/it\/wp-json\/wp\/v2\/comments?post=23596"}],"version-history":[{"count":0,"href":"https:\/\/arcasgruber.com\/it\/wp-json\/wp\/v2\/pages\/23596\/revisions"}],"wp:attachment":[{"href":"https:\/\/arcasgruber.com\/it\/wp-json\/wp\/v2\/media?parent=23596"}],"curies":[{"name":"wp","href":"https:\/\/api.w.org\/{rel}","templated":true}]}}