{"id":23595,"date":"2022-03-03T16:45:33","date_gmt":"2022-03-03T15:45:33","guid":{"rendered":"https:\/\/pre.thelastdock.com\/gruber\/politica-sulla-riservatezza\/"},"modified":"2024-12-20T09:38:25","modified_gmt":"2024-12-20T08:38:25","slug":"politica-sulla-riservatezza","status":"publish","type":"page","link":"https:\/\/arcasgruber.com\/it\/politica-sulla-riservatezza\/","title":{"rendered":"Politica sulla riservatezza"},"content":{"rendered":"\t\t<div data-elementor-type=\"wp-page\" data-elementor-id=\"23595\" class=\"elementor elementor-23595 elementor-12649\" data-elementor-post-type=\"page\">\n\t\t\t\t\t\t<section class=\"has_ae_slider elementor-section elementor-top-section elementor-element elementor-element-29b84c12 elementor-section-boxed elementor-section-height-default elementor-section-height-default wd-section-disabled ae-bg-gallery-type-default\" data-id=\"29b84c12\" data-element_type=\"section\">\n\t\t\t\t\t\t<div class=\"elementor-container elementor-column-gap-default\">\n\t\t\t\t\t<div class=\"has_ae_slider elementor-column elementor-col-100 elementor-top-column elementor-element elementor-element-24e4db5e ae-bg-gallery-type-default\" data-id=\"24e4db5e\" data-element_type=\"column\">\n\t\t\t<div class=\"elementor-widget-wrap elementor-element-populated\">\n\t\t\t\t\t\t<div class=\"elementor-element elementor-element-63e61345 color-scheme-inherit text-left elementor-widget elementor-widget-text-editor\" data-id=\"63e61345\" data-element_type=\"widget\" data-widget_type=\"text-editor.default\">\n\t\t\t\t<div class=\"elementor-widget-container\">\n\t\t\t\t\t\t\t\t\t<p>In ottemperanza alle disposizioni della Legge Organica 15\/1999 del 13 dicembre sulla protezione dei dati personali (LOPD), ti informiamo che i tuoi dati entreranno a far parte di un file sotto la responsabilit\u00e0 di Arcas Gruber, SA, CIF: ESA48000814 . e saranno trattati al fine di soddisfare la Sua richiesta di informazioni nonch\u00e9 di supporto informativo alla gestione fiscale, amministrativa, commerciale e contabile della societ\u00e0.<\/p><p>In caso di rifiuto a fornire i campi indicati come obbligatori, non sar\u00e0 possibile soddisfare la tua richiesta di informazioni. Infine, ti informiamo che in qualsiasi momento puoi esercitare i tuoi diritti di accesso, rettifica, cancellazione e opposizione contattando Arcas Gruber, SA, domiciliato in calle Iparraguirre, 52, Bilbao, provincia di Biscaglia con codice postale 48010. Telefono +34 94 421 68 20. E-mail: info@arcasgruber.com<\/p><p>L&#8217;utente autorizza espressamente Arcas Gruber, S.A. affinch\u00e9 i dati ottenuti su questo sito per lo sviluppo dei rapporti commerciali tra le due parti possano essere forniti a societ\u00e0 terze per la migliore esecuzione dei loro servizi -vettori, enti finanziari, ecc.-. In ogni caso, saranno strettamente necessari per l&#8217;attivit\u00e0 specifica da svolgere. Allo stesso modo, l&#8217;utente autorizza Arcas Gruber, S.A. affinch\u00e9 i dati ricevuti possano essere utilizzati per realizzare campagne informative e azioni promozionali di prodotti o servizi che potrebbero interessarti.<\/p><p>Il file informatico contenente questi dati \u00e8 registrato presso l&#8217;Agenzia spagnola per la protezione dei dati personali (AGPD) e ci impegniamo a rispettare tutte le specifiche e i requisiti richiesti dall&#8217;Agenzia ai sensi della legge organica 15\/1999 sulla protezione dei dati personali:<\/p><p>Ottenere i dati legalmente.<\/p><p>Richiedere l&#8217;autorizzazione ai titolari dei dati, informandoci dell&#8217;origine dei dati in nostro possesso, dell&#8217;identit\u00e0 del responsabile del loro trattamento, delle finalit\u00e0 di questo servizio e dei diritti che La assistono (informazione, accesso, rettifica e cancellazione).<\/p><p>Si informa al momento dell&#8217;inserimento dei dati che gli stessi saranno conservati e trattati con modalit\u00e0 automatizzate per l&#8217;espletamento dei servizi descritti, tramite almeno un link alla presente PRIVACY POLICY.<\/p><p>Che i dati siano adeguati, pertinenti e non eccedenti rispetto allo scopo per il quale sono stati ottenuti.<\/p><p>Che i dati non siano utilizzati per scopi diversi da quelli per i quali sono stati raccolti e che sono descritti nella presente PRIVACY POLICY.<\/p><p>Che i dati vengano cancellati quando non sono pi\u00f9 necessari.<\/p><p>Adottare le misure tecniche e organizzative necessarie per garantire la sicurezza di questi dati ed evitare l&#8217;alterazione, la perdita e il trattamento non autorizzato.<\/p><p>Nel caso in cui per qualsiasi motivo i tuoi dati vengano trasferiti a una societ\u00e0 terza, sar\u00e0 contrattualmente obbligata a informarti al pi\u00f9 presto di questo fatto, dello scopo del trasferimento, che i tuoi dati sono stati da noi trasferiti , nonch\u00e9 di continuare a garantire i propri diritti di accesso, rettifica, cancellazione e opposizione. Nel caso in cui in nessun caso desideri che i tuoi dati vengano trasferiti a una societ\u00e0 terza, faccelo sapere.<\/p><p>Arcas Gruber, SA adeguamento alla normativa vigente o ad altri motivi, per i quali si raccomanda all&#8217;utente di questo sito di rivedere periodicamente questa pagina, poich\u00e9 l&#8217;utilizzo di questo sito da parte dell&#8217;utente sar\u00e0 inteso come accettazione della PRIVACY POLICY in quel momento vigente.<\/p><p>Per esercitare i tuoi diritti in materia di protezione dei dati, puoi contattare:<\/p><p>Ragione Sociale: Arcas Gruber, S.A.<\/p><p>Indirizzo dell&#8217;azienda: Calle Iparraguirre, 52 &#8211; 48010 &#8211; Bilbao &#8211; Vizcaya &#8211; Spagna<\/p><p>Telefono di contatto: +34 94 421 68 20<\/p><p>Indirizzo e-mail: info@arcasgruber.com<\/p><p>Nome a dominio per l&#8217;identificazione: <a href=\"http:\/\/www.arcasgruber.com\">www.arcasgruber.com<\/a><\/p><p>CIF: ESA48000814<\/p>\t\t\t\t\t\t\t\t<\/div>\n\t\t\t\t<\/div>\n\t\t\t\t\t<\/div>\n\t\t<\/div>\n\t\t\t\t\t<\/div>\n\t\t<\/section>\n\t\t\t\t<\/div>\n\t\t","protected":false},"excerpt":{"rendered":"<p>In ottemperanza alle disposizioni della Legge Organica 15\/1999 del 13 dicembre sulla protezione dei dati personali (LOPD), ti informiamo che<\/p>\n","protected":false},"author":3,"featured_media":0,"parent":0,"menu_order":12,"comment_status":"closed","ping_status":"closed","template":"","meta":{"_acf_changed":false,"footnotes":""},"class_list":["post-23595","page","type-page","status-publish","hentry"],"acf":[],"_links":{"self":[{"href":"https:\/\/arcasgruber.com\/it\/wp-json\/wp\/v2\/pages\/23595","targetHints":{"allow":["GET"]}}],"collection":[{"href":"https:\/\/arcasgruber.com\/it\/wp-json\/wp\/v2\/pages"}],"about":[{"href":"https:\/\/arcasgruber.com\/it\/wp-json\/wp\/v2\/types\/page"}],"author":[{"embeddable":true,"href":"https:\/\/arcasgruber.com\/it\/wp-json\/wp\/v2\/users\/3"}],"replies":[{"embeddable":true,"href":"https:\/\/arcasgruber.com\/it\/wp-json\/wp\/v2\/comments?post=23595"}],"version-history":[{"count":0,"href":"https:\/\/arcasgruber.com\/it\/wp-json\/wp\/v2\/pages\/23595\/revisions"}],"wp:attachment":[{"href":"https:\/\/arcasgruber.com\/it\/wp-json\/wp\/v2\/media?parent=23595"}],"curies":[{"name":"wp","href":"https:\/\/api.w.org\/{rel}","templated":true}]}}