{"id":20012,"date":"2021-03-29T09:49:43","date_gmt":"2021-03-29T07:49:43","guid":{"rendered":"https:\/\/arcasgruber.com\/casseforti-e-prodotti-per-la-sicurezza\/"},"modified":"2021-06-29T16:29:43","modified_gmt":"2021-06-29T14:29:43","slug":"casseforti-e-prodotti-per-la-sicurezza-2","status":"publish","type":"page","link":"https:\/\/arcasgruber.com\/it\/casseforti-e-prodotti-per-la-sicurezza-2\/","title":{"rendered":"Casseforti e Prodotti per la sicurezza"},"content":{"rendered":"<p>[vc_row content_placement=&#8221;middle&#8221; css=&#8221;.vc_custom_1594289356791{background-position: center !important;background-repeat: no-repeat !important;background-size: contain !important;}&#8221;][vc_column css=&#8221;.vc_custom_1593422529964{margin-top: 0px !important;margin-right: 0px !important;margin-left: 0px !important;}&#8221;]\t\t<div class=\"promo-banner-wrapper \">\n\t\t\t<div id=\"wd-69e1a13a291b2\" class=\"promo-banner  banner- banner-hover-zoom color-scheme-light banner-btn-size-default banner-btn-style-default  cursor-pointer wd-underline-colored\"\t\t\t\t onclick=\"window.location.href='https:\/\/arcasgruber.com\/it\/cassaforte\/'\"\t\t\t>\n\t\t\t\t<div class=\"main-wrapp-img\">\n\t\t\t\t\t<div class=\"banner-image wd-bg-position-center\" >\n\t\t\t\t\t\t<img fetchpriority=\"high\" decoding=\"async\" width=\"1024\" height=\"288\" src=\"https:\/\/arcasgruber.com\/wp-content\/uploads\/2020\/07\/promocion-cajas-fuertes-1.jpg\" class=\"attachment-full size-full\" alt=\"promoci\u00f3n cajas fuertes - Caja fuerte\" \/>\t\t\t\t\t<\/div>\n\t\t\t\t<\/div>\n\n\t\t\t\t<div class=\"wrapper-content-banner wd-fill  wd-items-top wd-justify-left\">\n\t\t\t\t\t<div class=\"content-banner  text-left\">\n\t\t\t\t\t\t\t\t\t\t\t\t\t\t\t\t\t\t\t<div class=\"banner-inner set-cont-mb-s reset-last-child wd-fontsize-xs\">\n\t\t\t\t\t\t\t\t<\/p>\n<h2>Casseforti<br \/>\nFino al 50% di sconto!<\/h2>\n<p><button name=\"button\">Vedi<\/button><\/p>\n\t\t\t\t\t\t\t<\/div>\n\t\t\t\t\t\t\n\t\t\t\t\t\t\n\t\t\t\t\t\t\t\t\t\t\t<\/div>\n\t\t\t\t<\/div>\n\t\t\t\t\t\t\t<\/div>\n\t\t<\/div>\n\n\t\t[\/vc_column][\/vc_row][vc_row][vc_column][vc_row_inner][vc_column_inner][vc_column_text]<\/p>\n<h1>Negozio online di Casseforti e Prodotti per la sicurezza<\/h1>\n<p>[\/vc_column_text][vc_separator][vc_column_text]<\/p>\n<p style=\"text-align: center;\"><strong>Arcas Gruber il primo negozio completamente specializzato in casseforti e prodotti per la sicurezza.<\/strong><\/p>\n<p>[\/vc_column_text][vc_separator][\/vc_column_inner][\/vc_row_inner][vc_row_inner][vc_column_inner width=&#8221;1\/3&#8243;]\t\t<div class=\"promo-banner-wrapper \">\n\t\t\t<div id=\"wd-69e1a13a29791\" class=\"promo-banner  banner- banner-hover-1 color-scheme-light banner-btn-size-default banner-btn-style-default banner-increased-padding  cursor-pointer wd-underline-colored\"\t\t\t\t onclick=\"window.location.href='https:\/\/arcasgruber.com\/it\/casseforti-certificate\/'\"\t\t\t>\n\t\t\t\t<div class=\"main-wrapp-img\">\n\t\t\t\t\t<div class=\"banner-image wd-bg-position-center\" >\n\t\t\t\t\t\t<img decoding=\"async\" width=\"500\" height=\"300\" src=\"https:\/\/arcasgruber.com\/wp-content\/uploads\/2020\/07\/caja-fuertes-homologadas-3.jpg\" class=\"attachment-500X300 size-500X300\" alt=\"cajas fuertes homologadas\" \/>\t\t\t\t\t<\/div>\n\t\t\t\t<\/div>\n\n\t\t\t\t<div class=\"wrapper-content-banner wd-fill  wd-items-top wd-justify-left\">\n\t\t\t\t\t<div class=\"content-banner  text-left\">\n\t\t\t\t\t\t\t\t\t\t\t\t\t\t\t\t\t\t\t<div class=\"banner-inner set-cont-mb-s reset-last-child wd-fontsize-xs\">\n\t\t\t\t\t\t\t\t<\/p>\n<h2>CASSEFORTI CERTIFICATA<\/h2>\n<p><button name=\"button\">Vedi<\/button><\/p>\n\t\t\t\t\t\t\t<\/div>\n\t\t\t\t\t\t\n\t\t\t\t\t\t\n\t\t\t\t\t\t\t\t\t\t\t<\/div>\n\t\t\t\t<\/div>\n\t\t\t\t\t\t\t<\/div>\n\t\t<\/div>\n\n\t\t[\/vc_column_inner][vc_column_inner width=&#8221;1\/3&#8243;]\t\t<div class=\"promo-banner-wrapper \">\n\t\t\t<div id=\"wd-69e1a13a29e05\" class=\"promo-banner  banner- banner-hover-1 color-scheme-light banner-btn-size-default banner-btn-style-default banner-increased-padding  cursor-pointer wd-underline-colored\"\t\t\t\t onclick=\"window.location.href='https:\/\/arcasgruber.com\/it\/armadio-portafucili\/'\"\t\t\t>\n\t\t\t\t<div class=\"main-wrapp-img\">\n\t\t\t\t\t<div class=\"banner-image wd-bg-position-center\" >\n\t\t\t\t\t\t<img decoding=\"async\" width=\"500\" height=\"300\" src=\"https:\/\/arcasgruber.com\/wp-content\/uploads\/2020\/07\/cajas-fuerte-para-armas.jpg\" class=\"attachment-500X300 size-500X300\" alt=\"cajas fuertes para armas\" \/>\t\t\t\t\t<\/div>\n\t\t\t\t<\/div>\n\n\t\t\t\t<div class=\"wrapper-content-banner wd-fill  wd-items-top wd-justify-left\">\n\t\t\t\t\t<div class=\"content-banner  text-left\">\n\t\t\t\t\t\t\t\t\t\t\t\t\t\t\t\t\t\t\t<div class=\"banner-inner set-cont-mb-s reset-last-child wd-fontsize-xs\">\n\t\t\t\t\t\t\t\t<\/p>\n<h2>ARMADIO PORTAFUCILI<\/h2>\n<p><button name=\"button\">Vedi<\/button><\/p>\n\t\t\t\t\t\t\t<\/div>\n\t\t\t\t\t\t\n\t\t\t\t\t\t\n\t\t\t\t\t\t\t\t\t\t\t<\/div>\n\t\t\t\t<\/div>\n\t\t\t\t\t\t\t<\/div>\n\t\t<\/div>\n\n\t\t[\/vc_column_inner][vc_column_inner width=&#8221;1\/3&#8243;]\t\t<div class=\"promo-banner-wrapper \">\n\t\t\t<div id=\"wd-69e1a13a2a46f\" class=\"promo-banner  banner- banner-hover-1 color-scheme-light banner-btn-size-default banner-btn-style-default banner-increased-padding  cursor-pointer wd-underline-colored\"\t\t\t\t onclick=\"window.location.href='https:\/\/arcasgruber.com\/caja-para-llaves\/'\"\t\t\t>\n\t\t\t\t<div class=\"main-wrapp-img\">\n\t\t\t\t\t<div class=\"banner-image wd-bg-position-center\" >\n\t\t\t\t\t\t<img loading=\"lazy\" decoding=\"async\" width=\"500\" height=\"300\" src=\"https:\/\/arcasgruber.com\/wp-content\/uploads\/2020\/07\/cajas-fuertes-para-llaves-control-de-llaves-1.jpg\" class=\"attachment-500X300 size-500X300\" alt=\"cajas fuertes para llaves\" \/>\t\t\t\t\t<\/div>\n\t\t\t\t<\/div>\n\n\t\t\t\t<div class=\"wrapper-content-banner wd-fill  wd-items-top wd-justify-left\">\n\t\t\t\t\t<div class=\"content-banner  text-left\">\n\t\t\t\t\t\t\t\t\t\t\t\t\t\t\t\t\t\t\t<div class=\"banner-inner set-cont-mb-s reset-last-child wd-fontsize-xs\">\n\t\t\t\t\t\t\t\t<\/p>\n<h2 class=\"collection--title\">ARAMADIETTI PER CHIAVI<\/h2>\n<p><button name=\"button\">Vedi<\/button><\/p>\n\t\t\t\t\t\t\t<\/div>\n\t\t\t\t\t\t\n\t\t\t\t\t\t\n\t\t\t\t\t\t\t\t\t\t\t<\/div>\n\t\t\t\t<\/div>\n\t\t\t\t\t\t\t<\/div>\n\t\t<\/div>\n\n\t\t[\/vc_column_inner][\/vc_row_inner][vc_row_inner][vc_column_inner width=&#8221;1\/3&#8243;]\t\t<div class=\"promo-banner-wrapper \">\n\t\t\t<div id=\"wd-69e1a13a2a9fb\" class=\"promo-banner  banner- banner-hover-1 color-scheme-light banner-btn-size-default banner-btn-style-default banner-increased-padding  cursor-pointer wd-underline-colored\"\t\t\t\t onclick=\"window.location.href='https:\/\/arcasgruber.com\/it\/cassaforte\/casseforti-resistenti-al-fuoco\/'\"\t\t\t>\n\t\t\t\t<div class=\"main-wrapp-img\">\n\t\t\t\t\t<div class=\"banner-image wd-bg-position-center\" >\n\t\t\t\t\t\t<img loading=\"lazy\" decoding=\"async\" width=\"500\" height=\"300\" src=\"https:\/\/arcasgruber.com\/wp-content\/uploads\/2020\/07\/caja-fuerte-ignifugas.jpg\" class=\"attachment-500X300 size-500X300\" alt=\"Caja fuerte ign\u00edfuga - cajas fuertes ignifugas recientes al fuego\" \/>\t\t\t\t\t<\/div>\n\t\t\t\t<\/div>\n\n\t\t\t\t<div class=\"wrapper-content-banner wd-fill  wd-items-top wd-justify-left\">\n\t\t\t\t\t<div class=\"content-banner  text-left\">\n\t\t\t\t\t\t\t\t\t\t\t\t\t\t\t\t\t\t\t<div class=\"banner-inner set-cont-mb-s reset-last-child wd-fontsize-xs\">\n\t\t\t\t\t\t\t\t<\/p>\n<h2>CASSEFORTI IGNIFUGHE<\/h2>\n<p><button name=\"button\">Vedi<\/button><\/p>\n\t\t\t\t\t\t\t<\/div>\n\t\t\t\t\t\t\n\t\t\t\t\t\t\n\t\t\t\t\t\t\t\t\t\t\t<\/div>\n\t\t\t\t<\/div>\n\t\t\t\t\t\t\t<\/div>\n\t\t<\/div>\n\n\t\t[\/vc_column_inner][vc_column_inner width=&#8221;1\/3&#8243;]\t\t<div class=\"promo-banner-wrapper \">\n\t\t\t<div id=\"wd-69e1a13a2af36\" class=\"promo-banner  banner- banner-hover-1 color-scheme-light banner-btn-size-default banner-btn-style-default banner-increased-padding  cursor-pointer wd-underline-colored\"\t\t\t\t onclick=\"window.location.href='https:\/\/arcasgruber.com\/it\/cassaforte-per-chiavi\/'\"\t\t\t>\n\t\t\t\t<div class=\"main-wrapp-img\">\n\t\t\t\t\t<div class=\"banner-image wd-bg-position-center\" >\n\t\t\t\t\t\t<img loading=\"lazy\" decoding=\"async\" width=\"500\" height=\"300\" src=\"https:\/\/arcasgruber.com\/wp-content\/uploads\/2020\/07\/armarios-de-seguridad.jpg\" class=\"attachment-500X300 size-500X300\" alt=\"armarios de seguridad\" \/>\t\t\t\t\t<\/div>\n\t\t\t\t<\/div>\n\n\t\t\t\t<div class=\"wrapper-content-banner wd-fill  wd-items-top wd-justify-left\">\n\t\t\t\t\t<div class=\"content-banner  text-left\">\n\t\t\t\t\t\t\t\t\t\t\t\t\t\t\t\t\t\t\t<div class=\"banner-inner set-cont-mb-s reset-last-child wd-fontsize-xs\">\n\t\t\t\t\t\t\t\t<\/p>\n<h2>ARMADIO BLINDATO<\/h2>\n<p><button name=\"button\">Vedi<\/button><\/p>\n\t\t\t\t\t\t\t<\/div>\n\t\t\t\t\t\t\n\t\t\t\t\t\t\n\t\t\t\t\t\t\t\t\t\t\t<\/div>\n\t\t\t\t<\/div>\n\t\t\t\t\t\t\t<\/div>\n\t\t<\/div>\n\n\t\t[\/vc_column_inner][vc_column_inner width=&#8221;1\/3&#8243;]\t\t<div class=\"promo-banner-wrapper \">\n\t\t\t<div id=\"wd-69e1a13a2b482\" class=\"promo-banner  banner- banner-hover-1 color-scheme-light banner-btn-size-default banner-btn-style-default banner-increased-padding  cursor-pointer wd-underline-colored\"\t\t\t\t onclick=\"window.location.href='https:\/\/arcasgruber.com\/it\/prodotti-a-pagamento\/passadocumenti\/'\"\t\t\t>\n\t\t\t\t<div class=\"main-wrapp-img\">\n\t\t\t\t\t<div class=\"banner-image wd-bg-position-center\" >\n\t\t\t\t\t\t\t\t\t\t\t<\/div>\n\t\t\t\t<\/div>\n\n\t\t\t\t<div class=\"wrapper-content-banner wd-fill  wd-items-top wd-justify-left\">\n\t\t\t\t\t<div class=\"content-banner  text-left\">\n\t\t\t\t\t\t\t\t\t\t\t\t\t\t\t\t\t\t\t<div class=\"banner-inner set-cont-mb-s reset-last-child wd-fontsize-xs\">\n\t\t\t\t\t\t\t\t<\/p>\n<h2>PASSADOCUMENTI<\/h2>\n<p><button name=\"button\">Vedi<\/button><\/p>\n\t\t\t\t\t\t\t<\/div>\n\t\t\t\t\t\t\n\t\t\t\t\t\t\n\t\t\t\t\t\t\t\t\t\t\t<\/div>\n\t\t\t\t<\/div>\n\t\t\t\t\t\t\t<\/div>\n\t\t<\/div>\n\n\t\t[\/vc_column_inner][\/vc_row_inner][vc_separator el_width=&#8221;80&#8243;][vc_row_inner][vc_column_inner width=&#8221;1\/2&#8243; el_id=&#8221;AUMENTA LA SEGURIDAD DE TU VIVIENDA&#8221;][vc_single_image image=&#8221;20034&#8243; img_size=&#8221;500X300&#8243; onclick=&#8221;zoom&#8221;][vc_column_text]<\/p>\n<h2>MASSIMA SICUREZZA DOMESTICA<\/h2>\n<p>Gruber Casseforti e prodotti per la sicurezza \u00e8 l&#8217;azienda leader nella progettazione e produzione di casseforti e sistemi di sicurezza passiva ed \u00e8 qualit\u00e0. Fondata nel 1908, la sua struttura tecnica ed operativa \u00e8 in costante evoluzione.[\/vc_column_text][\/vc_column_inner][vc_column_inner width=&#8221;1\/2&#8243; el_id=&#8221;AUMENTA LA SEGURIDAD DE TU NEGOCIO&#8221;][vc_single_image image=&#8221;20029&#8243; img_size=&#8221;500X300&#8243; onclick=&#8221;zoom&#8221;][vc_column_text]<\/p>\n<h2>MASSIMA SICUREZZA NEL BUSINESS<\/h2>\n<p>L\u2019accanimento nelle finiture, l\u2019impiego di materiali di pregio, gli aspetti tecnologici innovativi e la maniacale cura di tutto il processo produttivo sfociano in un risultato formidabile: Arcas Gruber, leader nel campo de la cassaforte e dei prodotti di sicurezza.[\/vc_column_text][\/vc_column_inner][\/vc_row_inner][vc_row_inner][vc_column_inner][vc_separator el_width=&#8221;80&#8243;][vc_column_text]<\/p>\n<h2>COSA VUOI PROTEGGERE?<\/h2>\n<p>[\/vc_column_text][\/vc_column_inner][\/vc_row_inner][vc_row_inner content_placement=&#8221;middle&#8221;][vc_column_inner width=&#8221;1\/6&#8243;][vc_single_image image=&#8221;18254&#8243; img_size=&#8221;200&#215;200&#8243; alignment=&#8221;center&#8221; style=&#8221;vc_box_circle_2&#8243;][vc_column_text]<\/p>\n<h3><a href=\"https:\/\/arcasgruber.com\/it\/cassaforte\/gestione-automatica\/\">I SOLDI<\/a><\/h3>\n<p>[\/vc_column_text][\/vc_column_inner][vc_column_inner width=&#8221;1\/6&#8243;][vc_single_image image=&#8221;18263&#8243; img_size=&#8221;200&#215;200&#8243; alignment=&#8221;center&#8221; style=&#8221;vc_box_circle_2&#8243;][vc_column_text]<\/p>\n<h3><a href=\"https:\/\/arcasgruber.com\/it\/armadio-blindato\/armadio-ignifugo\/\">DOCUMENTI<\/a><\/h3>\n<p>[\/vc_column_text][\/vc_column_inner][vc_column_inner width=&#8221;1\/6&#8243;][vc_single_image image=&#8221;18303&#8243; img_size=&#8221;200&#215;200&#8243; alignment=&#8221;center&#8221; style=&#8221;vc_box_circle_2&#8243;][vc_column_text]<\/p>\n<h3><a href=\"https:\/\/arcasgruber.com\/it\/cassaforte\/cassaforte-lusso\/\">GIOIELLERIA<\/a><\/h3>\n<p>[\/vc_column_text][\/vc_column_inner][vc_column_inner width=&#8221;1\/6&#8243;][vc_single_image image=&#8221;20026&#8243; img_size=&#8221;200&#215;200&#8243; alignment=&#8221;center&#8221; style=&#8221;vc_box_circle_2&#8243;][vc_column_text]<\/p>\n<h3>CHIAVI<\/h3>\n<p>[\/vc_column_text][\/vc_column_inner][vc_column_inner width=&#8221;1\/6&#8243;][vc_single_image image=&#8221;20027&#8243; img_size=&#8221;200&#215;200&#8243; alignment=&#8221;center&#8221; style=&#8221;vc_box_circle_2&#8243;][vc_column_text]<\/p>\n<h3><a href=\"https:\/\/arcasgruber.com\/it\/armadio-portafucili\/\">ARMI<\/a><\/h3>\n<p>[\/vc_column_text][\/vc_column_inner][vc_column_inner width=&#8221;1\/6&#8243;][vc_single_image image=&#8221;20028&#8243; img_size=&#8221;200&#215;200&#8243; alignment=&#8221;center&#8221; style=&#8221;vc_box_circle_2&#8243;][vc_column_text]<\/p>\n<h3><a href=\"https:\/\/arcasgruber.com\/it\/armadio-blindato\/armadio-ignifugo\/\">EQUIPAGGIAMENTO ELETTRONICO<\/a><\/h3>\n<p>[\/vc_column_text][\/vc_column_inner][\/vc_row_inner][vc_separator el_width=&#8221;80&#8243;][vc_separator el_width=&#8221;80&#8243;][vc_row_inner][vc_column_inner][vc_cta h2=&#8221;Prodotti promozionali&#8221;]La nostra priorit\u00e0 \u00e8 la massima soddisfazione del cliente, e non lo diciamo solo per dire, ecco perch\u00e9 produciamo prodotti di altissima qualit\u00e0 sul mercato.[\/vc_cta]<div class=\"woocommerce columns-4 \">\n<div class=\"products elements-grid wd-products-holder  wd-spacing-20 grid-columns-4 pagination-more-btn align-items-start row\" data-source=\"main_loop\" data-min_price=\"\" data-max_price=\"\" data-columns=\"4\">\n<div class=\"product-grid-item wd-with-labels product product-no-swatches wd-hover-base wd-hover-with-fade  col-lg-3 col-md-6 col-12 first  type-product post-21168 status-publish instock product_cat-intercomunicatore has-post-thumbnail sale taxable shipping-taxable purchasable product-type-simple\" data-loop=\"1\" data-id=\"21168\">\n\t\n\t\n<div class=\"product-wrapper\">\n\t<div class=\"content-product-imagin\"><\/div>\n\t<div class=\"product-element-top wd-quick-shop\">\n\t\t<a href=\"https:\/\/arcasgruber.com\/it\/prodotti-a-pagamento\/intercomunicatore\/gm20p\/\" class=\"product-image-link\">\n\t\t\t<div class=\"product-labels labels-rounded-sm\"><span class=\"onsale product-label\">-5%<\/span><\/div><img loading=\"lazy\" decoding=\"async\" width=\"430\" height=\"430\" src=\"https:\/\/arcasgruber.com\/wp-content\/uploads\/2017\/06\/gm20p-430x430.jpg\" class=\"attachment-woocommerce_thumbnail size-woocommerce_thumbnail\" alt=\"Intercomunicatore GM20P\" srcset=\"https:\/\/arcasgruber.com\/wp-content\/uploads\/2017\/06\/gm20p-430x430.jpg 430w, https:\/\/arcasgruber.com\/wp-content\/uploads\/2017\/06\/gm20p-150x150.jpg 150w, https:\/\/arcasgruber.com\/wp-content\/uploads\/2017\/06\/gm20p-700x700.jpg 700w, https:\/\/arcasgruber.com\/wp-content\/uploads\/2017\/06\/gm20p-300x300.jpg 300w, https:\/\/arcasgruber.com\/wp-content\/uploads\/2017\/06\/gm20p-768x768.jpg 768w, https:\/\/arcasgruber.com\/wp-content\/uploads\/2017\/06\/gm20p-45x45.jpg 45w, https:\/\/arcasgruber.com\/wp-content\/uploads\/2017\/06\/gm20p.jpg 1000w\" sizes=\"(max-width: 430px) 100vw, 430px\" \/>\t\t<\/a>\n\n\t\t\n\t\t<div class=\"wrapp-swatches\"><\/div>\n\n\t<\/div>\n\n\t<div class=\"product-element-bottom product-information\">\n\t\t<h3 class=\"wd-entities-title\"><a href=\"https:\/\/arcasgruber.com\/it\/prodotti-a-pagamento\/intercomunicatore\/gm20p\/\">Intercomunicatore GM20P<\/a><\/h3>\t\t\t\t<div class=\"product-rating-price\">\n\t\t\t<div class=\"wrapp-product-price\">\n\t\t\t\t\n\t<span class=\"price\"><del aria-hidden=\"true\"><span class=\"woocommerce-Price-amount amount\"><bdi>195.00&nbsp;<span class=\"woocommerce-Price-currencySymbol\">&euro;<\/span><\/bdi><\/span><\/del> <span class=\"screen-reader-text\">Il prezzo originale era: 195.00&nbsp;&euro;.<\/span><ins aria-hidden=\"true\"><span class=\"woocommerce-Price-amount amount\"><bdi>185.00&nbsp;<span class=\"woocommerce-Price-currencySymbol\">&euro;<\/span><\/bdi><\/span><\/ins><span class=\"screen-reader-text\">Il prezzo attuale \u00e8: 185.00&nbsp;&euro;.<\/span> <small class=\"woocommerce-price-suffix\">IVA non inclusa<\/small><\/span>\n\t\t\t\t\t\t\t<\/div>\n\t\t<\/div>\n\t\t<div class=\"fade-in-block wd-scroll\">\n\t\t\t<div class=\"hover-content wd-more-desc\">\n\t\t\t\t<div class=\"hover-content-inner wd-more-desc-inner\">\n\t\t\t\t\t<table class=\"woocommerce-product-attributes shop_attributes\">\n\t\t\t\n\t\t<tr class=\"woocommerce-product-attributes-item woocommerce-product-attributes-item--weight\">\n\t\t\t<th class=\"woocommerce-product-attributes-item__label\">\n\t\t\t\t\n\t\t\t\t<span class=\"wd-attr-name\">\n\t\t\t\t\tPeso\t\t\t\t<\/span>\n\t\t\t\t\t\t\t<\/th>\n\t\t\t<td class=\"woocommerce-product-attributes-item__value\">\n\t\t\t\t1 kg\t\t\t<\/td>\n\t\t<\/tr>\n\t\t\t\n\t\t<tr class=\"woocommerce-product-attributes-item woocommerce-product-attributes-item--dimensions\">\n\t\t\t<th class=\"woocommerce-product-attributes-item__label\">\n\t\t\t\t\n\t\t\t\t<span class=\"wd-attr-name\">\n\t\t\t\t\tDimensioni\t\t\t\t<\/span>\n\t\t\t\t\t\t\t<\/th>\n\t\t\t<td class=\"woocommerce-product-attributes-item__value\">\n\t\t\t\t180 &times; 60 &times; 100 mm\t\t\t<\/td>\n\t\t<\/tr>\n\t<\/table>\n\t\t\t\t<\/div>\n\t\t\t\t<a href=\"#\" rel=\"nofollow\" class=\"wd-more-desc-btn\" aria-label=\"Read more description\"><span><\/span><\/a>\n\t\t\t<\/div>\n\t\t\t<div class=\" wd-bottom-actions\">\n\t\t\t\t<div class=\"wrap-wishlist-button\"><\/div>\n\t\t\t\t<div class=\"wd-add-btn wd-add-btn-replace\">\n\t\t\t\t\t<a href=\"\/it\/wp-json\/wp\/v2\/pages\/20012?add-to-cart=21168\" data-quantity=\"1\" class=\"button product_type_simple add_to_cart_button ajax_add_to_cart add-to-cart-loop\" data-product_id=\"21168\" data-product_sku=\"8435616302446\" aria-label=\"Aggiungi al carrello: &quot;Intercomunicatore GM20P&quot;\" rel=\"nofollow\" data-success_message=\"&quot;Intercomunicatore GM20P&quot; \u00e8 stato aggiunto al tuo carrello.\" role=\"button\"><span>Aggiungi al carrello<\/span><\/a>\t\t\t\t\t<span class=\"gtm4wp_productdata\" style=\"display:none; visibility:hidden;\" data-gtm4wp_product_data=\"{&quot;internal_id&quot;:21168,&quot;item_id&quot;:21168,&quot;item_name&quot;:&quot;Intercomunicatore GM20P&quot;,&quot;sku&quot;:&quot;8435616302446&quot;,&quot;price&quot;:185,&quot;stocklevel&quot;:1,&quot;stockstatus&quot;:&quot;instock&quot;,&quot;google_business_vertical&quot;:&quot;retail&quot;,&quot;item_category&quot;:&quot;Intercomunicatore&quot;,&quot;id&quot;:21168,&quot;productlink&quot;:&quot;https:\\\/\\\/arcasgruber.com\\\/it\\\/prodotti-a-pagamento\\\/intercomunicatore\\\/gm20p\\\/&quot;,&quot;item_list_name&quot;:&quot;Sale Products&quot;,&quot;index&quot;:2,&quot;product_type&quot;:&quot;simple&quot;,&quot;item_brand&quot;:&quot;&quot;}\"><\/span>\t\t\t\t<\/div>\n\t\t\t\t<div class=\"wrap-quickview-button\"><\/div>\n\t\t\t<\/div>\n\n\n\t\t\t\t\t\t\n\t\t\t\t\t<\/div>\n\t<\/div>\n<\/div>\n<\/div>\n<\/div><\/div>[vc_separator el_width=&#8221;80&#8243;][\/vc_column_inner][\/vc_row_inner][vc_row_inner][vc_column_inner width=&#8221;1\/2&#8243; css=&#8221;.vc_custom_1524908889919{background-position: center !important;background-repeat: no-repeat !important;background-size: cover !important;}&#8221;][vc_column_text]<\/p>\n<h2>L&#8217;AZIENDA PRODUTTRICE DI CASSEFORTI E SISTEMI DI SICUREZZA PASSIVA<\/h2>\n<p>Gruber Casseforti e prodotti per la sicurezza \u00e8 l&#8217;azienda leader nella progettazione e produzione di casseforti e sistemi di sicurezza passiva ed \u00e8 qualit\u00e0. Fondata nel 1908, la sua struttura tecnica ed operativa \u00e8 in costante evoluzione.<\/p>\n<p>La cassaforte \u00e8 una valida protezione contro i crescenti rischi di furto. La vasta gamma comprende diversi livelli crescenti di sicurezza, in modo da poter rendere la scelta dell&#8217;utente finale pi\u00f9 flessibile, senza rinunciare a sentirsi al sicuro.<\/p>\n<p>La cassaforte \u00e8 uno strumento fondamentale per la protezione dei propri beni, una barriera fisica difficilmente superabile, che contrasta efficacemente i tentativi di effrazione.[\/vc_column_text][vc_column_text]<\/p>\n<h3>MASSIMA QUALIT\u00c0<\/h3>\n<p>Ricerca e sviluppo, automazione della produzione, laboratori interni di prove ed analisi sono costantemente impegnati a mantenere elevati gli standard qualitativi nell&#8217;ambito del sistema qualit\u00e0 ISO 9001\/2015.[\/vc_column_text][\/vc_column_inner][vc_column_inner width=&#8221;1\/2&#8243;][vc_raw_html]JTNDaWZyYW1lJTIwd2lkdGglM0QlMjI1NjAlMjIlMjBoZWlnaHQlM0QlMjIzMTUlMjIlMjBzcmMlM0QlMjJodHRwcyUzQSUyRiUyRnd3dy55b3V0dWJlLmNvbSUyRmVtYmVkJTJGM1pvSnRqQ3VQRW8lMjIlMjBmcmFtZWJvcmRlciUzRCUyMjAlMjIlMjBhbGxvdyUzRCUyMmFjY2VsZXJvbWV0ZXIlM0IlMjBhdXRvcGxheSUzQiUyMGVuY3J5cHRlZC1tZWRpYSUzQiUyMGd5cm9zY29wZSUzQiUyMHBpY3R1cmUtaW4tcGljdHVyZSUyMiUyMGFsbG93ZnVsbHNjcmVlbiUzRSUzQyUyRmlmcmFtZSUzRQ==[\/vc_raw_html][vc_column_text]<\/p>\n<h3>COME SCEGLIERE LA PROPRIA CASSAFORTE?<\/h3>\n<p>Arcas Gruber \u00e8 l&#8217;azienda leader nella progettazione e produzione di casseforti e sistemi di sicurezza passiva. Fondata nel 1908, la sua struttura tecnica ed operativa \u00e8 in costante evoluzione.[\/vc_column_text][\/vc_column_inner][\/vc_row_inner][\/vc_column][\/vc_row][vc_row][vc_column][vc_row_inner][vc_column_inner width=&#8221;1\/2&#8243;][vc_custom_heading text=&#8221;Ultime novit\u00e0&#8221; font_container=&#8221;tag:h3|text_align:left|color:%231e73be&#8221; google_fonts=&#8221;font_family:Abel%3Aregular|font_style:400%20regular%3A400%3Anormal&#8221;][\/vc_column_inner][vc_column_inner width=&#8221;1\/2&#8243;][vc_btn title=&#8221;Tutte le novit\u00e0&#8221; align=&#8221;right&#8221; link=&#8221;url:https%3A%2F%2Farcasgruber.com%2Fnoticias%2F|&#8221; el_id=&#8221;\u00daltimas noticias en seguridad&#8221;][\/vc_column_inner][\/vc_row_inner][vc_basic_grid post_type=&#8221;post&#8221; max_items=&#8221;4&#8243; element_width=&#8221;3&#8243; grid_id=&#8221;vc_gid:1620386575255-5e45bfdc-7378-2&#8243;][\/vc_column][\/vc_row][vc_row full_width=&#8221;stretch_row_content_no_spaces&#8221;][vc_column][vc_separator el_width=&#8221;80&#8243;][\/vc_column][\/vc_row][vc_row][vc_column][vc_row_inner][vc_column_inner][vc_column_text]<\/p>\n<h2>ACQUISTARE LE CASSEFORTI<\/h2>\n<p>Se desideri acquistare una cassaforte, \u00e8 una buona idea chiarire prima alcuni fattori. Dopo aver considerato questi aspetti e preso una decisione, il pi\u00f9 \u00e8 fatto.<\/p>\n<p>Arcas Gruber produttore da oltre 110 anni si occupa di garantire la sicurezza con le sue casseforti.[\/vc_column_text][\/vc_column_inner][\/vc_row_inner][\/vc_column][\/vc_row]<\/p>\n","protected":false},"excerpt":{"rendered":"<p>[vc_row content_placement=&#8221;middle&#8221; css=&#8221;.vc_custom_1594289356791{background-position: center !important;background-repeat: no-repeat !important;background-size: contain !important;}&#8221;][vc_column css=&#8221;.vc_custom_1593422529964{margin-top: 0px !important;margin-right: 0px !important;margin-left: 0px !important;}&#8221;][\/vc_column][\/vc_row][vc_row][vc_column][vc_row_inner][vc_column_inner][vc_column_text] Negozio online di Casseforti<\/p>\n","protected":false},"author":3,"featured_media":0,"parent":0,"menu_order":4,"comment_status":"closed","ping_status":"closed","template":"","meta":{"_acf_changed":false,"footnotes":""},"class_list":["post-20012","page","type-page","status-publish","hentry"],"acf":[],"_links":{"self":[{"href":"https:\/\/arcasgruber.com\/it\/wp-json\/wp\/v2\/pages\/20012","targetHints":{"allow":["GET"]}}],"collection":[{"href":"https:\/\/arcasgruber.com\/it\/wp-json\/wp\/v2\/pages"}],"about":[{"href":"https:\/\/arcasgruber.com\/it\/wp-json\/wp\/v2\/types\/page"}],"author":[{"embeddable":true,"href":"https:\/\/arcasgruber.com\/it\/wp-json\/wp\/v2\/users\/3"}],"replies":[{"embeddable":true,"href":"https:\/\/arcasgruber.com\/it\/wp-json\/wp\/v2\/comments?post=20012"}],"version-history":[{"count":0,"href":"https:\/\/arcasgruber.com\/it\/wp-json\/wp\/v2\/pages\/20012\/revisions"}],"wp:attachment":[{"href":"https:\/\/arcasgruber.com\/it\/wp-json\/wp\/v2\/media?parent=20012"}],"curies":[{"name":"wp","href":"https:\/\/api.w.org\/{rel}","templated":true}]}}