{"id":498643,"date":"2024-05-06T13:33:46","date_gmt":"2024-05-06T11:33:46","guid":{"rendered":"https:\/\/arcasgruber.com\/?post_type=product&#038;p=498643"},"modified":"2024-05-07T09:23:01","modified_gmt":"2024-05-07T07:23:01","slug":"mcf1400-3","status":"publish","type":"product","link":"https:\/\/arcasgruber.com\/fr\/coffres-forts\/certifies\/encastrables-certifies\/mcf1400-3\/","title":{"rendered":"Coffre fort encastrable certifi\u00e9 classe 3 MCF1400-3"},"content":{"rendered":"<h2>Coffre fort encastrable certifi\u00e9 classe 3 MCF1400-3<\/h2>\n<p>Caract\u00e9ristiques <strong>Coffre fort encastrable certifi\u00e9 classe 3 MCF1400-3<\/strong>:<\/p>\n<p>Dimensions ext\u00e9rieures: 1400 x 610 x 610 mm (Hauteur x Largeur x Profondeur)<\/p>\n<p>Dimensions int\u00e9rieures: 1300 x 600 x 460 mm (Hauteur x Largeur x Profondeur)<\/p>\n<p>Dimensions d&#8217;installation: 1400 x 700 x 660 mm (Hauteur x Largeur x Profondeur)<\/p>\n<p>Poids: 376 kg<\/p>\n<p>Litres: 358.8 litres<\/p>\n<p>Plateau: 3<\/p>\n<p>\u00c9paisseur de porte: 150 mm<\/p>\n<p>\u00c9paisseur de mur: 5 mm<\/p>\n<p><strong>M\u00e9canisme de fermeture<\/strong><strong> Coffre fort<\/strong> <strong>certifi\u00e9:<\/strong><\/p>\n<p>3 boulons de s\u00e9curit\u00e9 et 2 verrouill\u00e9es<\/p>\n<p>Charni\u00e8res de la porte: droite<\/p>\n<p>Blindage anti-per\u00e7age<\/p>\n<p>La porte est mont\u00e9e sur un ensemble de double charni\u00e8re pivotant, permettant ainsi une ouverture \u00e0 200\u00ba<\/p>\n<p><strong>Configuration standard:<\/strong><\/p>\n<p>Haut risque coffres-forts sont pourvus d\u2019doigts serrures classe 2 A2P \u00e0 cl\u00e9s \u00e0 double panneton (2 cl\u00e9s)<\/p>\n<p>Finition avec peinture polyur\u00e9thane<\/p>\n<p><strong>Niveau de s\u00e9curit\u00e9:<\/strong><\/p>\n<p>Coffre fort Certifi\u00e9 Classe 3 UNE EN 1143-1:2019<\/p>\n<p>Valeur assurable recommand\u00e9e 35.000 \u20ac d&#8217;argent liquide ou 350.000 \u20ac d&#8217;objet de valeur<\/p>\n<p>2 Serrures de haute s\u00e9curit\u00e9 VDS, Classe 2.<\/p>\n<hr \/>\n<p>Si vous avez besoin d&#8217;un autre Coffre fort encastrable certifi\u00e9, veuillez consulter les diff\u00e9rents types de <a href=\"https:\/\/arcasgruber.com\/fr\/coffres-forts-certifies\/encastrables-certifies\/\"><em><strong>Coffres-forts encastrables certifi\u00e9s<\/strong><\/em><\/a>\u00a0que nous fabriquons.<\/p>\n<hr \/>\n<p>Saviez-vous que Arcas Gruber appartient au Groupe Gruber, qui est un conglom\u00e9rat d&#8217;entreprises d\u00e9di\u00e9 \u00e0 la fabrication de produits de s\u00e9curit\u00e9 physique ?<\/p>\n<p><em><strong>Connaissez-vous notre entreprise sp\u00e9cialis\u00e9e dans les Coffres-forts pour armes?<\/strong><\/em><\/p>\n<p>Arcas Arbasal se sp\u00e9cialise dans la fabrication d&#8217;coffres-forts pour armes.<\/p>\n<p><a href=\"https:\/\/arcasarbasal.com\/\"><em><strong>https:\/\/arcasarbasal.com\/<\/strong><\/em><\/a><\/p>\n","protected":false},"excerpt":{"rendered":"<p><strong>Coffre fort encastrable certifi\u00e9 classe 3 MCF1400-3<\/strong>: Dimensions ext\u00e9rieures: 1400 x 610 x 610 mm (Hauteur x Largeur x Profondeur) &#8211; Dimensions int\u00e9rieures: 1300 x 600 x 460 mm (Hauteur x Largeur x Profondeur) &#8211; Dimensions d&#8217;installation: 1400 x 700 x 660 mm (Hauteur x Largeur x Profondeur) &#8211; Poids: 376 kg &#8211; Litres: 358.8 litres &#8211; Plateau: 3 &#8211; <em><strong>Coffre fort Certifi\u00e9 Classe 3 UNE EN 1143-1:2019<\/strong><\/em><\/p>\n","protected":false},"featured_media":496556,"template":"","meta":{"_acf_changed":false},"product_brand":[],"product_cat":[3214],"product_tag":[],"class_list":{"0":"post-498643","1":"product","2":"type-product","3":"status-publish","4":"has-post-thumbnail","6":"product_cat-encastrables-certifies","8":"first","9":"instock","10":"taxable","11":"shipping-taxable","12":"purchasable","13":"product-type-simple"},"acf":[],"_links":{"self":[{"href":"https:\/\/arcasgruber.com\/fr\/wp-json\/wp\/v2\/product\/498643","targetHints":{"allow":["GET"]}}],"collection":[{"href":"https:\/\/arcasgruber.com\/fr\/wp-json\/wp\/v2\/product"}],"about":[{"href":"https:\/\/arcasgruber.com\/fr\/wp-json\/wp\/v2\/types\/product"}],"version-history":[{"count":0,"href":"https:\/\/arcasgruber.com\/fr\/wp-json\/wp\/v2\/product\/498643\/revisions"}],"wp:featuredmedia":[{"embeddable":true,"href":"https:\/\/arcasgruber.com\/fr\/wp-json\/wp\/v2\/media\/496556"}],"wp:attachment":[{"href":"https:\/\/arcasgruber.com\/fr\/wp-json\/wp\/v2\/media?parent=498643"}],"wp:term":[{"taxonomy":"product_brand","embeddable":true,"href":"https:\/\/arcasgruber.com\/fr\/wp-json\/wp\/v2\/product_brand?post=498643"},{"taxonomy":"product_cat","embeddable":true,"href":"https:\/\/arcasgruber.com\/fr\/wp-json\/wp\/v2\/product_cat?post=498643"},{"taxonomy":"product_tag","embeddable":true,"href":"https:\/\/arcasgruber.com\/fr\/wp-json\/wp\/v2\/product_tag?post=498643"}],"curies":[{"name":"wp","href":"https:\/\/api.w.org\/{rel}","templated":true}]}}