{"id":497735,"date":"2024-03-22T13:33:04","date_gmt":"2024-03-22T12:33:04","guid":{"rendered":"https:\/\/arcasgruber.com\/pasmon7048-2\/"},"modified":"2025-10-08T10:20:03","modified_gmt":"2025-10-08T08:20:03","slug":"passe-monnaie-pasmon7048","status":"publish","type":"product","link":"https:\/\/arcasgruber.com\/fr\/produits-de-paiment\/passe-monnaies\/passe-monnaie-pasmon7048\/","title":{"rendered":"Passe-monnaie PASMON7048"},"content":{"rendered":"<h2>Passe-monnaie PASMON7048<\/h2>\n<p>Le <strong>passe-monnaie PASMON7048<\/strong> est une solution fiable et robuste pour le transfert s\u00e9curis\u00e9 d\u2019esp\u00e8ces et de petits objets \u00e0 travers une cloison de s\u00e9curit\u00e9. Gr\u00e2ce \u00e0 sa conception pratique et \u00e0 sa structure en acier inoxydable, il garantit une utilisation durable et adapt\u00e9e aux environnements exigeants tels que les banques, les guichets de nuit, les caisses de commerces ou les r\u00e9ceptions s\u00e9curis\u00e9es.<\/p>\n<h2>Caract\u00e9ristiques principales<\/h2>\n<ul>\n<li><strong>Dimensions ext\u00e9rieures (fen\u00eatre ferm\u00e9e) :<\/strong> 200 x 420 x 66 mm (H x L x P)<\/li>\n<li><strong>Dimensions ext\u00e9rieures (fen\u00eatre ouverte) :<\/strong> 200 x 420 x 294 mm (H x L x P)<\/li>\n<li><strong>Dimensions d\u2019assemblage :<\/strong> 175 x 395 mm (H x L)<\/li>\n<li><strong>Taille de passage :<\/strong> 24 x 332 mm (H x L)<\/li>\n<li><strong>Mat\u00e9riau :<\/strong> Acier inoxydable<\/li>\n<li><strong>Options :<\/strong> Interphone int\u00e9gr\u00e9<\/li>\n<\/ul>\n<p>Sa construction optimis\u00e9e permet un passage fluide et discret, tout en assurant la protection des utilisateurs et des biens. Ce mod\u00e8le est particuli\u00e8rement adapt\u00e9 aux zones o\u00f9 la s\u00e9curit\u00e9 physique et la rapidit\u00e9 de transaction sont essentielles.<\/p>\n<p>Pour renforcer votre installation, explorez \u00e9galement nos autres solutions de s\u00e9curit\u00e9 comme le <strong><u><a href=\"https:\/\/arcasgruber.com\/fr\/produits-de-paiment\/passe-paquets\/\">passe-paquet<\/a><\/u><\/strong>, nos <strong><u><a href=\"https:\/\/arcasgruber.com\/fr\/produits-de-paiment\/\">produits de paiement<\/a><\/u><\/strong>, ou encore nos <strong><u><a href=\"https:\/\/arcasgruber.com\/fr\/coffres-forts\/\">coffres-forts<\/a><\/u><\/strong>.<\/p>\n","protected":false},"excerpt":{"rendered":"<p>Le <strong>passe-monnaie PASMON7048<\/strong> en acier inoxydable offre une solution pratique et s\u00e9curis\u00e9e pour le transfert d\u2019esp\u00e8ces et de petits objets.<\/p>\n","protected":false},"featured_media":14121,"template":"","meta":{"_acf_changed":false},"product_brand":[],"product_cat":[2729],"product_tag":[],"class_list":{"0":"post-497735","1":"product","2":"type-product","3":"status-publish","4":"has-post-thumbnail","6":"product_cat-passe-monnaies","8":"first","9":"instock","10":"taxable","11":"shipping-taxable","12":"purchasable","13":"product-type-simple"},"acf":[],"_links":{"self":[{"href":"https:\/\/arcasgruber.com\/fr\/wp-json\/wp\/v2\/product\/497735","targetHints":{"allow":["GET"]}}],"collection":[{"href":"https:\/\/arcasgruber.com\/fr\/wp-json\/wp\/v2\/product"}],"about":[{"href":"https:\/\/arcasgruber.com\/fr\/wp-json\/wp\/v2\/types\/product"}],"version-history":[{"count":0,"href":"https:\/\/arcasgruber.com\/fr\/wp-json\/wp\/v2\/product\/497735\/revisions"}],"wp:featuredmedia":[{"embeddable":true,"href":"https:\/\/arcasgruber.com\/fr\/wp-json\/wp\/v2\/media\/14121"}],"wp:attachment":[{"href":"https:\/\/arcasgruber.com\/fr\/wp-json\/wp\/v2\/media?parent=497735"}],"wp:term":[{"taxonomy":"product_brand","embeddable":true,"href":"https:\/\/arcasgruber.com\/fr\/wp-json\/wp\/v2\/product_brand?post=497735"},{"taxonomy":"product_cat","embeddable":true,"href":"https:\/\/arcasgruber.com\/fr\/wp-json\/wp\/v2\/product_cat?post=497735"},{"taxonomy":"product_tag","embeddable":true,"href":"https:\/\/arcasgruber.com\/fr\/wp-json\/wp\/v2\/product_tag?post=497735"}],"curies":[{"name":"wp","href":"https:\/\/api.w.org\/{rel}","templated":true}]}}