{"id":495105,"date":"2024-01-09T10:22:38","date_gmt":"2024-01-09T09:22:38","guid":{"rendered":"https:\/\/arcasgruber.com\/cf3211-6\/"},"modified":"2024-04-15T13:41:30","modified_gmt":"2024-04-15T11:41:30","slug":"cf3211-6","status":"publish","type":"product","link":"https:\/\/arcasgruber.com\/fr\/coffres-forts\/certifies\/classe-6\/cf3211-6\/","title":{"rendered":"Coffre fort certifi\u00e9 classe 6 CF3211\/6"},"content":{"rendered":"<h2>Coffre fort certifi\u00e9 classe 6 CF3211\/6<\/h2>\n<p>Caract\u00e9ristiques <strong>Coffre fort certifi\u00e9 classe 6 CF3211\/6<\/strong>:<\/p>\n<p>Dimensions ext\u00e9rieures: 1800 x 1300 x 780 mm (Hauteur x Largeur x Profondeur)<\/p>\n<p>Dimensions int\u00e9rieures: 1600 x 1100 x 520 mm (Hauteur x Largeur x Profondeur)<\/p>\n<p>Poids: 2100 kg<\/p>\n<p>Litres: 915 litres<\/p>\n<p>Plateau: 5<\/p>\n<p>\u00c9paisseur de porte: 180 mm<\/p>\n<p>\u00c9paisseur de mur: 100 mm<\/p>\n<p><strong>M\u00e9canisme de fermeture <\/strong><strong>Coffre-fort certifi\u00e9<\/strong><\/p>\n<p>5 boulons de s\u00e9curit\u00e9 et 2 verrouill\u00e9es<\/p>\n<p>Charni\u00e8res de la porte: droite<\/p>\n<p>Blindage anti-per\u00e7age<\/p>\n<p>La porte est mont\u00e9e sur un ensemble de double charni\u00e8re pivotant, permettant ainsi une ouverture \u00e0 200\u00ba<\/p>\n<p><strong>Configuration standard<\/strong><\/p>\n<p>Haut risque coffres-forts sont pourvus d\u2019double serrure classe 3 A2P \u00e0 cl\u00e9s \u00e0 double panneton (2 cl\u00e9s)<\/p>\n<p>Finition avec peinture polyur\u00e9thane<\/p>\n<p>Trou de fixation au sol et au mur<\/p>\n<p><strong>Niveau de s\u00e9curit\u00e9:<\/strong><\/p>\n<p>Coffre fort Certifi\u00e9 Classe 6 UNE EN 1143-1:1998<\/p>\n<p>Valeur assurable recommand\u00e9e 150.000 \u20ac d&#8217;argent liquide ou 1.500.000 \u20ac d&#8217;objet de valeur<\/p>\n<p>2 Serrures de haute s\u00e9curit\u00e9 VDS, Classe 2.<\/p>\n<hr \/>\n<p>Si vous avez besoin d&#8217;un autre <strong>Coffre fort certifi\u00e9 Classe 6<\/strong>, veuillez consulter les diff\u00e9rents types de <a href=\"https:\/\/arcasgruber.com\/fr\/coffres-forts-certifies\/classe-6\/\"><em><strong>Coffres-forts certifi\u00e9s Classe 6<\/strong><\/em><\/a>\u00a0que nous fabriquons.<\/p>\n<hr \/>\n<p>Saviez-vous que Arcas Gruber appartient au Groupe Gruber, qui est un conglom\u00e9rat d&#8217;entreprises d\u00e9di\u00e9 \u00e0 la fabrication de produits de s\u00e9curit\u00e9 physique ?<\/p>\n<p><em><strong>Connaissez-vous notre entreprise sp\u00e9cialis\u00e9e dans les Coffres-forts pour armes?<\/strong><\/em><\/p>\n<p>Arcas Arbasal se sp\u00e9cialise dans la fabrication d&#8217;coffres-forts pour armes.<\/p>\n<p><a href=\"https:\/\/arcasarbasal.com\/\"><em><strong>https:\/\/arcasarbasal.com\/<\/strong><\/em><\/a><\/p>\n","protected":false},"excerpt":{"rendered":"<p><strong>Coffre fort certifi\u00e9 classe 6 CF3211\/6<\/strong>: Dimensions ext\u00e9rieures: 1800 x 1300 x 780 mm (Hauteur x Largeur x Profondeur) &#8211; Dimensions int\u00e9rieures: 1600 x 1100 x 520 mm (Hauteur x Largeur x Profondeur) &#8211; Poids: 2100 kg &#8211; Litres: 915 litres &#8211; <em><strong>Coffre fort Certifi\u00e9 Classe 6 UNE EN 1143-1:1998<\/strong><\/em><\/p>\n","protected":false},"featured_media":495045,"template":"","meta":{"_acf_changed":false},"product_brand":[],"product_cat":[3180],"product_tag":[],"class_list":{"0":"post-495105","1":"product","2":"type-product","3":"status-publish","4":"has-post-thumbnail","6":"product_cat-classe-6","8":"first","9":"instock","10":"taxable","11":"shipping-taxable","12":"purchasable","13":"product-type-simple"},"acf":[],"_links":{"self":[{"href":"https:\/\/arcasgruber.com\/fr\/wp-json\/wp\/v2\/product\/495105","targetHints":{"allow":["GET"]}}],"collection":[{"href":"https:\/\/arcasgruber.com\/fr\/wp-json\/wp\/v2\/product"}],"about":[{"href":"https:\/\/arcasgruber.com\/fr\/wp-json\/wp\/v2\/types\/product"}],"version-history":[{"count":0,"href":"https:\/\/arcasgruber.com\/fr\/wp-json\/wp\/v2\/product\/495105\/revisions"}],"wp:featuredmedia":[{"embeddable":true,"href":"https:\/\/arcasgruber.com\/fr\/wp-json\/wp\/v2\/media\/495045"}],"wp:attachment":[{"href":"https:\/\/arcasgruber.com\/fr\/wp-json\/wp\/v2\/media?parent=495105"}],"wp:term":[{"taxonomy":"product_brand","embeddable":true,"href":"https:\/\/arcasgruber.com\/fr\/wp-json\/wp\/v2\/product_brand?post=495105"},{"taxonomy":"product_cat","embeddable":true,"href":"https:\/\/arcasgruber.com\/fr\/wp-json\/wp\/v2\/product_cat?post=495105"},{"taxonomy":"product_tag","embeddable":true,"href":"https:\/\/arcasgruber.com\/fr\/wp-json\/wp\/v2\/product_tag?post=495105"}],"curies":[{"name":"wp","href":"https:\/\/api.w.org\/{rel}","templated":true}]}}