{"id":18720,"date":"2017-06-14T11:24:21","date_gmt":"2017-06-14T09:24:21","guid":{"rendered":"https:\/\/arcasgruber.com\/non%20class\u00e9\/fs2252\/"},"modified":"2023-11-22T10:32:13","modified_gmt":"2023-11-22T09:32:13","slug":"fs2252","status":"publish","type":"product","link":"https:\/\/arcasgruber.com\/fr\/produits-de-paiment\/classeurs-ignifuges\/fs2252\/","title":{"rendered":"Classeurs Ignifuges FS2252"},"content":{"rendered":"<h2>Classeurs Ignifuges FS2252<\/h2>\n<p>Caract\u00e9ristiques <strong><a href=\"https:\/\/arcasgruber.com\/fr\/produits-de-paiment\/classeurs-ignifuges\/\">Classeurs Ignifuges<\/a><\/strong> FS2252:<\/p>\n<p><strong>Dimensions ext\u00e9rieures:<\/strong> 740 x 530 x 675\u00a0mm (Hauteur x Largeur x Profondeur)<\/p>\n<p><strong>Dimensions int\u00e9rieures:\u00a0<\/strong>&#8211; x &#8211; x -mm (Hauteur x Largeur x Profondeur)<\/p>\n<p><strong>Volume tiroirs:<\/strong> 50 l<\/p>\n<p><strong>Le Poids:\u00a0<\/strong>145 kg<\/p>\n<p><strong>Tiroirs:<\/strong> 2<\/p>\n<p>Boulons doubles de s\u00e9curit\u00e9<\/p>\n<p>Charni\u00e8res de la porte: droite<\/p>\n<p>Blindage anti-per\u00e7age<\/p>\n<p>Tous les Classeurs Ignifuges sont pourvus d\u2019une serrure de s\u00e9curit\u00e9 (2 cl\u00e9s)<\/p>\n<p>Finition avec peinture polyur\u00e9thane<\/p>\n<p>Classeurs Ignifuges pour papier EN 1047.1 \/ S60P<\/p>\n<p>Classeurs Ignifuges pour papier \u2013 60 minutes<\/p>\n","protected":false},"excerpt":{"rendered":"<p><strong>Classeurs Ignifuges FS2252<\/strong>: Dimensions ext\u00e9rieures: 740 x 530 x 675\u00a0mm (H x L x Pr) &#8211; Le Poids:\u00a0145 kg &#8211; Tiroirs: 2<\/p>\n","protected":false},"featured_media":18721,"template":"","meta":{"_acf_changed":false},"product_brand":[],"product_cat":[2589],"product_tag":[],"class_list":{"0":"post-18720","1":"product","2":"type-product","3":"status-publish","4":"has-post-thumbnail","6":"product_cat-classeurs-ignifuges","8":"first","9":"instock","10":"taxable","11":"shipping-taxable","12":"purchasable","13":"product-type-simple"},"acf":[],"_links":{"self":[{"href":"https:\/\/arcasgruber.com\/fr\/wp-json\/wp\/v2\/product\/18720","targetHints":{"allow":["GET"]}}],"collection":[{"href":"https:\/\/arcasgruber.com\/fr\/wp-json\/wp\/v2\/product"}],"about":[{"href":"https:\/\/arcasgruber.com\/fr\/wp-json\/wp\/v2\/types\/product"}],"version-history":[{"count":0,"href":"https:\/\/arcasgruber.com\/fr\/wp-json\/wp\/v2\/product\/18720\/revisions"}],"wp:featuredmedia":[{"embeddable":true,"href":"https:\/\/arcasgruber.com\/fr\/wp-json\/wp\/v2\/media\/18721"}],"wp:attachment":[{"href":"https:\/\/arcasgruber.com\/fr\/wp-json\/wp\/v2\/media?parent=18720"}],"wp:term":[{"taxonomy":"product_brand","embeddable":true,"href":"https:\/\/arcasgruber.com\/fr\/wp-json\/wp\/v2\/product_brand?post=18720"},{"taxonomy":"product_cat","embeddable":true,"href":"https:\/\/arcasgruber.com\/fr\/wp-json\/wp\/v2\/product_cat?post=18720"},{"taxonomy":"product_tag","embeddable":true,"href":"https:\/\/arcasgruber.com\/fr\/wp-json\/wp\/v2\/product_tag?post=18720"}],"curies":[{"name":"wp","href":"https:\/\/api.w.org\/{rel}","templated":true}]}}