{"id":18588,"date":"2017-06-14T11:24:18","date_gmt":"2017-06-14T09:24:18","guid":{"rendered":"https:\/\/arcasgruber.com\/non%20class\u00e9\/hunt1900\/"},"modified":"2025-06-09T10:44:05","modified_gmt":"2025-06-09T08:44:05","slug":"hunt1900","status":"publish","type":"product","link":"https:\/\/arcasgruber.com\/fr\/coffres-forts-pour-armes\/a-compartiments\/hunt1900\/","title":{"rendered":"Coffre fort a compartiments pour armes HUNT1900"},"content":{"rendered":"<h2>Coffre fort a compartiments pour armes HUNT1900<\/h2>\n<p>Caract\u00e9ristiques <strong><a href=\"https:\/\/arcasgruber.com\/fr\/coffres-forts-pour-armes\/a-compartiments\/\">Coffre fort a compartiments pour armes<\/a><\/strong> HUNT1900:<\/p>\n<p>Dimensions ext\u00e9rieures: 1900 x 1300 x 800 mm (Hauteur x Largeur x Profondeur)<\/p>\n<p>Dimensions int\u00e9rieures: 1700 x 1100 x 525 mm (Hauteur x Largeur x Profondeur)<\/p>\n<p>Poids: 2600 kg<\/p>\n<p>Litres: 981.5 litres<\/p>\n<p>Plateau: 5<\/p>\n<p>\u00c9paisseur de porte: 170 mm<\/p>\n<p>\u00c9paisseur de mur: 100 mm<\/p>\n<h2>Coffre fort a compartiments<\/h2>\n<p>6 boulons de s\u00e9curit\u00e9 et 2 verrouill\u00e9es<\/p>\n<p>Boulons: 35 mm diam\u00e8tre<\/p>\n<p>Charni\u00e8res de la porte: droite<\/p>\n<p>Blindage anti-per\u00e7age<\/p>\n<p>La porte est mont\u00e9e sur un ensemble de double charni\u00e8re pivotant, permettant ainsi une ouverture \u00e0 200\u00ba<\/p>\n<h3>Coffre fort pour armes<\/h3>\n<p><strong>Configuration standard<\/strong><\/p>\n<p>Haut risque coffres-forts sont pourvus d\u2019une serrure classe 2 A2P \u00e0 cl\u00e9s \u00e0 double panneton (2 cl\u00e9s)<\/p>\n<p>Combinaison m\u00e9canique<\/p>\n<p>Finition avec peinture polyur\u00e9thane<\/p>\n<p>Trou de fixation au sol et au mur<\/p>\n","protected":false},"excerpt":{"rendered":"<p><strong>Coffre fort a compartiments pour armes HUNT1900<\/strong>: Dimensions ext\u00e9rieures: 1900 x 1300 x800 mm(Hauteur x Largeur x Profondeur) &#8211; Poids: 2600 kg<\/p>\n","protected":false},"featured_media":18598,"template":"","meta":{"_acf_changed":false},"product_brand":[],"product_cat":[2568],"product_tag":[],"class_list":{"0":"post-18588","1":"product","2":"type-product","3":"status-publish","4":"has-post-thumbnail","6":"product_cat-a-compartiments","8":"first","9":"instock","10":"taxable","11":"shipping-taxable","12":"purchasable","13":"product-type-simple"},"acf":[],"_links":{"self":[{"href":"https:\/\/arcasgruber.com\/fr\/wp-json\/wp\/v2\/product\/18588","targetHints":{"allow":["GET"]}}],"collection":[{"href":"https:\/\/arcasgruber.com\/fr\/wp-json\/wp\/v2\/product"}],"about":[{"href":"https:\/\/arcasgruber.com\/fr\/wp-json\/wp\/v2\/types\/product"}],"version-history":[{"count":0,"href":"https:\/\/arcasgruber.com\/fr\/wp-json\/wp\/v2\/product\/18588\/revisions"}],"wp:featuredmedia":[{"embeddable":true,"href":"https:\/\/arcasgruber.com\/fr\/wp-json\/wp\/v2\/media\/18598"}],"wp:attachment":[{"href":"https:\/\/arcasgruber.com\/fr\/wp-json\/wp\/v2\/media?parent=18588"}],"wp:term":[{"taxonomy":"product_brand","embeddable":true,"href":"https:\/\/arcasgruber.com\/fr\/wp-json\/wp\/v2\/product_brand?post=18588"},{"taxonomy":"product_cat","embeddable":true,"href":"https:\/\/arcasgruber.com\/fr\/wp-json\/wp\/v2\/product_cat?post=18588"},{"taxonomy":"product_tag","embeddable":true,"href":"https:\/\/arcasgruber.com\/fr\/wp-json\/wp\/v2\/product_tag?post=18588"}],"curies":[{"name":"wp","href":"https:\/\/api.w.org\/{rel}","templated":true}]}}