{"id":18578,"date":"2017-06-14T11:24:01","date_gmt":"2017-06-14T09:24:01","guid":{"rendered":"https:\/\/arcasgruber.com\/non%20class\u00e9\/wraith\/"},"modified":"2025-10-07T12:07:25","modified_gmt":"2025-10-07T10:07:25","slug":"coffre-fort-de-luxe-wraith","status":"publish","type":"product","link":"https:\/\/arcasgruber.com\/fr\/coffres-forts\/de-luxe\/coffre-fort-de-luxe-wraith\/","title":{"rendered":"Coffre fort de luxe Wraith"},"content":{"rendered":"\t\t<div data-elementor-type=\"product-post\" data-elementor-id=\"18578\" class=\"elementor elementor-18578 elementor-12094\" data-elementor-post-type=\"product\">\n\t\t\t\t\t\t<section class=\"has_ae_slider elementor-section elementor-top-section elementor-element elementor-element-28d708b elementor-section-boxed elementor-section-height-default elementor-section-height-default wd-section-disabled ae-bg-gallery-type-default\" data-id=\"28d708b\" data-element_type=\"section\">\n\t\t\t\t\t\t<div class=\"elementor-container elementor-column-gap-default\">\n\t\t\t\t\t<div class=\"has_ae_slider elementor-column elementor-col-100 elementor-top-column elementor-element elementor-element-32530e84 ae-bg-gallery-type-default\" data-id=\"32530e84\" data-element_type=\"column\">\n\t\t\t<div class=\"elementor-widget-wrap elementor-element-populated\">\n\t\t\t\t\t\t<div class=\"elementor-element elementor-element-4824f011 color-scheme-inherit text-left elementor-widget elementor-widget-text-editor\" data-id=\"4824f011\" data-element_type=\"widget\" data-widget_type=\"text-editor.default\">\n\t\t\t\t<div class=\"elementor-widget-container\">\n\t\t\t\t\t\t\t\t\t<h2>Coffre fort de luxe Wraith<\/h2>\n<p>Le <strong><a href=\"https:\/\/arcasgruber.com\/fr\/coffres-forts\/de-luxe\/\">Coffre fort de luxe<\/a> Wraith<\/strong> d\u2019Arcas Gruber est une pi\u00e8ce d\u2019exception, con\u00e7ue pour associer une s\u00e9curit\u00e9 maximale et un design haut de gamme. Id\u00e9al pour prot\u00e9ger bijoux, montres de collection et documents pr\u00e9cieux, il allie robustesse et raffinement.<\/p>\n\n<h3>Caract\u00e9ristiques techniques du Coffre fort Wraith<\/h3>\n<ul>\n  <li><strong>Dimensions ext\u00e9rieures :<\/strong> 800 x 700 x 620 mm (H x L x P)<\/li>\n  <li><strong>Dimensions int\u00e9rieures :<\/strong> 600 x 500 x 345 mm (H x L x P)<\/li>\n  <li><strong>Poids :<\/strong> 650 kg<\/li>\n  <li><strong>Volume :<\/strong> 103,5 litres<\/li>\n  <li><strong>Plateaux :<\/strong> 2<\/li>\n  <li><strong>\u00c9paisseur de porte :<\/strong> 170 mm<\/li>\n  <li><strong>\u00c9paisseur de mur :<\/strong> 100 mm<\/li>\n<\/ul>\n\n<h3>M\u00e9canisme de fermeture<\/h3>\n<ul>\n  <li>3 boulons de s\u00e9curit\u00e9 et 2 verrouillages<\/li>\n  <li>Boulons de 35 mm de diam\u00e8tre<\/li>\n  <li>Charni\u00e8res de la porte : droites<\/li>\n  <li>Blindage anti-per\u00e7age<\/li>\n  <li>Porte mont\u00e9e sur un double syst\u00e8me de charni\u00e8res pivotantes permettant une ouverture \u00e0 200\u00b0<\/li>\n<\/ul>\n\n<h3>Un coffre de luxe sur mesure<\/h3>\n<p>Le <strong>Wraith<\/strong> est bien plus qu\u2019un simple coffre-fort. Nos <a href=\"https:\/\/arcasgruber.com\/fr\/coffres-forts\/\"><strong>coffres-forts<\/strong><\/a> de luxe sont <em>enti\u00e8rement configurables<\/em> en fonction de vos besoins : finitions en bois pr\u00e9cieux, cuir cousu main, int\u00e9rieurs en velours, syst\u00e8mes de fermeture \u00e9lectroniques ou biom\u00e9triques. Chaque coffre est une pi\u00e8ce unique, fabriqu\u00e9e \u00e0 la commande.<\/p>\n\n<h3>S\u00e9curit\u00e9 certifi\u00e9e<\/h3>\n<p>En plus de son design exclusif, le <strong>Coffre fort Wraith<\/strong> peut \u00eatre certifi\u00e9 selon la norme <a href=\"https:\/\/arcasgruber.com\/fr\/coffres-forts-certifies\/\"><strong>EN 1143-1<\/strong><\/a>, jusqu\u2019\u00e0 la classe 5 ou 6. Vous b\u00e9n\u00e9ficiez ainsi d\u2019une protection de haut niveau pour vos biens les plus pr\u00e9cieux.<\/p>\n\n<h3>Fabrication europ\u00e9enne<\/h3>\n<p>Chaque Wraith est fabriqu\u00e9 \u00e0 la main en Europe et livr\u00e9 avec certificat d\u2019authenticit\u00e9. Il s\u2019agit d\u2019une \u0153uvre de s\u00e9curit\u00e9 et de design, destin\u00e9e aux collectionneurs et amateurs de luxe.<\/p>\n\t\t\t\t\t\t\t\t<\/div>\n\t\t\t\t<\/div>\n\t\t\t\t\t<\/div>\n\t\t<\/div>\n\t\t\t\t\t<\/div>\n\t\t<\/section>\n\t\t\t\t<\/div>\n\t\t","protected":false},"excerpt":{"rendered":"<p><strong>Coffre fort de luxe Wraith<\/strong>: Nos coffres-forts de luxe sont enti\u00e8rement configurables selon votre besoin et vos exigences.<\/p>\n","protected":false},"featured_media":495755,"template":"","meta":{"_acf_changed":false},"product_brand":[],"product_cat":[2557],"product_tag":[],"class_list":{"0":"post-18578","1":"product","2":"type-product","3":"status-publish","4":"has-post-thumbnail","6":"product_cat-de-luxe","8":"first","9":"instock","10":"taxable","11":"shipping-taxable","12":"purchasable","13":"product-type-simple"},"acf":[],"_links":{"self":[{"href":"https:\/\/arcasgruber.com\/fr\/wp-json\/wp\/v2\/product\/18578","targetHints":{"allow":["GET"]}}],"collection":[{"href":"https:\/\/arcasgruber.com\/fr\/wp-json\/wp\/v2\/product"}],"about":[{"href":"https:\/\/arcasgruber.com\/fr\/wp-json\/wp\/v2\/types\/product"}],"version-history":[{"count":0,"href":"https:\/\/arcasgruber.com\/fr\/wp-json\/wp\/v2\/product\/18578\/revisions"}],"wp:featuredmedia":[{"embeddable":true,"href":"https:\/\/arcasgruber.com\/fr\/wp-json\/wp\/v2\/media\/495755"}],"wp:attachment":[{"href":"https:\/\/arcasgruber.com\/fr\/wp-json\/wp\/v2\/media?parent=18578"}],"wp:term":[{"taxonomy":"product_brand","embeddable":true,"href":"https:\/\/arcasgruber.com\/fr\/wp-json\/wp\/v2\/product_brand?post=18578"},{"taxonomy":"product_cat","embeddable":true,"href":"https:\/\/arcasgruber.com\/fr\/wp-json\/wp\/v2\/product_cat?post=18578"},{"taxonomy":"product_tag","embeddable":true,"href":"https:\/\/arcasgruber.com\/fr\/wp-json\/wp\/v2\/product_tag?post=18578"}],"curies":[{"name":"wp","href":"https:\/\/api.w.org\/{rel}","templated":true}]}}