{"id":18570,"date":"2020-10-23T11:56:27","date_gmt":"2020-10-23T09:56:27","guid":{"rendered":"https:\/\/arcasgruber.com\/?post_type=product&#038;p=18570"},"modified":"2025-10-08T10:09:55","modified_gmt":"2025-10-08T08:09:55","slug":"passe-monnaie-pare-balle-p7196","status":"publish","type":"product","link":"https:\/\/arcasgruber.com\/fr\/produits-de-paiment\/passe-monnaies\/passe-monnaie-pare-balle-p7196\/","title":{"rendered":"Passe-monnaie pare-balle P7196"},"content":{"rendered":"<h2>Passe-monnaie pare-balle P7196<\/h2>\n<p>Le <strong>passe-monnaie pare-balle P7196<\/strong> est con\u00e7u pour offrir une s\u00e9curit\u00e9 maximale lors des transactions financi\u00e8res et des \u00e9changes d\u2019objets en environnements sensibles. Fabriqu\u00e9 avec des mat\u00e9riaux de haute r\u00e9sistance, il est particuli\u00e8rement adapt\u00e9 pour les banques, les guichets de nuit, les caisses, ainsi que les loges de gardiens et de r\u00e9ception.<\/p>\n<h2>Caract\u00e9ristiques principales<\/h2>\n<ul>\n<li><strong>Dimensions ext\u00e9rieures :<\/strong> 340 x 670 x 460 mm (Hauteur x Largeur x Profondeur)<\/li>\n<li><strong>Dimensions d\u2019assemblage :<\/strong> 268 x 460 mm (Largeur x Profondeur)<\/li>\n<li><strong>Classe de r\u00e9sistance balistique :<\/strong> FB4 &#8211; NS selon DIN EN 1522<\/li>\n<li>Conforme \u00e9galement \u00e0 la norme BGV C9 (ancienne norme UVV)<\/li>\n<li>Construction robuste avec blindage anti-per\u00e7age<\/li>\n<li>Utilisation pr\u00e9vue pour environnements \u00e0 haut risque<\/li>\n<\/ul>\n<p>Ce mod\u00e8le combine ergonomie et protection balistique, garantissant une manipulation simple et s\u00e9curis\u00e9e des fonds, documents et objets de valeur.<\/p>\n<p>D\u00e9couvrez aussi d\u2019autres mod\u00e8les de <strong><u><a href=\"https:\/\/arcasgruber.com\/fr\/produits-de-paiment\/passe-monnaies\/\">passe-monnaie<\/a><\/u><\/strong>, ainsi que notre gamme compl\u00e8te de <strong><u><a href=\"https:\/\/arcasgruber.com\/fr\/produits-de-paiment\/passe-paquets\/\">passe-paquets<\/a><\/u><\/strong> et de <strong><u><a href=\"https:\/\/arcasgruber.com\/fr\/produits-de-paiment\/\">produits de paiement<\/a><\/u><\/strong>. Pour des solutions de s\u00e9curit\u00e9 globales, consultez \u00e9galement nos <strong><u><a href=\"https:\/\/arcasgruber.com\/fr\/coffres-forts\/\">coffres-forts<\/a><\/u><\/strong>.<\/p>\n","protected":false},"excerpt":{"rendered":"<p>Le <strong>passe-monnaie pare-balle P7196<\/strong> est un mod\u00e8le certifi\u00e9 FB4, id\u00e9al pour les banques et environnements n\u00e9cessitant une s\u00e9curit\u00e9 balistique maximale.<\/p>\n","protected":false},"featured_media":18573,"template":"","meta":{"_acf_changed":false},"product_brand":[],"product_cat":[2729],"product_tag":[],"class_list":{"0":"post-18570","1":"product","2":"type-product","3":"status-publish","4":"has-post-thumbnail","6":"product_cat-passe-monnaies","8":"first","9":"instock","10":"taxable","11":"shipping-taxable","12":"purchasable","13":"product-type-simple"},"acf":[],"_links":{"self":[{"href":"https:\/\/arcasgruber.com\/fr\/wp-json\/wp\/v2\/product\/18570","targetHints":{"allow":["GET"]}}],"collection":[{"href":"https:\/\/arcasgruber.com\/fr\/wp-json\/wp\/v2\/product"}],"about":[{"href":"https:\/\/arcasgruber.com\/fr\/wp-json\/wp\/v2\/types\/product"}],"version-history":[{"count":0,"href":"https:\/\/arcasgruber.com\/fr\/wp-json\/wp\/v2\/product\/18570\/revisions"}],"wp:featuredmedia":[{"embeddable":true,"href":"https:\/\/arcasgruber.com\/fr\/wp-json\/wp\/v2\/media\/18573"}],"wp:attachment":[{"href":"https:\/\/arcasgruber.com\/fr\/wp-json\/wp\/v2\/media?parent=18570"}],"wp:term":[{"taxonomy":"product_brand","embeddable":true,"href":"https:\/\/arcasgruber.com\/fr\/wp-json\/wp\/v2\/product_brand?post=18570"},{"taxonomy":"product_cat","embeddable":true,"href":"https:\/\/arcasgruber.com\/fr\/wp-json\/wp\/v2\/product_cat?post=18570"},{"taxonomy":"product_tag","embeddable":true,"href":"https:\/\/arcasgruber.com\/fr\/wp-json\/wp\/v2\/product_tag?post=18570"}],"curies":[{"name":"wp","href":"https:\/\/api.w.org\/{rel}","templated":true}]}}