{"id":18565,"date":"2018-02-09T13:52:56","date_gmt":"2018-02-09T12:52:56","guid":{"rendered":"https:\/\/arcasgruber.com\/non%20class\u00e9\/delta-2\/"},"modified":"2025-10-10T09:24:47","modified_gmt":"2025-10-10T07:24:47","slug":"interphone-delta2","status":"publish","type":"product","link":"https:\/\/arcasgruber.com\/fr\/produits-de-paiment\/interphones-de-guichet\/interphone-delta2\/","title":{"rendered":"Interphone DELTA 2"},"content":{"rendered":"<h2><strong>Caract\u00e9ristiques de l\u2019Interphone Delta2<\/strong><\/h2>\n<p>L\u2019<strong>Interphone Delta2<\/strong> est sp\u00e9cialement con\u00e7u pour des guichets avec vitrage, l\u00e0 o\u00f9 une communication claire et continue entre le personnel et le public est essentielle. Gr\u00e2ce \u00e0 une technologie de pointe, il assure une transmission vocale limpide, sans coupures ni d\u00e9lais, m\u00eame dans des environnements acoustiques difficiles.<\/p>\n<h3>Atouts principaux<\/h3>\n<ul>\n<li><strong>Communication simultan\u00e9e (full-duplex) :<\/strong> possibilit\u00e9 de parler et d&#8217;\u00e9couter en m\u00eame temps sans interruption.<\/li>\n<li><strong>Son cristallin :<\/strong> transmission naturelle et fid\u00e8le de la voix.<\/li>\n<li><strong>Design moderne :<\/strong> bo\u00eetier principal au look \u00e9l\u00e9gant et compact.<\/li>\n<li><strong>Flexibilit\u00e9 :<\/strong> jusqu\u2019\u00e0 4 unit\u00e9s ext\u00e9rieures et plusieurs accessoires possibles.<\/li>\n<li><strong>R\u00e9glage ind\u00e9pendant du volume :<\/strong> r\u00e9glage s\u00e9par\u00e9 pour l\u2019ext\u00e9rieur et l\u2019int\u00e9rieur.<\/li>\n<\/ul>\n<h3>Compatibilit\u00e9 et accessoires<\/h3>\n<p>L\u2019<strong>Interphone Delta2<\/strong> peut \u00eatre enrichi par une large gamme d\u2019accessoires :<\/p>\n<ul>\n<li>Haut-parleurs externes et modules avec gong<\/li>\n<li>Portiers automatiques et casques t\u00e9l\u00e9phoniques<\/li>\n<li>Syst\u00e8mes de transmission inductive pour appareils auditifs<\/li>\n<li>Liaison pour t\u00e9l\u00e9phones mobiles afin de relayer les appels<\/li>\n<li>Jusqu\u2019\u00e0 4 casques ou appareils auxiliaires du c\u00f4t\u00e9 du client<\/li>\n<\/ul>\n<h3>Int\u00e9gration avec les solutions Arcas Gruber<\/h3>\n<p>L\u2019<strong>Interphone Delta2<\/strong> s\u2019int\u00e8gre parfaitement \u00e0 notre gamme <a href=\"https:\/\/arcasgruber.com\/fr\/produits-de-paiment\/interphones-de-guichet\/\"><strong>interphones de guichet<\/strong><\/a>, offrant ainsi une solution uniforme et s\u00e9curis\u00e9e pour vos zones d\u2019accueil prot\u00e9g\u00e9es.<\/p>\n<p>Pour une installation compl\u00e8te et s\u00e9curis\u00e9e, d\u00e9couvrez aussi nos <a href=\"https:\/\/arcasgruber.com\/fr\/produits-de-paiment\/vitres-de-securite\/\"><strong>vitres de s\u00e9curit\u00e9<\/strong><\/a>, nos <a href=\"https:\/\/arcasgruber.com\/fr\/produits-de-paiment\/passe-monnaies\/\"><strong>passe-monnaies<\/strong><\/a>, nos <a href=\"https:\/\/arcasgruber.com\/fr\/produits-de-paiment\/passe-paquets\/\"><strong>passe-paquets<\/strong><\/a> et nos <a href=\"https:\/\/arcasgruber.com\/fr\/produits-de-paiment\/guichet-dispensateur\/\"><strong>guichets dispensateurs<\/strong><\/a>.<\/p>\n<h3>Usages recommand\u00e9s<\/h3>\n<ul>\n<li>Banques et institutions financi\u00e8res<\/li>\n<li>Pharmacies avec service au guichet<\/li>\n<li>Stations-service ou guichets de nuit<\/li>\n<li>B\u00e2timents administratifs et ambassades<\/li>\n<li>Bureaux de change et zones d\u2019accueil prot\u00e9g\u00e9es<\/li>\n<\/ul>\n<p>L\u2019<strong>Interphone Delta2<\/strong> vous offre une solution haut de gamme, fiable et s\u00e9curis\u00e9e, pour garantir une communication optimale sans compromettre la protection.<\/p>\n","protected":false},"excerpt":{"rendered":"<p>L\u2019<strong>Interphone Delta2<\/strong> est un syst\u00e8me de communication full-duplex haute performance, id\u00e9al pour banques, ambassades, pharmacies et zones s\u00e9curis\u00e9es.<\/p>\n","protected":false},"featured_media":13843,"template":"","meta":{"_acf_changed":false},"product_brand":[],"product_cat":[2600],"product_tag":[],"class_list":{"0":"post-18565","1":"product","2":"type-product","3":"status-publish","4":"has-post-thumbnail","6":"product_cat-interphones-de-guichet","8":"first","9":"instock","10":"taxable","11":"shipping-taxable","12":"purchasable","13":"product-type-simple"},"acf":[],"_links":{"self":[{"href":"https:\/\/arcasgruber.com\/fr\/wp-json\/wp\/v2\/product\/18565","targetHints":{"allow":["GET"]}}],"collection":[{"href":"https:\/\/arcasgruber.com\/fr\/wp-json\/wp\/v2\/product"}],"about":[{"href":"https:\/\/arcasgruber.com\/fr\/wp-json\/wp\/v2\/types\/product"}],"version-history":[{"count":0,"href":"https:\/\/arcasgruber.com\/fr\/wp-json\/wp\/v2\/product\/18565\/revisions"}],"wp:featuredmedia":[{"embeddable":true,"href":"https:\/\/arcasgruber.com\/fr\/wp-json\/wp\/v2\/media\/13843"}],"wp:attachment":[{"href":"https:\/\/arcasgruber.com\/fr\/wp-json\/wp\/v2\/media?parent=18565"}],"wp:term":[{"taxonomy":"product_brand","embeddable":true,"href":"https:\/\/arcasgruber.com\/fr\/wp-json\/wp\/v2\/product_brand?post=18565"},{"taxonomy":"product_cat","embeddable":true,"href":"https:\/\/arcasgruber.com\/fr\/wp-json\/wp\/v2\/product_cat?post=18565"},{"taxonomy":"product_tag","embeddable":true,"href":"https:\/\/arcasgruber.com\/fr\/wp-json\/wp\/v2\/product_tag?post=18565"}],"curies":[{"name":"wp","href":"https:\/\/api.w.org\/{rel}","templated":true}]}}