{"id":18029,"date":"2020-04-21T11:28:15","date_gmt":"2020-04-21T09:28:15","guid":{"rendered":"https:\/\/arcasgruber.com\/non%20class\u00e9\/pasmon7010\/"},"modified":"2025-10-08T09:59:05","modified_gmt":"2025-10-08T07:59:05","slug":"tiroir-coulissant-pasmon7010","status":"publish","type":"product","link":"https:\/\/arcasgruber.com\/fr\/produits-de-paiment\/passe-monnaies\/tiroir-coulissant-pasmon7010\/","title":{"rendered":"Tiroir coulissant PASMON7010"},"content":{"rendered":"<h2>Tiroir coulissant PASMON7010<\/h2>\n<p>Le <strong>Tiroir coulissant PASMON7010<\/strong> est con\u00e7u pour faciliter les \u00e9changes s\u00e9curis\u00e9s dans des environnements tels que les banques, les guichets de nuit, les caisses et les zones d\u2019accueil. Gr\u00e2ce \u00e0 son syst\u00e8me de deux bacs \u00e0 mouvements oppos\u00e9s, il garantit une manipulation fluide et s\u00e9curis\u00e9e des billets, documents et petits objets.<\/p>\n<h2>Caract\u00e9ristiques principales<\/h2>\n<ul>\n<li><strong>Dimensions ext\u00e9rieures :<\/strong> 167 x 476 x 642 mm (Hauteur x Largeur x Profondeur)<\/li>\n<li><strong>Dimensions int\u00e9rieures du tiroir sup\u00e9rieur :<\/strong> 30 x 360 x 50 mm (Hauteur x Largeur x Profondeur)<\/li>\n<li><strong>Dimensions int\u00e9rieures du tiroir inf\u00e9rieur :<\/strong> 86 x 298 x 286 mm (Hauteur x Largeur x Profondeur)<\/li>\n<li><strong>Dimensions cavit\u00e9 :<\/strong> 462 x 630 mm (Largeur x Profondeur)<\/li>\n<li><strong>Passages :<\/strong> hauteurs 30 et 86 mm<\/li>\n<\/ul>\n<h2>Options disponibles<\/h2>\n<ul>\n<li><strong>P-7010 \/ Alu :<\/strong> Aluminium EV1<\/li>\n<li><strong>P-7010 \/ VA :<\/strong> Acier inoxydable V2A<\/li>\n<li><strong>P-7010 \/ S :<\/strong> Couleur sp\u00e9ciale RAL<\/li>\n<\/ul>\n<p>Le tiroir coulissant peut \u00eatre fabriqu\u00e9 en acier normalis\u00e9 peint, en acier inoxydable finition mate ou polie, selon les besoins du client. Il s\u2019int\u00e8gre parfaitement dans tout am\u00e9nagement s\u00e9curis\u00e9.<\/p>\n<p>D\u00e9couvrez aussi nos autres solutions : <a href=\"https:\/\/arcasgruber.com\/fr\/produits-de-paiment\/passe-monnaies\/\"><u>passe-monnaie<\/u><\/a>, <a href=\"https:\/\/arcasgruber.com\/fr\/produits-de-paiment\/passe-paquets\/\"><u>passe-paquet<\/u><\/a>, ainsi que la gamme de <a href=\"https:\/\/arcasgruber.com\/fr\/produits-de-paiment\/\"><u>produits de paiement<\/u><\/a> et nos <a href=\"https:\/\/arcasgruber.com\/fr\/coffres-forts\/\"><u>coffres-forts<\/u><\/a> certifi\u00e9s.<\/p>\n","protected":false},"excerpt":{"rendered":"<p>Le <strong>Tiroir coulissant PASMON7010<\/strong> est une solution robuste et fonctionnelle pour le transfert s\u00e9curis\u00e9 de documents, billets et objets dans les environnements \u00e0 forte exigence de s\u00e9curit\u00e9.<\/p>\n","protected":false},"featured_media":17945,"template":"","meta":{"_acf_changed":false},"product_brand":[],"product_cat":[2729],"product_tag":[],"class_list":{"0":"post-18029","1":"product","2":"type-product","3":"status-publish","4":"has-post-thumbnail","6":"product_cat-passe-monnaies","8":"first","9":"instock","10":"taxable","11":"shipping-taxable","12":"purchasable","13":"product-type-simple"},"acf":[],"_links":{"self":[{"href":"https:\/\/arcasgruber.com\/fr\/wp-json\/wp\/v2\/product\/18029","targetHints":{"allow":["GET"]}}],"collection":[{"href":"https:\/\/arcasgruber.com\/fr\/wp-json\/wp\/v2\/product"}],"about":[{"href":"https:\/\/arcasgruber.com\/fr\/wp-json\/wp\/v2\/types\/product"}],"version-history":[{"count":0,"href":"https:\/\/arcasgruber.com\/fr\/wp-json\/wp\/v2\/product\/18029\/revisions"}],"wp:featuredmedia":[{"embeddable":true,"href":"https:\/\/arcasgruber.com\/fr\/wp-json\/wp\/v2\/media\/17945"}],"wp:attachment":[{"href":"https:\/\/arcasgruber.com\/fr\/wp-json\/wp\/v2\/media?parent=18029"}],"wp:term":[{"taxonomy":"product_brand","embeddable":true,"href":"https:\/\/arcasgruber.com\/fr\/wp-json\/wp\/v2\/product_brand?post=18029"},{"taxonomy":"product_cat","embeddable":true,"href":"https:\/\/arcasgruber.com\/fr\/wp-json\/wp\/v2\/product_cat?post=18029"},{"taxonomy":"product_tag","embeddable":true,"href":"https:\/\/arcasgruber.com\/fr\/wp-json\/wp\/v2\/product_tag?post=18029"}],"curies":[{"name":"wp","href":"https:\/\/api.w.org\/{rel}","templated":true}]}}