{"id":18028,"date":"2020-04-21T11:33:25","date_gmt":"2020-04-21T09:33:25","guid":{"rendered":"https:\/\/arcasgruber.com\/non%20class\u00e9\/pasmon7013\/"},"modified":"2025-10-08T10:00:38","modified_gmt":"2025-10-08T08:00:38","slug":"tiroir-coulissant-pasmon7013","status":"publish","type":"product","link":"https:\/\/arcasgruber.com\/fr\/produits-de-paiment\/passe-monnaies\/tiroir-coulissant-pasmon7013\/","title":{"rendered":"Tiroir coulissant PASMON7013"},"content":{"rendered":"<h2>Tiroir coulissant PASMON7013<\/h2>\n<p>Le <strong>Tiroir coulissant PASMON7013<\/strong> est con\u00e7u pour assurer un transfert rapide et s\u00e9curis\u00e9 de billets, documents et objets dans les environnements sensibles comme les banques, guichets de nuit, caisses et zones de r\u00e9ception. Gr\u00e2ce \u00e0 ses deux bacs \u00e0 mouvements oppos\u00e9s, il garantit une manipulation fluide et efficace.<\/p>\n<h2>Caract\u00e9ristiques principales<\/h2>\n<ul>\n<li><strong>Dimensions ext\u00e9rieures :<\/strong> 167 x 476 x 642 mm (Hauteur x Largeur x Profondeur)<\/li>\n<li><strong>Dimensions int\u00e9rieures du tiroir sup\u00e9rieur :<\/strong> 30 x 270 x 225 mm (Hauteur x Largeur x Profondeur)<\/li>\n<li><strong>Dimensions int\u00e9rieures du tiroir inf\u00e9rieur :<\/strong> 86 x 298 x 286 mm (Hauteur x Largeur x Profondeur)<\/li>\n<li><strong>Dimensions cavit\u00e9 :<\/strong> 462 x 630 mm (Largeur x Profondeur)<\/li>\n<li><strong>Hauteurs de passage :<\/strong> 30 et 86 mm avec volets de fermeture<\/li>\n<li><strong>S\u00e9curit\u00e9 :<\/strong> conforme \u00e0 la norme BGV C 9 (UVV)<\/li>\n<\/ul>\n<h2>Options disponibles<\/h2>\n<ul>\n<li><strong>P-7013 \/ Alu :<\/strong> Aluminium EV1<\/li>\n<li><strong>P-7013 \/ VA :<\/strong> Acier inoxydable V2A<\/li>\n<li><strong>P-7013 \/ S :<\/strong> Couleur sp\u00e9ciale RAL<\/li>\n<\/ul>\n<p>Ce mod\u00e8le peut \u00eatre utilis\u00e9 comme <u>passe-monnaie fixe en position centrale<\/u>, ce qui en fait une solution flexible et adapt\u00e9e aux besoins vari\u00e9s. Il peut \u00eatre fabriqu\u00e9 en acier normalis\u00e9 peint ou en inox avec finition mate ou polie.<\/p>\n<p>D\u00e9couvrez aussi nos autres solutions : <a href=\"https:\/\/arcasgruber.com\/fr\/produits-de-paiment\/passe-monnaies\/\"><u>passe-monnaie<\/u><\/a>, <a href=\"https:\/\/arcasgruber.com\/fr\/produits-de-paiment\/passe-paquets\/\"><u>passe-paquet<\/u><\/a>, ainsi que notre gamme de <a href=\"https:\/\/arcasgruber.com\/fr\/produits-de-paiment\/\"><u>produits de paiement<\/u><\/a> et nos <a href=\"https:\/\/arcasgruber.com\/fr\/coffres-forts\/\"><u>coffres-forts<\/u><\/a> certifi\u00e9s.<\/p>\n","protected":false},"excerpt":{"rendered":"<p>Le <strong>Tiroir coulissant PASMON7013<\/strong> offre une solution robuste et fiable pour le transfert s\u00e9curis\u00e9 de billets et documents, avec un design pratique et conforme aux normes de s\u00e9curit\u00e9 UVV.<\/p>\n","protected":false},"featured_media":17948,"template":"","meta":{"_acf_changed":false},"product_brand":[],"product_cat":[2729],"product_tag":[],"class_list":{"0":"post-18028","1":"product","2":"type-product","3":"status-publish","4":"has-post-thumbnail","6":"product_cat-passe-monnaies","8":"first","9":"instock","10":"taxable","11":"shipping-taxable","12":"purchasable","13":"product-type-simple"},"acf":[],"_links":{"self":[{"href":"https:\/\/arcasgruber.com\/fr\/wp-json\/wp\/v2\/product\/18028","targetHints":{"allow":["GET"]}}],"collection":[{"href":"https:\/\/arcasgruber.com\/fr\/wp-json\/wp\/v2\/product"}],"about":[{"href":"https:\/\/arcasgruber.com\/fr\/wp-json\/wp\/v2\/types\/product"}],"version-history":[{"count":0,"href":"https:\/\/arcasgruber.com\/fr\/wp-json\/wp\/v2\/product\/18028\/revisions"}],"wp:featuredmedia":[{"embeddable":true,"href":"https:\/\/arcasgruber.com\/fr\/wp-json\/wp\/v2\/media\/17948"}],"wp:attachment":[{"href":"https:\/\/arcasgruber.com\/fr\/wp-json\/wp\/v2\/media?parent=18028"}],"wp:term":[{"taxonomy":"product_brand","embeddable":true,"href":"https:\/\/arcasgruber.com\/fr\/wp-json\/wp\/v2\/product_brand?post=18028"},{"taxonomy":"product_cat","embeddable":true,"href":"https:\/\/arcasgruber.com\/fr\/wp-json\/wp\/v2\/product_cat?post=18028"},{"taxonomy":"product_tag","embeddable":true,"href":"https:\/\/arcasgruber.com\/fr\/wp-json\/wp\/v2\/product_tag?post=18028"}],"curies":[{"name":"wp","href":"https:\/\/api.w.org\/{rel}","templated":true}]}}