{"id":18027,"date":"2020-04-21T11:43:41","date_gmt":"2020-04-21T09:43:41","guid":{"rendered":"https:\/\/arcasgruber.com\/non%20class\u00e9\/pasmon7020\/"},"modified":"2025-10-08T10:02:20","modified_gmt":"2025-10-08T08:02:20","slug":"tiroir-coulissant-pasmon7020","status":"publish","type":"product","link":"https:\/\/arcasgruber.com\/fr\/produits-de-paiment\/passe-monnaies\/tiroir-coulissant-pasmon7020\/","title":{"rendered":"Tiroir coulissant PASMON7020"},"content":{"rendered":"<h2>Tiroir coulissant PASMON7020<\/h2>\n<p>Le <strong>Tiroir coulissant PASMON7020<\/strong> est con\u00e7u pour faciliter le transfert rapide et s\u00e9curis\u00e9 de billets, documents et objets dans des environnements exigeants tels que banques, guichets et zones de r\u00e9ception. Compact et fonctionnel, il s\u2019int\u00e8gre facilement dans diff\u00e9rents types de guichets et installations de s\u00e9curit\u00e9.<\/p>\n<h2>Caract\u00e9ristiques principales<\/h2>\n<ul>\n<li><strong>Dimensions ext\u00e9rieures :<\/strong> 53 x 469 x 410 mm (Hauteur x Largeur x Profondeur)<\/li>\n<li><strong>Dimensions int\u00e9rieures du tiroir sup\u00e9rieur :<\/strong> 30 x 340 x 130 mm (Hauteur x Largeur x Profondeur)<\/li>\n<li><strong>Dimensions int\u00e9rieures du tiroir inf\u00e9rieur :<\/strong> 86 x 298 x 286 mm (Hauteur x Largeur x Profondeur)<\/li>\n<li><strong>Dimensions cavit\u00e9 :<\/strong> 452 x 399 mm (Largeur x Profondeur)<\/li>\n<\/ul>\n<h2>Utilisation et avantages<\/h2>\n<p>Gr\u00e2ce \u00e0 sa conception avec deux compartiments s\u00e9par\u00e9s, ce mod\u00e8le permet de s\u00e9curiser le passage de documents et d\u2019objets de valeurs avec une ergonomie optimale. Il est particuli\u00e8rement adapt\u00e9 pour les espaces o\u00f9 la fluidit\u00e9 et la protection sont essentielles.<\/p>\n<p>Le PASMON7020 peut \u00eatre fabriqu\u00e9 en acier normalis\u00e9 avec peinture polyur\u00e9thane, ou en acier inoxydable avec finition mate ou polie, garantissant une r\u00e9sistance et une durabilit\u00e9 accrues.<\/p>\n<p>D\u00e9couvrez \u00e9galement d\u2019autres solutions de s\u00e9curit\u00e9 : <a href=\"https:\/\/arcasgruber.com\/fr\/produits-de-paiment\/passe-monnaies\/\"><u>passe-monnaie<\/u><\/a>, <a href=\"https:\/\/arcasgruber.com\/fr\/produits-de-paiment\/passe-paquets\/\"><u>passe-paquet<\/u><\/a>, notre gamme compl\u00e8te de <a href=\"https:\/\/arcasgruber.com\/fr\/produits-de-paiment\/\"><u>produits de paiement<\/u><\/a> ainsi que nos <a href=\"https:\/\/arcasgruber.com\/fr\/coffres-forts\/\"><u>coffres-forts<\/u><\/a>.<\/p>\n","protected":false},"excerpt":{"rendered":"<p>Le <strong>Tiroir coulissant PASMON7020<\/strong> est une solution compacte et s\u00e9curis\u00e9e pour le transfert de documents et billets dans des guichets et zones prot\u00e9g\u00e9es.<\/p>\n","protected":false},"featured_media":17951,"template":"","meta":{"_acf_changed":false},"product_brand":[],"product_cat":[2729],"product_tag":[],"class_list":{"0":"post-18027","1":"product","2":"type-product","3":"status-publish","4":"has-post-thumbnail","6":"product_cat-passe-monnaies","8":"first","9":"instock","10":"taxable","11":"shipping-taxable","12":"purchasable","13":"product-type-simple"},"acf":[],"_links":{"self":[{"href":"https:\/\/arcasgruber.com\/fr\/wp-json\/wp\/v2\/product\/18027","targetHints":{"allow":["GET"]}}],"collection":[{"href":"https:\/\/arcasgruber.com\/fr\/wp-json\/wp\/v2\/product"}],"about":[{"href":"https:\/\/arcasgruber.com\/fr\/wp-json\/wp\/v2\/types\/product"}],"version-history":[{"count":0,"href":"https:\/\/arcasgruber.com\/fr\/wp-json\/wp\/v2\/product\/18027\/revisions"}],"wp:featuredmedia":[{"embeddable":true,"href":"https:\/\/arcasgruber.com\/fr\/wp-json\/wp\/v2\/media\/17951"}],"wp:attachment":[{"href":"https:\/\/arcasgruber.com\/fr\/wp-json\/wp\/v2\/media?parent=18027"}],"wp:term":[{"taxonomy":"product_brand","embeddable":true,"href":"https:\/\/arcasgruber.com\/fr\/wp-json\/wp\/v2\/product_brand?post=18027"},{"taxonomy":"product_cat","embeddable":true,"href":"https:\/\/arcasgruber.com\/fr\/wp-json\/wp\/v2\/product_cat?post=18027"},{"taxonomy":"product_tag","embeddable":true,"href":"https:\/\/arcasgruber.com\/fr\/wp-json\/wp\/v2\/product_tag?post=18027"}],"curies":[{"name":"wp","href":"https:\/\/api.w.org\/{rel}","templated":true}]}}