{"id":18026,"date":"2020-04-22T10:11:53","date_gmt":"2020-04-22T08:11:53","guid":{"rendered":"https:\/\/arcasgruber.com\/non%20class\u00e9\/pasmon7025\/"},"modified":"2025-10-08T10:05:26","modified_gmt":"2025-10-08T08:05:26","slug":"passe-monnaie-pasmon7025","status":"publish","type":"product","link":"https:\/\/arcasgruber.com\/fr\/produits-de-paiment\/passe-monnaies\/passe-monnaie-pasmon7025\/","title":{"rendered":"Passe-monnaie PASMON7025"},"content":{"rendered":"<h2>Passe-monnaie PASMON7025<\/h2>\n<p>Le <strong><u>passe-monnaie PASMON7025<\/u><\/strong> est une solution robuste et s\u00e9curis\u00e9e con\u00e7ue pour les environnements professionnels tels que les banques, guichets automatiques de nuit, caisses ou encore loges de gardiens. Gr\u00e2ce \u00e0 sa conception pratique, il permet le transfert d\u2019objets et de documents en toute s\u00e9curit\u00e9 entre deux zones s\u00e9par\u00e9es.<\/p>\n<h2>Caract\u00e9ristiques principales<\/h2>\n<ul>\n<li><strong>Dimensions ext\u00e9rieures :<\/strong> 144 x 476 x 642 mm (Hauteur x Largeur x Profondeur)<\/li>\n<li><strong>Dimensions int\u00e9rieures sup\u00e9rieur :<\/strong> 30 x 270 x 215 mm (Hauteur x Largeur x Profondeur)<\/li>\n<li><strong>Dimensions int\u00e9rieures inf\u00e9rieur :<\/strong> 90 x 270 x 225 mm (Hauteur x Largeur x Profondeur)<\/li>\n<li><strong>Dimensions d&#8217;assemblage :<\/strong> 462 x 630 mm (Largeur x Profondeur)<\/li>\n<li><strong>S\u00e9curit\u00e9 :<\/strong> conforme \u00e0 la norme BGV C 9 (Norme UVV)<\/li>\n<\/ul>\n<h2>Utilisation et options<\/h2>\n<p>Le mod\u00e8le PASMON7025 est \u00e9quip\u00e9 d\u2019un passe-objet profond sous le tiroir principal, garantissant une fonctionnalit\u00e9 suppl\u00e9mentaire et une grande praticit\u00e9. Sa conception assure une utilisation fluide et s\u00e9curis\u00e9e dans des contextes professionnels exigeants.<\/p>\n<p>Disponible en diff\u00e9rentes variantes :<\/p>\n<ul>\n<li><strong>P-7025 \/ VA :<\/strong> acier inoxydable V2a<\/li>\n<li><strong>P-7025 \/ S :<\/strong> couleur sp\u00e9ciale RAL<\/li>\n<\/ul>\n<p>D\u00e9couvrez d\u2019autres solutions similaires dans notre gamme de <a href=\"https:\/\/arcasgruber.com\/fr\/produits-de-paiment\/passe-monnaies\/\"><strong><u>passe-monnaies<\/u><\/strong><\/a>, ainsi que dans nos cat\u00e9gories de <a href=\"https:\/\/arcasgruber.com\/fr\/produits-de-paiment\/passe-paquets\/\"><strong><u>passe-paquets<\/u><\/strong><\/a>, <a href=\"https:\/\/arcasgruber.com\/fr\/produits-de-paiment\/\"><strong><u>produits de paiement<\/u><\/strong><\/a> et <a href=\"https:\/\/arcasgruber.com\/fr\/coffres-forts\/\"><strong><u>coffres-forts<\/u><\/strong><\/a>.<\/p>\n","protected":false},"excerpt":{"rendered":"<p>Le <strong>passe-monnaie PASMON7025<\/strong> est con\u00e7u pour offrir une s\u00e9curit\u00e9 renforc\u00e9e et une grande praticit\u00e9 dans les banques, guichets et espaces de r\u00e9ception.<\/p>\n","protected":false},"featured_media":17955,"template":"","meta":{"_acf_changed":false},"product_brand":[],"product_cat":[2729],"product_tag":[],"class_list":{"0":"post-18026","1":"product","2":"type-product","3":"status-publish","4":"has-post-thumbnail","6":"product_cat-passe-monnaies","8":"first","9":"instock","10":"taxable","11":"shipping-taxable","12":"purchasable","13":"product-type-simple"},"acf":[],"_links":{"self":[{"href":"https:\/\/arcasgruber.com\/fr\/wp-json\/wp\/v2\/product\/18026","targetHints":{"allow":["GET"]}}],"collection":[{"href":"https:\/\/arcasgruber.com\/fr\/wp-json\/wp\/v2\/product"}],"about":[{"href":"https:\/\/arcasgruber.com\/fr\/wp-json\/wp\/v2\/types\/product"}],"version-history":[{"count":0,"href":"https:\/\/arcasgruber.com\/fr\/wp-json\/wp\/v2\/product\/18026\/revisions"}],"wp:featuredmedia":[{"embeddable":true,"href":"https:\/\/arcasgruber.com\/fr\/wp-json\/wp\/v2\/media\/17955"}],"wp:attachment":[{"href":"https:\/\/arcasgruber.com\/fr\/wp-json\/wp\/v2\/media?parent=18026"}],"wp:term":[{"taxonomy":"product_brand","embeddable":true,"href":"https:\/\/arcasgruber.com\/fr\/wp-json\/wp\/v2\/product_brand?post=18026"},{"taxonomy":"product_cat","embeddable":true,"href":"https:\/\/arcasgruber.com\/fr\/wp-json\/wp\/v2\/product_cat?post=18026"},{"taxonomy":"product_tag","embeddable":true,"href":"https:\/\/arcasgruber.com\/fr\/wp-json\/wp\/v2\/product_tag?post=18026"}],"curies":[{"name":"wp","href":"https:\/\/api.w.org\/{rel}","templated":true}]}}