{"id":14327,"date":"2019-05-30T10:19:12","date_gmt":"2019-05-30T08:19:12","guid":{"rendered":"https:\/\/arcasgruber.com\/sincategorizar\/ss0104e\/"},"modified":"2025-10-07T08:43:35","modified_gmt":"2025-10-07T06:43:35","slug":"coffre-de-securite-electronique-ss0104e","status":"publish","type":"product","link":"https:\/\/arcasgruber.com\/fr\/coffres-forts\/coffres-de-securite\/coffre-de-securite-electronique-ss0104e\/","title":{"rendered":"Coffre de s\u00e9curit\u00e9 \u00e9lectronique SS0104E"},"content":{"rendered":"<h2>Coffre de s\u00e9curit\u00e9 \u00e9lectronique SS0104E<\/h2>\n<p>Le <strong>coffre de s\u00e9curit\u00e9 \u00e9lectronique SS0104E<\/strong> est con\u00e7u pour offrir une protection fiable et pratique des documents, bijoux et objets de valeur, aussi bien \u00e0 domicile qu\u2019en entreprise. Sa serrure \u00e9lectronique et son design robuste garantissent un haut niveau de s\u00e9curit\u00e9 avec un confort d\u2019utilisation optimal.<\/p>\n<h2>Caract\u00e9ristiques principales<\/h2>\n<ul>\n<li><strong>Dimensions ext\u00e9rieures :<\/strong> 500 \u00d7 350 \u00d7 310 mm (H \u00d7 L \u00d7 P)<\/li>\n<li><strong>Dimensions int\u00e9rieures :<\/strong> 495 \u00d7 345 \u00d7 300 mm (H \u00d7 L \u00d7 P)<\/li>\n<li><strong>Capacit\u00e9 utile :<\/strong> 51 litres<\/li>\n<li><strong>Poids :<\/strong> 19 kg<\/li>\n<li><strong>Plateau :<\/strong> 1 r\u00e9glable et amovible<\/li>\n<\/ul>\n<h2>M\u00e9canisme de fermeture<\/h2>\n<ul>\n<li>Serrure \u00e9lectronique avec combinaison num\u00e9rique<\/li>\n<li>\u00c9clairage int\u00e9rieur par LED blanches<\/li>\n<li>Ouverture de la porte \u00e0 200\u00ba gr\u00e2ce \u00e0 la double charni\u00e8re pivotante<\/li>\n<li>Pr\u00e9-per\u00e7ages pour fixation au sol et au mur<\/li>\n<\/ul>\n<h2>Configuration standard<\/h2>\n<ul>\n<li>Combinaison \u00e9lectronique incluse<\/li>\n<li>Finition r\u00e9sistante en peinture polyur\u00e9thane<\/li>\n<li>Trous de fixation pour installation s\u00e9curis\u00e9e<\/li>\n<\/ul>\n<h2>Options disponibles<\/h2>\n<ul>\n<li>Combinaison num\u00e9rique<\/li>\n<li>Combinaison biom\u00e9trique<\/li>\n<\/ul>\n<h2>Garantie<\/h2>\n<p>Le <strong>SS0104E<\/strong> b\u00e9n\u00e9ficie d\u2019une garantie de 2 ans par Arcas Gruber, assurant fiabilit\u00e9 et durabilit\u00e9.<\/p>\n<h2>D\u00e9couvrez plus de mod\u00e8les<\/h2>\n<p>D\u00e9couvrez notre gamme compl\u00e8te de <a href=\"https:\/\/arcasgruber.com\/fr\/coffres-forts\/\"><strong>coffres-forts<\/strong><\/a> et explorez tous nos <a href=\"https:\/\/arcasgruber.com\/fr\/coffres-forts\/coffres-de-securite\/\"><strong>coffres de s\u00e9curit\u00e9<\/strong><\/a> disponibles.<\/p>\n","protected":false},"excerpt":{"rendered":"<p>Le <strong>coffre de s\u00e9curit\u00e9 \u00e9lectronique SS0104E<\/strong> offre une capacit\u00e9 de 51 litres, un plateau r\u00e9glable et une serrure num\u00e9rique fiable, parfait pour prot\u00e9ger vos biens de valeur.<\/p>\n","protected":false},"featured_media":14315,"template":"","meta":{"_acf_changed":false},"product_brand":[],"product_cat":[2652],"product_tag":[],"class_list":{"0":"post-14327","1":"product","2":"type-product","3":"status-publish","4":"has-post-thumbnail","6":"product_cat-coffres-de-securite","8":"first","9":"instock","10":"taxable","11":"shipping-taxable","12":"purchasable","13":"product-type-simple"},"acf":[],"_links":{"self":[{"href":"https:\/\/arcasgruber.com\/fr\/wp-json\/wp\/v2\/product\/14327","targetHints":{"allow":["GET"]}}],"collection":[{"href":"https:\/\/arcasgruber.com\/fr\/wp-json\/wp\/v2\/product"}],"about":[{"href":"https:\/\/arcasgruber.com\/fr\/wp-json\/wp\/v2\/types\/product"}],"version-history":[{"count":0,"href":"https:\/\/arcasgruber.com\/fr\/wp-json\/wp\/v2\/product\/14327\/revisions"}],"wp:featuredmedia":[{"embeddable":true,"href":"https:\/\/arcasgruber.com\/fr\/wp-json\/wp\/v2\/media\/14315"}],"wp:attachment":[{"href":"https:\/\/arcasgruber.com\/fr\/wp-json\/wp\/v2\/media?parent=14327"}],"wp:term":[{"taxonomy":"product_brand","embeddable":true,"href":"https:\/\/arcasgruber.com\/fr\/wp-json\/wp\/v2\/product_brand?post=14327"},{"taxonomy":"product_cat","embeddable":true,"href":"https:\/\/arcasgruber.com\/fr\/wp-json\/wp\/v2\/product_cat?post=14327"},{"taxonomy":"product_tag","embeddable":true,"href":"https:\/\/arcasgruber.com\/fr\/wp-json\/wp\/v2\/product_tag?post=14327"}],"curies":[{"name":"wp","href":"https:\/\/api.w.org\/{rel}","templated":true}]}}