{"id":13625,"date":"2017-06-14T11:24:56","date_gmt":"2017-06-14T09:24:56","guid":{"rendered":"https:\/\/arcasgruber.com\/sincategorizar\/ss1622\/"},"modified":"2025-10-10T11:48:34","modified_gmt":"2025-10-10T09:48:34","slug":"armoire-ignifuge-documents-ss1621-120min","status":"publish","type":"product","link":"https:\/\/arcasgruber.com\/fr\/armoires-de-securite\/armoires-ignifuges\/armoire-ignifuge-documents-ss1621-120min\/","title":{"rendered":"Armoire ignifuge pour documents papier SS1621 \u2013 120 minutes"},"content":{"rendered":"<h2>Armoire ignifuge pour papier 120 minutes SS1621<\/h2>\n<p>L\u2019<strong>armoire ignifuge SS1621<\/strong> est con\u00e7ue pour prot\u00e9ger vos documents sensibles contre les incendies et les tentatives d\u2019effraction. Gr\u00e2ce \u00e0 sa construction en acier au mangan\u00e8se et son blindage anti-per\u00e7age, elle offre une r\u00e9sistance physique \u00e9lev\u00e9e. Certifi\u00e9e selon la norme <strong>NT Fire 017<\/strong>, elle garantit jusqu\u2019\u00e0 <strong>120 minutes de protection contre le feu<\/strong> pour vos archives papier.<\/p>\n<h3>Caract\u00e9ristiques techniques de l\u2019armoire SS1621<\/h3>\n<ul>\n<li><strong>Dimensions ext\u00e9rieures :<\/strong> 1160 x 655 x 560 mm (H x L x P)<\/li>\n<li><strong>Dimensions int\u00e9rieures :<\/strong> 980 x 475 x 350 mm (H x L x P)<\/li>\n<li><strong>Capacit\u00e9 :<\/strong> 162 litres<\/li>\n<li><strong>Poids :<\/strong> 246 kg<\/li>\n<li><strong>\u00c9quipement :<\/strong> 2 tiroirs, 1 porte, 5 crochets \u00e0 cl\u00e9s<\/li>\n<li><strong>Classement :<\/strong> jusqu\u2019\u00e0 12 dossiers leviers, 10 dossiers folio ou 13 bo\u00eetes de rangement<\/li>\n<li><strong>Charni\u00e8res :<\/strong> ouverture de la porte \u00e0 200\u00b0 gr\u00e2ce au double pivot<\/li>\n<li><strong>S\u00e9curit\u00e9 :<\/strong> blindage anti-per\u00e7age int\u00e9gr\u00e9<\/li>\n<li><strong>Mat\u00e9riau :<\/strong> acier au mangan\u00e8se haute r\u00e9sistance<\/li>\n<\/ul>\n<h3>Niveau de s\u00e9curit\u00e9<\/h3>\n<p>Test\u00e9e selon la norme su\u00e9doise <strong>NT Fire 017<\/strong>, cette <a href=\"https:\/\/arcasgruber.com\/fr\/armoires-de-securite\/armoires-ignifuges\/\"><strong>armoire ignifuge pour papier<\/strong><\/a> assure <strong>2 heures de protection contre le feu<\/strong> pour les documents papier. De plus, son coffre-fort int\u00e9rieur int\u00e9gr\u00e9 fournit <strong>60 minutes de protection suppl\u00e9mentaire pour les donn\u00e9es informatiques<\/strong>.<\/p>\n<h3>Applications recommand\u00e9es<\/h3>\n<ul>\n<li>Archivage de documents financiers et juridiques sensibles<\/li>\n<li>Protection de dossiers d\u2019entreprise ou administratifs<\/li>\n<li>Conservation de registres publics et notariaux<\/li>\n<li>Usage id\u00e9al dans bureaux, banques et institutions publiques<\/li>\n<\/ul>\n<h3>Solutions compl\u00e9mentaires Arcas Gruber<\/h3>\n<p>Arcas Gruber propose une large gamme d\u2019<a href=\"https:\/\/arcasgruber.com\/fr\/armoires-de-securite\/\"><strong>armoires de s\u00e9curit\u00e9<\/strong><\/a>, des <a href=\"https:\/\/arcasgruber.com\/fr\/coffres-forts\/ignifuges\/\"><strong>coffres-forts ignifuges<\/strong><\/a> et diff\u00e9rents <a href=\"https:\/\/arcasgruber.com\/fr\/coffres-forts\/\"><strong>coffres-forts<\/strong><\/a> pour offrir une protection compl\u00e8te des biens et documents contre le feu et les intrusions.<\/p>\n","protected":false},"excerpt":{"rendered":"<p>L\u2019<strong>armoire ignifuge SS1621<\/strong> prot\u00e8ge vos documents papier pendant 120 minutes contre le feu, avec en plus un coffre int\u00e9rieur offrant 60 minutes de s\u00e9curit\u00e9 pour vos donn\u00e9es informatiques.<\/p>\n","protected":false},"featured_media":13626,"template":"","meta":{"_acf_changed":false},"product_brand":[],"product_cat":[2571],"product_tag":[],"class_list":{"0":"post-13625","1":"product","2":"type-product","3":"status-publish","4":"has-post-thumbnail","6":"product_cat-armoires-ignifuges","8":"first","9":"instock","10":"taxable","11":"shipping-taxable","12":"purchasable","13":"product-type-simple"},"acf":[],"_links":{"self":[{"href":"https:\/\/arcasgruber.com\/fr\/wp-json\/wp\/v2\/product\/13625","targetHints":{"allow":["GET"]}}],"collection":[{"href":"https:\/\/arcasgruber.com\/fr\/wp-json\/wp\/v2\/product"}],"about":[{"href":"https:\/\/arcasgruber.com\/fr\/wp-json\/wp\/v2\/types\/product"}],"version-history":[{"count":0,"href":"https:\/\/arcasgruber.com\/fr\/wp-json\/wp\/v2\/product\/13625\/revisions"}],"wp:featuredmedia":[{"embeddable":true,"href":"https:\/\/arcasgruber.com\/fr\/wp-json\/wp\/v2\/media\/13626"}],"wp:attachment":[{"href":"https:\/\/arcasgruber.com\/fr\/wp-json\/wp\/v2\/media?parent=13625"}],"wp:term":[{"taxonomy":"product_brand","embeddable":true,"href":"https:\/\/arcasgruber.com\/fr\/wp-json\/wp\/v2\/product_brand?post=13625"},{"taxonomy":"product_cat","embeddable":true,"href":"https:\/\/arcasgruber.com\/fr\/wp-json\/wp\/v2\/product_cat?post=13625"},{"taxonomy":"product_tag","embeddable":true,"href":"https:\/\/arcasgruber.com\/fr\/wp-json\/wp\/v2\/product_tag?post=13625"}],"curies":[{"name":"wp","href":"https:\/\/api.w.org\/{rel}","templated":true}]}}