{"id":13474,"date":"2017-06-14T11:25:05","date_gmt":"2017-06-14T09:25:05","guid":{"rendered":"https:\/\/arcasgruber.com\/sincategorizar-tienda\/ds4623\/"},"modified":"2023-11-09T13:29:30","modified_gmt":"2023-11-09T12:29:30","slug":"ds4623","status":"publish","type":"product","link":"https:\/\/arcasgruber.com\/fr\/armoires-de-securite\/armoires-ignifuges\/ds4623\/","title":{"rendered":"Armoire ignifuge pour DATA 120 minutes DS4623"},"content":{"rendered":"<h2>Armoire ignifuge pour DATA 120 minutes DS4623<\/h2>\n<p>Caracteristiques <a href=\"https:\/\/arcasgruber.com\/fr\/armoires-de-securite\/armoires-ignifuges\/\"><strong>Armoire ignifuge<\/strong><\/a> pour DATA 120 minutes DS4623:<\/p>\n<p>Dimensions ext\u00e9rieures: 1685 x 1200 x 720 mm (Hauteur x Largeur x Profondeur)<\/p>\n<p>Dimensions int\u00e9rieures: 1410 x 800 x 405 mm (Hauteur x Largeur x Profondeur)<\/p>\n<p>Litres: 457 l<\/p>\n<p>Poids: 753 Kg<\/p>\n<p><strong>Capacit\u00e9 pour donn\u00e9es informatiques DS4623:<\/strong><\/p>\n<p>LTO: 924<br \/>\nDAT: 3480<br \/>\nDLT: 924<br \/>\nCD: 1880<\/p>\n<p>\u00c9tag\u00e8res \/ Tiroirs: 3\/10<\/p>\n<p>Charni\u00e8res de la porte: droite<\/p>\n<p>Blindage anti-per\u00e7age<\/p>\n<p>La porte est mont\u00e9e sur un ensemble de double charni\u00e8re pivotant, permettant ainsi une ouverture \u00e0 200\u00ba<\/p>\n<p>Acier au mangan\u00e8se<\/p>\n<h3><strong>Niveau de s\u00e9curit\u00e9 DS4621<\/strong><\/h3>\n<p>Armoires ignifuges pour donn\u00e9es informatiques Test\u00e9 selon la norme Su\u00e9doise NT Fire 017<\/p>\n<p>Fournit 120 minutes de protection contre le feu pour les bandes de sauvegarde informatique<\/p>\n","protected":false},"excerpt":{"rendered":"<p><strong>Armoire ignifuge pour DATA DS4623 &#8211; 120 minutes<\/strong>: Dimensions ext\u00e9rieures: 1685 x 1200 x 720 mm (HxLxP) &#8211; Litres: 457 l &#8211; Poids: 753 Kg<\/p>\n","protected":false},"featured_media":13475,"template":"","meta":{"_acf_changed":false},"product_brand":[],"product_cat":[2571],"product_tag":[],"class_list":{"0":"post-13474","1":"product","2":"type-product","3":"status-publish","4":"has-post-thumbnail","6":"product_cat-armoires-ignifuges","8":"first","9":"instock","10":"taxable","11":"shipping-taxable","12":"purchasable","13":"product-type-simple"},"acf":[],"_links":{"self":[{"href":"https:\/\/arcasgruber.com\/fr\/wp-json\/wp\/v2\/product\/13474","targetHints":{"allow":["GET"]}}],"collection":[{"href":"https:\/\/arcasgruber.com\/fr\/wp-json\/wp\/v2\/product"}],"about":[{"href":"https:\/\/arcasgruber.com\/fr\/wp-json\/wp\/v2\/types\/product"}],"version-history":[{"count":0,"href":"https:\/\/arcasgruber.com\/fr\/wp-json\/wp\/v2\/product\/13474\/revisions"}],"wp:featuredmedia":[{"embeddable":true,"href":"https:\/\/arcasgruber.com\/fr\/wp-json\/wp\/v2\/media\/13475"}],"wp:attachment":[{"href":"https:\/\/arcasgruber.com\/fr\/wp-json\/wp\/v2\/media?parent=13474"}],"wp:term":[{"taxonomy":"product_brand","embeddable":true,"href":"https:\/\/arcasgruber.com\/fr\/wp-json\/wp\/v2\/product_brand?post=13474"},{"taxonomy":"product_cat","embeddable":true,"href":"https:\/\/arcasgruber.com\/fr\/wp-json\/wp\/v2\/product_cat?post=13474"},{"taxonomy":"product_tag","embeddable":true,"href":"https:\/\/arcasgruber.com\/fr\/wp-json\/wp\/v2\/product_tag?post=13474"}],"curies":[{"name":"wp","href":"https:\/\/api.w.org\/{rel}","templated":true}]}}