{"id":13472,"date":"2017-06-14T11:25:04","date_gmt":"2017-06-14T09:25:04","guid":{"rendered":"https:\/\/arcasgruber.com\/sincategorizar-tienda\/ds4622\/"},"modified":"2025-10-10T12:19:50","modified_gmt":"2025-10-10T10:19:50","slug":"armoire-ignifuge-donnees-informatiques-ds4622-120min","status":"publish","type":"product","link":"https:\/\/arcasgruber.com\/fr\/armoires-de-securite\/armoires-ignifuges\/armoire-ignifuge-donnees-informatiques-ds4622-120min\/","title":{"rendered":"Armoire ignifuge pour donn\u00e9es informatiques DS4622 \u2013 120 minutes"},"content":{"rendered":"<h2>Armoire ignifuge pour donn\u00e9es informatiques DS4622 \u2013 Protection 120 minutes<\/h2>\n<p>L\u2019<strong>armoire ignifuge DS4622<\/strong> est con\u00e7ue pour offrir une s\u00e9curit\u00e9 maximale aux <strong>supports informatiques et bandes de sauvegarde<\/strong>. Test\u00e9e et certifi\u00e9e selon la norme su\u00e9doise NT Fire 017, elle garantit 120 minutes de r\u00e9sistance au feu, prot\u00e9geant ainsi vos donn\u00e9es sensibles dans les environnements les plus exigeants.<\/p>\n<h3>Caract\u00e9ristiques principales<\/h3>\n<ul>\n<li><strong>Dimensions ext\u00e9rieures :<\/strong> 1685 x 690 x 720 mm (H x L x P)<\/li>\n<li><strong>Dimensions int\u00e9rieures :<\/strong> 1410 x 400 x 405 mm (H x L x P)<\/li>\n<li><strong>Capacit\u00e9 totale :<\/strong> 228 litres<\/li>\n<li><strong>Poids :<\/strong> 480 kg<\/li>\n<li><strong>\u00c9quipements :<\/strong> 2 \u00e9tag\u00e8res et 5 tiroirs<\/li>\n<li><strong>Charni\u00e8res :<\/strong> ouverture \u00e0 200\u00b0 avec double pivot<\/li>\n<li><strong>S\u00e9curit\u00e9 :<\/strong> blindage anti-per\u00e7age et acier au mangan\u00e8se<\/li>\n<\/ul>\n<h3>Capacit\u00e9 de stockage de donn\u00e9es<\/h3>\n<ul>\n<li><strong>LTO :<\/strong> 462 unit\u00e9s<\/li>\n<li><strong>DAT :<\/strong> 1740 unit\u00e9s<\/li>\n<li><strong>DLT :<\/strong> 462 unit\u00e9s<\/li>\n<li><strong>CD :<\/strong> 940 unit\u00e9s<\/li>\n<\/ul>\n<h3>Niveau de s\u00e9curit\u00e9<\/h3>\n<p>Test\u00e9e selon la norme <strong>NT Fire 017<\/strong>, l\u2019armoire DS4622 offre :<\/p>\n<ul>\n<li><strong>120 minutes de protection certifi\u00e9e contre le feu<\/strong> pour les supports informatiques et donn\u00e9es sensibles.<\/li>\n<\/ul>\n<h3>Applications recommand\u00e9es<\/h3>\n<ul>\n<li>Centres de donn\u00e9es et infrastructures IT<\/li>\n<li>Institutions financi\u00e8res et compagnies d\u2019assurance<\/li>\n<li>Entreprises g\u00e9rant des bases de donn\u00e9es strat\u00e9giques<\/li>\n<li>Archives num\u00e9riques et sauvegardes critiques<\/li>\n<\/ul>\n<p>La DS4622 fait partie de notre gamme <a href=\"https:\/\/arcasgruber.com\/fr\/armoires-de-securite\/armoires-ignifuges\/\"><strong>d\u2019armoires ignifuges<\/strong><\/a>, compl\u00e9ment id\u00e9al \u00e0 nos <a href=\"https:\/\/arcasgruber.com\/fr\/coffres-forts\/ignifuges\/\"><strong>coffres-forts ignifuges<\/strong><\/a> et autres <a href=\"https:\/\/arcasgruber.com\/fr\/coffres-forts\/\"><strong>solutions de s\u00e9curit\u00e9<\/strong><\/a> d\u00e9velopp\u00e9es par Arcas Gruber.<\/p>\n","protected":false},"excerpt":{"rendered":"<p>L\u2019<strong>armoire ignifuge DS4622<\/strong> assure 120 minutes de protection feu certifi\u00e9e pour vos donn\u00e9es informatiques, bandes de sauvegarde et supports num\u00e9riques.<\/p>\n","protected":false},"featured_media":13473,"template":"","meta":{"_acf_changed":false},"product_brand":[],"product_cat":[2571],"product_tag":[],"class_list":{"0":"post-13472","1":"product","2":"type-product","3":"status-publish","4":"has-post-thumbnail","6":"product_cat-armoires-ignifuges","8":"first","9":"instock","10":"taxable","11":"shipping-taxable","12":"purchasable","13":"product-type-simple"},"acf":[],"_links":{"self":[{"href":"https:\/\/arcasgruber.com\/fr\/wp-json\/wp\/v2\/product\/13472","targetHints":{"allow":["GET"]}}],"collection":[{"href":"https:\/\/arcasgruber.com\/fr\/wp-json\/wp\/v2\/product"}],"about":[{"href":"https:\/\/arcasgruber.com\/fr\/wp-json\/wp\/v2\/types\/product"}],"version-history":[{"count":0,"href":"https:\/\/arcasgruber.com\/fr\/wp-json\/wp\/v2\/product\/13472\/revisions"}],"wp:featuredmedia":[{"embeddable":true,"href":"https:\/\/arcasgruber.com\/fr\/wp-json\/wp\/v2\/media\/13473"}],"wp:attachment":[{"href":"https:\/\/arcasgruber.com\/fr\/wp-json\/wp\/v2\/media?parent=13472"}],"wp:term":[{"taxonomy":"product_brand","embeddable":true,"href":"https:\/\/arcasgruber.com\/fr\/wp-json\/wp\/v2\/product_brand?post=13472"},{"taxonomy":"product_cat","embeddable":true,"href":"https:\/\/arcasgruber.com\/fr\/wp-json\/wp\/v2\/product_cat?post=13472"},{"taxonomy":"product_tag","embeddable":true,"href":"https:\/\/arcasgruber.com\/fr\/wp-json\/wp\/v2\/product_tag?post=13472"}],"curies":[{"name":"wp","href":"https:\/\/api.w.org\/{rel}","templated":true}]}}