{"id":13372,"date":"2017-06-14T11:24:11","date_gmt":"2017-06-14T09:24:11","guid":{"rendered":"https:\/\/arcasgruber.com\/sincategorizar-tienda\/mod1000\/"},"modified":"2025-12-22T12:19:29","modified_gmt":"2025-12-22T11:19:29","slug":"coffre-fort-certifie-classe-3-cf600-3","status":"publish","type":"product","link":"https:\/\/arcasgruber.com\/fr\/coffres-forts\/certifies\/classe-3\/coffre-fort-certifie-classe-3-cf600-3\/","title":{"rendered":"Coffre fort certifi\u00e9 classe 3 CF600-3"},"content":{"rendered":"<h2>Coffre fort certifi\u00e9 classe 3 CF600-3<\/h2>\n<p>Le <strong>coffre fort CF600-3<\/strong> d\u2019Arcas Gruber est con\u00e7u pour offrir une s\u00e9curit\u00e9 maximale aux particuliers, commerces et entreprises. Certifi\u00e9 <strong>Classe 3 UNE EN 1143-1:2019<\/strong>, il garantit une protection \u00e9lev\u00e9e contre l\u2019effraction et permet d\u2019assurer des valeurs importantes.<\/p>\n<p><strong>Caract\u00e9ristiques principales :<\/strong><\/p>\n<ul>\n<li><strong>Dimensions ext\u00e9rieures :<\/strong> 600 x 500 x 450 mm (Hauteur x Largeur x Profondeur)<\/li>\n<li><strong>Dimensions int\u00e9rieures :<\/strong> 500 x 400 x 300 mm (Hauteur x Largeur x Profondeur)<\/li>\n<li><strong>Poids :<\/strong> 296 kg<\/li>\n<li><strong>Volume :<\/strong> 60 litres<\/li>\n<li><strong>Plateaux :<\/strong> 2<\/li>\n<li><strong>\u00c9paisseur de la porte :<\/strong> 100 mm<\/li>\n<li><strong>\u00c9paisseur des murs :<\/strong> 50 mm<\/li>\n<\/ul>\n<h3>M\u00e9canisme de fermeture<\/h3>\n<ul>\n<li>Serrure \u00e0 double intervention certifi\u00e9e EN 1300 en Classe B A2P<\/li>\n<li>Charni\u00e8res de la porte : droite<\/li>\n<li>Blindage anti-per\u00e7age<\/li>\n<li>Ouverture de la porte \u00e0 200\u00b0 gr\u00e2ce \u00e0 un double syst\u00e8me de charni\u00e8re pivotante<\/li>\n<\/ul>\n<h3>Configuration standard CF600-3<\/h3>\n<ul>\n<li>Serrure de double intervention certifi\u00e9e EN 1300 en Classe B A2P<\/li>\n<li>2 Serrures de haute s\u00e9curit\u00e9 VDS, Classe 2<\/li>\n<li>Finition avec peinture polyur\u00e9thane<\/li>\n<li>Trous de fixation au sol et au mur<\/li>\n<\/ul>\n<h3>Niveau de s\u00e9curit\u00e9<\/h3>\n<p>Ce mod\u00e8le est un <strong>coffre fort certifi\u00e9 Classe 3<\/strong> selon la norme <strong>UNE EN 1143-1:2019<\/strong>.<\/p>\n<p><strong>Valeur assurable recommand\u00e9e :<\/strong> jusqu\u2019\u00e0 35.000 \u20ac en esp\u00e8ces ou 350.000 \u20ac en objets de valeur.<\/p>\n<hr \/>\n<p>D\u00e9couvrez d\u2019autres mod\u00e8les de <a href=\"https:\/\/arcasgruber.com\/fr\/coffres-forts-certifies\/classe-3\/\"><strong>coffres-forts certifi\u00e9s Classe 3<\/strong><\/a>, l\u2019ensemble de nos <a href=\"https:\/\/arcasgruber.com\/fr\/coffres-forts-certifies\/\"><strong>coffres-forts certifi\u00e9s<\/strong><\/a> et notre gamme compl\u00e8te de <a href=\"https:\/\/arcasgruber.com\/fr\/coffres-forts\/\"><strong>coffres-forts<\/strong><\/a>.<\/p>\n<hr \/>\n<p><em>Saviez-vous qu\u2019Arcas Gruber fait partie du Groupe Gruber, un conglom\u00e9rat sp\u00e9cialis\u00e9 dans la fabrication de solutions de s\u00e9curit\u00e9 physique ?<\/em><\/p>\n","protected":false},"excerpt":{"rendered":"<p>Le <strong>coffre fort certifi\u00e9 Classe 3 CF600-3<\/strong> d\u2019Arcas Gruber associe r\u00e9sistance, certification UNE EN 1143-1 et design compact, id\u00e9al pour la protection de liquidit\u00e9s, bijoux et documents de valeur.<\/p>\n","protected":false},"featured_media":518696,"template":"","meta":{"_acf_changed":false},"product_brand":[],"product_cat":[2560,2625],"product_tag":[],"class_list":{"0":"post-13372","1":"product","2":"type-product","3":"status-publish","4":"has-post-thumbnail","6":"product_cat-classe-3","7":"product_cat-homologues","9":"first","10":"instock","11":"taxable","12":"shipping-taxable","13":"purchasable","14":"product-type-simple"},"acf":[],"_links":{"self":[{"href":"https:\/\/arcasgruber.com\/fr\/wp-json\/wp\/v2\/product\/13372","targetHints":{"allow":["GET"]}}],"collection":[{"href":"https:\/\/arcasgruber.com\/fr\/wp-json\/wp\/v2\/product"}],"about":[{"href":"https:\/\/arcasgruber.com\/fr\/wp-json\/wp\/v2\/types\/product"}],"version-history":[{"count":0,"href":"https:\/\/arcasgruber.com\/fr\/wp-json\/wp\/v2\/product\/13372\/revisions"}],"wp:featuredmedia":[{"embeddable":true,"href":"https:\/\/arcasgruber.com\/fr\/wp-json\/wp\/v2\/media\/518696"}],"wp:attachment":[{"href":"https:\/\/arcasgruber.com\/fr\/wp-json\/wp\/v2\/media?parent=13372"}],"wp:term":[{"taxonomy":"product_brand","embeddable":true,"href":"https:\/\/arcasgruber.com\/fr\/wp-json\/wp\/v2\/product_brand?post=13372"},{"taxonomy":"product_cat","embeddable":true,"href":"https:\/\/arcasgruber.com\/fr\/wp-json\/wp\/v2\/product_cat?post=13372"},{"taxonomy":"product_tag","embeddable":true,"href":"https:\/\/arcasgruber.com\/fr\/wp-json\/wp\/v2\/product_tag?post=13372"}],"curies":[{"name":"wp","href":"https:\/\/api.w.org\/{rel}","templated":true}]}}