{"id":13370,"date":"2017-06-14T11:24:08","date_gmt":"2017-06-14T09:24:08","guid":{"rendered":"https:\/\/arcasgruber.com\/sincategorizar-tienda\/mod600\/"},"modified":"2025-12-22T12:49:48","modified_gmt":"2025-12-22T11:49:48","slug":"coffre-fort-certifie-classe-3-cf940-3","status":"publish","type":"product","link":"https:\/\/arcasgruber.com\/fr\/coffres-forts\/certifies\/classe-3\/coffre-fort-certifie-classe-3-cf940-3\/","title":{"rendered":"Coffre fort certifi\u00e9 classe 3 CF940-3"},"content":{"rendered":"<h2>Coffre fort certifi\u00e9 classe 3 CF940-3<\/h2>\n<p>Le <strong>coffre fort CF940-3<\/strong> d\u2019Arcas Gruber est con\u00e7u pour garantir une s\u00e9curit\u00e9 maximale dans les environnements domestiques, commerciaux et professionnels. Ce mod\u00e8le robuste combine un volume spacieux avec une certification officielle Classe 3 selon la norme UNE EN 1143-1:2019, offrant une protection optimale contre les tentatives d\u2019effraction.<\/p>\n<p><strong>Caract\u00e9ristiques principales :<\/strong><\/p>\n<ul>\n<li><strong>Dimensions ext\u00e9rieures :<\/strong> 940 x 500 x 450 mm (Hauteur x Largeur x Profondeur)<\/li>\n<li><strong>Dimensions int\u00e9rieures :<\/strong> 840 x 400 x 300 mm (Hauteur x Largeur x Profondeur)<\/li>\n<li><strong>Poids :<\/strong> 408 kg<\/li>\n<li><strong>Volume :<\/strong> 100,8 litres<\/li>\n<li><strong>Plateaux :<\/strong> 2<\/li>\n<\/ul>\n<h3>M\u00e9canisme de fermeture<\/h3>\n<ul>\n<li>Serrure \u00e0 cl\u00e9s et combinaison certifi\u00e9es EN 1300 en Classe B A2P<\/li>\n<li>Charni\u00e8res de la porte : droite<\/li>\n<li>Blindage anti-per\u00e7age<\/li>\n<li>Ouverture de la porte \u00e0 200\u00b0 gr\u00e2ce \u00e0 un syst\u00e8me de double charni\u00e8re pivotante<\/li>\n<li>Boulons de s\u00e9curit\u00e9 robustes<\/li>\n<\/ul>\n<h3>Configuration standard<\/h3>\n<ul>\n<li>Serrure de double intervention certifi\u00e9e EN 1300 en Classe B A2P<\/li>\n<li>2 Serrures de haute s\u00e9curit\u00e9 VDS, Classe 2<\/li>\n<li>Finition r\u00e9sistante avec peinture polyur\u00e9thane<\/li>\n<li>Trous de fixation au sol et au mur<\/li>\n<\/ul>\n<h3>Niveau de s\u00e9curit\u00e9<\/h3>\n<p>Le coffre fort <strong>CF940-3<\/strong> est <strong>certifi\u00e9 Classe 3 UNE EN 1143-1:2019<\/strong>, garantissant un haut niveau de r\u00e9sistance \u00e0 l\u2019effraction.<\/p>\n<p><strong>Valeur assurable recommand\u00e9e :<\/strong> 35.000 \u20ac en esp\u00e8ces ou jusqu\u2019\u00e0 350.000 \u20ac en objets de valeur.<\/p>\n<hr \/>\n<p>Pour plus d\u2019options, consultez nos <a href=\"https:\/\/arcasgruber.com\/fr\/coffres-forts-certifies\/classe-3\/\"><strong>coffres-forts certifi\u00e9s Classe 3<\/strong><\/a>, notre gamme de <a href=\"https:\/\/arcasgruber.com\/fr\/coffres-forts-certifies\/\"><strong>coffres-forts certifi\u00e9s<\/strong><\/a> ou encore nos <a href=\"https:\/\/arcasgruber.com\/fr\/coffres-forts\/\"><strong>coffres-forts<\/strong><\/a> fabriqu\u00e9s en Europe.<\/p>\n<hr \/>\n<p><em>Saviez-vous qu\u2019Arcas Gruber appartient au Groupe Gruber, un conglom\u00e9rat d\u2019entreprises sp\u00e9cialis\u00e9 dans la fabrication de solutions de s\u00e9curit\u00e9 physique ?<\/em><\/p>\n","protected":false},"excerpt":{"rendered":"<p>Le <strong>coffre fort certifi\u00e9 Classe 3 CF940-3<\/strong> d\u2019Arcas Gruber associe robustesse, certification officielle et grande capacit\u00e9 de stockage, id\u00e9al pour les particuliers et professionnels.<\/p>\n","protected":false},"featured_media":518759,"template":"","meta":{"_acf_changed":false},"product_brand":[],"product_cat":[2560,2625],"product_tag":[],"class_list":{"0":"post-13370","1":"product","2":"type-product","3":"status-publish","4":"has-post-thumbnail","6":"product_cat-classe-3","7":"product_cat-homologues","9":"first","10":"instock","11":"taxable","12":"shipping-taxable","13":"purchasable","14":"product-type-simple"},"acf":[],"_links":{"self":[{"href":"https:\/\/arcasgruber.com\/fr\/wp-json\/wp\/v2\/product\/13370","targetHints":{"allow":["GET"]}}],"collection":[{"href":"https:\/\/arcasgruber.com\/fr\/wp-json\/wp\/v2\/product"}],"about":[{"href":"https:\/\/arcasgruber.com\/fr\/wp-json\/wp\/v2\/types\/product"}],"version-history":[{"count":0,"href":"https:\/\/arcasgruber.com\/fr\/wp-json\/wp\/v2\/product\/13370\/revisions"}],"wp:featuredmedia":[{"embeddable":true,"href":"https:\/\/arcasgruber.com\/fr\/wp-json\/wp\/v2\/media\/518759"}],"wp:attachment":[{"href":"https:\/\/arcasgruber.com\/fr\/wp-json\/wp\/v2\/media?parent=13370"}],"wp:term":[{"taxonomy":"product_brand","embeddable":true,"href":"https:\/\/arcasgruber.com\/fr\/wp-json\/wp\/v2\/product_brand?post=13370"},{"taxonomy":"product_cat","embeddable":true,"href":"https:\/\/arcasgruber.com\/fr\/wp-json\/wp\/v2\/product_cat?post=13370"},{"taxonomy":"product_tag","embeddable":true,"href":"https:\/\/arcasgruber.com\/fr\/wp-json\/wp\/v2\/product_tag?post=13370"}],"curies":[{"name":"wp","href":"https:\/\/api.w.org\/{rel}","templated":true}]}}