{"id":13368,"date":"2017-06-14T11:24:07","date_gmt":"2017-06-14T09:24:07","guid":{"rendered":"https:\/\/arcasgruber.com\/sincategorizar-tienda\/mod420\/"},"modified":"2025-12-22T11:27:36","modified_gmt":"2025-12-22T10:27:36","slug":"coffre-fort-certifie-classe-3-cf580-3","status":"publish","type":"product","link":"https:\/\/arcasgruber.com\/fr\/coffres-forts\/certifies\/classe-3\/coffre-fort-certifie-classe-3-cf580-3\/","title":{"rendered":"Coffre fort certifi\u00e9 classe 3 CF580-3"},"content":{"rendered":"<h2>Coffre fort classe 3 CF580-3<\/h2>\n<p>Le <strong>coffre fort certifi\u00e9 Classe 3 CF580-3<\/strong> d\u2019Arcas Gruber est une solution de haute s\u00e9curit\u00e9 con\u00e7ue pour les particuliers, les commerces et les entreprises qui recherchent une protection fiable et certifi\u00e9e contre le vol et l\u2019effraction.<\/p>\n<p><strong>Caract\u00e9ristiques principales :<\/strong><\/p>\n<ul>\n<li><strong>Dimensions ext\u00e9rieures :<\/strong> 580 x 480 x 350 mm (Hauteur x Largeur x Profondeur)<\/li>\n<li><strong>Dimensions int\u00e9rieures :<\/strong> 480 x 380 x 200 mm (Hauteur x Largeur x Profondeur)<\/li>\n<li><strong>Poids :<\/strong> 204 kg<\/li>\n<li><strong>Volume :<\/strong> 36,5 litres<\/li>\n<li><strong>Plateau :<\/strong> 1<\/li>\n<li><strong>\u00c9paisseur de porte :<\/strong> 100 mm<\/li>\n<li><strong>\u00c9paisseur de mur :<\/strong> 50 mm<\/li>\n<\/ul>\n<h3>M\u00e9canisme de fermeture<\/h3>\n<ul>\n<li>Charni\u00e8res de la porte : droite<\/li>\n<li>Blindage anti-per\u00e7age<\/li>\n<li>Ouverture de la porte \u00e0 200\u00b0 gr\u00e2ce \u00e0 un syst\u00e8me de double charni\u00e8re pivotante<\/li>\n<\/ul>\n<h3>Configuration standard<\/h3>\n<ul>\n<li>Serrure de double intervention certifi\u00e9e EN 1300 en classe B A2P<\/li>\n<li>2 Serrures de haute s\u00e9curit\u00e9 VDS, Classe 2<\/li>\n<li>Finition avec peinture polyur\u00e9thane<\/li>\n<li>Trous de fixation au sol et au mur<\/li>\n<\/ul>\n<h3>Niveau de s\u00e9curit\u00e9<\/h3>\n<p>Le <strong>Coffre fort CF580-3<\/strong> est <strong>certifi\u00e9 Classe 3 UNE EN 1143-1:2019<\/strong>, garantissant une r\u00e9sistance \u00e9lev\u00e9e aux tentatives d\u2019effraction.<\/p>\n<p><strong>Valeur assurable recommand\u00e9e :<\/strong> 35.000 \u20ac en argent liquide ou jusqu\u2019\u00e0 350.000 \u20ac en objets de valeur.<\/p>\n<hr \/>\n<p>Si vous avez besoin d\u2019un autre mod\u00e8le, d\u00e9couvrez nos diff\u00e9rents <a href=\"https:\/\/arcasgruber.com\/fr\/coffres-forts-certifies\/classe-3\/\"><strong>coffres-forts certifi\u00e9s Classe 3<\/strong><\/a>, ainsi que l\u2019ensemble de notre gamme de <a href=\"https:\/\/arcasgruber.com\/fr\/coffres-forts-certifies\/\"><strong>coffres-forts certifi\u00e9s<\/strong><\/a> et de <a href=\"https:\/\/arcasgruber.com\/fr\/coffres-forts\/\"><strong>coffres-forts<\/strong><\/a>.<\/p>\n<hr \/>\n<p><em>Saviez-vous qu\u2019Arcas Gruber appartient au Groupe Gruber, un conglom\u00e9rat europ\u00e9en d\u00e9di\u00e9 \u00e0 la fabrication de produits de s\u00e9curit\u00e9 physique ?<\/em><\/p>\n","protected":false},"excerpt":{"rendered":"<p>Le<strong> coffre fort certifi\u00e9 Classe 3 CF580-3<\/strong> d\u2019Arcas Gruber combine certification europ\u00e9enne, robustesse et design compact, id\u00e9al pour la protection des biens de haute valeur.<\/p>\n","protected":false},"featured_media":518658,"template":"","meta":{"_acf_changed":false},"product_brand":[],"product_cat":[2560,2625],"product_tag":[],"class_list":{"0":"post-13368","1":"product","2":"type-product","3":"status-publish","4":"has-post-thumbnail","6":"product_cat-classe-3","7":"product_cat-homologues","9":"first","10":"instock","11":"taxable","12":"shipping-taxable","13":"purchasable","14":"product-type-simple"},"acf":[],"_links":{"self":[{"href":"https:\/\/arcasgruber.com\/fr\/wp-json\/wp\/v2\/product\/13368","targetHints":{"allow":["GET"]}}],"collection":[{"href":"https:\/\/arcasgruber.com\/fr\/wp-json\/wp\/v2\/product"}],"about":[{"href":"https:\/\/arcasgruber.com\/fr\/wp-json\/wp\/v2\/types\/product"}],"version-history":[{"count":0,"href":"https:\/\/arcasgruber.com\/fr\/wp-json\/wp\/v2\/product\/13368\/revisions"}],"wp:featuredmedia":[{"embeddable":true,"href":"https:\/\/arcasgruber.com\/fr\/wp-json\/wp\/v2\/media\/518658"}],"wp:attachment":[{"href":"https:\/\/arcasgruber.com\/fr\/wp-json\/wp\/v2\/media?parent=13368"}],"wp:term":[{"taxonomy":"product_brand","embeddable":true,"href":"https:\/\/arcasgruber.com\/fr\/wp-json\/wp\/v2\/product_brand?post=13368"},{"taxonomy":"product_cat","embeddable":true,"href":"https:\/\/arcasgruber.com\/fr\/wp-json\/wp\/v2\/product_cat?post=13368"},{"taxonomy":"product_tag","embeddable":true,"href":"https:\/\/arcasgruber.com\/fr\/wp-json\/wp\/v2\/product_tag?post=13368"}],"curies":[{"name":"wp","href":"https:\/\/api.w.org\/{rel}","templated":true}]}}