{"id":13200,"date":"2017-06-14T11:23:20","date_gmt":"2017-06-14T09:23:20","guid":{"rendered":"https:\/\/arcasgruber.com\/sincategorizar-tienda\/m60e\/"},"modified":"2025-12-19T08:03:07","modified_gmt":"2025-12-19T07:03:07","slug":"coffre-fort-encastrable-m60e","status":"publish","type":"product","link":"https:\/\/arcasgruber.com\/fr\/coffres-forts\/encastrables\/coffre-fort-encastrable-m60e\/","title":{"rendered":"Coffre-fort encastrable M60E"},"content":{"rendered":"<h2>Coffre-fort encastrable M60E<\/h2>\n<p>Le <strong>coffre-fort encastrable M60E<\/strong> est un mod\u00e8le de taille moyenne avec une capacit\u00e9 utile de pr\u00e8s de 90 litres. Robuste et discret, il est con\u00e7u pour \u00eatre encastr\u00e9 dans un mur en b\u00e9ton et garantir une s\u00e9curit\u00e9 optimale de vos biens les plus pr\u00e9cieux.<\/p>\n<h2>Caract\u00e9ristiques principales<\/h2>\n<ul>\n<li><strong>Dimensions ext\u00e9rieures :<\/strong> 608 \u00d7 450 \u00d7 545 mm (H \u00d7 L \u00d7 P)<\/li>\n<li><strong>Dimensions int\u00e9rieures :<\/strong> 530 \u00d7 370 \u00d7 458 mm (H \u00d7 L \u00d7 P)<\/li>\n<li><strong>Capacit\u00e9 utile :<\/strong> env. 89,8 litres<\/li>\n<li><strong>Poids :<\/strong> env. 50 kg<\/li>\n<li><strong>Plateaux :<\/strong> 2 amovibles<\/li>\n<li><strong>\u00c9paisseur de la porte :<\/strong> 80 mm<\/li>\n<\/ul>\n<h2>M\u00e9canisme de fermeture<\/h2>\n<ul>\n<li>Serrure \u00e0 cl\u00e9 double panneton (2 cl\u00e9s fournies)<\/li>\n<li>Combinaison m\u00e9canique incluse<\/li>\n<li>Boulons de s\u00e9curit\u00e9 \u00d8 20 mm<\/li>\n<li>Charni\u00e8res plac\u00e9es \u00e0 droite<\/li>\n<li>Ouverture de la porte jusqu\u2019\u00e0 200\u00ba avec double charni\u00e8re pivotante<\/li>\n<li>Blindage anti-per\u00e7age<\/li>\n<\/ul>\n<h2>Configuration standard<\/h2>\n<ul>\n<li>Serrure \u00e0 cl\u00e9 + combinaison m\u00e9canique<\/li>\n<li>Finition en peinture polyur\u00e9thane r\u00e9sistante<\/li>\n<li>Trous de fixation pour int\u00e9gration murale<\/li>\n<\/ul>\n<h2>Options disponibles<\/h2>\n<ul>\n<li>Combinaison m\u00e9canique<\/li>\n<li>Combinaison \u00e9lectronique<\/li>\n<li>Combinaison \u00e9lectronique avec retard programmable<\/li>\n<li>Combinaison biom\u00e9trique<\/li>\n<\/ul>\n<h2>Installation &amp; s\u00e9curit\u00e9<\/h2>\n<p>Gr\u00e2ce \u00e0 sa conception pour l\u2019encastrement, le coffre-fort M60E offre une s\u00e9curit\u00e9 renforc\u00e9e contre l\u2019arrachement et les tentatives d\u2019effraction. Sa grande capacit\u00e9 (pr\u00e8s de 90 litres) permet de prot\u00e9ger efficacement documents, argent liquide et objets de valeur.<\/p>\n<h2>Voir d\u2019autres mod\u00e8les<\/h2>\n<p>D\u00e9couvrez nos <a href=\"https:\/\/arcasgruber.com\/fr\/coffres-forts\/\"><strong>coffres-forts<\/strong><\/a>, explorez la gamme de <a href=\"https:\/\/arcasgruber.com\/fr\/coffres-forts\/encastrables\/\"><strong>coffres-forts encastrables<\/strong><\/a> et consultez nos <a href=\"https:\/\/arcasgruber.com\/fr\/coffres-forts-certifies\/encastrables-certifies\/\"><strong>mod\u00e8les encastrables certifi\u00e9s<\/strong><\/a>.<\/p>\n","protected":false},"excerpt":{"rendered":"<p>Le <strong>coffre-fort encastrable M60E<\/strong> est un mod\u00e8le robuste de 90 litres, con\u00e7u pour \u00eatre install\u00e9 dans un mur et prot\u00e9ger efficacement vos documents et objets de valeur.<\/p>\n","protected":false},"featured_media":518397,"template":"","meta":{"_acf_changed":false},"product_brand":[],"product_cat":[2551],"product_tag":[],"class_list":{"0":"post-13200","1":"product","2":"type-product","3":"status-publish","4":"has-post-thumbnail","6":"product_cat-encastrables","8":"first","9":"instock","10":"taxable","11":"shipping-taxable","12":"purchasable","13":"product-type-simple"},"acf":[],"_links":{"self":[{"href":"https:\/\/arcasgruber.com\/fr\/wp-json\/wp\/v2\/product\/13200","targetHints":{"allow":["GET"]}}],"collection":[{"href":"https:\/\/arcasgruber.com\/fr\/wp-json\/wp\/v2\/product"}],"about":[{"href":"https:\/\/arcasgruber.com\/fr\/wp-json\/wp\/v2\/types\/product"}],"version-history":[{"count":0,"href":"https:\/\/arcasgruber.com\/fr\/wp-json\/wp\/v2\/product\/13200\/revisions"}],"wp:featuredmedia":[{"embeddable":true,"href":"https:\/\/arcasgruber.com\/fr\/wp-json\/wp\/v2\/media\/518397"}],"wp:attachment":[{"href":"https:\/\/arcasgruber.com\/fr\/wp-json\/wp\/v2\/media?parent=13200"}],"wp:term":[{"taxonomy":"product_brand","embeddable":true,"href":"https:\/\/arcasgruber.com\/fr\/wp-json\/wp\/v2\/product_brand?post=13200"},{"taxonomy":"product_cat","embeddable":true,"href":"https:\/\/arcasgruber.com\/fr\/wp-json\/wp\/v2\/product_cat?post=13200"},{"taxonomy":"product_tag","embeddable":true,"href":"https:\/\/arcasgruber.com\/fr\/wp-json\/wp\/v2\/product_tag?post=13200"}],"curies":[{"name":"wp","href":"https:\/\/api.w.org\/{rel}","templated":true}]}}