{"id":13181,"date":"2017-06-14T11:23:15","date_gmt":"2017-06-14T09:23:15","guid":{"rendered":"https:\/\/arcasgruber.com\/sincategorizar-tienda\/c62e\/"},"modified":"2025-12-18T13:14:51","modified_gmt":"2025-12-18T12:14:51","slug":"coffre-fort-a-poser-c62e","status":"publish","type":"product","link":"https:\/\/arcasgruber.com\/fr\/coffres-forts\/a-poser\/coffre-fort-a-poser-c62e\/","title":{"rendered":"Coffre-fort \u00e0 poser C62E"},"content":{"rendered":"<h2>Coffre-fort \u00e0 poser C62E<\/h2>\n<p>Le <strong>coffre-fort C62E<\/strong> est un mod\u00e8le de taille moyenne qui combine s\u00e9curit\u00e9 renforc\u00e9e et praticit\u00e9. Con\u00e7u pour \u00eatre fix\u00e9 au sol ou au mur, il est id\u00e9al pour prot\u00e9ger efficacement vos documents, bijoux, argent liquide et autres objets de valeur.<\/p>\n<h2>Caract\u00e9ristiques principales<\/h2>\n<ul>\n<li><strong>Dimensions ext\u00e9rieures :<\/strong> 615 \u00d7 455 \u00d7 585 mm (H \u00d7 L \u00d7 P)<\/li>\n<li><strong>Dimensions int\u00e9rieures :<\/strong> 530 \u00d7 370 \u00d7 460 mm (H \u00d7 L \u00d7 P)<\/li>\n<li><strong>Capacit\u00e9 utile :<\/strong> env. 90 litres<\/li>\n<li><strong>Poids :<\/strong> env. 210 kg<\/li>\n<li><strong>Plateaux :<\/strong> 2 amovibles<\/li>\n<li><strong>\u00c9paisseur des parois :<\/strong> 45 mm<\/li>\n<li><strong>\u00c9paisseur de la porte :<\/strong> 80 mm<\/li>\n<\/ul>\n<h2>M\u00e9canisme de fermeture<\/h2>\n<ul>\n<li>Boulons doubles de s\u00e9curit\u00e9 (\u00d8 20 mm)<\/li>\n<li>Charni\u00e8res plac\u00e9es \u00e0 droite<\/li>\n<li>Ouverture de la porte \u00e0 200\u00ba gr\u00e2ce \u00e0 une double charni\u00e8re pivotante<\/li>\n<li>Blindage anti-per\u00e7age sur les zones sensibles<\/li>\n<\/ul>\n<h2>Configuration standard<\/h2>\n<ul>\n<li>Serrure \u00e0 cl\u00e9 double panneton (2 cl\u00e9s incluses)<\/li>\n<li>Combinaison m\u00e9canique<\/li>\n<li>Finition en peinture polyur\u00e9thane anticorrosion<\/li>\n<li>Trous de fixation au sol et au mur<\/li>\n<\/ul>\n<h2>Options disponibles<\/h2>\n<ul>\n<li>Combinaison m\u00e9canique<\/li>\n<li>Combinaison \u00e9lectronique<\/li>\n<li>Combinaison \u00e9lectronique avec retard programmable<\/li>\n<li>Combinaison biom\u00e9trique<\/li>\n<\/ul>\n<h2>Installation &amp; utilisation<\/h2>\n<p>Avec ses 210 kg et ses syst\u00e8mes d\u2019ancrage robustes, le C62E offre une r\u00e9sistance \u00e9lev\u00e9e contre les tentatives d\u2019arrachement et d\u2019effraction. Sa capacit\u00e9 de 90 litres et ses deux plateaux en font une solution id\u00e9ale pour un usage quotidien, aussi bien \u00e0 domicile qu\u2019en milieu professionnel.<\/p>\n<h2>D\u00e9couvrez plus de mod\u00e8les<\/h2>\n<p>D\u00e9couvrez notre gamme compl\u00e8te de <a href=\"https:\/\/arcasgruber.com\/fr\/coffres-forts\/\"><strong>coffres-forts<\/strong><\/a> et explorez notre s\u00e9lection de <a href=\"https:\/\/arcasgruber.com\/fr\/coffres-forts\/a-poser\/\"><strong>coffres-forts \u00e0 poser<\/strong><\/a> fabriqu\u00e9s par Arcas Gruber.<\/p>\n","protected":false},"excerpt":{"rendered":"<p>Le <strong>coffre-fort \u00e0 poser C62E<\/strong> est un mod\u00e8le robuste de 90 litres, con\u00e7u pour assurer la protection de vos biens les plus pr\u00e9cieux gr\u00e2ce \u00e0 son blindage renforc\u00e9 et ses multiples options de verrouillage.<\/p>\n","protected":false},"featured_media":518064,"template":"","meta":{"_acf_changed":false},"product_brand":[],"product_cat":[2533],"product_tag":[],"class_list":{"0":"post-13181","1":"product","2":"type-product","3":"status-publish","4":"has-post-thumbnail","6":"product_cat-a-poser","8":"first","9":"instock","10":"taxable","11":"shipping-taxable","12":"purchasable","13":"product-type-simple"},"acf":[],"_links":{"self":[{"href":"https:\/\/arcasgruber.com\/fr\/wp-json\/wp\/v2\/product\/13181","targetHints":{"allow":["GET"]}}],"collection":[{"href":"https:\/\/arcasgruber.com\/fr\/wp-json\/wp\/v2\/product"}],"about":[{"href":"https:\/\/arcasgruber.com\/fr\/wp-json\/wp\/v2\/types\/product"}],"version-history":[{"count":0,"href":"https:\/\/arcasgruber.com\/fr\/wp-json\/wp\/v2\/product\/13181\/revisions"}],"wp:featuredmedia":[{"embeddable":true,"href":"https:\/\/arcasgruber.com\/fr\/wp-json\/wp\/v2\/media\/518064"}],"wp:attachment":[{"href":"https:\/\/arcasgruber.com\/fr\/wp-json\/wp\/v2\/media?parent=13181"}],"wp:term":[{"taxonomy":"product_brand","embeddable":true,"href":"https:\/\/arcasgruber.com\/fr\/wp-json\/wp\/v2\/product_brand?post=13181"},{"taxonomy":"product_cat","embeddable":true,"href":"https:\/\/arcasgruber.com\/fr\/wp-json\/wp\/v2\/product_cat?post=13181"},{"taxonomy":"product_tag","embeddable":true,"href":"https:\/\/arcasgruber.com\/fr\/wp-json\/wp\/v2\/product_tag?post=13181"}],"curies":[{"name":"wp","href":"https:\/\/api.w.org\/{rel}","templated":true}]}}