{"id":102946,"date":"2023-01-25T18:41:34","date_gmt":"2023-01-25T17:41:34","guid":{"rendered":"https:\/\/arcasgruber.com\/?post_type=product&#038;p=102946"},"modified":"2025-12-22T13:28:30","modified_gmt":"2025-12-22T12:28:30","slug":"coffre-fort-certifie-classe-3-cf1200-3","status":"publish","type":"product","link":"https:\/\/arcasgruber.com\/fr\/coffres-forts\/homologues\/coffre-fort-certifie-classe-3-cf1200-3\/","title":{"rendered":"Coffre fort certifi\u00e9 classe 3 CF1200-3"},"content":{"rendered":"<h2>Coffre fort certifi\u00e9 classe 3 CF1200-3<\/h2>\n<p>Le <strong>coffre fort certifi\u00e9 CF1200-3<\/strong> d\u2019Arcas Gruber est con\u00e7u pour offrir une protection hautement fiable des liquidit\u00e9s, bijoux, documents sensibles et objets de valeur. Gr\u00e2ce \u00e0 sa certification <strong>Classe 3 UNE EN 1143-1:2019<\/strong>, il assure un niveau de r\u00e9sistance optimal contre l\u2019effraction, aussi bien pour les particuliers que pour les entreprises et commerces.<\/p>\n<p><strong>Caract\u00e9ristiques principales :<\/strong><\/p>\n<ul>\n<li><strong>Dimensions ext\u00e9rieures :<\/strong> 1200 x 660 x 560 mm (H x L x P)<\/li>\n<li><strong>Dimensions int\u00e9rieures :<\/strong> 1100 x 560 x 410 mm (H x L x P)<\/li>\n<li><strong>Poids :<\/strong> 601 kg<\/li>\n<li><strong>Volume :<\/strong> 252.56 litres<\/li>\n<li><strong>Plateaux :<\/strong> 3<\/li>\n<li><strong>\u00c9paisseur de la porte :<\/strong> 100 mm<\/li>\n<li><strong>\u00c9paisseur des murs :<\/strong> 50 mm<\/li>\n<\/ul>\n<h3>M\u00e9canisme de fermeture<\/h3>\n<ul>\n<li>4 boulons de s\u00e9curit\u00e9 et 2 verrouill\u00e9es<\/li>\n<li>Charni\u00e8res de la porte : droite<\/li>\n<li>Blindage anti-per\u00e7age<\/li>\n<li>Ouverture de la porte \u00e0 200\u00b0 gr\u00e2ce \u00e0 une double charni\u00e8re pivotante<\/li>\n<\/ul>\n<h3>Configuration standard CF1200-3<\/h3>\n<ul>\n<li>Double serrure classe 2 A2P \u00e0 cl\u00e9s \u00e0 double panneton (2 cl\u00e9s)<\/li>\n<li>2 Serrures haute s\u00e9curit\u00e9 VDS, Classe 2<\/li>\n<li>Finition avec peinture polyur\u00e9thane<\/li>\n<li>Trous de fixation au sol et au mur<\/li>\n<\/ul>\n<h3>Options de combinaisons<\/h3>\n<ul>\n<li>Combinaison m\u00e9canique<\/li>\n<li>Combinaison num\u00e9rique<\/li>\n<li>Combinaison num\u00e9rique avec retard et horaire programmable<\/li>\n<li>Combinaison biom\u00e9trique<\/li>\n<\/ul>\n<h3>Niveau de s\u00e9curit\u00e9<\/h3>\n<p>Certifi\u00e9 <strong>Classe 3 UNE EN 1143-1:2019<\/strong>, ce coffre-fort garantit une valeur assurable allant jusqu\u2019\u00e0 <strong>35.000 \u20ac en esp\u00e8ces<\/strong> ou <strong>350.000 \u20ac en objets de valeur<\/strong>.<\/p>\n<hr \/>\n<p>D\u00e9couvrez d\u2019autres mod\u00e8les de <a href=\"https:\/\/arcasgruber.com\/fr\/coffres-forts-certifies\/classe-3\/\"><strong>coffres-forts certifi\u00e9s Classe 3<\/strong><\/a>, notre gamme compl\u00e8te de <a href=\"https:\/\/arcasgruber.com\/fr\/coffres-forts-certifies\/\"><strong>coffres-forts certifi\u00e9s<\/strong><\/a> ainsi que l\u2019ensemble de nos <a href=\"https:\/\/arcasgruber.com\/fr\/coffres-forts\/\"><strong>coffres-forts<\/strong><\/a>.<\/p>\n<hr \/>\n<p><em>Arcas Gruber appartient au Groupe Gruber, conglom\u00e9rat europ\u00e9en sp\u00e9cialis\u00e9 dans la fabrication de solutions de s\u00e9curit\u00e9 physique.<\/em><\/p>\n","protected":false},"excerpt":{"rendered":"<p>Le coffre fort certifi\u00e9 Classe 3 CF1200-3 offre une capacit\u00e9 de 252 litres et une r\u00e9sistance maximale conforme \u00e0 la norme UNE EN 1143-1:2019, id\u00e9ale pour s\u00e9curiser vos biens de grande valeur.<\/p>\n","protected":false},"featured_media":518833,"template":"","meta":{"_acf_changed":false},"product_brand":[],"product_cat":[2560,2625],"product_tag":[],"class_list":{"0":"post-102946","1":"product","2":"type-product","3":"status-publish","4":"has-post-thumbnail","6":"product_cat-classe-3","7":"product_cat-homologues","9":"first","10":"instock","11":"taxable","12":"shipping-taxable","13":"purchasable","14":"product-type-simple"},"acf":[],"_links":{"self":[{"href":"https:\/\/arcasgruber.com\/fr\/wp-json\/wp\/v2\/product\/102946","targetHints":{"allow":["GET"]}}],"collection":[{"href":"https:\/\/arcasgruber.com\/fr\/wp-json\/wp\/v2\/product"}],"about":[{"href":"https:\/\/arcasgruber.com\/fr\/wp-json\/wp\/v2\/types\/product"}],"version-history":[{"count":0,"href":"https:\/\/arcasgruber.com\/fr\/wp-json\/wp\/v2\/product\/102946\/revisions"}],"wp:featuredmedia":[{"embeddable":true,"href":"https:\/\/arcasgruber.com\/fr\/wp-json\/wp\/v2\/media\/518833"}],"wp:attachment":[{"href":"https:\/\/arcasgruber.com\/fr\/wp-json\/wp\/v2\/media?parent=102946"}],"wp:term":[{"taxonomy":"product_brand","embeddable":true,"href":"https:\/\/arcasgruber.com\/fr\/wp-json\/wp\/v2\/product_brand?post=102946"},{"taxonomy":"product_cat","embeddable":true,"href":"https:\/\/arcasgruber.com\/fr\/wp-json\/wp\/v2\/product_cat?post=102946"},{"taxonomy":"product_tag","embeddable":true,"href":"https:\/\/arcasgruber.com\/fr\/wp-json\/wp\/v2\/product_tag?post=102946"}],"curies":[{"name":"wp","href":"https:\/\/api.w.org\/{rel}","templated":true}]}}