{"id":511700,"date":"2025-07-23T16:18:16","date_gmt":"2025-07-23T14:18:16","guid":{"rendered":"https:\/\/arcasgruber.com\/sectores\/cajas-fuertes-museos-galerias\/"},"modified":"2025-08-07T10:55:17","modified_gmt":"2025-08-07T08:55:17","slug":"coffres-forts-musees-galeries-art","status":"publish","type":"page","link":"https:\/\/arcasgruber.com\/fr\/secteurs\/coffres-forts-musees-galeries-art\/","title":{"rendered":"Coffres-forts certifi\u00e9s pour mus\u00e9es et galeries d\u2019art"},"content":{"rendered":"\n<p>Les <strong>mus\u00e9es, galeries d\u2019art et institutions culturelles<\/strong> ont besoin de syst\u00e8mes de s\u00e9curit\u00e9 avanc\u00e9s pour prot\u00e9ger des objets irrempla\u00e7ables. Chez Arcas Gruber, nous concevons des <a href=\"https:\/\/arcasgruber.com\/fr\/coffres-forts\/homologues\/\"><strong>coffres-forts certifi\u00e9s<\/strong><\/a> qui r\u00e9pondent aux plus hauts standards de protection physique, sp\u00e9cialement pens\u00e9s pour le secteur culturel.<\/p>\n\n\n\n<h2 class=\"wp-block-heading\">Pourquoi un coffre-fort certifi\u00e9 est essentiel dans un mus\u00e9e ?<\/h2>\n\n\n\n<p>Les \u00e9tablissements culturels h\u00e9bergent des collections uniques de tableaux, sculptures, bijoux anciens, pi\u00e8ces arch\u00e9ologiques ou manuscrits. Une simple erreur ou une tentative de vol peut repr\u00e9senter une perte irr\u00e9parable. C\u2019est pourquoi un <a href=\"https:\/\/arcasgruber.com\/fr\/coffres-forts\/\"><strong>coffre-fort de haute s\u00e9curit\u00e9<\/strong><\/a> est un investissement strat\u00e9gique, garantissant :<\/p>\n\n\n\n<ul class=\"wp-block-list\">\n<li>La conservation des objets d\u2019art pendant les p\u00e9riodes de non-exposition.<\/li>\n\n\n\n<li>La protection contre le vol, le vandalisme ou les incidents internes.<\/li>\n\n\n\n<li>La s\u00e9curisation des d\u00e9p\u00f4ts temporaires, restaurations ou pr\u00eats internationaux.<\/li>\n\n\n\n<li>Le respect des exigences des compagnies d\u2019assurance pour objets d\u2019art.<\/li>\n<\/ul>\n\n\n\n<h2 class=\"wp-block-heading\">Normes de s\u00e9curit\u00e9 : certification UNE EN 1143-1<\/h2>\n\n\n\n<p>Nos coffres-forts sont test\u00e9s et homologu\u00e9s selon la norme europ\u00e9enne <strong>UNE EN 1143-1:2019<\/strong>. Cela garantit une r\u00e9sistance certifi\u00e9e contre les attaques m\u00e9caniques, thermiques ou explosives. Pour les mus\u00e9es et galeries, nous recommandons les mod\u00e8les de <strong>Grade 5 \u00e0 Grade 9<\/strong>, utilis\u00e9s \u00e9galement dans les banques ou centres gouvernementaux.<\/p>\n\n\n\n<h2 class=\"wp-block-heading\">Applications concr\u00e8tes dans les mus\u00e9es et galeries<\/h2>\n\n\n\n<p>Les coffres-forts Arcas Gruber sont utilis\u00e9s pour :<\/p>\n\n\n\n<ul class=\"wp-block-list\">\n<li>Stocker des \u0153uvres de petite et moyenne taille non expos\u00e9es.<\/li>\n\n\n\n<li>Conserver des documents d\u2019archives, correspondances ou contrats sensibles.<\/li>\n\n\n\n<li>Prot\u00e9ger les objets restaur\u00e9s en attente de r\u00e9installation.<\/li>\n\n\n\n<li>S\u00e9curiser les acquisitions r\u00e9centes avant inventaire ou catalogage.<\/li>\n\n\n\n<li>Abriter des supports num\u00e9riques, disques durs ou copies d\u2019\u0153uvres num\u00e9ris\u00e9es.<\/li>\n<\/ul>\n\n\n\n<h2 class=\"wp-block-heading\">Caract\u00e9ristiques des mod\u00e8les recommand\u00e9s<\/h2>\n\n\n\n<ul class=\"wp-block-list\">\n<li><strong>Structure multicouche<\/strong> en acier renforc\u00e9 avec remplissage composite.<\/li>\n\n\n\n<li><strong>Syst\u00e8mes de verrouillage combin\u00e9s<\/strong> : serrure \u00e9lectronique, biom\u00e9trique et\/ou cl\u00e9 m\u00e9canique.<\/li>\n\n\n\n<li><strong>Finitions personnalisables<\/strong> pour une int\u00e9gration discr\u00e8te (peinture, imitation bois, etc.).<\/li>\n\n\n\n<li><strong>Contr\u00f4le d\u2019humidit\u00e9 ou de temp\u00e9rature<\/strong> int\u00e9gr\u00e9 en option.<\/li>\n\n\n\n<li><strong>Registre d\u2019acc\u00e8s<\/strong> par utilisateur pour une tra\u00e7abilit\u00e9 compl\u00e8te.<\/li>\n<\/ul>\n\n\n\n<h2 class=\"wp-block-heading\">Mod\u00e8les les plus utilis\u00e9s par nos clients<\/h2>\n\n\n\n<ul class=\"wp-block-list\">\n<li>Coffre-fort Grade 5 avec int\u00e9rieur compartiment\u00e9 pour bijoux ou objets arch\u00e9ologiques.<\/li>\n\n\n\n<li>Coffre-fort Grade 6 encastrable avec finition haut de gamme pour les galeries priv\u00e9es.<\/li>\n\n\n\n<li>Coffre-fort Grade 7 ou Grade 9 pour les mus\u00e9es nationaux avec forte valeur assur\u00e9e.<\/li>\n<\/ul>\n\n\n\n<h2 class=\"wp-block-heading\">Installation sur mesure et logistique internationale<\/h2>\n\n\n\n<p>Nos services incluent :<\/p>\n\n\n\n<ul class=\"wp-block-list\">\n<li><strong>\u00c9valuation des besoins sp\u00e9cifiques<\/strong> selon les types d\u2019objets \u00e0 prot\u00e9ger.<\/li>\n\n\n\n<li><strong>Fabrication personnalis\u00e9e<\/strong> : dimensions exactes, finitions adapt\u00e9es, accessoires int\u00e9gr\u00e9s.<\/li>\n\n\n\n<li><strong>Transport s\u00e9curis\u00e9<\/strong> jusqu\u2019\u00e0 la salle d\u2019installation, y compris les \u00e9tages ou sous-sols.<\/li>\n\n\n\n<li><strong>Installation avec ancrage certifi\u00e9<\/strong> et formation \u00e0 l\u2019utilisation s\u00e9curis\u00e9e.<\/li>\n<\/ul>\n\n\n\n<h2 class=\"wp-block-heading\">Solutions compl\u00e9mentaires<\/h2>\n\n\n\n<p>En compl\u00e9ment des coffres, nous proposons \u00e9galement :<\/p>\n\n\n\n<ul class=\"wp-block-list\">\n<li>Portes blind\u00e9es pour r\u00e9serves ou archives confidentielles.<\/li>\n\n\n\n<li>Vitrines s\u00e9curis\u00e9es avec verre anti-effraction pour exposition temporaire.<\/li>\n\n\n\n<li>Armoires ignifuges pour documents sensibles ou supports num\u00e9riques.<\/li>\n<\/ul>\n\n\n\n<h2 class=\"wp-block-heading\">Une exp\u00e9rience centenaire au service de la culture<\/h2>\n\n\n\n<p>Depuis plus d\u2019un si\u00e8cle, <strong>Arcas Gruber<\/strong> est un fabricant de r\u00e9f\u00e9rence en mati\u00e8re de s\u00e9curit\u00e9 physique. Nous avons travaill\u00e9 avec des mus\u00e9es publics, galeries priv\u00e9es, fondations et institutions culturelles \u00e0 travers l\u2019Europe, garantissant une protection optimale dans le respect de l\u2019esth\u00e9tique et de la fonction mus\u00e9ale.<\/p>\n\n\n\n<p>Nos <a href=\"https:\/\/arcasgruber.com\/fr\/coffres-forts\/homologues\/\"><strong>coffres-forts homologu\u00e9s<\/strong><\/a> sont con\u00e7us pour durer, \u00e9voluer et s\u2019int\u00e9grer dans tout environnement sensible. Confiez-nous la protection de votre patrimoine inestimable.<\/p>\n","protected":false},"excerpt":{"rendered":"<p>Les mus\u00e9es, galeries d\u2019art et institutions culturelles ont besoin de syst\u00e8mes de s\u00e9curit\u00e9 avanc\u00e9s pour prot\u00e9ger des objets irrempla\u00e7ables. Chez<\/p>\n","protected":false},"author":3,"featured_media":511514,"parent":511642,"menu_order":0,"comment_status":"closed","ping_status":"closed","template":"","meta":{"_acf_changed":false,"footnotes":""},"class_list":["post-511700","page","type-page","status-publish","has-post-thumbnail","hentry"],"acf":[],"_links":{"self":[{"href":"https:\/\/arcasgruber.com\/fr\/wp-json\/wp\/v2\/pages\/511700","targetHints":{"allow":["GET"]}}],"collection":[{"href":"https:\/\/arcasgruber.com\/fr\/wp-json\/wp\/v2\/pages"}],"about":[{"href":"https:\/\/arcasgruber.com\/fr\/wp-json\/wp\/v2\/types\/page"}],"author":[{"embeddable":true,"href":"https:\/\/arcasgruber.com\/fr\/wp-json\/wp\/v2\/users\/3"}],"replies":[{"embeddable":true,"href":"https:\/\/arcasgruber.com\/fr\/wp-json\/wp\/v2\/comments?post=511700"}],"version-history":[{"count":0,"href":"https:\/\/arcasgruber.com\/fr\/wp-json\/wp\/v2\/pages\/511700\/revisions"}],"up":[{"embeddable":true,"href":"https:\/\/arcasgruber.com\/fr\/wp-json\/wp\/v2\/pages\/511642"}],"wp:featuredmedia":[{"embeddable":true,"href":"https:\/\/arcasgruber.com\/fr\/wp-json\/wp\/v2\/media\/511514"}],"wp:attachment":[{"href":"https:\/\/arcasgruber.com\/fr\/wp-json\/wp\/v2\/media?parent=511700"}],"curies":[{"name":"wp","href":"https:\/\/api.w.org\/{rel}","templated":true}]}}