{"id":510947,"date":"2025-07-14T10:55:28","date_gmt":"2025-07-14T08:55:28","guid":{"rendered":"https:\/\/arcasgruber.com\/?page_id=510947"},"modified":"2025-07-14T10:55:32","modified_gmt":"2025-07-14T08:55:32","slug":"sion","status":"publish","type":"page","link":"https:\/\/arcasgruber.com\/fr\/coffres-forts-en-suisse\/sion\/","title":{"rendered":"Coffres-forts Sion | S\u00e9curit\u00e9 Certifi\u00e9e et Installation Sur Mesure"},"content":{"rendered":"\n<p>Capitale du canton du Valais, Sion est une ville dynamique o\u00f9 particuliers, commerces et entreprises accordent une grande importance \u00e0 la s\u00e9curit\u00e9 de leurs biens. Depuis 1908, Arcas Gruber propose des <strong>coffres-forts<\/strong> robustes, certifi\u00e9s et adapt\u00e9s aux besoins sp\u00e9cifiques des clients s\u00e9dunois et valaisans.<\/p>\n\n\n\n<p>Dans tous les quartiers de Sion \u2014 centre historique, Bramois, Les \u00celes ou Uvrier \u2014 nos techniciens interviennent pour installer le <a href=\"https:\/\/arcasgruber.com\/fr\/coffres-forts\/\">coffre-fort<\/a> le mieux adapt\u00e9 \u00e0 votre domicile ou \u00e0 vos locaux professionnels.<\/p>\n\n\n\n<h2 class=\"wp-block-heading\">Pourquoi choisir un coffre-fort certifi\u00e9 \u00e0 Sion ?<\/h2>\n\n\n\n<p>Face aux risques d\u2019effraction, d\u2019incendie ou de vol, la meilleure solution est d\u2019opter pour un <a href=\"https:\/\/arcasgruber.com\/fr\/coffres-forts-certifies\/\">coffre-fort certifi\u00e9<\/a> UNE EN 1143-1. Cette norme garantit une r\u00e9sistance reconnue par les compagnies d\u2019assurance suisses et vous assure une s\u00e9curit\u00e9 fiable et durable.<\/p>\n\n\n\n<h2 class=\"wp-block-heading\">Installation professionnelle dans tout le Valais<\/h2>\n\n\n\n<p>Nos experts vous conseillent dans le choix de votre mod\u00e8le : coffre encastrable, \u00e0 poser, ignifuge ou dot\u00e9 d\u2019une serrure \u00e9lectronique ou biom\u00e9trique. Nous assurons la livraison, l\u2019ancrage s\u00e9curis\u00e9 et la maintenance dans toute la r\u00e9gion de Sion et du canton du Valais.<\/p>\n\n\n\n<h2 class=\"wp-block-heading\">Solutions de s\u00e9curit\u00e9 pour particuliers et entreprises valaisannes<\/h2>\n\n\n\n<ul class=\"wp-block-list\">\n<li>Coffres-forts pour documents, bijoux, objets pr\u00e9cieux<\/li>\n\n\n\n<li>Coffres de d\u00e9p\u00f4t pour commerces et h\u00f4tels<\/li>\n\n\n\n<li>Armoires fortes pour professionnels<\/li>\n\n\n\n<li>Chambres fortes pour archives et industries<\/li>\n<\/ul>\n\n\n\n<h2 class=\"wp-block-heading\">Pourquoi faire confiance \u00e0 Arcas Gruber \u00e0 Sion ?<\/h2>\n\n\n\n<ul class=\"wp-block-list\">\n<li>Fabricant europ\u00e9en depuis 1908<\/li>\n\n\n\n<li>Produits certifi\u00e9s UNE EN 1143-1<\/li>\n\n\n\n<li>Installation et maintenance professionnelles<\/li>\n\n\n\n<li>Service apr\u00e8s-vente rapide et fiable<\/li>\n\n\n\n<li>Solutions sur mesure pour clients r\u00e9sidentiels et professionnels<\/li>\n<\/ul>\n\n\n\n<p>Avec Arcas Gruber, s\u00e9curisez vos biens gr\u00e2ce \u00e0 un <strong>coffre-fort<\/strong> fiable et certifi\u00e9, install\u00e9 \u00e0 Sion par des professionnels exp\u00e9riment\u00e9s.<\/p>\n\n\n\n<p>Consultez notre <a href=\"https:\/\/arcasgruber.com\/fr\/coffres-forts\/\">catalogue complet<\/a>, nos <a href=\"https:\/\/arcasgruber.com\/fr\/coffres-forts-certifies\/\">coffres-forts certifi\u00e9s<\/a> et explorez notre pr\u00e9sence nationale sur la page <a href=\"https:\/\/arcasgruber.com\/fr\/coffres-forts-en-suisse\/\">coffres-forts en Suisse<\/a>.<\/p>\n\n\n\n<p><strong>Arcas Gruber, votre expert s\u00e9curit\u00e9 \u00e0 Sion et dans tout le Valais.<\/strong><\/p>\n","protected":false},"excerpt":{"rendered":"<p>Capitale du canton du Valais, Sion est une ville dynamique o\u00f9 particuliers, commerces et entreprises accordent une grande importance \u00e0<\/p>\n","protected":false},"author":3,"featured_media":510766,"parent":510910,"menu_order":0,"comment_status":"closed","ping_status":"closed","template":"","meta":{"_acf_changed":false,"footnotes":""},"class_list":["post-510947","page","type-page","status-publish","has-post-thumbnail","hentry"],"acf":[],"_links":{"self":[{"href":"https:\/\/arcasgruber.com\/fr\/wp-json\/wp\/v2\/pages\/510947","targetHints":{"allow":["GET"]}}],"collection":[{"href":"https:\/\/arcasgruber.com\/fr\/wp-json\/wp\/v2\/pages"}],"about":[{"href":"https:\/\/arcasgruber.com\/fr\/wp-json\/wp\/v2\/types\/page"}],"author":[{"embeddable":true,"href":"https:\/\/arcasgruber.com\/fr\/wp-json\/wp\/v2\/users\/3"}],"replies":[{"embeddable":true,"href":"https:\/\/arcasgruber.com\/fr\/wp-json\/wp\/v2\/comments?post=510947"}],"version-history":[{"count":0,"href":"https:\/\/arcasgruber.com\/fr\/wp-json\/wp\/v2\/pages\/510947\/revisions"}],"up":[{"embeddable":true,"href":"https:\/\/arcasgruber.com\/fr\/wp-json\/wp\/v2\/pages\/510910"}],"wp:featuredmedia":[{"embeddable":true,"href":"https:\/\/arcasgruber.com\/fr\/wp-json\/wp\/v2\/media\/510766"}],"wp:attachment":[{"href":"https:\/\/arcasgruber.com\/fr\/wp-json\/wp\/v2\/media?parent=510947"}],"curies":[{"name":"wp","href":"https:\/\/api.w.org\/{rel}","templated":true}]}}