{"id":510911,"date":"2025-07-14T10:59:26","date_gmt":"2025-07-14T08:59:26","guid":{"rendered":"https:\/\/arcasgruber.com\/?page_id=510911"},"modified":"2025-07-14T11:00:55","modified_gmt":"2025-07-14T09:00:55","slug":"coffres-forts-au-luxembourg","status":"publish","type":"page","link":"https:\/\/arcasgruber.com\/fr\/coffres-forts-au-luxembourg\/","title":{"rendered":"Coffres-forts Luxembourg | S\u00e9curit\u00e9 Certifi\u00e9e et Installation Professionnelle"},"content":{"rendered":"\t\t<div data-elementor-type=\"wp-page\" data-elementor-id=\"510911\" class=\"elementor elementor-510911\" data-elementor-post-type=\"page\">\n\t\t\t\t\t\t<section class=\"has_ae_slider elementor-section elementor-top-section elementor-element elementor-element-0635234 elementor-section-boxed elementor-section-height-default elementor-section-height-default wd-section-disabled ae-bg-gallery-type-default\" data-id=\"0635234\" data-element_type=\"section\">\n\t\t\t\t\t\t<div class=\"elementor-container elementor-column-gap-default\">\n\t\t\t\t\t<div class=\"has_ae_slider elementor-column elementor-col-100 elementor-top-column elementor-element elementor-element-18b5b09 ae-bg-gallery-type-default\" data-id=\"18b5b09\" data-element_type=\"column\">\n\t\t\t<div class=\"elementor-widget-wrap elementor-element-populated\">\n\t\t\t\t\t\t<div class=\"elementor-element elementor-element-fca43cd elementor-widget elementor-widget-wd_text_block\" data-id=\"fca43cd\" data-element_type=\"widget\" data-widget_type=\"wd_text_block.default\">\n\t\t\t\t<div class=\"elementor-widget-container\">\n\t\t\t\t\t\t\t<div class=\"wd-text-block reset-last-child text-left\">\n\t\t\t\n\t\t\t<p>Pays \u00e0 haute exigence s\u00e9curitaire, le <strong>Grand-Duch\u00e9 de Luxembourg<\/strong> est un march\u00e9 strat\u00e9gique pour la protection physique des biens. Entreprises, commerces et particuliers recherchent des solutions fiables pour s\u00e9curiser documents, objets pr\u00e9cieux et fonds de caisse. Depuis 1908, Arcas Gruber accompagne ses clients luxembourgeois avec une large gamme de <strong>coffres-forts<\/strong> robustes, certifi\u00e9s et adapt\u00e9s aux normes europ\u00e9ennes les plus strictes.<\/p><p>Nous intervenons sur tout le territoire du Luxembourg, notamment \u00e0 Luxembourg-Ville, Esch-sur-Alzette, Differdange, Dudelange et Ettelbruck, pour assurer une \u00e9tude personnalis\u00e9e, une installation professionnelle et un suivi efficace.<\/p><h2>Pourquoi choisir un coffre-fort certifi\u00e9 au Luxembourg ?<\/h2><p>Les risques de cambriolage, de vol interne ou d\u2019incendie existent m\u00eame dans les environnements les plus s\u00fbrs. Nos <a href=\"https:\/\/arcasgruber.com\/fr\/coffres-forts-certifies\/\">coffres-forts certifi\u00e9s<\/a>, conformes \u00e0 la norme UNE EN 1143-1, offrent une r\u00e9sistance mesur\u00e9e contre l\u2019effraction et l\u2019incendie. Cette certification est reconnue par les compagnies d\u2019assurance luxembourgeoises.<\/p><h2>Installation professionnelle dans tout le Grand-Duch\u00e9<\/h2><p>Arcas Gruber propose des coffres-forts encastrables, \u00e0 poser, ignifuges ou avec fermeture \u00e9lectronique ou biom\u00e9trique, install\u00e9s par des professionnels exp\u00e9riment\u00e9s. Nos \u00e9quipes assurent la livraison, l\u2019installation et la maintenance dans tout le pays.<\/p><h2>Des solutions pour particuliers et entreprises<\/h2><ul><li>Coffres-forts pour documents et objets pr\u00e9cieux<\/li><li>Coffres de d\u00e9p\u00f4t avec fente pour commerces et h\u00f4tels<\/li><li>Armoires fortes pour archives professionnelles<\/li><li>Chambres fortes pour \u00e9tablissements financiers et industries<\/li><\/ul><h2>Pourquoi faire confiance \u00e0 Arcas Gruber au Luxembourg ?<\/h2><ul><li>Fabricant europ\u00e9en depuis 1908<\/li><li>Produits certifi\u00e9s UNE EN 1143-1<\/li><li>Installation et ancrage professionnels<\/li><li>Maintenance et service apr\u00e8s-vente r\u00e9actifs<\/li><li>Solutions adapt\u00e9es aux besoins luxembourgeois<\/li><\/ul><p>Avec Arcas Gruber, prot\u00e9gez vos biens efficacement gr\u00e2ce \u00e0 un <strong>coffre-fort<\/strong> fiable et certifi\u00e9, install\u00e9 par des sp\u00e9cialistes dans tout le Grand-Duch\u00e9 de Luxembourg.<\/p><p>Explorez notre <a href=\"https:\/\/arcasgruber.com\/fr\/coffres-forts\/\">catalogue de coffres-forts<\/a>, nos <a href=\"https:\/\/arcasgruber.com\/fr\/coffres-forts-certifies\/\">mod\u00e8les certifi\u00e9s<\/a> et notre pr\u00e9sence internationale via <a href=\"https:\/\/arcasgruber.com\/fr\/coffres-forts-en-france\/\">coffres-forts en France<\/a>.<\/p><p><strong>Arcas Gruber, votre expert s\u00e9curit\u00e9 au Luxembourg.<\/strong><\/p>\n\t\t\t\t\t<\/div>\n\t\t\t\t\t\t<\/div>\n\t\t\t\t<\/div>\n\t\t\t\t\t<\/div>\n\t\t<\/div>\n\t\t\t\t\t<\/div>\n\t\t<\/section>\n\t\t\t\t<\/div>\n\t\t","protected":false},"excerpt":{"rendered":"<p>Pays \u00e0 haute exigence s\u00e9curitaire, le Grand-Duch\u00e9 de Luxembourg est un march\u00e9 strat\u00e9gique pour la protection physique des biens. Entreprises,<\/p>\n","protected":false},"author":3,"featured_media":510694,"parent":0,"menu_order":0,"comment_status":"closed","ping_status":"closed","template":"","meta":{"_acf_changed":false,"footnotes":""},"class_list":["post-510911","page","type-page","status-publish","has-post-thumbnail","hentry"],"acf":[],"_links":{"self":[{"href":"https:\/\/arcasgruber.com\/fr\/wp-json\/wp\/v2\/pages\/510911","targetHints":{"allow":["GET"]}}],"collection":[{"href":"https:\/\/arcasgruber.com\/fr\/wp-json\/wp\/v2\/pages"}],"about":[{"href":"https:\/\/arcasgruber.com\/fr\/wp-json\/wp\/v2\/types\/page"}],"author":[{"embeddable":true,"href":"https:\/\/arcasgruber.com\/fr\/wp-json\/wp\/v2\/users\/3"}],"replies":[{"embeddable":true,"href":"https:\/\/arcasgruber.com\/fr\/wp-json\/wp\/v2\/comments?post=510911"}],"version-history":[{"count":0,"href":"https:\/\/arcasgruber.com\/fr\/wp-json\/wp\/v2\/pages\/510911\/revisions"}],"wp:featuredmedia":[{"embeddable":true,"href":"https:\/\/arcasgruber.com\/fr\/wp-json\/wp\/v2\/media\/510694"}],"wp:attachment":[{"href":"https:\/\/arcasgruber.com\/fr\/wp-json\/wp\/v2\/media?parent=510911"}],"curies":[{"name":"wp","href":"https:\/\/api.w.org\/{rel}","templated":true}]}}