{"id":510841,"date":"2025-07-14T09:44:57","date_gmt":"2025-07-14T07:44:57","guid":{"rendered":"https:\/\/arcasgruber.com\/?page_id=510841"},"modified":"2025-07-14T09:46:04","modified_gmt":"2025-07-14T07:46:04","slug":"besancon","status":"publish","type":"page","link":"https:\/\/arcasgruber.com\/fr\/coffres-forts-en-france\/besancon\/","title":{"rendered":"Coffres-forts Besan\u00e7on | Solutions de S\u00e9curit\u00e9 et Installation Professionnelle"},"content":{"rendered":"\t\t<div data-elementor-type=\"wp-page\" data-elementor-id=\"510841\" class=\"elementor elementor-510841\" data-elementor-post-type=\"page\">\n\t\t\t\t\t\t<section class=\"has_ae_slider elementor-section elementor-top-section elementor-element elementor-element-5d02a55 elementor-section-boxed elementor-section-height-default elementor-section-height-default wd-section-disabled ae-bg-gallery-type-default\" data-id=\"5d02a55\" data-element_type=\"section\">\n\t\t\t\t\t\t<div class=\"elementor-container elementor-column-gap-default\">\n\t\t\t\t\t<div class=\"has_ae_slider elementor-column elementor-col-100 elementor-top-column elementor-element elementor-element-9219709 ae-bg-gallery-type-default\" data-id=\"9219709\" data-element_type=\"column\">\n\t\t\t<div class=\"elementor-widget-wrap elementor-element-populated\">\n\t\t\t\t\t\t<div class=\"elementor-element elementor-element-418f2ea elementor-widget elementor-widget-wd_text_block\" data-id=\"418f2ea\" data-element_type=\"widget\" data-widget_type=\"wd_text_block.default\">\n\t\t\t\t<div class=\"elementor-widget-container\">\n\t\t\t\t\t\t\t<div class=\"wd-text-block reset-last-child text-left\">\n\t\t\t\n\t\t\t<p>Capitale de la Franche-Comt\u00e9, Besan\u00e7on est un centre administratif et \u00e9conomique o\u00f9 la s\u00e9curit\u00e9 physique des biens devient essentielle. Depuis 1908, Arcas Gruber propose des <strong>coffres-forts<\/strong> certifi\u00e9s et fiables aux particuliers et professionnels bisontins.<\/p>\n<p>Que vous soyez dans le centre historique, \u00e0 Battant, Planoise ou Palente, nos techniciens installent le <a href=\"https:\/\/arcasgruber.com\/fr\/coffres-forts\/\">coffre-fort<\/a> le mieux adapt\u00e9 \u00e0 vos besoins sp\u00e9cifiques.<\/p>\n<h2>Pourquoi un coffre-fort certifi\u00e9 \u00e0 Besan\u00e7on ?<\/h2>\n<p>Prot\u00e9gez vos documents, bijoux ou fonds commerciaux avec un <a href=\"https:\/\/arcasgruber.com\/fr\/coffres-forts-certifies\/\">coffre-fort certifi\u00e9<\/a> conforme \u00e0 la norme UNE EN 1143-1, assurant une protection fiable contre l'effraction et l'incendie.<\/p>\n<h2>Installation professionnelle et maintenance<\/h2>\n<p>Nous installons des coffres-forts encastrables, \u00e0 poser, ignifuges ou biom\u00e9triques selon vos contraintes et assurons la maintenance sur toute l\u2019agglom\u00e9ration bisontine.<\/p>\n<p>D\u00e9couvrez notre <a href=\"https:\/\/arcasgruber.com\/fr\/coffres-forts\/\">catalogue complet<\/a>, nos <a href=\"https:\/\/arcasgruber.com\/fr\/coffres-forts-certifies\/\">mod\u00e8les certifi\u00e9s<\/a> et notre r\u00e9seau national sur <a href=\"https:\/\/arcasgruber.com\/fr\/coffres-forts-en-france\/\">coffres-forts en France<\/a>.<\/p>\n\t\t\t\t\t<\/div>\n\t\t\t\t\t\t<\/div>\n\t\t\t\t<\/div>\n\t\t\t\t\t<\/div>\n\t\t<\/div>\n\t\t\t\t\t<\/div>\n\t\t<\/section>\n\t\t\t\t<\/div>\n\t\t","protected":false},"excerpt":{"rendered":"<p>Capitale de la Franche-Comt\u00e9, Besan\u00e7on est un centre administratif et \u00e9conomique o\u00f9 la s\u00e9curit\u00e9 physique des biens devient essentielle. Depuis<\/p>\n","protected":false},"author":3,"featured_media":510646,"parent":510434,"menu_order":0,"comment_status":"closed","ping_status":"closed","template":"","meta":{"_acf_changed":false,"footnotes":""},"class_list":["post-510841","page","type-page","status-publish","has-post-thumbnail","hentry"],"acf":[],"_links":{"self":[{"href":"https:\/\/arcasgruber.com\/fr\/wp-json\/wp\/v2\/pages\/510841","targetHints":{"allow":["GET"]}}],"collection":[{"href":"https:\/\/arcasgruber.com\/fr\/wp-json\/wp\/v2\/pages"}],"about":[{"href":"https:\/\/arcasgruber.com\/fr\/wp-json\/wp\/v2\/types\/page"}],"author":[{"embeddable":true,"href":"https:\/\/arcasgruber.com\/fr\/wp-json\/wp\/v2\/users\/3"}],"replies":[{"embeddable":true,"href":"https:\/\/arcasgruber.com\/fr\/wp-json\/wp\/v2\/comments?post=510841"}],"version-history":[{"count":0,"href":"https:\/\/arcasgruber.com\/fr\/wp-json\/wp\/v2\/pages\/510841\/revisions"}],"up":[{"embeddable":true,"href":"https:\/\/arcasgruber.com\/fr\/wp-json\/wp\/v2\/pages\/510434"}],"wp:featuredmedia":[{"embeddable":true,"href":"https:\/\/arcasgruber.com\/fr\/wp-json\/wp\/v2\/media\/510646"}],"wp:attachment":[{"href":"https:\/\/arcasgruber.com\/fr\/wp-json\/wp\/v2\/media?parent=510841"}],"curies":[{"name":"wp","href":"https:\/\/api.w.org\/{rel}","templated":true}]}}