{"id":510840,"date":"2025-07-14T09:43:49","date_gmt":"2025-07-14T07:43:49","guid":{"rendered":"https:\/\/arcasgruber.com\/?page_id=510840"},"modified":"2025-07-14T09:46:14","modified_gmt":"2025-07-14T07:46:14","slug":"metz","status":"publish","type":"page","link":"https:\/\/arcasgruber.com\/fr\/coffres-forts-en-france\/metz\/","title":{"rendered":"Coffres-forts Metz | S\u00e9curit\u00e9 Certifi\u00e9e et Installation sur Mesure"},"content":{"rendered":"\t\t<div data-elementor-type=\"wp-page\" data-elementor-id=\"510840\" class=\"elementor elementor-510840\" data-elementor-post-type=\"page\">\n\t\t\t\t\t\t<section class=\"has_ae_slider elementor-section elementor-top-section elementor-element elementor-element-5d02a55 elementor-section-boxed elementor-section-height-default elementor-section-height-default wd-section-disabled ae-bg-gallery-type-default\" data-id=\"5d02a55\" data-element_type=\"section\">\n\t\t\t\t\t\t<div class=\"elementor-container elementor-column-gap-default\">\n\t\t\t\t\t<div class=\"has_ae_slider elementor-column elementor-col-100 elementor-top-column elementor-element elementor-element-9219709 ae-bg-gallery-type-default\" data-id=\"9219709\" data-element_type=\"column\">\n\t\t\t<div class=\"elementor-widget-wrap elementor-element-populated\">\n\t\t\t\t\t\t<div class=\"elementor-element elementor-element-418f2ea elementor-widget elementor-widget-wd_text_block\" data-id=\"418f2ea\" data-element_type=\"widget\" data-widget_type=\"wd_text_block.default\">\n\t\t\t\t<div class=\"elementor-widget-container\">\n\t\t\t\t\t\t\t<div class=\"wd-text-block reset-last-child text-left\">\n\t\t\t\n\t\t\t<p>Situ\u00e9e au c\u0153ur de la Moselle, Metz est une ville industrielle et commerciale o\u00f9 la s\u00e9curit\u00e9 des biens devient primordiale. Depuis plus de 100 ans, Arcas Gruber accompagne les Messins avec des <strong>coffres-forts<\/strong> fiables, certifi\u00e9s et adapt\u00e9s \u00e0 chaque besoin.<\/p>\n<p>Du centre historique au quartier de Borny, des Hauts de Queuleu \u00e0 Magny, nos \u00e9quipes installent le <a href=\"https:\/\/arcasgruber.com\/fr\/coffres-forts\/\">coffre-fort<\/a> id\u00e9al dans toute l'agglom\u00e9ration messine.<\/p>\n<h2>Pourquoi choisir un coffre-fort certifi\u00e9 \u00e0 Metz ?<\/h2>\n<p>Pour prot\u00e9ger vos documents confidentiels, fonds de caisse, objets de valeur ou supports num\u00e9riques, un <a href=\"https:\/\/arcasgruber.com\/fr\/coffres-forts-certifies\/\">coffre-fort certifi\u00e9<\/a> selon UNE EN 1143-1 vous offre une s\u00e9curit\u00e9 maximale, exig\u00e9e par les assureurs.<\/p>\n<h2>Installation et service local en Moselle<\/h2>\n<p>Nos techniciens r\u00e9alisent une installation professionnelle sur Metz et ses environs, avec des solutions sur mesure : encastrable, coffre \u00e0 poser, ignifuge ou biom\u00e9trique. Nous assurons \u00e9galement la maintenance et le suivi technique.<\/p>\n<p>Retrouvez notre offre de <a href=\"https:\/\/arcasgruber.com\/fr\/coffres-forts\/\">coffres-forts<\/a>, nos <a href=\"https:\/\/arcasgruber.com\/fr\/coffres-forts-certifies\/\">mod\u00e8les certifi\u00e9s<\/a> et notre pr\u00e9sence nationale sur <a href=\"https:\/\/arcasgruber.com\/fr\/coffres-forts-en-france\/\">coffres-forts en France<\/a>.<\/p>\n\t\t\t\t\t<\/div>\n\t\t\t\t\t\t<\/div>\n\t\t\t\t<\/div>\n\t\t\t\t\t<\/div>\n\t\t<\/div>\n\t\t\t\t\t<\/div>\n\t\t<\/section>\n\t\t\t\t<\/div>\n\t\t","protected":false},"excerpt":{"rendered":"<p>Situ\u00e9e au c\u0153ur de la Moselle, Metz est une ville industrielle et commerciale o\u00f9 la s\u00e9curit\u00e9 des biens devient primordiale.<\/p>\n","protected":false},"author":3,"featured_media":510700,"parent":510434,"menu_order":0,"comment_status":"closed","ping_status":"closed","template":"","meta":{"_acf_changed":false,"footnotes":""},"class_list":["post-510840","page","type-page","status-publish","has-post-thumbnail","hentry"],"acf":[],"_links":{"self":[{"href":"https:\/\/arcasgruber.com\/fr\/wp-json\/wp\/v2\/pages\/510840","targetHints":{"allow":["GET"]}}],"collection":[{"href":"https:\/\/arcasgruber.com\/fr\/wp-json\/wp\/v2\/pages"}],"about":[{"href":"https:\/\/arcasgruber.com\/fr\/wp-json\/wp\/v2\/types\/page"}],"author":[{"embeddable":true,"href":"https:\/\/arcasgruber.com\/fr\/wp-json\/wp\/v2\/users\/3"}],"replies":[{"embeddable":true,"href":"https:\/\/arcasgruber.com\/fr\/wp-json\/wp\/v2\/comments?post=510840"}],"version-history":[{"count":0,"href":"https:\/\/arcasgruber.com\/fr\/wp-json\/wp\/v2\/pages\/510840\/revisions"}],"up":[{"embeddable":true,"href":"https:\/\/arcasgruber.com\/fr\/wp-json\/wp\/v2\/pages\/510434"}],"wp:featuredmedia":[{"embeddable":true,"href":"https:\/\/arcasgruber.com\/fr\/wp-json\/wp\/v2\/media\/510700"}],"wp:attachment":[{"href":"https:\/\/arcasgruber.com\/fr\/wp-json\/wp\/v2\/media?parent=510840"}],"curies":[{"name":"wp","href":"https:\/\/api.w.org\/{rel}","templated":true}]}}