{"id":510839,"date":"2025-07-14T09:42:40","date_gmt":"2025-07-14T07:42:40","guid":{"rendered":"https:\/\/arcasgruber.com\/?page_id=510839"},"modified":"2025-07-14T09:45:37","modified_gmt":"2025-07-14T07:45:37","slug":"amien","status":"publish","type":"page","link":"https:\/\/arcasgruber.com\/fr\/coffres-forts-en-france\/amien\/","title":{"rendered":"Coffres-forts Amiens | Protection Haut de Gamme et Pose S\u00e9curis\u00e9e"},"content":{"rendered":"\t\t<div data-elementor-type=\"wp-page\" data-elementor-id=\"510839\" class=\"elementor elementor-510839\" data-elementor-post-type=\"page\">\n\t\t\t\t\t\t<section class=\"has_ae_slider elementor-section elementor-top-section elementor-element elementor-element-5d02a55 elementor-section-boxed elementor-section-height-default elementor-section-height-default wd-section-disabled ae-bg-gallery-type-default\" data-id=\"5d02a55\" data-element_type=\"section\">\n\t\t\t\t\t\t<div class=\"elementor-container elementor-column-gap-default\">\n\t\t\t\t\t<div class=\"has_ae_slider elementor-column elementor-col-100 elementor-top-column elementor-element elementor-element-9219709 ae-bg-gallery-type-default\" data-id=\"9219709\" data-element_type=\"column\">\n\t\t\t<div class=\"elementor-widget-wrap elementor-element-populated\">\n\t\t\t\t\t\t<div class=\"elementor-element elementor-element-418f2ea elementor-widget elementor-widget-wd_text_block\" data-id=\"418f2ea\" data-element_type=\"widget\" data-widget_type=\"wd_text_block.default\">\n\t\t\t\t<div class=\"elementor-widget-container\">\n\t\t\t\t\t\t\t<div class=\"wd-text-block reset-last-child text-left\">\n\t\t\t\n\t\t\t<p>Capitale de la Picardie et p\u00f4le industriel important, Amiens est une ville o\u00f9 prot\u00e9ger ses biens devient une n\u00e9cessit\u00e9. Depuis 1908, Arcas Gruber s\u00e9curise les biens des particuliers et entreprises ami\u00e9noises avec des <strong>coffres-forts<\/strong> certifi\u00e9s et fiables.<\/p>\n<p>Dans le centre-ville, \u00e0 Saint-Acheul, Henriville ou Monti\u00e8res, nos techniciens \u00e9tudient vos besoins et installent le <a href=\"https:\/\/arcasgruber.com\/fr\/coffres-forts\/\">coffre-fort<\/a> id\u00e9al pour votre maison ou local professionnel.<\/p>\n<h2>Pourquoi opter pour un coffre-fort certifi\u00e9 \u00e0 Amiens ?<\/h2>\n<p>Nos <a href=\"https:\/\/arcasgruber.com\/fr\/coffres-forts-certifies\/\">coffres-forts certifi\u00e9s<\/a> conformes \u00e0 la norme UNE EN 1143-1 prot\u00e8gent efficacement vos bijoux, documents, fonds de caisse ou archives face aux risques d\u2019effraction et d\u2019incendie.<\/p>\n<h2>Installation professionnelle \u00e0 Amiens et dans la Somme<\/h2>\n<p>Notre \u00e9quipe adapte chaque installation : coffre encastrable, coffre \u00e0 poser, ignifuge ou biom\u00e9trique selon vos contraintes. Nous r\u00e9alisons \u00e9galement la maintenance et le SAV dans toute la r\u00e9gion ami\u00e9noise.<\/p>\n<p>D\u00e9couvrez notre catalogue complet de <a href=\"https:\/\/arcasgruber.com\/fr\/coffres-forts\/\">coffres-forts<\/a>, nos mod\u00e8les <a href=\"https:\/\/arcasgruber.com\/fr\/coffres-forts-certifies\/\">certifi\u00e9s<\/a> et notre r\u00e9seau national sur <a href=\"https:\/\/arcasgruber.com\/fr\/coffres-forts-en-france\/\">coffres-forts en France<\/a>.<\/p>\n\t\t\t\t\t<\/div>\n\t\t\t\t\t\t<\/div>\n\t\t\t\t<\/div>\n\t\t\t\t\t<\/div>\n\t\t<\/div>\n\t\t\t\t\t<\/div>\n\t\t<\/section>\n\t\t\t\t<\/div>\n\t\t","protected":false},"excerpt":{"rendered":"<p>Capitale de la Picardie et p\u00f4le industriel important, Amiens est une ville o\u00f9 prot\u00e9ger ses biens devient une n\u00e9cessit\u00e9. Depuis<\/p>\n","protected":false},"author":3,"featured_media":510622,"parent":510434,"menu_order":0,"comment_status":"closed","ping_status":"closed","template":"","meta":{"_acf_changed":false,"footnotes":""},"class_list":["post-510839","page","type-page","status-publish","has-post-thumbnail","hentry"],"acf":[],"_links":{"self":[{"href":"https:\/\/arcasgruber.com\/fr\/wp-json\/wp\/v2\/pages\/510839","targetHints":{"allow":["GET"]}}],"collection":[{"href":"https:\/\/arcasgruber.com\/fr\/wp-json\/wp\/v2\/pages"}],"about":[{"href":"https:\/\/arcasgruber.com\/fr\/wp-json\/wp\/v2\/types\/page"}],"author":[{"embeddable":true,"href":"https:\/\/arcasgruber.com\/fr\/wp-json\/wp\/v2\/users\/3"}],"replies":[{"embeddable":true,"href":"https:\/\/arcasgruber.com\/fr\/wp-json\/wp\/v2\/comments?post=510839"}],"version-history":[{"count":0,"href":"https:\/\/arcasgruber.com\/fr\/wp-json\/wp\/v2\/pages\/510839\/revisions"}],"up":[{"embeddable":true,"href":"https:\/\/arcasgruber.com\/fr\/wp-json\/wp\/v2\/pages\/510434"}],"wp:featuredmedia":[{"embeddable":true,"href":"https:\/\/arcasgruber.com\/fr\/wp-json\/wp\/v2\/media\/510622"}],"wp:attachment":[{"href":"https:\/\/arcasgruber.com\/fr\/wp-json\/wp\/v2\/media?parent=510839"}],"curies":[{"name":"wp","href":"https:\/\/api.w.org\/{rel}","templated":true}]}}