{"id":510838,"date":"2025-07-14T09:40:28","date_gmt":"2025-07-14T07:40:28","guid":{"rendered":"https:\/\/arcasgruber.com\/?page_id=510838"},"modified":"2025-07-14T09:41:24","modified_gmt":"2025-07-14T07:41:24","slug":"tours","status":"publish","type":"page","link":"https:\/\/arcasgruber.com\/fr\/coffres-forts-en-france\/tours\/","title":{"rendered":"Coffres-forts Tours | S\u00e9curit\u00e9 Fiable et Installation Professionnelle"},"content":{"rendered":"\t\t<div data-elementor-type=\"wp-page\" data-elementor-id=\"510838\" class=\"elementor elementor-510838\" data-elementor-post-type=\"page\">\n\t\t\t\t\t\t<section class=\"has_ae_slider elementor-section elementor-top-section elementor-element elementor-element-5d02a55 elementor-section-boxed elementor-section-height-default elementor-section-height-default wd-section-disabled ae-bg-gallery-type-default\" data-id=\"5d02a55\" data-element_type=\"section\">\n\t\t\t\t\t\t<div class=\"elementor-container elementor-column-gap-default\">\n\t\t\t\t\t<div class=\"has_ae_slider elementor-column elementor-col-100 elementor-top-column elementor-element elementor-element-9219709 ae-bg-gallery-type-default\" data-id=\"9219709\" data-element_type=\"column\">\n\t\t\t<div class=\"elementor-widget-wrap elementor-element-populated\">\n\t\t\t\t\t\t<div class=\"elementor-element elementor-element-418f2ea elementor-widget elementor-widget-wd_text_block\" data-id=\"418f2ea\" data-element_type=\"widget\" data-widget_type=\"wd_text_block.default\">\n\t\t\t\t<div class=\"elementor-widget-container\">\n\t\t\t\t\t\t\t<div class=\"wd-text-block reset-last-child text-left\">\n\t\t\t\n\t\t\t<p>Ville au patrimoine historique riche et p\u00f4le \u00e9conomique majeur du Val de Loire, Tours attire particuliers et entreprises soucieux de s\u00e9curiser leurs biens. Depuis 1908, Arcas Gruber prot\u00e8ge les Tourangeaux avec des <strong>coffres-forts<\/strong> robustes et certifi\u00e9s, adapt\u00e9s aux besoins des foyers et des professionnels.<\/p>\n<p>Du centre historique aux quartiers des Deux-Lions, de Saint-Symphorien \u00e0 La Riche, nos \u00e9quipes interviennent pour \u00e9tudier vos besoins et installer le <a href=\"https:\/\/arcasgruber.com\/fr\/coffres-forts\/\">coffre-fort<\/a> correspondant \u00e0 votre environnement.<\/p>\n<h2>Pourquoi choisir un coffre-fort certifi\u00e9 \u00e0 Tours ?<\/h2>\n<p>Les cambriolages et incendies sont des risques r\u00e9els dans les villes de taille moyenne comme Tours. Nos <a href=\"https:\/\/arcasgruber.com\/fr\/coffres-forts-certifies\/\">coffres-forts certifi\u00e9s<\/a> UNE EN 1143-1 garantissent une r\u00e9sistance \u00e9prouv\u00e9e face aux intrusions et incendies. Cette norme est aussi exig\u00e9e par les assureurs.<\/p>\n<h2>Installation professionnelle \u00e0 Tours et en Indre-et-Loire<\/h2>\n<p>Chaque projet est unique : maison individuelle, commerce ou industrie. Nos techniciens recommandent un mod\u00e8le encastrable, \u00e0 poser, ignifuge ou biom\u00e9trique selon vos contraintes. Nous assurons la livraison, l\u2019installation et la maintenance dans toute la r\u00e9gion tourangelle.<\/p>\n<p>D\u00e9couvrez toute notre gamme de <a href=\"https:\/\/arcasgruber.com\/fr\/coffres-forts\/\">coffres-forts<\/a> et nos <a href=\"https:\/\/arcasgruber.com\/fr\/coffres-forts-certifies\/\">solutions certifi\u00e9es<\/a>, et consultez notre r\u00e9seau national sur <a href=\"https:\/\/arcasgruber.com\/fr\/coffres-forts-en-france\/\">coffres-forts en France<\/a>.<\/p>\n\t\t\t\t\t<\/div>\n\t\t\t\t\t\t<\/div>\n\t\t\t\t<\/div>\n\t\t\t\t\t<\/div>\n\t\t<\/div>\n\t\t\t\t\t<\/div>\n\t\t<\/section>\n\t\t\t\t<\/div>\n\t\t","protected":false},"excerpt":{"rendered":"<p>Ville au patrimoine historique riche et p\u00f4le \u00e9conomique majeur du Val de Loire, Tours attire particuliers et entreprises soucieux de<\/p>\n","protected":false},"author":3,"featured_media":510778,"parent":510434,"menu_order":0,"comment_status":"closed","ping_status":"closed","template":"","meta":{"_acf_changed":false,"footnotes":""},"class_list":["post-510838","page","type-page","status-publish","has-post-thumbnail","hentry"],"acf":[],"_links":{"self":[{"href":"https:\/\/arcasgruber.com\/fr\/wp-json\/wp\/v2\/pages\/510838","targetHints":{"allow":["GET"]}}],"collection":[{"href":"https:\/\/arcasgruber.com\/fr\/wp-json\/wp\/v2\/pages"}],"about":[{"href":"https:\/\/arcasgruber.com\/fr\/wp-json\/wp\/v2\/types\/page"}],"author":[{"embeddable":true,"href":"https:\/\/arcasgruber.com\/fr\/wp-json\/wp\/v2\/users\/3"}],"replies":[{"embeddable":true,"href":"https:\/\/arcasgruber.com\/fr\/wp-json\/wp\/v2\/comments?post=510838"}],"version-history":[{"count":0,"href":"https:\/\/arcasgruber.com\/fr\/wp-json\/wp\/v2\/pages\/510838\/revisions"}],"up":[{"embeddable":true,"href":"https:\/\/arcasgruber.com\/fr\/wp-json\/wp\/v2\/pages\/510434"}],"wp:featuredmedia":[{"embeddable":true,"href":"https:\/\/arcasgruber.com\/fr\/wp-json\/wp\/v2\/media\/510778"}],"wp:attachment":[{"href":"https:\/\/arcasgruber.com\/fr\/wp-json\/wp\/v2\/media?parent=510838"}],"curies":[{"name":"wp","href":"https:\/\/api.w.org\/{rel}","templated":true}]}}