{"id":510837,"date":"2025-07-14T09:31:07","date_gmt":"2025-07-14T07:31:07","guid":{"rendered":"https:\/\/arcasgruber.com\/?page_id=510837"},"modified":"2025-07-14T09:31:12","modified_gmt":"2025-07-14T07:31:12","slug":"le-mans","status":"publish","type":"page","link":"https:\/\/arcasgruber.com\/fr\/coffres-forts-en-france\/le-mans\/","title":{"rendered":"Coffres-forts Le Mans | S\u00e9curit\u00e9 Fiable et Installation Professionnelle"},"content":{"rendered":"\t\t<div data-elementor-type=\"wp-page\" data-elementor-id=\"510837\" class=\"elementor elementor-510837\" data-elementor-post-type=\"page\">\n\t\t\t\t\t\t<section class=\"has_ae_slider elementor-section elementor-top-section elementor-element elementor-element-5d02a55 elementor-section-boxed elementor-section-height-default elementor-section-height-default wd-section-disabled ae-bg-gallery-type-default\" data-id=\"5d02a55\" data-element_type=\"section\">\n\t\t\t\t\t\t<div class=\"elementor-container elementor-column-gap-default\">\n\t\t\t\t\t<div class=\"has_ae_slider elementor-column elementor-col-100 elementor-top-column elementor-element elementor-element-9219709 ae-bg-gallery-type-default\" data-id=\"9219709\" data-element_type=\"column\">\n\t\t\t<div class=\"elementor-widget-wrap elementor-element-populated\">\n\t\t\t\t\t\t<div class=\"elementor-element elementor-element-418f2ea elementor-widget elementor-widget-wd_text_block\" data-id=\"418f2ea\" data-element_type=\"widget\" data-widget_type=\"wd_text_block.default\">\n\t\t\t\t<div class=\"elementor-widget-container\">\n\t\t\t\t\t\t\t<div class=\"wd-text-block reset-last-child text-left\">\n\t\t\t\n\t\t\t<p>Ville \u00e9l\u00e9gante et dynamique du sud de la France, Aix-en-Provence attire les particuliers et professionnels recherchant des solutions de s\u00e9curit\u00e9 performantes. Depuis 1908, Arcas Gruber propose une gamme de <strong>coffres-forts<\/strong> robustes, certifi\u00e9s et parfaitement adapt\u00e9s aux exigences de protection des biens \u00e0 Aix-en-Provence et dans le Pays d\u2019Aix.<\/p><p>Dans les quartiers historiques ou r\u00e9sidentiels \u2014 Mazarin, Jas-de-Bouffan, Encagnane, Saint-Mitre ou Puyricard \u2014 nos techniciens interviennent pour installer le <a href=\"https:\/\/arcasgruber.com\/fr\/coffres-forts\/\">coffre-fort<\/a> qui vous permettra de s\u00e9curiser vos objets pr\u00e9cieux, documents ou fonds de commerce.<\/p><h2>Pourquoi choisir un coffre-fort certifi\u00e9 \u00e0 Aix-en-Provence ?<\/h2><p>Que vous soyez un particulier, un commer\u00e7ant ou une entreprise, prot\u00e9ger vos biens est indispensable. Nos <a href=\"https:\/\/arcasgruber.com\/fr\/coffres-forts-certifies\/\">coffres-forts certifi\u00e9s<\/a> r\u00e9pondent \u00e0 la norme UNE EN 1143-1, garantissant une r\u00e9sistance \u00e0 l\u2019effraction et, selon le mod\u00e8le, \u00e0 l\u2019incendie. Cette certification est \u00e9galement exig\u00e9e par les compagnies d\u2019assurance pour une protection assur\u00e9e de vos biens de valeur.<\/p><h2>Une installation professionnelle dans tout le Pays d\u2019Aix<\/h2><p>Immeuble haussmannien, villa proven\u00e7ale ou local commercial : nos experts \u00e9valuent vos contraintes techniques pour vous recommander un coffre-fort encastrable, \u00e0 poser, ignifuge ou \u00e9quip\u00e9 d\u2019une serrure biom\u00e9trique ou \u00e9lectronique.<\/p><p>Nous r\u00e9alisons la livraison, l\u2019installation et la maintenance dans tout le secteur d\u2019Aix-en-Provence, avec un service professionnel et discret.<\/p><h2>Solutions adapt\u00e9es pour particuliers et professionnels<\/h2><p>Particuliers souhaitant s\u00e9curiser bijoux, documents ou liquidit\u00e9s, h\u00f4tels, restaurants et commerces haut de gamme d\u2019Aix-en-Provence : Arcas Gruber propose des solutions sur mesure avec coffres-forts de d\u00e9p\u00f4t, armoires fortes et chambres fortes pour les professionnels et commerces locaux.<\/p><h2>Une expertise centenaire reconnue<\/h2><p>Depuis 1908, Arcas Gruber con\u00e7oit des coffres-forts performants et fiables, avec un contr\u00f4le qualit\u00e9 rigoureux \u00e0 chaque \u00e9tape de la production. Nos produits associent robustesse et technologies avanc\u00e9es pour garantir une s\u00e9curit\u00e9 optimale dans le temps.<\/p><p>Notre \u00e9quipe technique assure le suivi et la maintenance de vos installations dans tout le d\u00e9partement des Bouches-du-Rh\u00f4ne.<\/p><h2>Pourquoi faire confiance \u00e0 Arcas Gruber \u00e0 Aix-en-Provence ?<\/h2><ul><li>Fabricant europ\u00e9en depuis 1908<\/li><li>Produits certifi\u00e9s selon la norme UNE EN 1143-1<\/li><li>Installation sur mesure et ancrage professionnel<\/li><li>Service apr\u00e8s-vente et maintenance r\u00e9actifs<\/li><li>Solutions adapt\u00e9es aux particuliers et entreprises locales<\/li><\/ul><p>Avec Arcas Gruber, s\u00e9curisez vos biens \u00e0 Aix-en-Provence gr\u00e2ce \u00e0 un <strong>coffre-fort<\/strong> fiable et certifi\u00e9.<\/p><p>Consultez notre <a href=\"https:\/\/arcasgruber.com\/fr\/coffres-forts\/\">catalogue complet<\/a>, explorez nos <a href=\"https:\/\/arcasgruber.com\/fr\/coffres-forts-certifies\/\">mod\u00e8les certifi\u00e9s<\/a> et d\u00e9couvrez notre r\u00e9seau national sur la page <a href=\"https:\/\/arcasgruber.com\/fr\/coffres-forts-en-france\/\">coffres-forts en France<\/a>.<\/p><p><strong>Arcas Gruber, votre expert s\u00e9curit\u00e9 \u00e0 Aix-en-Provence et en Provence-Alpes-C\u00f4te d\u2019Azur.<\/strong><\/p>\n\t\t\t\t\t<\/div>\n\t\t\t\t\t\t<\/div>\n\t\t\t\t<\/div>\n\t\t\t\t\t<\/div>\n\t\t<\/div>\n\t\t\t\t\t<\/div>\n\t\t<\/section>\n\t\t\t\t<\/div>\n\t\t","protected":false},"excerpt":{"rendered":"<p>Ville \u00e9l\u00e9gante et dynamique du sud de la France, Aix-en-Provence attire les particuliers et professionnels recherchant des solutions de s\u00e9curit\u00e9<\/p>\n","protected":false},"author":3,"featured_media":510435,"parent":510434,"menu_order":0,"comment_status":"closed","ping_status":"closed","template":"","meta":{"_acf_changed":false,"footnotes":""},"class_list":["post-510837","page","type-page","status-publish","has-post-thumbnail","hentry"],"acf":[],"_links":{"self":[{"href":"https:\/\/arcasgruber.com\/fr\/wp-json\/wp\/v2\/pages\/510837","targetHints":{"allow":["GET"]}}],"collection":[{"href":"https:\/\/arcasgruber.com\/fr\/wp-json\/wp\/v2\/pages"}],"about":[{"href":"https:\/\/arcasgruber.com\/fr\/wp-json\/wp\/v2\/types\/page"}],"author":[{"embeddable":true,"href":"https:\/\/arcasgruber.com\/fr\/wp-json\/wp\/v2\/users\/3"}],"replies":[{"embeddable":true,"href":"https:\/\/arcasgruber.com\/fr\/wp-json\/wp\/v2\/comments?post=510837"}],"version-history":[{"count":0,"href":"https:\/\/arcasgruber.com\/fr\/wp-json\/wp\/v2\/pages\/510837\/revisions"}],"up":[{"embeddable":true,"href":"https:\/\/arcasgruber.com\/fr\/wp-json\/wp\/v2\/pages\/510434"}],"wp:featuredmedia":[{"embeddable":true,"href":"https:\/\/arcasgruber.com\/fr\/wp-json\/wp\/v2\/media\/510435"}],"wp:attachment":[{"href":"https:\/\/arcasgruber.com\/fr\/wp-json\/wp\/v2\/media?parent=510837"}],"curies":[{"name":"wp","href":"https:\/\/api.w.org\/{rel}","templated":true}]}}