{"id":510833,"date":"2025-07-14T09:18:29","date_gmt":"2025-07-14T07:18:29","guid":{"rendered":"https:\/\/arcasgruber.com\/?page_id=510833"},"modified":"2025-07-14T09:19:36","modified_gmt":"2025-07-14T07:19:36","slug":"limoges","status":"publish","type":"page","link":"https:\/\/arcasgruber.com\/fr\/coffres-forts-en-france\/limoges\/","title":{"rendered":"Coffres-forts Limoges | Protection S\u00fbre et Installation Professionnelle"},"content":{"rendered":"\t\t<div data-elementor-type=\"wp-page\" data-elementor-id=\"510833\" class=\"elementor elementor-510833\" data-elementor-post-type=\"page\">\n\t\t\t\t\t\t<section class=\"has_ae_slider elementor-section elementor-top-section elementor-element elementor-element-5d02a55 elementor-section-boxed elementor-section-height-default elementor-section-height-default wd-section-disabled ae-bg-gallery-type-default\" data-id=\"5d02a55\" data-element_type=\"section\">\n\t\t\t\t\t\t<div class=\"elementor-container elementor-column-gap-default\">\n\t\t\t\t\t<div class=\"has_ae_slider elementor-column elementor-col-100 elementor-top-column elementor-element elementor-element-9219709 ae-bg-gallery-type-default\" data-id=\"9219709\" data-element_type=\"column\">\n\t\t\t<div class=\"elementor-widget-wrap elementor-element-populated\">\n\t\t\t\t\t\t<div class=\"elementor-element elementor-element-418f2ea elementor-widget elementor-widget-wd_text_block\" data-id=\"418f2ea\" data-element_type=\"widget\" data-widget_type=\"wd_text_block.default\">\n\t\t\t\t<div class=\"elementor-widget-container\">\n\t\t\t\t\t\t\t<div class=\"wd-text-block reset-last-child text-left\">\n\t\t\t\n\t\t\t<p>Ville reconnue pour son patrimoine artisanal et son dynamisme commercial, Limoges est aujourd\u2019hui un centre \u00e9conomique r\u00e9gional o\u00f9 la protection des biens devient indispensable. Depuis 1908, Arcas Gruber propose aux particuliers, commer\u00e7ants et entreprises de Limoges des <strong>coffres-forts<\/strong> certifi\u00e9s, robustes et fiables pour s\u00e9curiser biens personnels et professionnels.<\/p><p>Que vous soyez situ\u00e9 dans le centre historique, \u00e0 Beaubreuil, \u00e0 La Bastide ou \u00e0 Landouge, nos techniciens interviennent pour installer le <a href=\"https:\/\/arcasgruber.com\/fr\/coffres-forts\/\">coffre-fort<\/a> parfaitement adapt\u00e9 \u00e0 votre environnement et \u00e0 vos exigences de s\u00e9curit\u00e9.<\/p><h2>Pourquoi choisir un coffre-fort certifi\u00e9 \u00e0 Limoges ?<\/h2><p>La s\u00e9curit\u00e9 des biens est un enjeu majeur dans toute la Haute-Vienne. Un <a href=\"https:\/\/arcasgruber.com\/fr\/coffres-forts-certifies\/\">coffre-fort certifi\u00e9<\/a> conforme \u00e0 la norme UNE EN 1143-1 est indispensable pour prot\u00e9ger vos documents, objets de valeur, liquidit\u00e9s ou \u00e9quipements sensibles. Cette certification garantit une protection \u00e9prouv\u00e9e face aux tentatives d\u2019effraction et aux incendies.<\/p><h2>Une installation professionnelle en Haute-Vienne<\/h2><p>Chaque b\u00e2timent \u00e0 Limoges pr\u00e9sente des sp\u00e9cificit\u00e9s : appartement ancien, maison individuelle, boutique ou local professionnel. Nos techniciens \u00e9valuent chaque site pour installer un coffre-fort encastrable, \u00e0 poser, ignifuge ou dot\u00e9 de verrouillage \u00e9lectronique ou biom\u00e9trique.<\/p><p>Nous assurons la livraison, l\u2019ancrage s\u00e9curis\u00e9 et la maintenance de votre coffre-fort dans tout le d\u00e9partement de la Haute-Vienne avec un service discret et efficace.<\/p><h2>Des solutions pour particuliers et professionnels limougeauds<\/h2><p>Particuliers souhaitant s\u00e9curiser des bijoux, commer\u00e7ants g\u00e9rant des fonds de caisse ou industriels stockant des documents confidentiels : Arcas Gruber propose des solutions sur mesure. Coffres-forts de d\u00e9p\u00f4t, armoires fortes, chambres fortes : chaque secteur b\u00e9n\u00e9ficie d\u2019une solution professionnelle fiable.<\/p><h2>Un fabricant europ\u00e9en depuis 1908<\/h2><p>Depuis plus d\u2019un si\u00e8cle, Arcas Gruber con\u00e7oit et fabrique des coffres-forts robustes et certifi\u00e9s. Nos ateliers respectent des normes strictes et chaque produit est soumis \u00e0 des tests rigoureux avant installation.<\/p><p>Notre \u00e9quipe SAV intervient \u00e0 Limoges et dans tout le Limousin pour assurer le suivi technique, la maintenance ou les mises \u00e0 niveau.<\/p><h2>Pourquoi choisir Arcas Gruber \u00e0 Limoges ?<\/h2><ul><li>Fabricant europ\u00e9en depuis 1908<\/li><li>Produits certifi\u00e9s UNE EN 1143-1<\/li><li>Installation professionnelle et personnalis\u00e9e<\/li><li>Maintenance et SAV r\u00e9actifs<\/li><li>Solutions adapt\u00e9es aux besoins des particuliers et entreprises locales<\/li><\/ul><p>Avec Arcas Gruber, s\u00e9curisez vos biens \u00e0 Limoges avec un <strong>coffre-fort<\/strong> fiable et certifi\u00e9.<\/p><p>D\u00e9couvrez notre <a href=\"https:\/\/arcasgruber.com\/fr\/coffres-forts\/\">catalogue complet<\/a>, nos <a href=\"https:\/\/arcasgruber.com\/fr\/coffres-forts-certifies\/\">mod\u00e8les certifi\u00e9s<\/a> et explorez notre couverture nationale sur la page <a href=\"https:\/\/arcasgruber.com\/fr\/coffres-forts-en-france\/\">coffres-forts en France<\/a>.<\/p><p><strong>Arcas Gruber, votre sp\u00e9cialiste de la s\u00e9curit\u00e9 physique \u00e0 Limoges et dans tout le Limousin.<\/strong><\/p>\n\t\t\t\t\t<\/div>\n\t\t\t\t\t\t<\/div>\n\t\t\t\t<\/div>\n\t\t\t\t\t<\/div>\n\t\t<\/div>\n\t\t\t\t\t<\/div>\n\t\t<\/section>\n\t\t\t\t<\/div>\n\t\t","protected":false},"excerpt":{"rendered":"<p>Ville reconnue pour son patrimoine artisanal et son dynamisme commercial, Limoges est aujourd\u2019hui un centre \u00e9conomique r\u00e9gional o\u00f9 la protection<\/p>\n","protected":false},"author":3,"featured_media":510688,"parent":510434,"menu_order":0,"comment_status":"closed","ping_status":"closed","template":"","meta":{"_acf_changed":false,"footnotes":""},"class_list":["post-510833","page","type-page","status-publish","has-post-thumbnail","hentry"],"acf":[],"_links":{"self":[{"href":"https:\/\/arcasgruber.com\/fr\/wp-json\/wp\/v2\/pages\/510833","targetHints":{"allow":["GET"]}}],"collection":[{"href":"https:\/\/arcasgruber.com\/fr\/wp-json\/wp\/v2\/pages"}],"about":[{"href":"https:\/\/arcasgruber.com\/fr\/wp-json\/wp\/v2\/types\/page"}],"author":[{"embeddable":true,"href":"https:\/\/arcasgruber.com\/fr\/wp-json\/wp\/v2\/users\/3"}],"replies":[{"embeddable":true,"href":"https:\/\/arcasgruber.com\/fr\/wp-json\/wp\/v2\/comments?post=510833"}],"version-history":[{"count":0,"href":"https:\/\/arcasgruber.com\/fr\/wp-json\/wp\/v2\/pages\/510833\/revisions"}],"up":[{"embeddable":true,"href":"https:\/\/arcasgruber.com\/fr\/wp-json\/wp\/v2\/pages\/510434"}],"wp:featuredmedia":[{"embeddable":true,"href":"https:\/\/arcasgruber.com\/fr\/wp-json\/wp\/v2\/media\/510688"}],"wp:attachment":[{"href":"https:\/\/arcasgruber.com\/fr\/wp-json\/wp\/v2\/media?parent=510833"}],"curies":[{"name":"wp","href":"https:\/\/api.w.org\/{rel}","templated":true}]}}