{"id":510585,"date":"2025-07-14T09:02:45","date_gmt":"2025-07-14T07:02:45","guid":{"rendered":"https:\/\/arcasgruber.com\/?page_id=510585"},"modified":"2025-07-14T09:03:32","modified_gmt":"2025-07-14T07:03:32","slug":"nimes","status":"publish","type":"page","link":"https:\/\/arcasgruber.com\/fr\/coffres-forts-en-france\/nimes\/","title":{"rendered":"Coffres-forts N\u00eemes | Protection S\u00e9curis\u00e9e et Installation Sur Mesure"},"content":{"rendered":"\t\t<div data-elementor-type=\"wp-page\" data-elementor-id=\"510585\" class=\"elementor elementor-510585\" data-elementor-post-type=\"page\">\n\t\t\t\t\t\t<section class=\"has_ae_slider elementor-section elementor-top-section elementor-element elementor-element-5d02a55 elementor-section-boxed elementor-section-height-default elementor-section-height-default wd-section-disabled ae-bg-gallery-type-default\" data-id=\"5d02a55\" data-element_type=\"section\">\n\t\t\t\t\t\t<div class=\"elementor-container elementor-column-gap-default\">\n\t\t\t\t\t<div class=\"has_ae_slider elementor-column elementor-col-100 elementor-top-column elementor-element elementor-element-9219709 ae-bg-gallery-type-default\" data-id=\"9219709\" data-element_type=\"column\">\n\t\t\t<div class=\"elementor-widget-wrap elementor-element-populated\">\n\t\t\t\t\t\t<div class=\"elementor-element elementor-element-418f2ea elementor-widget elementor-widget-wd_text_block\" data-id=\"418f2ea\" data-element_type=\"widget\" data-widget_type=\"wd_text_block.default\">\n\t\t\t\t<div class=\"elementor-widget-container\">\n\t\t\t\t\t\t\t<div class=\"wd-text-block reset-last-child text-left\">\n\t\t\t\n\t\t\t<p>Ville du sud embl\u00e9matique, N\u00eemes est un p\u00f4le commercial et touristique o\u00f9 la protection des biens personnels et professionnels est devenue une n\u00e9cessit\u00e9. Depuis 1908, Arcas Gruber accompagne les N\u00eemois avec une gamme compl\u00e8te de <strong>coffres-forts<\/strong> certifi\u00e9s, robustes et adapt\u00e9s \u00e0 tous les besoins.<\/p><p>Dans tous les quartiers de N\u00eemes \u2014 \u00c9cusson, Costi\u00e8res, Capouchin\u00e9, Mas de Mingue ou Courbessac \u2014 nos techniciens interviennent pour \u00e9tudier vos besoins et installer le <a href=\"https:\/\/arcasgruber.com\/fr\/coffres-forts\/\">coffre-fort<\/a> id\u00e9al pour votre maison, commerce ou entreprise.<\/p><h2>Pourquoi choisir un coffre-fort certifi\u00e9 \u00e0 N\u00eemes ?<\/h2><p>Prot\u00e9ger vos documents, objets de valeur, bijoux ou fonds de commerce est essentiel. Un <a href=\"https:\/\/arcasgruber.com\/fr\/coffres-forts-certifies\/\">coffre-fort certifi\u00e9<\/a> garantit une s\u00e9curit\u00e9 maximale gr\u00e2ce \u00e0 sa conformit\u00e9 \u00e0 la norme UNE EN 1143-1, assurant une protection \u00e9prouv\u00e9e contre l\u2019effraction et l\u2019incendie.<\/p><p>Cette certification est reconnue par les compagnies d\u2019assurance et essentielle pour la protection de vos biens les plus pr\u00e9cieux.<\/p><h2>Installation professionnelle \u00e0 N\u00eemes et dans le Gard<\/h2><p>Nos techniciens analysent la configuration de votre b\u00e2timent \u2014 maison traditionnelle, appartement en centre-ville ou local commercial \u2014 pour recommander le mod\u00e8le le mieux adapt\u00e9 : coffre-fort encastrable, \u00e0 poser, ignifuge ou avec serrure biom\u00e9trique ou \u00e9lectronique.<\/p><p>Nous r\u00e9alisons la livraison, l\u2019installation, l\u2019ancrage s\u00e9curis\u00e9 et la maintenance pour assurer la fiabilit\u00e9 de votre syst\u00e8me de s\u00e9curit\u00e9 physique sur le long terme.<\/p><h2>Solutions pour particuliers, commerces et entreprises<\/h2><p>Arcas Gruber propose des solutions pour tous : coffres-forts pour objets personnels, coffres de d\u00e9p\u00f4t avec fente pour commerces et restaurants, armoires fortes pour entreprises stockant des documents confidentiels ou supports num\u00e9riques.<\/p><p>Nos produits sont adapt\u00e9s aux secteurs du tourisme, de la restauration, de l\u2019artisanat et du commerce implant\u00e9s \u00e0 N\u00eemes et dans la r\u00e9gion Occitanie.<\/p><h2>Une expertise reconnue depuis 1908<\/h2><p>Depuis plus de 100 ans, Arcas Gruber con\u00e7oit des coffres-forts robustes, test\u00e9s et certifi\u00e9s selon les standards europ\u00e9ens les plus stricts. Chaque produit est soumis \u00e0 des contr\u00f4les rigoureux pour garantir fiabilit\u00e9 et durabilit\u00e9.<\/p><p>Notre service apr\u00e8s-vente couvre N\u00eemes et tout le d\u00e9partement du Gard pour l\u2019entretien et les interventions techniques.<\/p><h2>Pourquoi faire confiance \u00e0 Arcas Gruber \u00e0 N\u00eemes ?<\/h2><ul><li>Fabricant europ\u00e9en historique depuis 1908<\/li><li>Produits certifi\u00e9s selon la norme UNE EN 1143-1<\/li><li>\u00c9tude personnalis\u00e9e et installation sur mesure<\/li><li>Maintenance et service apr\u00e8s-vente r\u00e9actifs<\/li><li>Solutions adapt\u00e9es aux particuliers et professionnels<\/li><\/ul><p>S\u00e9curisez vos biens gr\u00e2ce aux <strong>coffres-forts<\/strong> Arcas Gruber \u00e0 N\u00eemes et b\u00e9n\u00e9ficiez d\u2019une protection fiable et durable.<\/p><p>Explorez notre gamme compl\u00e8te de <a href=\"https:\/\/arcasgruber.com\/fr\/coffres-forts\/\">coffres-forts<\/a>, nos mod\u00e8les <a href=\"https:\/\/arcasgruber.com\/fr\/coffres-forts-certifies\/\">certifi\u00e9s<\/a> et consultez aussi notre page <a href=\"https:\/\/arcasgruber.com\/fr\/coffres-forts-en-france\/\">coffres-forts en France<\/a> pour conna\u00eetre toute notre couverture nationale.<\/p><p><strong>Arcas Gruber, votre partenaire s\u00e9curit\u00e9 \u00e0 N\u00eemes et dans le Gard.<\/strong><\/p>\n\t\t\t\t\t<\/div>\n\t\t\t\t\t\t<\/div>\n\t\t\t\t<\/div>\n\t\t\t\t\t<\/div>\n\t\t<\/div>\n\t\t\t\t\t<\/div>\n\t\t<\/section>\n\t\t\t\t<\/div>\n\t\t","protected":false},"excerpt":{"rendered":"<p>Ville du sud embl\u00e9matique, N\u00eemes est un p\u00f4le commercial et touristique o\u00f9 la protection des biens personnels et professionnels est<\/p>\n","protected":false},"author":3,"featured_media":510724,"parent":510434,"menu_order":0,"comment_status":"closed","ping_status":"closed","template":"","meta":{"_acf_changed":false,"footnotes":""},"class_list":["post-510585","page","type-page","status-publish","has-post-thumbnail","hentry"],"acf":[],"_links":{"self":[{"href":"https:\/\/arcasgruber.com\/fr\/wp-json\/wp\/v2\/pages\/510585","targetHints":{"allow":["GET"]}}],"collection":[{"href":"https:\/\/arcasgruber.com\/fr\/wp-json\/wp\/v2\/pages"}],"about":[{"href":"https:\/\/arcasgruber.com\/fr\/wp-json\/wp\/v2\/types\/page"}],"author":[{"embeddable":true,"href":"https:\/\/arcasgruber.com\/fr\/wp-json\/wp\/v2\/users\/3"}],"replies":[{"embeddable":true,"href":"https:\/\/arcasgruber.com\/fr\/wp-json\/wp\/v2\/comments?post=510585"}],"version-history":[{"count":0,"href":"https:\/\/arcasgruber.com\/fr\/wp-json\/wp\/v2\/pages\/510585\/revisions"}],"up":[{"embeddable":true,"href":"https:\/\/arcasgruber.com\/fr\/wp-json\/wp\/v2\/pages\/510434"}],"wp:featuredmedia":[{"embeddable":true,"href":"https:\/\/arcasgruber.com\/fr\/wp-json\/wp\/v2\/media\/510724"}],"wp:attachment":[{"href":"https:\/\/arcasgruber.com\/fr\/wp-json\/wp\/v2\/media?parent=510585"}],"curies":[{"name":"wp","href":"https:\/\/api.w.org\/{rel}","templated":true}]}}