{"id":510580,"date":"2025-07-11T12:57:15","date_gmt":"2025-07-11T10:57:15","guid":{"rendered":"https:\/\/arcasgruber.com\/?page_id=510580"},"modified":"2025-07-11T13:46:14","modified_gmt":"2025-07-11T11:46:14","slug":"toulon","status":"publish","type":"page","link":"https:\/\/arcasgruber.com\/fr\/coffres-forts-en-france\/toulon\/","title":{"rendered":"Coffres-forts Toulon | Protection S\u00fbre et Pose Personnalis\u00e9e"},"content":{"rendered":"\t\t<div data-elementor-type=\"wp-page\" data-elementor-id=\"510580\" class=\"elementor elementor-510580\" data-elementor-post-type=\"page\">\n\t\t\t\t\t\t<section class=\"has_ae_slider elementor-section elementor-top-section elementor-element elementor-element-5d02a55 elementor-section-boxed elementor-section-height-default elementor-section-height-default wd-section-disabled ae-bg-gallery-type-default\" data-id=\"5d02a55\" data-element_type=\"section\">\n\t\t\t\t\t\t<div class=\"elementor-container elementor-column-gap-default\">\n\t\t\t\t\t<div class=\"has_ae_slider elementor-column elementor-col-100 elementor-top-column elementor-element elementor-element-9219709 ae-bg-gallery-type-default\" data-id=\"9219709\" data-element_type=\"column\">\n\t\t\t<div class=\"elementor-widget-wrap elementor-element-populated\">\n\t\t\t\t\t\t<div class=\"elementor-element elementor-element-418f2ea elementor-widget elementor-widget-wd_text_block\" data-id=\"418f2ea\" data-element_type=\"widget\" data-widget_type=\"wd_text_block.default\">\n\t\t\t\t<div class=\"elementor-widget-container\">\n\t\t\t\t\t\t\t<div class=\"wd-text-block reset-last-child text-left\">\n\t\t\t\n\t\t\t<p>Ville portuaire strat\u00e9gique et pr\u00e9fecture du Var, Toulon est un p\u00f4le dynamique o\u00f9 la s\u00e9curit\u00e9 des biens est essentielle pour les particuliers, commerces et entreprises. Depuis 1908, Arcas Gruber met son expertise au service des Toulonnais gr\u00e2ce \u00e0 des <strong>coffres-forts<\/strong> robustes, modernes et certifi\u00e9s.<\/p><p>Dans tous les quartiers de Toulon \u2014 Le Mourillon, Haute Ville, Le Pont du Las, Saint-Jean du Var ou encore La Serinette \u2014 nos techniciens interviennent pour analyser vos besoins et installer le <a href=\"https:\/\/arcasgruber.com\/fr\/coffres-forts\/\">coffre-fort<\/a> qui r\u00e9pond \u00e0 vos exigences de s\u00e9curit\u00e9.<\/p><h2>Pourquoi choisir un coffre-fort certifi\u00e9 \u00e0 Toulon ?<\/h2><p>\u00c0 Toulon, comme partout ailleurs, les risques de cambriolage ou d\u2019effraction sont r\u00e9els. Un <a href=\"https:\/\/arcasgruber.com\/fr\/coffres-forts-certifies\/\">coffre-fort certifi\u00e9<\/a> conforme \u00e0 la norme UNE EN 1143-1 garantit une protection maximale contre l\u2019intrusion et l\u2019incendie, tout en r\u00e9pondant aux crit\u00e8res exig\u00e9s par les assureurs.<\/p><p>Nos mod\u00e8les prot\u00e8gent efficacement bijoux, documents officiels, liquidit\u00e9s ou supports num\u00e9riques pour une tranquillit\u00e9 d\u2019esprit au quotidien.<\/p><h2>Une installation professionnelle sur Toulon et le Var<\/h2><p>Que vous habitiez en appartement dans le centre-ville, une villa en p\u00e9riph\u00e9rie ou que vous soyez propri\u00e9taire d\u2019un commerce proche du port ou de la base navale, nos experts \u00e9tudient chaque projet pour recommander le mod\u00e8le le mieux adapt\u00e9 : encastrable, \u00e0 poser, ignifuge ou \u00e9quip\u00e9 d\u2019une serrure biom\u00e9trique ou \u00e9lectronique.<\/p><p>Nous assurons la livraison, l\u2019ancrage s\u00e9curis\u00e9 et la maintenance pour garantir une s\u00e9curit\u00e9 optimale sur le long terme.<\/p><h2>Des solutions pour particuliers, commerces et entreprises<\/h2><p>Arcas Gruber propose des coffres-forts adapt\u00e9s \u00e0 tous les usages : particuliers souhaitant prot\u00e9ger des objets de valeur, commer\u00e7ants n\u00e9cessitant un coffre-fort de d\u00e9p\u00f4t pour g\u00e9rer la caisse, h\u00f4tels ou entreprises cherchant \u00e0 s\u00e9curiser archives et documents sensibles.<\/p><p>Nos armoires fortes r\u00e9pondent \u00e9galement aux besoins des bureaux, pharmacies ou professions lib\u00e9rales, garantissant la confidentialit\u00e9 des dossiers et supports num\u00e9riques.<\/p><h2>Une expertise \u00e9prouv\u00e9e depuis plus d\u2019un si\u00e8cle<\/h2><p>Depuis plus de 100 ans, Arcas Gruber allie tradition et innovation pour fabriquer des coffres-forts fiables et robustes. Chaque mod\u00e8le est test\u00e9 rigoureusement pour garantir une durabilit\u00e9 et une s\u00e9curit\u00e9 maximales.<\/p><p>Notre service apr\u00e8s-vente couvre tout le d\u00e9partement du Var pour assurer l\u2019entretien et la mise \u00e0 niveau de votre coffre-fort selon vos besoins.<\/p><h2>Pourquoi faire confiance \u00e0 Arcas Gruber \u00e0 Toulon ?<\/h2><ul><li>Fabricant europ\u00e9en depuis 1908<\/li><li>Produits certifi\u00e9s UNE EN 1143-1<\/li><li>\u00c9tude personnalis\u00e9e et installation professionnelle<\/li><li>Maintenance et SAV rapides<\/li><li>Solutions sur mesure pour particuliers et entreprises<\/li><\/ul><p>Prot\u00e9gez vos biens les plus pr\u00e9cieux gr\u00e2ce aux <strong>coffres-forts<\/strong> Arcas Gruber \u00e0 Toulon.<\/p><p>Consultez notre catalogue complet de <a href=\"https:\/\/arcasgruber.com\/fr\/coffres-forts\/\">coffres-forts<\/a>, nos mod\u00e8les <a href=\"https:\/\/arcasgruber.com\/fr\/coffres-forts-certifies\/\">certifi\u00e9s<\/a> et visitez aussi notre page <a href=\"https:\/\/arcasgruber.com\/fr\/coffres-forts-en-france\/\">coffres-forts en France<\/a> pour d\u00e9couvrir notre couverture nationale.<\/p><p><strong>Arcas Gruber, votre partenaire de confiance pour la s\u00e9curit\u00e9 physique \u00e0 Toulon et dans le Var.<\/strong><\/p>\n\t\t\t\t\t<\/div>\n\t\t\t\t\t\t<\/div>\n\t\t\t\t<\/div>\n\t\t\t\t\t<\/div>\n\t\t<\/div>\n\t\t\t\t\t<\/div>\n\t\t<\/section>\n\t\t\t\t<\/div>\n\t\t","protected":false},"excerpt":{"rendered":"<p>Ville portuaire strat\u00e9gique et pr\u00e9fecture du Var, Toulon est un p\u00f4le dynamique o\u00f9 la s\u00e9curit\u00e9 des biens est essentielle pour<\/p>\n","protected":false},"author":3,"featured_media":510772,"parent":510434,"menu_order":0,"comment_status":"closed","ping_status":"closed","template":"","meta":{"_acf_changed":false,"footnotes":""},"class_list":["post-510580","page","type-page","status-publish","has-post-thumbnail","hentry"],"acf":[],"_links":{"self":[{"href":"https:\/\/arcasgruber.com\/fr\/wp-json\/wp\/v2\/pages\/510580","targetHints":{"allow":["GET"]}}],"collection":[{"href":"https:\/\/arcasgruber.com\/fr\/wp-json\/wp\/v2\/pages"}],"about":[{"href":"https:\/\/arcasgruber.com\/fr\/wp-json\/wp\/v2\/types\/page"}],"author":[{"embeddable":true,"href":"https:\/\/arcasgruber.com\/fr\/wp-json\/wp\/v2\/users\/3"}],"replies":[{"embeddable":true,"href":"https:\/\/arcasgruber.com\/fr\/wp-json\/wp\/v2\/comments?post=510580"}],"version-history":[{"count":0,"href":"https:\/\/arcasgruber.com\/fr\/wp-json\/wp\/v2\/pages\/510580\/revisions"}],"up":[{"embeddable":true,"href":"https:\/\/arcasgruber.com\/fr\/wp-json\/wp\/v2\/pages\/510434"}],"wp:featuredmedia":[{"embeddable":true,"href":"https:\/\/arcasgruber.com\/fr\/wp-json\/wp\/v2\/media\/510772"}],"wp:attachment":[{"href":"https:\/\/arcasgruber.com\/fr\/wp-json\/wp\/v2\/media?parent=510580"}],"curies":[{"name":"wp","href":"https:\/\/api.w.org\/{rel}","templated":true}]}}