{"id":510579,"date":"2025-07-11T10:21:51","date_gmt":"2025-07-11T08:21:51","guid":{"rendered":"https:\/\/arcasgruber.com\/?page_id=510579"},"modified":"2025-07-11T10:22:49","modified_gmt":"2025-07-11T08:22:49","slug":"saint-etienne","status":"publish","type":"page","link":"https:\/\/arcasgruber.com\/fr\/coffres-forts-en-france\/saint-etienne\/","title":{"rendered":"Coffres-forts Saint-\u00c9tienne | S\u00e9curit\u00e9 Renforc\u00e9e et Pose Sur Mesure"},"content":{"rendered":"\t\t<div data-elementor-type=\"wp-page\" data-elementor-id=\"510579\" class=\"elementor elementor-510579\" data-elementor-post-type=\"page\">\n\t\t\t\t\t\t<section class=\"has_ae_slider elementor-section elementor-top-section elementor-element elementor-element-5d02a55 elementor-section-boxed elementor-section-height-default elementor-section-height-default wd-section-disabled ae-bg-gallery-type-default\" data-id=\"5d02a55\" data-element_type=\"section\">\n\t\t\t\t\t\t<div class=\"elementor-container elementor-column-gap-default\">\n\t\t\t\t\t<div class=\"has_ae_slider elementor-column elementor-col-100 elementor-top-column elementor-element elementor-element-9219709 ae-bg-gallery-type-default\" data-id=\"9219709\" data-element_type=\"column\">\n\t\t\t<div class=\"elementor-widget-wrap elementor-element-populated\">\n\t\t\t\t\t\t<div class=\"elementor-element elementor-element-418f2ea elementor-widget elementor-widget-wd_text_block\" data-id=\"418f2ea\" data-element_type=\"widget\" data-widget_type=\"wd_text_block.default\">\n\t\t\t\t<div class=\"elementor-widget-container\">\n\t\t\t\t\t\t\t<div class=\"wd-text-block reset-last-child text-left\">\n\t\t\t\n\t\t\t<p>Ville industrielle historique et aujourd\u2019hui centre dynamique de la r\u00e9gion Auvergne-Rh\u00f4ne-Alpes, Saint-\u00c9tienne est une m\u00e9tropole o\u00f9 la s\u00e9curit\u00e9 des biens est essentielle pour les particuliers comme pour les entreprises. Depuis plus de 100 ans, Arcas Gruber propose des <strong>coffres-forts<\/strong> fiables, modernes et certifi\u00e9s pour prot\u00e9ger vos biens \u00e0 Saint-\u00c9tienne et dans toute la Loire.<\/p><p>Du centre-ville au quartier de Bellevue, de Montreynaud \u00e0 La M\u00e9tare, nos techniciens interviennent dans toute l\u2019agglom\u00e9ration st\u00e9phanoise pour \u00e9valuer vos besoins et installer le <a href=\"https:\/\/arcasgruber.com\/fr\/coffres-forts\/\">coffre-fort<\/a> qui r\u00e9pond \u00e0 vos attentes de s\u00e9curit\u00e9.<\/p><h2>Pourquoi un coffre-fort certifi\u00e9 est indispensable \u00e0 Saint-\u00c9tienne<\/h2><p>La s\u00e9curit\u00e9 des biens de valeur, documents sensibles et fonds de commerce est une priorit\u00e9 dans une ville active comme Saint-\u00c9tienne. Un <a href=\"https:\/\/arcasgruber.com\/fr\/coffres-forts-certifies\/\">coffre-fort certifi\u00e9<\/a> conforme \u00e0 la norme UNE EN 1143-1 garantit une r\u00e9sistance \u00e9prouv\u00e9e face aux effractions et aux incendies, tout en r\u00e9pondant aux exigences des compagnies d\u2019assurance.<\/p><p>Nos mod\u00e8les prot\u00e8gent vos bijoux, documents notari\u00e9s, archives confidentielles ou supports num\u00e9riques contre les risques quotidiens.<\/p><h2>Une installation adapt\u00e9e et sur mesure<\/h2><p>Les immeubles anciens, pavillons modernes ou locaux commerciaux du centre et de la p\u00e9riph\u00e9rie de Saint-\u00c9tienne pr\u00e9sentent chacun leurs particularit\u00e9s. Nos experts \u00e9tudient chaque configuration pour vous proposer le mod\u00e8le id\u00e9al : coffre-fort encastrable, \u00e0 poser, ignifuge ou \u00e9quip\u00e9 d\u2019un syst\u00e8me de verrouillage \u00e9lectronique ou biom\u00e9trique.<\/p><p>Nous assurons la livraison, l\u2019installation, l\u2019ancrage et la maintenance pour garantir une protection fiable sur la dur\u00e9e.<\/p><h2>Des solutions pour particuliers et entreprises st\u00e9phanoises<\/h2><p>Arcas Gruber r\u00e9pond \u00e0 tous les profils : particuliers souhaitant s\u00e9curiser des biens personnels \u00e0 domicile, commer\u00e7ants et restaurateurs n\u00e9cessitant un coffre-fort de d\u00e9p\u00f4t avec fente pour g\u00e9rer la caisse, ou entreprises industrielles prot\u00e9geant des archives ou des \u00e9quipements sensibles.<\/p><p>Nous proposons \u00e9galement des armoires fortes pour les bureaux, cabinets de professions lib\u00e9rales et commerces qui doivent garantir la confidentialit\u00e9 de leurs dossiers.<\/p><h2>Un savoir-faire de plus de 100 ans<\/h2><p>Depuis 1908, Arcas Gruber allie tradition et innovation pour concevoir des coffres-forts robustes et performants. Chaque mod\u00e8le est soumis \u00e0 des contr\u00f4les rigoureux pour garantir la qualit\u00e9 et la fiabilit\u00e9 \u00e0 long terme.<\/p><p>Notre service apr\u00e8s-vente couvre toute la Loire pour toute question technique, intervention de maintenance ou mise \u00e0 niveau.<\/p><h2>Pourquoi choisir Arcas Gruber \u00e0 Saint-\u00c9tienne ?<\/h2><ul><li>Fabricant europ\u00e9en depuis 1908<\/li><li>Mod\u00e8les certifi\u00e9s selon la norme UNE EN 1143-1<\/li><li>Installation et ancrage professionnels<\/li><li>Maintenance et SAV r\u00e9actifs<\/li><li>Solutions adapt\u00e9es aux besoins locaux<\/li><\/ul><p>Prot\u00e9gez ce qui compte pour vous gr\u00e2ce aux <strong>coffres-forts<\/strong> Arcas Gruber \u00e0 Saint-\u00c9tienne.<\/p><p>D\u00e9couvrez notre catalogue complet de <a href=\"https:\/\/arcasgruber.com\/fr\/coffres-forts\/\">coffres-forts<\/a>, nos mod\u00e8les <a href=\"https:\/\/arcasgruber.com\/fr\/coffres-forts-certifies\/\">certifi\u00e9s<\/a> et visitez notre page <a href=\"https:\/\/arcasgruber.com\/fr\/coffres-forts-en-france\/\">coffres-forts en France<\/a> pour explorer toute notre couverture nationale.<\/p><p><strong>Arcas Gruber, votre partenaire s\u00e9curit\u00e9 \u00e0 Saint-\u00c9tienne et en Auvergne-Rh\u00f4ne-Alpes.<\/strong><\/p>\n\t\t\t\t\t<\/div>\n\t\t\t\t\t\t<\/div>\n\t\t\t\t<\/div>\n\t\t\t\t\t<\/div>\n\t\t<\/div>\n\t\t\t\t\t<\/div>\n\t\t<\/section>\n\t\t\t\t<\/div>\n\t\t","protected":false},"excerpt":{"rendered":"<p>Ville industrielle historique et aujourd\u2019hui centre dynamique de la r\u00e9gion Auvergne-Rh\u00f4ne-Alpes, Saint-\u00c9tienne est une m\u00e9tropole o\u00f9 la s\u00e9curit\u00e9 des biens<\/p>\n","protected":false},"author":3,"featured_media":510760,"parent":510434,"menu_order":0,"comment_status":"closed","ping_status":"closed","template":"","meta":{"_acf_changed":false,"footnotes":""},"class_list":["post-510579","page","type-page","status-publish","has-post-thumbnail","hentry"],"acf":[],"_links":{"self":[{"href":"https:\/\/arcasgruber.com\/fr\/wp-json\/wp\/v2\/pages\/510579","targetHints":{"allow":["GET"]}}],"collection":[{"href":"https:\/\/arcasgruber.com\/fr\/wp-json\/wp\/v2\/pages"}],"about":[{"href":"https:\/\/arcasgruber.com\/fr\/wp-json\/wp\/v2\/types\/page"}],"author":[{"embeddable":true,"href":"https:\/\/arcasgruber.com\/fr\/wp-json\/wp\/v2\/users\/3"}],"replies":[{"embeddable":true,"href":"https:\/\/arcasgruber.com\/fr\/wp-json\/wp\/v2\/comments?post=510579"}],"version-history":[{"count":0,"href":"https:\/\/arcasgruber.com\/fr\/wp-json\/wp\/v2\/pages\/510579\/revisions"}],"up":[{"embeddable":true,"href":"https:\/\/arcasgruber.com\/fr\/wp-json\/wp\/v2\/pages\/510434"}],"wp:featuredmedia":[{"embeddable":true,"href":"https:\/\/arcasgruber.com\/fr\/wp-json\/wp\/v2\/media\/510760"}],"wp:attachment":[{"href":"https:\/\/arcasgruber.com\/fr\/wp-json\/wp\/v2\/media?parent=510579"}],"curies":[{"name":"wp","href":"https:\/\/api.w.org\/{rel}","templated":true}]}}