{"id":510578,"date":"2025-07-11T10:19:02","date_gmt":"2025-07-11T08:19:02","guid":{"rendered":"https:\/\/arcasgruber.com\/?page_id=510578"},"modified":"2025-07-11T10:19:57","modified_gmt":"2025-07-11T08:19:57","slug":"le-havre","status":"publish","type":"page","link":"https:\/\/arcasgruber.com\/fr\/coffres-forts-en-france\/le-havre\/","title":{"rendered":"Coffres-forts Le Havre | S\u00e9curit\u00e9 et Installation Professionnelle"},"content":{"rendered":"\t\t<div data-elementor-type=\"wp-page\" data-elementor-id=\"510578\" class=\"elementor elementor-510578\" data-elementor-post-type=\"page\">\n\t\t\t\t\t\t<section class=\"has_ae_slider elementor-section elementor-top-section elementor-element elementor-element-5d02a55 elementor-section-boxed elementor-section-height-default elementor-section-height-default wd-section-disabled ae-bg-gallery-type-default\" data-id=\"5d02a55\" data-element_type=\"section\">\n\t\t\t\t\t\t<div class=\"elementor-container elementor-column-gap-default\">\n\t\t\t\t\t<div class=\"has_ae_slider elementor-column elementor-col-100 elementor-top-column elementor-element elementor-element-9219709 ae-bg-gallery-type-default\" data-id=\"9219709\" data-element_type=\"column\">\n\t\t\t<div class=\"elementor-widget-wrap elementor-element-populated\">\n\t\t\t\t\t\t<div class=\"elementor-element elementor-element-418f2ea elementor-widget elementor-widget-wd_text_block\" data-id=\"418f2ea\" data-element_type=\"widget\" data-widget_type=\"wd_text_block.default\">\n\t\t\t\t<div class=\"elementor-widget-container\">\n\t\t\t\t\t\t\t<div class=\"wd-text-block reset-last-child text-left\">\n\t\t\t\n\t\t\t<p>Ville portuaire majeure de Normandie et porte d\u2019entr\u00e9e maritime de la France, Le Havre concentre une activit\u00e9 \u00e9conomique intense, o\u00f9 la s\u00e9curit\u00e9 des biens est une n\u00e9cessit\u00e9 pour les particuliers comme pour les entreprises. Depuis plus de 100 ans, Arcas Gruber propose des <strong>coffres-forts<\/strong> robustes et certifi\u00e9s pour prot\u00e9ger vos biens au Havre et dans toute la r\u00e9gion havraise.<\/p><p>Dans tous les quartiers du Havre \u2014 Centre-Ville reconstruit par Perret, Docks Vauban, Sanvic, Graville ou Sainte-Adresse \u2014 nos techniciens se d\u00e9placent pour \u00e9tudier vos besoins, conseiller et installer le <a href=\"https:\/\/arcasgruber.com\/fr\/coffres-forts\/\">coffre-fort<\/a> le mieux adapt\u00e9 \u00e0 votre habitation ou \u00e0 votre local professionnel.<\/p><h2>Pourquoi installer un coffre-fort certifi\u00e9 au Havre ?<\/h2><p>Qu\u2019il s\u2019agisse de prot\u00e9ger des documents, des bijoux, des fonds de commerce ou du mat\u00e9riel sensible, un <a href=\"https:\/\/arcasgruber.com\/fr\/coffres-forts-certifies\/\">coffre-fort certifi\u00e9<\/a> est indispensable pour garantir une protection r\u00e9elle. Tous nos mod\u00e8les sont conformes \u00e0 la norme UNE EN 1143-1, gage de r\u00e9sistance contre l\u2019effraction et, pour certains, contre l\u2019incendie.<\/p><p>Cette certification est \u00e9galement exig\u00e9e par de nombreuses compagnies d\u2019assurance pour garantir la couverture des valeurs stock\u00e9es.<\/p><h2>Installation professionnelle au Havre et en Seine-Maritime<\/h2><p>Chaque b\u00e2timent havrais pr\u00e9sente ses sp\u00e9cificit\u00e9s : appartement en centre-ville, maison individuelle, local commercial dans la zone portuaire ou entrep\u00f4t logistique. Nos experts r\u00e9alisent une \u00e9tude pr\u00e9cise pour vous proposer la meilleure option : coffre-fort encastrable, coffre-fort \u00e0 poser, ignifuge ou \u00e9quip\u00e9 d\u2019une serrure \u00e9lectronique ou biom\u00e9trique.<\/p><p>Nous assurons la livraison, l\u2019installation professionnelle et la maintenance pour garantir une s\u00e9curit\u00e9 optimale et durable.<\/p><h2>Des solutions pour particuliers, commerces et entreprises<\/h2><p>Arcas Gruber \u00e9quipe aussi bien les particuliers que les commerces, h\u00f4tels ou entreprises du Havre. Pour les commerces et restaurants du quartier Saint-Fran\u00e7ois ou des Halles Centrales, nous proposons des coffres-forts de d\u00e9p\u00f4t avec fente pour s\u00e9curiser la gestion quotidienne des liquidit\u00e9s.<\/p><p>Nous fabriquons \u00e9galement des armoires fortes pour prot\u00e9ger archives, documents confidentiels ou \u00e9quipements \u00e9lectroniques sensibles.<\/p><h2>Plus de 100 ans d\u2019expertise<\/h2><p>Depuis 1908, Arcas Gruber con\u00e7oit et fabrique des coffres-forts solides, performants et conformes aux exigences les plus strictes. Chaque mod\u00e8le est test\u00e9 et v\u00e9rifi\u00e9 avant installation pour garantir la fiabilit\u00e9 \u00e0 long terme.<\/p><p>Notre service apr\u00e8s-vente est disponible au Havre et dans tout le d\u00e9partement de la Seine-Maritime pour toute intervention technique, entretien ou mise \u00e0 niveau de votre \u00e9quipement de s\u00e9curit\u00e9.<\/p><h2>Pourquoi choisir Arcas Gruber au Havre ?<\/h2><ul><li>Fabricant europ\u00e9en depuis 1908<\/li><li>Produits certifi\u00e9s selon la norme UNE EN 1143-1<\/li><li>\u00c9tude personnalis\u00e9e et installation professionnelle<\/li><li>Maintenance et SAV rapides<\/li><li>Solutions adapt\u00e9es aux besoins locaux<\/li><\/ul><p>Prot\u00e9gez vos biens les plus pr\u00e9cieux gr\u00e2ce aux <strong>coffres-forts<\/strong> Arcas Gruber, expert en s\u00e9curit\u00e9 physique au Havre.<\/p><p>D\u00e9couvrez notre catalogue complet de <a href=\"https:\/\/arcasgruber.com\/fr\/coffres-forts\/\">coffres-forts<\/a>, nos mod\u00e8les <a href=\"https:\/\/arcasgruber.com\/fr\/coffres-forts-certifies\/\">certifi\u00e9s<\/a> et consultez aussi notre page <a href=\"https:\/\/arcasgruber.com\/fr\/coffres-forts-en-france\/\">coffres-forts en France<\/a> pour explorer notre couverture nationale.<\/p><p><strong>Arcas Gruber, votre partenaire de confiance pour la s\u00e9curit\u00e9 au Havre et en Normandie.<\/strong><\/p>\n\t\t\t\t\t<\/div>\n\t\t\t\t\t\t<\/div>\n\t\t\t\t<\/div>\n\t\t\t\t\t<\/div>\n\t\t<\/div>\n\t\t\t\t\t<\/div>\n\t\t<\/section>\n\t\t\t\t<\/div>\n\t\t","protected":false},"excerpt":{"rendered":"<p>Ville portuaire majeure de Normandie et porte d\u2019entr\u00e9e maritime de la France, Le Havre concentre une activit\u00e9 \u00e9conomique intense, o\u00f9<\/p>\n","protected":false},"author":3,"featured_media":510682,"parent":510434,"menu_order":0,"comment_status":"closed","ping_status":"closed","template":"","meta":{"_acf_changed":false,"footnotes":""},"class_list":["post-510578","page","type-page","status-publish","has-post-thumbnail","hentry"],"acf":[],"_links":{"self":[{"href":"https:\/\/arcasgruber.com\/fr\/wp-json\/wp\/v2\/pages\/510578","targetHints":{"allow":["GET"]}}],"collection":[{"href":"https:\/\/arcasgruber.com\/fr\/wp-json\/wp\/v2\/pages"}],"about":[{"href":"https:\/\/arcasgruber.com\/fr\/wp-json\/wp\/v2\/types\/page"}],"author":[{"embeddable":true,"href":"https:\/\/arcasgruber.com\/fr\/wp-json\/wp\/v2\/users\/3"}],"replies":[{"embeddable":true,"href":"https:\/\/arcasgruber.com\/fr\/wp-json\/wp\/v2\/comments?post=510578"}],"version-history":[{"count":0,"href":"https:\/\/arcasgruber.com\/fr\/wp-json\/wp\/v2\/pages\/510578\/revisions"}],"up":[{"embeddable":true,"href":"https:\/\/arcasgruber.com\/fr\/wp-json\/wp\/v2\/pages\/510434"}],"wp:featuredmedia":[{"embeddable":true,"href":"https:\/\/arcasgruber.com\/fr\/wp-json\/wp\/v2\/media\/510682"}],"wp:attachment":[{"href":"https:\/\/arcasgruber.com\/fr\/wp-json\/wp\/v2\/media?parent=510578"}],"curies":[{"name":"wp","href":"https:\/\/api.w.org\/{rel}","templated":true}]}}