{"id":510524,"date":"2025-07-10T10:09:40","date_gmt":"2025-07-10T08:09:40","guid":{"rendered":"https:\/\/arcasgruber.com\/?page_id=510524"},"modified":"2025-07-10T10:10:24","modified_gmt":"2025-07-10T08:10:24","slug":"rennes","status":"publish","type":"page","link":"https:\/\/arcasgruber.com\/fr\/coffres-forts-en-france\/rennes\/","title":{"rendered":"Coffres-forts Rennes | Fabricant Certifi\u00e9 pour Particuliers et Entreprises"},"content":{"rendered":"\t\t<div data-elementor-type=\"wp-page\" data-elementor-id=\"510524\" class=\"elementor elementor-510524\" data-elementor-post-type=\"page\">\n\t\t\t\t\t\t<section class=\"has_ae_slider elementor-section elementor-top-section elementor-element elementor-element-5d02a55 elementor-section-boxed elementor-section-height-default elementor-section-height-default wd-section-disabled ae-bg-gallery-type-default\" data-id=\"5d02a55\" data-element_type=\"section\">\n\t\t\t\t\t\t<div class=\"elementor-container elementor-column-gap-default\">\n\t\t\t\t\t<div class=\"has_ae_slider elementor-column elementor-col-100 elementor-top-column elementor-element elementor-element-9219709 ae-bg-gallery-type-default\" data-id=\"9219709\" data-element_type=\"column\">\n\t\t\t<div class=\"elementor-widget-wrap elementor-element-populated\">\n\t\t\t\t\t\t<div class=\"elementor-element elementor-element-418f2ea elementor-widget elementor-widget-wd_text_block\" data-id=\"418f2ea\" data-element_type=\"widget\" data-widget_type=\"wd_text_block.default\">\n\t\t\t\t<div class=\"elementor-widget-container\">\n\t\t\t\t\t\t\t<div class=\"wd-text-block reset-last-child text-left\">\n\t\t\t\n\t\t\t<p>Capitale de la Bretagne et ville universitaire dynamique, Rennes attire de nombreux particuliers, entrepreneurs et familles soucieux de prot\u00e9ger leurs biens. Pour s\u00e9curiser vos documents, objets de valeur, fonds de commerce ou archives sensibles, Arcas Gruber propose depuis 1908 des <strong>coffres-forts<\/strong> fiables, modernes et certifi\u00e9s \u00e0 Rennes et dans toute l\u2019Ille-et-Vilaine.<\/p><p>Dans tous les quartiers rennais \u2014 Centre, Thabor, Saint-H\u00e9lier, Beauregard, Cleunay ou Br\u00e9quigny \u2014 nos \u00e9quipes vous conseillent et installent le <a href=\"https:\/\/arcasgruber.com\/fr\/coffres-forts\/\">coffre-fort<\/a> le plus adapt\u00e9 \u00e0 vos besoins et \u00e0 vos contraintes techniques.<\/p><h2>Pourquoi un coffre-fort certifi\u00e9 est essentiel \u00e0 Rennes<\/h2><p>Comme dans toutes les grandes villes, le risque de cambriolage ou de tentative d\u2019effraction existe. Un <a href=\"https:\/\/arcasgruber.com\/fr\/coffres-forts-certifies\/\">coffre-fort certifi\u00e9<\/a> selon la norme UNE EN 1143-1 garantit une protection r\u00e9elle face aux tentatives d\u2019intrusion et \u00e0 l\u2019incendie, tout en r\u00e9pondant aux exigences des assureurs pour couvrir les biens stock\u00e9s.<\/p><p>Nos mod\u00e8les sont con\u00e7us pour prot\u00e9ger efficacement bijoux, documents officiels, liquidit\u00e9s, supports num\u00e9riques ou objets personnels.<\/p><h2>Une installation personnalis\u00e9e sur Rennes et sa m\u00e9tropole<\/h2><p>Chaque habitation ou local professionnel a ses sp\u00e9cificit\u00e9s : maison de ville, immeuble r\u00e9cent, boutique en centre-ville ou cabinet de profession lib\u00e9rale. Nos techniciens se d\u00e9placent pour r\u00e9aliser une \u00e9tude personnalis\u00e9e et recommander le mod\u00e8le id\u00e9al : coffre-fort encastrable, \u00e0 poser, ignifuge ou \u00e9quip\u00e9 de verrouillage \u00e9lectronique ou biom\u00e9trique.<\/p><p>Nous assurons la livraison, l\u2019installation, l\u2019ancrage et la maintenance pour garantir une protection durable de vos biens.<\/p><h2>Solutions pour particuliers, commerces et entreprises rennaises<\/h2><p>Que vous soyez particulier, commer\u00e7ant, h\u00f4telier ou chef d\u2019entreprise, Arcas Gruber a la solution : coffres-forts avec fente de d\u00e9p\u00f4t pour les commerces, coffres-forts pour chambres d\u2019h\u00f4tel ou armoires fortes pour archives confidentielles et dossiers sensibles.<\/p><p>Nos mod\u00e8les s\u2019adaptent parfaitement aux besoins des entreprises de services, boutiques, pharmacies et \u00e9tablissements scolaires et universitaires de Rennes.<\/p><h2>Plus de 100 ans de savoir-faire<\/h2><p>Depuis 1908, Arcas Gruber con\u00e7oit et fabrique des coffres-forts solides, performants et conformes aux normes les plus strictes. Notre expertise combine artisanat et technologies modernes pour vous offrir la meilleure protection.<\/p><p>Notre service apr\u00e8s-vente est \u00e0 votre disposition \u00e0 Rennes et dans tout le d\u00e9partement pour tout entretien, d\u00e9pannage ou mise \u00e0 niveau technique.<\/p><h2>Pourquoi choisir Arcas Gruber \u00e0 Rennes ?<\/h2><ul><li>Fabricant europ\u00e9en depuis 1908<\/li><li>Mod\u00e8les certifi\u00e9s UNE EN 1143-1<\/li><li>Installation sur mesure et s\u00e9curis\u00e9e<\/li><li>Maintenance et SAV rapides<\/li><li>Solutions adapt\u00e9es \u00e0 tous les besoins<\/li><\/ul><p>Prot\u00e9gez vos biens avec les <strong>coffres-forts<\/strong> Arcas Gruber \u00e0 Rennes et b\u00e9n\u00e9ficiez d\u2019une s\u00e9curit\u00e9 maximale pour votre foyer ou votre activit\u00e9 professionnelle.<\/p><p>D\u00e9couvrez notre catalogue complet de <a href=\"https:\/\/arcasgruber.com\/fr\/coffres-forts\/\">coffres-forts<\/a>, nos mod\u00e8les <a href=\"https:\/\/arcasgruber.com\/fr\/coffres-forts-certifies\/\">certifi\u00e9s<\/a> et visitez aussi notre page <a href=\"https:\/\/arcasgruber.com\/fr\/coffres-forts-en-france\/\">coffres-forts en France<\/a> pour explorer notre r\u00e9seau national.<\/p><p><strong>Arcas Gruber, votre partenaire de confiance pour la s\u00e9curit\u00e9 physique \u00e0 Rennes et en Bretagne.<\/strong><\/p>\n\t\t\t\t\t<\/div>\n\t\t\t\t\t\t<\/div>\n\t\t\t\t<\/div>\n\t\t\t\t\t<\/div>\n\t\t<\/div>\n\t\t\t\t\t<\/div>\n\t\t<\/section>\n\t\t\t\t<\/div>\n\t\t","protected":false},"excerpt":{"rendered":"<p>Capitale de la Bretagne et ville universitaire dynamique, Rennes attire de nombreux particuliers, entrepreneurs et familles soucieux de prot\u00e9ger leurs<\/p>\n","protected":false},"author":3,"featured_media":510558,"parent":510434,"menu_order":0,"comment_status":"closed","ping_status":"closed","template":"","meta":{"_acf_changed":false,"footnotes":""},"class_list":["post-510524","page","type-page","status-publish","has-post-thumbnail","hentry"],"acf":[],"_links":{"self":[{"href":"https:\/\/arcasgruber.com\/fr\/wp-json\/wp\/v2\/pages\/510524","targetHints":{"allow":["GET"]}}],"collection":[{"href":"https:\/\/arcasgruber.com\/fr\/wp-json\/wp\/v2\/pages"}],"about":[{"href":"https:\/\/arcasgruber.com\/fr\/wp-json\/wp\/v2\/types\/page"}],"author":[{"embeddable":true,"href":"https:\/\/arcasgruber.com\/fr\/wp-json\/wp\/v2\/users\/3"}],"replies":[{"embeddable":true,"href":"https:\/\/arcasgruber.com\/fr\/wp-json\/wp\/v2\/comments?post=510524"}],"version-history":[{"count":0,"href":"https:\/\/arcasgruber.com\/fr\/wp-json\/wp\/v2\/pages\/510524\/revisions"}],"up":[{"embeddable":true,"href":"https:\/\/arcasgruber.com\/fr\/wp-json\/wp\/v2\/pages\/510434"}],"wp:featuredmedia":[{"embeddable":true,"href":"https:\/\/arcasgruber.com\/fr\/wp-json\/wp\/v2\/media\/510558"}],"wp:attachment":[{"href":"https:\/\/arcasgruber.com\/fr\/wp-json\/wp\/v2\/media?parent=510524"}],"curies":[{"name":"wp","href":"https:\/\/api.w.org\/{rel}","templated":true}]}}