{"id":510523,"date":"2025-07-10T10:03:52","date_gmt":"2025-07-10T08:03:52","guid":{"rendered":"https:\/\/arcasgruber.com\/?page_id=510523"},"modified":"2025-07-10T10:04:40","modified_gmt":"2025-07-10T08:04:40","slug":"lille","status":"publish","type":"page","link":"https:\/\/arcasgruber.com\/fr\/coffres-forts-en-france\/lille\/","title":{"rendered":"Coffres-forts Lille | Fabricant Certifi\u00e9 pour Particuliers et Entreprises"},"content":{"rendered":"\t\t<div data-elementor-type=\"wp-page\" data-elementor-id=\"510523\" class=\"elementor elementor-510523\" data-elementor-post-type=\"page\">\n\t\t\t\t\t\t<section class=\"has_ae_slider elementor-section elementor-top-section elementor-element elementor-element-5d02a55 elementor-section-boxed elementor-section-height-default elementor-section-height-default wd-section-disabled ae-bg-gallery-type-default\" data-id=\"5d02a55\" data-element_type=\"section\">\n\t\t\t\t\t\t<div class=\"elementor-container elementor-column-gap-default\">\n\t\t\t\t\t<div class=\"has_ae_slider elementor-column elementor-col-100 elementor-top-column elementor-element elementor-element-9219709 ae-bg-gallery-type-default\" data-id=\"9219709\" data-element_type=\"column\">\n\t\t\t<div class=\"elementor-widget-wrap elementor-element-populated\">\n\t\t\t\t\t\t<div class=\"elementor-element elementor-element-418f2ea elementor-widget elementor-widget-wd_text_block\" data-id=\"418f2ea\" data-element_type=\"widget\" data-widget_type=\"wd_text_block.default\">\n\t\t\t\t<div class=\"elementor-widget-container\">\n\t\t\t\t\t\t\t<div class=\"wd-text-block reset-last-child text-left\">\n\t\t\t\n\t\t\t<p>Capitale des Hauts-de-France et carrefour strat\u00e9gique entre la France, la Belgique et le Royaume-Uni, Lille est une m\u00e9tropole dynamique o\u00f9 la s\u00e9curit\u00e9 des biens est une pr\u00e9occupation majeure. Depuis plus de cent ans, Arcas Gruber accompagne les Lillois, les commer\u00e7ants et les entreprises locales avec des <strong>coffres-forts<\/strong> robustes, modernes et certifi\u00e9s.<\/p><p>Dans tous les quartiers de Lille \u2014 Vieux-Lille, Wazemmes, Euralille, Vauban ou encore Moulins \u2014 nos experts interviennent pour \u00e9tudier vos besoins, conseiller et installer le <a href=\"https:\/\/arcasgruber.com\/fr\/coffres-forts\/\">coffre-fort<\/a> adapt\u00e9 \u00e0 votre habitation ou \u00e0 votre activit\u00e9 professionnelle.<\/p><h2>Pourquoi choisir un coffre-fort certifi\u00e9 \u00e0 Lille ?<\/h2><p>Les risques de cambriolage ou d\u2019effraction restent une r\u00e9alit\u00e9 dans toutes les grandes villes. Un <a href=\"https:\/\/arcasgruber.com\/fr\/coffres-forts-certifies\/\">coffre-fort certifi\u00e9<\/a> est la meilleure garantie pour prot\u00e9ger vos objets de valeur, liquidit\u00e9s, documents l\u00e9gaux ou supports num\u00e9riques.<\/p><p>Nos mod\u00e8les sont conformes \u00e0 la norme UNE EN 1143-1, reconnue par les assureurs pour garantir une couverture efficace en cas de sinistre. Certains mod\u00e8les offrent \u00e9galement une r\u00e9sistance accrue \u00e0 l\u2019incendie.<\/p><h2>Une installation personnalis\u00e9e \u00e0 Lille et en m\u00e9tropole<\/h2><p>Chaque b\u00e2timent lillois, qu\u2019il s\u2019agisse d\u2019une maison de ville, d\u2019un immeuble haussmannien ou d\u2019un local commercial, pr\u00e9sente des contraintes sp\u00e9cifiques. Nos techniciens r\u00e9alisent une \u00e9tude sur place pour recommander le mod\u00e8le le mieux adapt\u00e9 : coffre-fort encastrable, \u00e0 poser, ignifuge ou \u00e9quip\u00e9 d\u2019un verrouillage biom\u00e9trique ou \u00e9lectronique.<\/p><p>Nous prenons en charge la livraison, l\u2019installation et la maintenance pour garantir une s\u00e9curit\u00e9 durable et un usage sans faille.<\/p><h2>Des solutions pour particuliers et professionnels lillois<\/h2><p>Particuliers, commer\u00e7ants, professions lib\u00e9rales, h\u00f4tels ou entreprises du secteur tertiaire : Arcas Gruber r\u00e9pond \u00e0 tous les besoins gr\u00e2ce \u00e0 une gamme compl\u00e8te de coffres-forts et armoires fortes. Nos coffres-forts de d\u00e9p\u00f4t avec fente facilitent la gestion des liquidit\u00e9s pour les commerces et restaurants, tandis que nos armoires fortes prot\u00e8gent les archives confidentielles ou le mat\u00e9riel informatique.<\/p><h2>Une expertise de plus de 100 ans<\/h2><p>Depuis 1908, Arcas Gruber con\u00e7oit et fabrique des coffres-forts de haute qualit\u00e9, test\u00e9s et conformes aux exigences les plus strictes. Notre savoir-faire historique alli\u00e9 aux technologies modernes garantit des produits fiables, durables et adapt\u00e9s \u00e0 tous les usages.<\/p><p>Notre service apr\u00e8s-vente est disponible dans toute la m\u00e9tropole lilloise et la r\u00e9gion des Hauts-de-France pour toute question technique, intervention de maintenance ou mise \u00e0 niveau.<\/p><h2>Pourquoi choisir Arcas Gruber \u00e0 Lille ?<\/h2><ul><li>Fabricant europ\u00e9en depuis 1908<\/li><li>Produits certifi\u00e9s UNE EN 1143-1<\/li><li>Installation professionnelle et maintenance r\u00e9active<\/li><li>Solutions adapt\u00e9es \u00e0 chaque besoin<\/li><li>Intervention rapide dans toute la m\u00e9tropole<\/li><\/ul><p>Avec Arcas Gruber, vous b\u00e9n\u00e9ficiez d\u2019un partenaire de confiance pour prot\u00e9ger vos biens \u00e0 Lille et dans toute la r\u00e9gion.<\/p><p>D\u00e9couvrez notre catalogue de <a href=\"https:\/\/arcasgruber.com\/fr\/coffres-forts\/\">coffres-forts<\/a>, nos mod\u00e8les <a href=\"https:\/\/arcasgruber.com\/fr\/coffres-forts-certifies\/\">certifi\u00e9s<\/a> et notre page <a href=\"https:\/\/arcasgruber.com\/fr\/coffres-forts-en-france\/\">coffres-forts en France<\/a> pour explorer notre r\u00e9seau national.<\/p><p><strong>Arcas Gruber, votre sp\u00e9cialiste de la s\u00e9curit\u00e9 physique \u00e0 Lille et dans les Hauts-de-France.<\/strong><\/p>\n\t\t\t\t\t<\/div>\n\t\t\t\t\t\t<\/div>\n\t\t\t\t<\/div>\n\t\t\t\t\t<\/div>\n\t\t<\/div>\n\t\t\t\t\t<\/div>\n\t\t<\/section>\n\t\t\t\t<\/div>\n\t\t","protected":false},"excerpt":{"rendered":"<p>Capitale des Hauts-de-France et carrefour strat\u00e9gique entre la France, la Belgique et le Royaume-Uni, Lille est une m\u00e9tropole dynamique o\u00f9<\/p>\n","protected":false},"author":3,"featured_media":510484,"parent":510434,"menu_order":0,"comment_status":"closed","ping_status":"closed","template":"","meta":{"_acf_changed":false,"footnotes":""},"class_list":["post-510523","page","type-page","status-publish","has-post-thumbnail","hentry"],"acf":[],"_links":{"self":[{"href":"https:\/\/arcasgruber.com\/fr\/wp-json\/wp\/v2\/pages\/510523","targetHints":{"allow":["GET"]}}],"collection":[{"href":"https:\/\/arcasgruber.com\/fr\/wp-json\/wp\/v2\/pages"}],"about":[{"href":"https:\/\/arcasgruber.com\/fr\/wp-json\/wp\/v2\/types\/page"}],"author":[{"embeddable":true,"href":"https:\/\/arcasgruber.com\/fr\/wp-json\/wp\/v2\/users\/3"}],"replies":[{"embeddable":true,"href":"https:\/\/arcasgruber.com\/fr\/wp-json\/wp\/v2\/comments?post=510523"}],"version-history":[{"count":0,"href":"https:\/\/arcasgruber.com\/fr\/wp-json\/wp\/v2\/pages\/510523\/revisions"}],"up":[{"embeddable":true,"href":"https:\/\/arcasgruber.com\/fr\/wp-json\/wp\/v2\/pages\/510434"}],"wp:featuredmedia":[{"embeddable":true,"href":"https:\/\/arcasgruber.com\/fr\/wp-json\/wp\/v2\/media\/510484"}],"wp:attachment":[{"href":"https:\/\/arcasgruber.com\/fr\/wp-json\/wp\/v2\/media?parent=510523"}],"curies":[{"name":"wp","href":"https:\/\/api.w.org\/{rel}","templated":true}]}}