{"id":510522,"date":"2025-07-10T09:58:11","date_gmt":"2025-07-10T07:58:11","guid":{"rendered":"https:\/\/arcasgruber.com\/?page_id=510522"},"modified":"2025-07-10T09:59:03","modified_gmt":"2025-07-10T07:59:03","slug":"bordeaux","status":"publish","type":"page","link":"https:\/\/arcasgruber.com\/fr\/coffres-forts-en-france\/bordeaux\/","title":{"rendered":"Coffres-forts Bordeaux | Fabricant Certifi\u00e9 pour Particuliers et Entreprises"},"content":{"rendered":"\t\t<div data-elementor-type=\"wp-page\" data-elementor-id=\"510522\" class=\"elementor elementor-510522\" data-elementor-post-type=\"page\">\n\t\t\t\t\t\t<section class=\"has_ae_slider elementor-section elementor-top-section elementor-element elementor-element-5d02a55 elementor-section-boxed elementor-section-height-default elementor-section-height-default wd-section-disabled ae-bg-gallery-type-default\" data-id=\"5d02a55\" data-element_type=\"section\">\n\t\t\t\t\t\t<div class=\"elementor-container elementor-column-gap-default\">\n\t\t\t\t\t<div class=\"has_ae_slider elementor-column elementor-col-100 elementor-top-column elementor-element elementor-element-9219709 ae-bg-gallery-type-default\" data-id=\"9219709\" data-element_type=\"column\">\n\t\t\t<div class=\"elementor-widget-wrap elementor-element-populated\">\n\t\t\t\t\t\t<div class=\"elementor-element elementor-element-418f2ea elementor-widget elementor-widget-wd_text_block\" data-id=\"418f2ea\" data-element_type=\"widget\" data-widget_type=\"wd_text_block.default\">\n\t\t\t\t<div class=\"elementor-widget-container\">\n\t\t\t\t\t\t\t<div class=\"wd-text-block reset-last-child text-left\">\n\t\t\t\n\t\t\t<p>Capitale de la Nouvelle-Aquitaine et renomm\u00e9e pour son dynamisme \u00e9conomique et son patrimoine, Bordeaux est une ville o\u00f9 la s\u00e9curit\u00e9 des biens devient un enjeu prioritaire. Pour prot\u00e9ger vos documents, bijoux, fonds de commerce ou objets de valeur, Arcas Gruber propose depuis 1908 des <strong>coffres-forts<\/strong> robustes, modernes et certifi\u00e9s aux Bordelais et aux entreprises locales.<\/p><p>Dans les quartiers de Bordeaux \u2014 Saint-Pierre, Chartrons, Bastide, Caud\u00e9ran ou M\u00e9riadeck \u2014 nos techniciens interviennent pour \u00e9valuer vos besoins, vous conseiller et installer le <a href=\"https:\/\/arcasgruber.com\/fr\/coffres-forts\/\">coffre-fort<\/a> parfaitement adapt\u00e9 \u00e0 votre situation.<\/p><h2>Pourquoi choisir un coffre-fort certifi\u00e9 \u00e0 Bordeaux ?<\/h2><p>Les risques de cambriolage, d\u2019effraction ou d\u2019incendie existent, que ce soit en centre-ville, dans une maison de banlieue ou dans un local professionnel. Choisir un <a href=\"https:\/\/arcasgruber.com\/fr\/coffres-forts-certifies\/\">coffre-fort certifi\u00e9<\/a> conforme \u00e0 la norme UNE EN 1143-1 est essentiel pour garantir une r\u00e9sistance r\u00e9elle face aux intrusions et satisfaire les exigences des compagnies d\u2019assurance.<\/p><p>Chez Arcas Gruber, chaque mod\u00e8le est con\u00e7u pour offrir une protection optimale, avec des syst\u00e8mes de verrouillage innovants, \u00e9lectroniques ou biom\u00e9triques, et des mat\u00e9riaux de haute qualit\u00e9.<\/p><h2>Installation sur mesure \u00e0 Bordeaux et en Gironde<\/h2><p>Chaque b\u00e2timent bordelais pr\u00e9sente des contraintes sp\u00e9cifiques : immeubles en pierre du XVIIIe si\u00e8cle, r\u00e9sidences modernes ou locaux commerciaux en zone industrielle. Nos experts se d\u00e9placent pour \u00e9valuer l\u2019environnement et recommander la meilleure solution : coffre-fort encastrable, \u00e0 poser, ignifuge ou coffre-fort de d\u00e9p\u00f4t pour commerces.<\/p><p>Nous assurons l\u2019installation professionnelle, l\u2019ancrage s\u00e9curis\u00e9 et la maintenance pour garantir une s\u00e9curit\u00e9 durable.<\/p><h2>Des solutions pour particuliers et entreprises \u00e0 Bordeaux<\/h2><p>Nos <strong>coffres-forts<\/strong> r\u00e9pondent \u00e0 tous les besoins : particuliers souhaitant s\u00e9curiser bijoux, documents notari\u00e9s ou h\u00e9ritages, commer\u00e7ants ayant besoin d\u2019un coffre-fort de d\u00e9p\u00f4t pour fonds de caisse, h\u00f4tels et \u00e9tablissements touristiques souhaitant proposer des coffres-forts \u00e0 leurs clients.<\/p><p>Nous proposons \u00e9galement des armoires fortes pour le stockage s\u00e9curis\u00e9 de dossiers sensibles, archives confidentielles ou \u00e9quipements \u00e9lectroniques pour les entreprises bordelaises.<\/p><h2>Plus de 100 ans de savoir-faire<\/h2><p>Depuis 1908, Arcas Gruber allie tradition et innovation pour concevoir des coffres-forts fiables et performants. Chaque mod\u00e8le est test\u00e9 et soumis \u00e0 un contr\u00f4le qualit\u00e9 rigoureux pour garantir la meilleure protection.<\/p><p>Notre \u00e9quipe SAV est disponible \u00e0 Bordeaux et dans toute la Gironde pour toute intervention technique, maintenance ou mise \u00e0 niveau.<\/p><h2>Pourquoi choisir Arcas Gruber \u00e0 Bordeaux ?<\/h2><ul><li>Fabricant europ\u00e9en depuis 1908<\/li><li>Produits certifi\u00e9s UNE EN 1143-1<\/li><li>\u00c9tude, installation et ancrage professionnels<\/li><li>Maintenance et SAV r\u00e9actifs<\/li><li>Solutions sur mesure pour tous les secteurs<\/li><\/ul><p>Avec Arcas Gruber, b\u00e9n\u00e9ficiez d\u2019une s\u00e9curit\u00e9 optimale pour prot\u00e9ger vos biens les plus pr\u00e9cieux \u00e0 Bordeaux et en r\u00e9gion Nouvelle-Aquitaine.<\/p><p>Consultez notre catalogue complet de <a href=\"https:\/\/arcasgruber.com\/fr\/coffres-forts\/\">coffres-forts<\/a>, nos mod\u00e8les <a href=\"https:\/\/arcasgruber.com\/fr\/coffres-forts-certifies\/\">certifi\u00e9s<\/a> et visitez \u00e9galement notre page <a href=\"https:\/\/arcasgruber.com\/fr\/coffres-forts-en-france\/\">coffres-forts en France<\/a> pour d\u00e9couvrir toute notre couverture nationale.<\/p><p><strong>Arcas Gruber, votre partenaire de confiance pour la s\u00e9curit\u00e9 physique \u00e0 Bordeaux.<\/strong><\/p>\n\t\t\t\t\t<\/div>\n\t\t\t\t\t\t<\/div>\n\t\t\t\t<\/div>\n\t\t\t\t\t<\/div>\n\t\t<\/div>\n\t\t\t\t\t<\/div>\n\t\t<\/section>\n\t\t\t\t<\/div>\n\t\t","protected":false},"excerpt":{"rendered":"<p>Capitale de la Nouvelle-Aquitaine et renomm\u00e9e pour son dynamisme \u00e9conomique et son patrimoine, Bordeaux est une ville o\u00f9 la s\u00e9curit\u00e9<\/p>\n","protected":false},"author":3,"featured_media":510478,"parent":510434,"menu_order":0,"comment_status":"closed","ping_status":"closed","template":"","meta":{"_acf_changed":false,"footnotes":""},"class_list":["post-510522","page","type-page","status-publish","has-post-thumbnail","hentry"],"acf":[],"_links":{"self":[{"href":"https:\/\/arcasgruber.com\/fr\/wp-json\/wp\/v2\/pages\/510522","targetHints":{"allow":["GET"]}}],"collection":[{"href":"https:\/\/arcasgruber.com\/fr\/wp-json\/wp\/v2\/pages"}],"about":[{"href":"https:\/\/arcasgruber.com\/fr\/wp-json\/wp\/v2\/types\/page"}],"author":[{"embeddable":true,"href":"https:\/\/arcasgruber.com\/fr\/wp-json\/wp\/v2\/users\/3"}],"replies":[{"embeddable":true,"href":"https:\/\/arcasgruber.com\/fr\/wp-json\/wp\/v2\/comments?post=510522"}],"version-history":[{"count":0,"href":"https:\/\/arcasgruber.com\/fr\/wp-json\/wp\/v2\/pages\/510522\/revisions"}],"up":[{"embeddable":true,"href":"https:\/\/arcasgruber.com\/fr\/wp-json\/wp\/v2\/pages\/510434"}],"wp:featuredmedia":[{"embeddable":true,"href":"https:\/\/arcasgruber.com\/fr\/wp-json\/wp\/v2\/media\/510478"}],"wp:attachment":[{"href":"https:\/\/arcasgruber.com\/fr\/wp-json\/wp\/v2\/media?parent=510522"}],"curies":[{"name":"wp","href":"https:\/\/api.w.org\/{rel}","templated":true}]}}