{"id":510521,"date":"2025-07-10T09:36:22","date_gmt":"2025-07-10T07:36:22","guid":{"rendered":"https:\/\/arcasgruber.com\/?page_id=510521"},"modified":"2025-07-10T09:37:19","modified_gmt":"2025-07-10T07:37:19","slug":"strasbourg","status":"publish","type":"page","link":"https:\/\/arcasgruber.com\/fr\/coffres-forts-en-france\/strasbourg\/","title":{"rendered":"Coffres-forts Strasbourg | Fabricant Certifi\u00e9 pour Particuliers et Entreprises"},"content":{"rendered":"\t\t<div data-elementor-type=\"wp-page\" data-elementor-id=\"510521\" class=\"elementor elementor-510521\" data-elementor-post-type=\"page\">\n\t\t\t\t\t\t<section class=\"has_ae_slider elementor-section elementor-top-section elementor-element elementor-element-5d02a55 elementor-section-boxed elementor-section-height-default elementor-section-height-default wd-section-disabled ae-bg-gallery-type-default\" data-id=\"5d02a55\" data-element_type=\"section\">\n\t\t\t\t\t\t<div class=\"elementor-container elementor-column-gap-default\">\n\t\t\t\t\t<div class=\"has_ae_slider elementor-column elementor-col-100 elementor-top-column elementor-element elementor-element-9219709 ae-bg-gallery-type-default\" data-id=\"9219709\" data-element_type=\"column\">\n\t\t\t<div class=\"elementor-widget-wrap elementor-element-populated\">\n\t\t\t\t\t\t<div class=\"elementor-element elementor-element-418f2ea elementor-widget elementor-widget-wd_text_block\" data-id=\"418f2ea\" data-element_type=\"widget\" data-widget_type=\"wd_text_block.default\">\n\t\t\t\t<div class=\"elementor-widget-container\">\n\t\t\t\t\t\t\t<div class=\"wd-text-block reset-last-child text-left\">\n\t\t\t\n\t\t\t<p>Capitale europ\u00e9enne et carrefour \u00e9conomique, Strasbourg est une ville strat\u00e9gique o\u00f9 la protection des biens priv\u00e9s et professionnels est une priorit\u00e9. Depuis 1908, Arcas Gruber propose aux Strasbourgeois une large gamme de <strong>coffres-forts<\/strong> robustes, modernes et certifi\u00e9s, adapt\u00e9s \u00e0 chaque besoin de s\u00e9curit\u00e9 physique.<\/p><p>Du centre historique de la Grande \u00cele \u00e0 la Neustadt, en passant par l\u2019Orangerie ou les quartiers d\u2019affaires du Wacken, nos \u00e9quipes interviennent dans toute la m\u00e9tropole strasbourgeoise pour \u00e9tudier votre projet et installer le <a href=\"https:\/\/arcasgruber.com\/fr\/coffres-forts\/\">coffre-fort<\/a> qui prot\u00e8ge vos biens les plus pr\u00e9cieux.<\/p><h2>Des coffres-forts certifi\u00e9s \u00e0 Strasbourg<\/h2><p>\u00c0 Strasbourg, comme dans toutes les grandes villes, les cambriolages restent un risque \u00e0 prendre au s\u00e9rieux. C\u2019est pourquoi un <a href=\"https:\/\/arcasgruber.com\/fr\/coffres-forts-certifies\/\">coffre-fort certifi\u00e9<\/a> est indispensable pour s\u00e9curiser vos documents importants, bijoux, liquidit\u00e9s ou objets de valeur.<\/p><p>Nos coffres-forts sont conformes \u00e0 la norme UNE EN 1143-1, garantissant une r\u00e9sistance prouv\u00e9e \u00e0 l\u2019effraction et \u00e0 l\u2019incendie. Cette certification est \u00e9galement exig\u00e9e par de nombreuses compagnies d\u2019assurance pour couvrir les biens stock\u00e9s.<\/p><h2>Une installation adapt\u00e9e \u00e0 Strasbourg et sa r\u00e9gion<\/h2><p>Les b\u00e2timents historiques de Strasbourg, les maisons individuelles du Kochersberg ou les locaux professionnels du Port du Rhin n\u00e9cessitent une \u00e9tude personnalis\u00e9e. Nos techniciens \u00e9valuent votre configuration pour proposer un mod\u00e8le parfaitement adapt\u00e9 : coffre-fort encastrable, \u00e0 poser, ignifuge ou biom\u00e9trique.<\/p><p>Nous prenons en charge l\u2019installation compl\u00e8te, l\u2019ancrage s\u00e9curis\u00e9 et la maintenance pour garantir une protection durable.<\/p><h2>Des solutions pour particuliers et professionnels<\/h2><p>Arcas Gruber \u00e9quipe aussi bien les particuliers que les h\u00f4tels, commerces et entreprises strasbourgeoises. Pour les h\u00f4tels situ\u00e9s pr\u00e8s du Parlement europ\u00e9en ou de la gare, nous proposons des coffres-forts pour chambres, des coffres de d\u00e9p\u00f4t ou des armoires fortes pour archives confidentielles.<\/p><p>Les commer\u00e7ants, pharmacies ou bureaux professionnels b\u00e9n\u00e9ficient de solutions sur mesure pour s\u00e9curiser les liquidit\u00e9s, documents comptables ou supports num\u00e9riques sensibles.<\/p><h2>Une exp\u00e9rience \u00e9prouv\u00e9e depuis 1908<\/h2><p>Depuis plus d\u2019un si\u00e8cle, Arcas Gruber allie savoir-faire et innovation pour concevoir des coffres-forts robustes, test\u00e9s et certifi\u00e9s. Chaque mod\u00e8le est fabriqu\u00e9 avec des mat\u00e9riaux de qualit\u00e9 et soumis \u00e0 des contr\u00f4les rigoureux.<\/p><p>Nos \u00e9quipes SAV interviennent \u00e0 Strasbourg et dans tout le Bas-Rhin pour toute question technique, entretien ou mise \u00e0 niveau de votre \u00e9quipement.<\/p><h2>Pourquoi choisir Arcas Gruber \u00e0 Strasbourg ?<\/h2><ul><li>Fabricant europ\u00e9en depuis 1908<\/li><li>Produits certifi\u00e9s UNE EN 1143-1<\/li><li>\u00c9tude personnalis\u00e9e et installation s\u00e9curis\u00e9e<\/li><li>Maintenance et SAV r\u00e9actifs<\/li><li>Solutions pour particuliers et professionnels<\/li><\/ul><p>Prot\u00e9gez vos biens en toute s\u00e9r\u00e9nit\u00e9 gr\u00e2ce aux <strong>coffres-forts<\/strong> Arcas Gruber \u00e0 Strasbourg.<\/p><p>D\u00e9couvrez notre catalogue complet de <a href=\"https:\/\/arcasgruber.com\/fr\/coffres-forts\/\">coffres-forts<\/a>, nos mod\u00e8les <a href=\"https:\/\/arcasgruber.com\/fr\/coffres-forts-certifies\/\">certifi\u00e9s<\/a> et explorez notre page <a href=\"https:\/\/arcasgruber.com\/fr\/coffres-forts-en-france\/\">coffres-forts en France<\/a> pour tout savoir sur notre pr\u00e9sence nationale.<\/p><p><strong>Arcas Gruber, votre expert en s\u00e9curit\u00e9 physique \u00e0 Strasbourg et en Alsace.<\/strong><\/p>\n\t\t\t\t\t<\/div>\n\t\t\t\t\t\t<\/div>\n\t\t\t\t<\/div>\n\t\t\t\t\t<\/div>\n\t\t<\/div>\n\t\t\t\t\t<\/div>\n\t\t<\/section>\n\t\t\t\t<\/div>\n\t\t","protected":false},"excerpt":{"rendered":"<p>Capitale europ\u00e9enne et carrefour \u00e9conomique, Strasbourg est une ville strat\u00e9gique o\u00f9 la protection des biens priv\u00e9s et professionnels est une<\/p>\n","protected":false},"author":3,"featured_media":510490,"parent":510434,"menu_order":0,"comment_status":"closed","ping_status":"closed","template":"","meta":{"_acf_changed":false,"footnotes":""},"class_list":["post-510521","page","type-page","status-publish","has-post-thumbnail","hentry"],"acf":[],"_links":{"self":[{"href":"https:\/\/arcasgruber.com\/fr\/wp-json\/wp\/v2\/pages\/510521","targetHints":{"allow":["GET"]}}],"collection":[{"href":"https:\/\/arcasgruber.com\/fr\/wp-json\/wp\/v2\/pages"}],"about":[{"href":"https:\/\/arcasgruber.com\/fr\/wp-json\/wp\/v2\/types\/page"}],"author":[{"embeddable":true,"href":"https:\/\/arcasgruber.com\/fr\/wp-json\/wp\/v2\/users\/3"}],"replies":[{"embeddable":true,"href":"https:\/\/arcasgruber.com\/fr\/wp-json\/wp\/v2\/comments?post=510521"}],"version-history":[{"count":0,"href":"https:\/\/arcasgruber.com\/fr\/wp-json\/wp\/v2\/pages\/510521\/revisions"}],"up":[{"embeddable":true,"href":"https:\/\/arcasgruber.com\/fr\/wp-json\/wp\/v2\/pages\/510434"}],"wp:featuredmedia":[{"embeddable":true,"href":"https:\/\/arcasgruber.com\/fr\/wp-json\/wp\/v2\/media\/510490"}],"wp:attachment":[{"href":"https:\/\/arcasgruber.com\/fr\/wp-json\/wp\/v2\/media?parent=510521"}],"curies":[{"name":"wp","href":"https:\/\/api.w.org\/{rel}","templated":true}]}}