{"id":510519,"date":"2025-07-10T09:28:46","date_gmt":"2025-07-10T07:28:46","guid":{"rendered":"https:\/\/arcasgruber.com\/?page_id=510519"},"modified":"2025-07-10T09:29:55","modified_gmt":"2025-07-10T07:29:55","slug":"nice","status":"publish","type":"page","link":"https:\/\/arcasgruber.com\/fr\/coffres-forts-en-france\/nice\/","title":{"rendered":"Coffres-forts Nice | Fabricant Certifi\u00e9 pour Particuliers et Entreprises"},"content":{"rendered":"\t\t<div data-elementor-type=\"wp-page\" data-elementor-id=\"510519\" class=\"elementor elementor-510519\" data-elementor-post-type=\"page\">\n\t\t\t\t\t\t<section class=\"has_ae_slider elementor-section elementor-top-section elementor-element elementor-element-5d02a55 elementor-section-boxed elementor-section-height-default elementor-section-height-default wd-section-disabled ae-bg-gallery-type-default\" data-id=\"5d02a55\" data-element_type=\"section\">\n\t\t\t\t\t\t<div class=\"elementor-container elementor-column-gap-default\">\n\t\t\t\t\t<div class=\"has_ae_slider elementor-column elementor-col-100 elementor-top-column elementor-element elementor-element-9219709 ae-bg-gallery-type-default\" data-id=\"9219709\" data-element_type=\"column\">\n\t\t\t<div class=\"elementor-widget-wrap elementor-element-populated\">\n\t\t\t\t\t\t<div class=\"elementor-element elementor-element-418f2ea elementor-widget elementor-widget-wd_text_block\" data-id=\"418f2ea\" data-element_type=\"widget\" data-widget_type=\"wd_text_block.default\">\n\t\t\t\t<div class=\"elementor-widget-container\">\n\t\t\t\t\t\t\t<div class=\"wd-text-block reset-last-child text-left\">\n\t\t\t\n\t\t\t<p>Situ\u00e9e sur la C\u00f4te d\u2019Azur, Nice est une ville embl\u00e9matique o\u00f9 la protection des biens personnels, professionnels ou touristiques est un enjeu majeur. Entre r\u00e9sidences de standing, commerces haut de gamme et h\u00f4tels de luxe, la demande en <strong>coffres-forts<\/strong> certifi\u00e9s ne cesse de cro\u00eetre.<\/p><p>Depuis 1908, Arcas Gruber est le partenaire privil\u00e9gi\u00e9 des particuliers, entreprises et \u00e9tablissements h\u00f4teliers ni\u00e7ois gr\u00e2ce \u00e0 une gamme de <a href=\"https:\/\/arcasgruber.com\/fr\/coffres-forts\/\">coffres-forts<\/a> robustes, modernes et certifi\u00e9s.<\/p><h2>Prot\u00e9ger vos biens \u00e0 Nice avec un coffre-fort certifi\u00e9<\/h2><p>La forte fr\u00e9quentation touristique et le standing immobilier de la r\u00e9gion accentuent le risque de cambriolages et de vols. Choisir un <a href=\"https:\/\/arcasgruber.com\/fr\/coffres-forts-certifies\/\">coffre-fort certifi\u00e9<\/a> est indispensable pour prot\u00e9ger bijoux, documents confidentiels, liquidit\u00e9s ou objets de valeur.<\/p><p>Nos mod\u00e8les respectent la norme UNE EN 1143-1, garantissant une r\u00e9sistance r\u00e9elle face aux tentatives d\u2019effraction et, pour certains mod\u00e8les, \u00e0 l\u2019incendie. Cette certification est aussi exig\u00e9e par de nombreuses compagnies d\u2019assurance.<\/p><h2>Une couverture compl\u00e8te sur Nice et la C\u00f4te d\u2019Azur<\/h2><p>Nos techniciens interviennent dans tous les quartiers de Nice : Vieux-Nice, Promenade des Anglais, Cimiez, Mont Boron ou encore le quartier des Musiciens. Nous couvrons \u00e9galement l\u2019ensemble de la C\u00f4te d\u2019Azur, de Cannes \u00e0 Menton en passant par Monaco.<\/p><p>Chaque projet est \u00e9tudi\u00e9 pour proposer le mod\u00e8le de coffre-fort le mieux adapt\u00e9 : encastrable, \u00e0 poser, ignifuge, avec serrure \u00e9lectronique ou biom\u00e9trique. Nous assurons la livraison, l\u2019installation et la maintenance pour garantir une s\u00e9curit\u00e9 optimale sur la dur\u00e9e.<\/p><h2>Solutions pour h\u00f4tels et r\u00e9sidences de prestige<\/h2><p>Nice accueille chaque ann\u00e9e des millions de visiteurs. Pour r\u00e9pondre aux exigences de l\u2019h\u00f4tellerie de luxe, nous proposons des coffres-forts compacts pour chambres d\u2019h\u00f4tel, des mod\u00e8les avec fente de d\u00e9p\u00f4t pour la r\u00e9ception ou encore des armoires fortes pour les r\u00e9serves.<\/p><p>Les particuliers et r\u00e9sidents de villas de la r\u00e9gion peuvent \u00e9galement s\u00e9curiser leurs collections, bijoux ou documents importants gr\u00e2ce \u00e0 nos mod\u00e8les sur mesure.<\/p><h2>Une expertise de plus de 100 ans<\/h2><p>Depuis 1908, Arcas Gruber con\u00e7oit et fabrique des coffres-forts robustes, test\u00e9s et conformes aux r\u00e9glementations europ\u00e9ennes. Nos ateliers combinent technologies modernes, mat\u00e9riaux de haute qualit\u00e9 et contr\u00f4les rigoureux.<\/p><p>Nos techniciens restent disponibles pour toute intervention technique, d\u00e9pannage ou mise \u00e0 niveau sur Nice et dans les Alpes-Maritimes.<\/p><h2>Pourquoi choisir Arcas Gruber \u00e0 Nice ?<\/h2><ul><li>Fabricant certifi\u00e9 depuis 1908<\/li><li>Mod\u00e8les conformes \u00e0 la norme UNE EN 1143-1<\/li><li>Installation discr\u00e8te et s\u00e9curis\u00e9e<\/li><li>Solutions sur mesure pour particuliers et professionnels<\/li><li>Service apr\u00e8s-vente fiable et r\u00e9actif<\/li><\/ul><p>Arcas Gruber, c\u2019est la garantie d\u2019un partenaire de confiance pour prot\u00e9ger vos biens les plus pr\u00e9cieux \u00e0 Nice.<\/p><p>D\u00e9couvrez toute notre gamme de <a href=\"https:\/\/arcasgruber.com\/fr\/coffres-forts\/\">coffres-forts<\/a>, nos mod\u00e8les <a href=\"https:\/\/arcasgruber.com\/fr\/coffres-forts-certifies\/\">certifi\u00e9s<\/a> et consultez \u00e9galement notre page <a href=\"https:\/\/arcasgruber.com\/fr\/coffres-forts-en-france\/\">coffres-forts en France<\/a> pour plus d\u2019informations sur notre couverture nationale.<\/p><p><strong>Arcas Gruber, votre sp\u00e9cialiste de la s\u00e9curit\u00e9 physique sur la C\u00f4te d\u2019Azur.<\/strong><\/p>\n\t\t\t\t\t<\/div>\n\t\t\t\t\t\t<\/div>\n\t\t\t\t<\/div>\n\t\t\t\t\t<\/div>\n\t\t<\/div>\n\t\t\t\t\t<\/div>\n\t\t<\/section>\n\t\t\t\t<\/div>\n\t\t","protected":false},"excerpt":{"rendered":"<p>Situ\u00e9e sur la C\u00f4te d\u2019Azur, Nice est une ville embl\u00e9matique o\u00f9 la protection des biens personnels, professionnels ou touristiques est<\/p>\n","protected":false},"author":3,"featured_media":510466,"parent":510434,"menu_order":0,"comment_status":"closed","ping_status":"closed","template":"","meta":{"_acf_changed":false,"footnotes":""},"class_list":["post-510519","page","type-page","status-publish","has-post-thumbnail","hentry"],"acf":[],"_links":{"self":[{"href":"https:\/\/arcasgruber.com\/fr\/wp-json\/wp\/v2\/pages\/510519","targetHints":{"allow":["GET"]}}],"collection":[{"href":"https:\/\/arcasgruber.com\/fr\/wp-json\/wp\/v2\/pages"}],"about":[{"href":"https:\/\/arcasgruber.com\/fr\/wp-json\/wp\/v2\/types\/page"}],"author":[{"embeddable":true,"href":"https:\/\/arcasgruber.com\/fr\/wp-json\/wp\/v2\/users\/3"}],"replies":[{"embeddable":true,"href":"https:\/\/arcasgruber.com\/fr\/wp-json\/wp\/v2\/comments?post=510519"}],"version-history":[{"count":0,"href":"https:\/\/arcasgruber.com\/fr\/wp-json\/wp\/v2\/pages\/510519\/revisions"}],"up":[{"embeddable":true,"href":"https:\/\/arcasgruber.com\/fr\/wp-json\/wp\/v2\/pages\/510434"}],"wp:featuredmedia":[{"embeddable":true,"href":"https:\/\/arcasgruber.com\/fr\/wp-json\/wp\/v2\/media\/510466"}],"wp:attachment":[{"href":"https:\/\/arcasgruber.com\/fr\/wp-json\/wp\/v2\/media?parent=510519"}],"curies":[{"name":"wp","href":"https:\/\/api.w.org\/{rel}","templated":true}]}}