{"id":510518,"date":"2025-07-10T09:26:25","date_gmt":"2025-07-10T07:26:25","guid":{"rendered":"https:\/\/arcasgruber.com\/?page_id=510518"},"modified":"2025-07-10T09:27:28","modified_gmt":"2025-07-10T07:27:28","slug":"toulouse","status":"publish","type":"page","link":"https:\/\/arcasgruber.com\/fr\/coffres-forts-en-france\/toulouse\/","title":{"rendered":"Coffres-forts Toulouse | S\u00e9curit\u00e9 Certifi\u00e9e par Arcas Gruber"},"content":{"rendered":"\t\t<div data-elementor-type=\"wp-page\" data-elementor-id=\"510518\" class=\"elementor elementor-510518\" data-elementor-post-type=\"page\">\n\t\t\t\t\t\t<section class=\"has_ae_slider elementor-section elementor-top-section elementor-element elementor-element-5d02a55 elementor-section-boxed elementor-section-height-default elementor-section-height-default wd-section-disabled ae-bg-gallery-type-default\" data-id=\"5d02a55\" data-element_type=\"section\">\n\t\t\t\t\t\t<div class=\"elementor-container elementor-column-gap-default\">\n\t\t\t\t\t<div class=\"has_ae_slider elementor-column elementor-col-100 elementor-top-column elementor-element elementor-element-9219709 ae-bg-gallery-type-default\" data-id=\"9219709\" data-element_type=\"column\">\n\t\t\t<div class=\"elementor-widget-wrap elementor-element-populated\">\n\t\t\t\t\t\t<div class=\"elementor-element elementor-element-418f2ea elementor-widget elementor-widget-wd_text_block\" data-id=\"418f2ea\" data-element_type=\"widget\" data-widget_type=\"wd_text_block.default\">\n\t\t\t\t<div class=\"elementor-widget-container\">\n\t\t\t\t\t\t\t<div class=\"wd-text-block reset-last-child text-left\">\n\t\t\t\n\t\t\t<p>Capitale de l\u2019Occitanie et p\u00f4le a\u00e9ronautique majeur, Toulouse est une ville dynamique o\u00f9 la protection des biens et des informations sensibles est essentielle. Depuis plus de cent ans, Arcas Gruber met son expertise au service des particuliers, commerces et entreprises toulousaines gr\u00e2ce \u00e0 ses <strong>coffres-forts<\/strong> robustes et certifi\u00e9s.<\/p><p>Dans tous les quartiers de Toulouse \u2014 Capitole, Saint-Cyprien, Carmes, Purpan ou Rangueil \u2014 nos techniciens interviennent pour vous conseiller et installer le <a href=\"https:\/\/arcasgruber.com\/fr\/coffres-forts\/\">coffre-fort<\/a> adapt\u00e9 \u00e0 votre besoin sp\u00e9cifique.<\/p><h2>Des coffres-forts certifi\u00e9s \u00e0 Toulouse pour plus de s\u00e9curit\u00e9<\/h2><p>Les risques d\u2019intrusion, cambriolage ou incendie existent dans toutes les grandes villes. \u00c0 Toulouse, de nombreux particuliers choisissent un <a href=\"https:\/\/arcasgruber.com\/fr\/coffres-forts-certifies\/\">coffre-fort certifi\u00e9<\/a> pour prot\u00e9ger bijoux, documents importants, liquidit\u00e9s ou supports num\u00e9riques.<\/p><p>Tous nos mod\u00e8les respectent la norme UNE EN 1143-1, gage de r\u00e9sistance face aux tentatives d\u2019effraction. Nos coffres-forts sont aussi adapt\u00e9s aux exigences des compagnies d\u2019assurance pour garantir une couverture optimale.<\/p><h2>Une installation sur mesure en Haute-Garonne<\/h2><p>Chaque b\u00e2timent toulousain pr\u00e9sente ses particularit\u00e9s, qu\u2019il s\u2019agisse d\u2019immeubles anciens du centre-ville, de maisons pavillonnaires ou de locaux professionnels. Nos techniciens \u00e9tudient chaque configuration pour garantir une pose discr\u00e8te, un ancrage fiable et une utilisation optimale.<\/p><p>Nous proposons des coffres-forts encastrables, \u00e0 poser, ignifuges ou encore \u00e9quip\u00e9s de serrures \u00e9lectroniques ou biom\u00e9triques de derni\u00e8re g\u00e9n\u00e9ration. Pour les professionnels, nous concevons aussi des solutions sp\u00e9cifiques : coffres-forts de d\u00e9p\u00f4t avec fente, armoires fortes ou chambres fortes pour archives sensibles.<\/p><h2>Solutions pour particuliers et entreprises toulousaines<\/h2><p>H\u00f4tels, commerces, pharmacies, bureaux d\u2019ing\u00e9nierie ou start-up de l\u2019a\u00e9ronautique : Arcas Gruber r\u00e9pond \u00e0 toutes les probl\u00e9matiques gr\u00e2ce \u00e0 des mod\u00e8les adapt\u00e9s et personnalisables.<\/p><p>Nos coffres-forts permettent de s\u00e9curiser des fonds de caisse, des documents confidentiels ou des \u00e9quipements informatiques sensibles, indispensables \u00e0 la bonne marche des activit\u00e9s \u00e9conomiques de Toulouse.<\/p><h2>Un fabricant de confiance depuis 1908<\/h2><p>Depuis plus de cent ans, Arcas Gruber d\u00e9veloppe des coffres-forts robustes et fiables, en combinant savoir-faire traditionnel et technologies modernes. Nos ateliers de production respectent des normes strictes et chaque mod\u00e8le est soumis \u00e0 des tests rigoureux.<\/p><p>Nos \u00e9quipes assurent \u00e9galement le suivi technique et la maintenance partout \u00e0 Toulouse et dans le d\u00e9partement de la Haute-Garonne.<\/p><h2>Pourquoi choisir Arcas Gruber \u00e0 Toulouse ?<\/h2><ul><li>Fabricant europ\u00e9en depuis 1908<\/li><li>Produits certifi\u00e9s selon UNE EN 1143-1<\/li><li>Installation et SAV sur mesure<\/li><li>Techniciens exp\u00e9riment\u00e9s et r\u00e9actifs<\/li><li>Solutions pour tous les secteurs d\u2019activit\u00e9<\/li><\/ul><p>Faites confiance \u00e0 Arcas Gruber pour prot\u00e9ger ce qui compte le plus pour vous, gr\u00e2ce \u00e0 une gamme compl\u00e8te de <strong>coffres-forts<\/strong> adapt\u00e9s \u00e0 la vie toulousaine.<\/p><p>Consultez notre catalogue de <a href=\"https:\/\/arcasgruber.com\/fr\/coffres-forts\/\">coffres-forts<\/a>, nos <a href=\"https:\/\/arcasgruber.com\/fr\/coffres-forts-certifies\/\">coffres-forts certifi\u00e9s<\/a> et d\u00e9couvrez aussi notre page d\u00e9di\u00e9e <a href=\"https:\/\/arcasgruber.com\/fr\/coffres-forts-en-france\/\">coffres-forts en France<\/a> pour plus d\u2019informations sur notre couverture nationale.<\/p><p><strong>Arcas Gruber, votre sp\u00e9cialiste de la s\u00e9curit\u00e9 physique \u00e0 Toulouse et en Occitanie.<\/strong><\/p>\n\t\t\t\t\t<\/div>\n\t\t\t\t\t\t<\/div>\n\t\t\t\t<\/div>\n\t\t\t\t\t<\/div>\n\t\t<\/div>\n\t\t\t\t\t<\/div>\n\t\t<\/section>\n\t\t\t\t<\/div>\n\t\t","protected":false},"excerpt":{"rendered":"<p>Capitale de l\u2019Occitanie et p\u00f4le a\u00e9ronautique majeur, Toulouse est une ville dynamique o\u00f9 la protection des biens et des informations<\/p>\n","protected":false},"author":3,"featured_media":510508,"parent":510434,"menu_order":0,"comment_status":"closed","ping_status":"closed","template":"","meta":{"_acf_changed":false,"footnotes":""},"class_list":["post-510518","page","type-page","status-publish","has-post-thumbnail","hentry"],"acf":[],"_links":{"self":[{"href":"https:\/\/arcasgruber.com\/fr\/wp-json\/wp\/v2\/pages\/510518","targetHints":{"allow":["GET"]}}],"collection":[{"href":"https:\/\/arcasgruber.com\/fr\/wp-json\/wp\/v2\/pages"}],"about":[{"href":"https:\/\/arcasgruber.com\/fr\/wp-json\/wp\/v2\/types\/page"}],"author":[{"embeddable":true,"href":"https:\/\/arcasgruber.com\/fr\/wp-json\/wp\/v2\/users\/3"}],"replies":[{"embeddable":true,"href":"https:\/\/arcasgruber.com\/fr\/wp-json\/wp\/v2\/comments?post=510518"}],"version-history":[{"count":0,"href":"https:\/\/arcasgruber.com\/fr\/wp-json\/wp\/v2\/pages\/510518\/revisions"}],"up":[{"embeddable":true,"href":"https:\/\/arcasgruber.com\/fr\/wp-json\/wp\/v2\/pages\/510434"}],"wp:featuredmedia":[{"embeddable":true,"href":"https:\/\/arcasgruber.com\/fr\/wp-json\/wp\/v2\/media\/510508"}],"wp:attachment":[{"href":"https:\/\/arcasgruber.com\/fr\/wp-json\/wp\/v2\/media?parent=510518"}],"curies":[{"name":"wp","href":"https:\/\/api.w.org\/{rel}","templated":true}]}}