{"id":510448,"date":"2025-07-09T14:00:58","date_gmt":"2025-07-09T12:00:58","guid":{"rendered":"https:\/\/arcasgruber.com\/?page_id=510448"},"modified":"2025-07-09T14:04:22","modified_gmt":"2025-07-09T12:04:22","slug":"paris","status":"publish","type":"page","link":"https:\/\/arcasgruber.com\/fr\/coffres-forts-en-france\/paris\/","title":{"rendered":"Coffres-forts Paris | Fabricant Certifi\u00e9 depuis 1908"},"content":{"rendered":"\t\t<div data-elementor-type=\"wp-page\" data-elementor-id=\"510448\" class=\"elementor elementor-510448\" data-elementor-post-type=\"page\">\n\t\t\t\t\t\t<section class=\"has_ae_slider elementor-section elementor-top-section elementor-element elementor-element-5d02a55 elementor-section-boxed elementor-section-height-default elementor-section-height-default wd-section-disabled ae-bg-gallery-type-default\" data-id=\"5d02a55\" data-element_type=\"section\" data-e-type=\"section\">\n\t\t\t\t\t\t<div class=\"elementor-container elementor-column-gap-default\">\n\t\t\t\t\t<div class=\"has_ae_slider elementor-column elementor-col-100 elementor-top-column elementor-element elementor-element-9219709 ae-bg-gallery-type-default\" data-id=\"9219709\" data-element_type=\"column\" data-e-type=\"column\">\n\t\t\t<div class=\"elementor-widget-wrap elementor-element-populated\">\n\t\t\t\t\t\t<div class=\"elementor-element elementor-element-418f2ea elementor-widget elementor-widget-wd_text_block\" data-id=\"418f2ea\" data-element_type=\"widget\" data-e-type=\"widget\" data-widget_type=\"wd_text_block.default\">\n\t\t\t\t<div class=\"elementor-widget-container\">\n\t\t\t\t\t\t\t<div class=\"wd-text-block reset-last-child text-left\">\n\t\t\t\n\t\t\t<p>\u00c0 Paris, la s\u00e9curit\u00e9 des biens pr\u00e9cieux, documents sensibles et fonds de commerce est une priorit\u00e9 pour de nombreux particuliers, commer\u00e7ants et entreprises. Depuis plus d\u2019un si\u00e8cle, Arcas Gruber con\u00e7oit et fabrique des <strong>coffres-forts<\/strong> qui r\u00e9pondent aux normes les plus strictes, offrant une protection optimale au c\u0153ur de la capitale fran\u00e7aise.<\/p><p>Notre expertise s\u2019\u00e9tend \u00e0 tous les arrondissements parisiens, du Marais \u00e0 Montmartre, de Saint-Germain-des-Pr\u00e9s \u00e0 La D\u00e9fense. O\u00f9 que vous soyez, nous \u00e9tudions votre besoin et proposons la solution la plus adapt\u00e9e : <a href=\"https:\/\/arcasgruber.com\/fr\/coffres-forts\/\">coffre-fort domestique<\/a>, coffre-fort pour commerce, coffre-fort encastrable ou coffre-fort ignifuge.<\/p><h2>Des coffres-forts certifi\u00e9s pour Paris<\/h2><p>\u00c0 Paris, la densit\u00e9 urbaine et le taux de cambriolages rendent indispensable l\u2019usage d\u2019un <a href=\"https:\/\/arcasgruber.com\/fr\/coffres-forts-certifies\/\">coffre-fort certifi\u00e9<\/a>. Nos mod\u00e8les sont test\u00e9s et conformes \u00e0 la norme europ\u00e9enne UNE EN 1143-1, garantissant une r\u00e9sistance r\u00e9elle \u00e0 l\u2019effraction et \u00e0 l\u2019incendie. Cela permet \u00e9galement de satisfaire aux exigences des compagnies d\u2019assurance.<\/p><p>Que vous habitiez un appartement haussmannien, un loft ou que vous exploitiez une boutique, Arcas Gruber vous accompagne pour choisir un mod\u00e8le compatible avec vos contraintes : poids, espace disponible, niveau de s\u00e9curit\u00e9 souhait\u00e9, type de serrure (cl\u00e9, \u00e9lectronique ou biom\u00e9trique).<\/p><h2>Un service sur mesure pour la capitale<\/h2><p>Paris est une ville unique, o\u00f9 chaque immeuble poss\u00e8de ses sp\u00e9cificit\u00e9s architecturales et techniques. Nos techniciens sp\u00e9cialis\u00e9s se d\u00e9placent pour \u00e9tudier votre installation et garantir un ancrage s\u00e9curis\u00e9 de votre coffre-fort. Nous r\u00e9alisons la pose, le param\u00e9trage et l\u2019entretien r\u00e9gulier de votre \u00e9quipement pour assurer son bon fonctionnement dans le temps.<\/p><h2>Solutions pour particuliers et professionnels<\/h2><p>Nos <strong>coffres-forts<\/strong> \u00e0 Paris couvrent tous les besoins : protection de bijoux, documents l\u00e9gaux, argent liquide, objets de collection ou supports num\u00e9riques. Pour les professionnels, nous proposons des coffres-forts avec fente de d\u00e9p\u00f4t, coffres-forts pour h\u00f4tels ou encore coffres-forts bancaires pour les commerces soumis \u00e0 la gestion quotidienne de liquidit\u00e9s.<\/p><p>Arcas Gruber fabrique aussi des armoires fortes pour le stockage s\u00e9curis\u00e9 de volumes plus importants : archives confidentielles, dossiers clients, supports de sauvegarde. Chaque produit peut \u00eatre personnalis\u00e9 en fonction des besoins sp\u00e9cifiques de votre activit\u00e9 parisienne.<\/p><h2>Plus de 100 ans d\u2019exp\u00e9rience<\/h2><p>Notre histoire commence en 1908. Depuis, nous n\u2019avons cess\u00e9 de d\u00e9velopper des solutions de s\u00e9curit\u00e9 innovantes pour accompagner l\u2019\u00e9volution des menaces et des r\u00e9glementations. Nos ateliers combinent technologies de pointe, mat\u00e9riaux blind\u00e9s et contr\u00f4les de qualit\u00e9 stricts pour livrer un produit fiable, robuste et durable.<\/p><p>Gr\u00e2ce \u00e0 notre service client r\u00e9actif, nous restons \u00e0 votre disposition \u00e0 tout moment pour tout conseil, intervention technique ou mise \u00e0 niveau de votre \u00e9quipement. \u00c0 Paris, notre r\u00e9seau de techniciens couvre l\u2019ensemble de la r\u00e9gion \u00cele-de-France pour vous garantir un service rapide et efficace.<\/p><h2>Pourquoi faire confiance \u00e0 Arcas Gruber ?<\/h2><ul><li>Fabrication europ\u00e9enne certifi\u00e9e<\/li><li>Plus de 100 ans de savoir-faire<\/li><li>Des mod\u00e8les adapt\u00e9s aux contraintes parisiennes<\/li><li>Installation et maintenance incluses<\/li><li>Service client disponible et \u00e0 l\u2019\u00e9coute<\/li><\/ul><p>Que vous soyez \u00e0 la recherche d\u2019un petit coffre-fort discret ou d\u2019un coffre-fort haute s\u00e9curit\u00e9, Arcas Gruber est le partenaire de confiance pour prot\u00e9ger vos biens \u00e0 Paris.<\/p><p>Pour d\u00e9couvrir l\u2019ensemble de nos <a href=\"https:\/\/arcasgruber.com\/fr\/coffres-forts\/\">coffres-forts<\/a>, nos <a href=\"https:\/\/arcasgruber.com\/fr\/coffres-forts-certifies\/\">coffres-forts certifi\u00e9s<\/a> et notre offre partout en France, visitez aussi notre page d\u00e9di\u00e9e <a href=\"https:\/\/arcasgruber.com\/fr\/coffres-forts-en-france\/\">coffres-forts en France<\/a>.<\/p><p><strong>Prot\u00e9gez vos biens pr\u00e9cieux, choisissez l\u2019excellence Arcas Gruber au c\u0153ur de Paris.<\/strong><\/p>\n\t\t\t\t\t<\/div>\n\t\t\t\t\t\t<\/div>\n\t\t\t\t<\/div>\n\t\t\t\t\t<\/div>\n\t\t<\/div>\n\t\t\t\t\t<\/div>\n\t\t<\/section>\n\t\t\t\t<\/div>\n\t\t","protected":false},"excerpt":{"rendered":"<p>\u00c0 Paris, la s\u00e9curit\u00e9 des biens pr\u00e9cieux, documents sensibles et fonds de commerce est une priorit\u00e9 pour de nombreux particuliers,<\/p>\n","protected":false},"author":3,"featured_media":510449,"parent":510434,"menu_order":0,"comment_status":"closed","ping_status":"closed","template":"","meta":{"_acf_changed":false,"footnotes":""},"class_list":["post-510448","page","type-page","status-publish","has-post-thumbnail","hentry"],"acf":[],"_links":{"self":[{"href":"https:\/\/arcasgruber.com\/fr\/wp-json\/wp\/v2\/pages\/510448","targetHints":{"allow":["GET"]}}],"collection":[{"href":"https:\/\/arcasgruber.com\/fr\/wp-json\/wp\/v2\/pages"}],"about":[{"href":"https:\/\/arcasgruber.com\/fr\/wp-json\/wp\/v2\/types\/page"}],"author":[{"embeddable":true,"href":"https:\/\/arcasgruber.com\/fr\/wp-json\/wp\/v2\/users\/3"}],"replies":[{"embeddable":true,"href":"https:\/\/arcasgruber.com\/fr\/wp-json\/wp\/v2\/comments?post=510448"}],"version-history":[{"count":0,"href":"https:\/\/arcasgruber.com\/fr\/wp-json\/wp\/v2\/pages\/510448\/revisions"}],"up":[{"embeddable":true,"href":"https:\/\/arcasgruber.com\/fr\/wp-json\/wp\/v2\/pages\/510434"}],"wp:featuredmedia":[{"embeddable":true,"href":"https:\/\/arcasgruber.com\/fr\/wp-json\/wp\/v2\/media\/510449"}],"wp:attachment":[{"href":"https:\/\/arcasgruber.com\/fr\/wp-json\/wp\/v2\/media?parent=510448"}],"curies":[{"name":"wp","href":"https:\/\/api.w.org\/{rel}","templated":true}]}}