{"id":504465,"date":"2025-02-25T07:08:42","date_gmt":"2025-02-25T06:08:42","guid":{"rendered":"https:\/\/arcasgruber.com\/?page_id=504465"},"modified":"2025-02-25T07:28:46","modified_gmt":"2025-02-25T06:28:46","slug":"certifications","status":"publish","type":"page","link":"https:\/\/arcasgruber.com\/fr\/certifications\/","title":{"rendered":"Certifications Arcas Gruber"},"content":{"rendered":"\t\t<div data-elementor-type=\"wp-page\" data-elementor-id=\"504465\" class=\"elementor elementor-504465 elementor-504407\" data-elementor-post-type=\"page\">\n\t\t\t\t\t\t<section class=\"has_ae_slider elementor-section elementor-top-section elementor-element elementor-element-0acbb76 elementor-section-boxed elementor-section-height-default elementor-section-height-default wd-section-disabled ae-bg-gallery-type-default\" data-id=\"0acbb76\" data-element_type=\"section\">\n\t\t\t\t\t\t<div class=\"elementor-container elementor-column-gap-default\">\n\t\t\t\t\t<div class=\"has_ae_slider elementor-column elementor-col-100 elementor-top-column elementor-element elementor-element-ef6368c ae-bg-gallery-type-default\" data-id=\"ef6368c\" data-element_type=\"column\">\n\t\t\t<div class=\"elementor-widget-wrap elementor-element-populated\">\n\t\t\t\t\t\t<div class=\"elementor-element elementor-element-2f3300e elementor-widget elementor-widget-wd_text_block\" data-id=\"2f3300e\" data-element_type=\"widget\" data-widget_type=\"wd_text_block.default\">\n\t\t\t\t<div class=\"elementor-widget-container\">\n\t\t\t\t\t\t\t<div class=\"wd-text-block reset-last-child text-left\">\n\t\t\t\n\t\t\t<p data-start=\"3320\" data-end=\"4056\">Chez <strong>Arcas Gruber<\/strong>, nous garantissons une s\u00e9curit\u00e9 maximale \u00e0 nos produits gr\u00e2ce \u00e0 des certifications officielles reconnues internationalement. Nos <a href=\"https:\/\/arcasgruber.com\/fr\/coffres-forts\/\"><span style=\"text-decoration: underline;\"><strong>coffres-forts<\/strong><\/span><\/a> respectent la norme stricte <strong data-start=\"3848\" data-end=\"3870\">UNE EN 1143-1:2015<\/strong>, attestant de leur r\u00e9sistance aux effractions et attaques. De plus, notre entreprise est certifi\u00e9e <strong data-start=\"3970\" data-end=\"3987\">ISO 9001:2019<\/strong>, garantissant un syst\u00e8me de gestion de qualit\u00e9 efficace et fiable.<\/p><p data-start=\"4058\" data-end=\"4257\">Avec plus de 100 ans d\u2019exp\u00e9rience, nous proposons des solutions de s\u00e9curit\u00e9 adapt\u00e9es aux particuliers, aux entreprises et aux \u00e9tablissements financiers, toutes conformes aux normes internationales.<\/p>\n\t\t\t\t\t<\/div>\n\t\t\t\t\t\t<\/div>\n\t\t\t\t<\/div>\n\t\t\t\t\t<\/div>\n\t\t<\/div>\n\t\t\t\t\t<\/div>\n\t\t<\/section>\n\t\t\t\t<section class=\"has_ae_slider elementor-section elementor-top-section elementor-element elementor-element-a7796be elementor-section-boxed elementor-section-height-default elementor-section-height-default wd-section-disabled ae-bg-gallery-type-default\" data-id=\"a7796be\" data-element_type=\"section\">\n\t\t\t\t\t\t<div class=\"elementor-container elementor-column-gap-default\">\n\t\t\t\t\t<div class=\"has_ae_slider elementor-column elementor-col-25 elementor-top-column elementor-element elementor-element-4555435 ae-bg-gallery-type-default\" data-id=\"4555435\" data-element_type=\"column\">\n\t\t\t<div class=\"elementor-widget-wrap elementor-element-populated\">\n\t\t\t\t\t\t<div class=\"elementor-element elementor-element-7fc61ac elementor-widget elementor-widget-wd_image_or_svg\" data-id=\"7fc61ac\" data-element_type=\"widget\" data-widget_type=\"wd_image_or_svg.default\">\n\t\t\t\t<div class=\"elementor-widget-container\">\n\t\t\t\t\t\n\t\t<div class=\"wd-image text-left\">\n\t\t\t\t\t\t\t\t<img fetchpriority=\"high\" decoding=\"async\" width=\"348\" height=\"348\" src=\"https:\/\/arcasgruber.com\/wp-content\/uploads\/2024\/12\/iqnet.png\" class=\"attachment-full size-full\" alt=\"Certificacion de calidad arcas gruber\" srcset=\"https:\/\/arcasgruber.com\/wp-content\/uploads\/2024\/12\/iqnet.png 348w, https:\/\/arcasgruber.com\/wp-content\/uploads\/2024\/12\/iqnet-300x300.png 300w, https:\/\/arcasgruber.com\/wp-content\/uploads\/2024\/12\/iqnet-150x150.png 150w\" sizes=\"(max-width: 348px) 100vw, 348px\" \/>\t\t\t\t\t<\/div>\n\n\t\t\t\t\t\t<\/div>\n\t\t\t\t<\/div>\n\t\t\t\t\t<\/div>\n\t\t<\/div>\n\t\t\t\t<div class=\"has_ae_slider elementor-column elementor-col-25 elementor-top-column elementor-element elementor-element-c4780c8 ae-bg-gallery-type-default\" data-id=\"c4780c8\" data-element_type=\"column\">\n\t\t\t<div class=\"elementor-widget-wrap elementor-element-populated\">\n\t\t\t\t\t\t<div class=\"elementor-element elementor-element-bdaec8f elementor-widget elementor-widget-wd_image_or_svg\" data-id=\"bdaec8f\" data-element_type=\"widget\" data-widget_type=\"wd_image_or_svg.default\">\n\t\t\t\t<div class=\"elementor-widget-container\">\n\t\t\t\t\t\n\t\t<div class=\"wd-image text-left\">\n\t\t\t\t\t\t\t\t<img decoding=\"async\" width=\"348\" height=\"348\" src=\"https:\/\/arcasgruber.com\/wp-content\/uploads\/2024\/12\/aenor.png\" class=\"attachment-full size-full\" alt=\"certificacion iso9001 arcas gruber\" srcset=\"https:\/\/arcasgruber.com\/wp-content\/uploads\/2024\/12\/aenor.png 348w, https:\/\/arcasgruber.com\/wp-content\/uploads\/2024\/12\/aenor-300x300.png 300w, https:\/\/arcasgruber.com\/wp-content\/uploads\/2024\/12\/aenor-150x150.png 150w\" sizes=\"(max-width: 348px) 100vw, 348px\" \/>\t\t\t\t\t<\/div>\n\n\t\t\t\t\t\t<\/div>\n\t\t\t\t<\/div>\n\t\t\t\t\t<\/div>\n\t\t<\/div>\n\t\t\t\t<div class=\"has_ae_slider elementor-column elementor-col-25 elementor-top-column elementor-element elementor-element-209c893 ae-bg-gallery-type-default\" data-id=\"209c893\" data-element_type=\"column\">\n\t\t\t<div class=\"elementor-widget-wrap elementor-element-populated\">\n\t\t\t\t\t\t<div class=\"elementor-element elementor-element-2302236 elementor-widget elementor-widget-wd_image_or_svg\" data-id=\"2302236\" data-element_type=\"widget\" data-widget_type=\"wd_image_or_svg.default\">\n\t\t\t\t<div class=\"elementor-widget-container\">\n\t\t\t\t\t\n\t\t<div class=\"wd-image text-center\">\n\t\t\t\t\t\t\t\t<img decoding=\"async\" width=\"155\" height=\"300\" src=\"https:\/\/arcasgruber.com\/wp-content\/uploads\/2025\/02\/CAJA_FUER_COMP_SEGU_CAMA_ACOR-EN-BN_RGB-155x300.png\" class=\"attachment-medium size-medium\" alt=\"Certificado cajas fuertes grado 3\" srcset=\"https:\/\/arcasgruber.com\/wp-content\/uploads\/2025\/02\/CAJA_FUER_COMP_SEGU_CAMA_ACOR-EN-BN_RGB-155x300.png 155w, https:\/\/arcasgruber.com\/wp-content\/uploads\/2025\/02\/CAJA_FUER_COMP_SEGU_CAMA_ACOR-EN-BN_RGB-414x800.png 414w, https:\/\/arcasgruber.com\/wp-content\/uploads\/2025\/02\/CAJA_FUER_COMP_SEGU_CAMA_ACOR-EN-BN_RGB-430x831.png 430w, https:\/\/arcasgruber.com\/wp-content\/uploads\/2025\/02\/CAJA_FUER_COMP_SEGU_CAMA_ACOR-EN-BN_RGB-150x290.png 150w, https:\/\/arcasgruber.com\/wp-content\/uploads\/2025\/02\/CAJA_FUER_COMP_SEGU_CAMA_ACOR-EN-BN_RGB.png 530w\" sizes=\"(max-width: 155px) 100vw, 155px\" \/>\t\t\t\t\t<\/div>\n\n\t\t\t\t\t\t<\/div>\n\t\t\t\t<\/div>\n\t\t\t\t\t<\/div>\n\t\t<\/div>\n\t\t\t\t<div class=\"has_ae_slider elementor-column elementor-col-25 elementor-top-column elementor-element elementor-element-451d034 ae-bg-gallery-type-default\" data-id=\"451d034\" data-element_type=\"column\">\n\t\t\t<div class=\"elementor-widget-wrap elementor-element-populated\">\n\t\t\t\t\t\t<div class=\"elementor-element elementor-element-1dce8d5 elementor-widget elementor-widget-wd_image_or_svg\" data-id=\"1dce8d5\" data-element_type=\"widget\" data-widget_type=\"wd_image_or_svg.default\">\n\t\t\t\t<div class=\"elementor-widget-container\">\n\t\t\t\t\t\n\t\t<div class=\"wd-image text-center\">\n\t\t\t\t\t\t\t\t<img loading=\"lazy\" decoding=\"async\" width=\"155\" height=\"300\" src=\"https:\/\/arcasgruber.com\/wp-content\/uploads\/2025\/02\/PR-2027-007-EN-BN_RGB-155x300.png\" class=\"attachment-medium size-medium\" alt=\"Certificado cajas fuertes grado 4\" srcset=\"https:\/\/arcasgruber.com\/wp-content\/uploads\/2025\/02\/PR-2027-007-EN-BN_RGB-155x300.png 155w, https:\/\/arcasgruber.com\/wp-content\/uploads\/2025\/02\/PR-2027-007-EN-BN_RGB-414x800.png 414w, https:\/\/arcasgruber.com\/wp-content\/uploads\/2025\/02\/PR-2027-007-EN-BN_RGB-430x831.png 430w, https:\/\/arcasgruber.com\/wp-content\/uploads\/2025\/02\/PR-2027-007-EN-BN_RGB-150x290.png 150w, https:\/\/arcasgruber.com\/wp-content\/uploads\/2025\/02\/PR-2027-007-EN-BN_RGB.png 530w\" sizes=\"(max-width: 155px) 100vw, 155px\" \/>\t\t\t\t\t<\/div>\n\n\t\t\t\t\t\t<\/div>\n\t\t\t\t<\/div>\n\t\t\t\t\t<\/div>\n\t\t<\/div>\n\t\t\t\t\t<\/div>\n\t\t<\/section>\n\t\t\t\t<section class=\"has_ae_slider elementor-section elementor-top-section elementor-element elementor-element-d684da7 elementor-section-boxed elementor-section-height-default elementor-section-height-default wd-section-disabled ae-bg-gallery-type-default\" data-id=\"d684da7\" data-element_type=\"section\">\n\t\t\t\t\t\t<div class=\"elementor-container elementor-column-gap-default\">\n\t\t\t\t\t<div class=\"has_ae_slider elementor-column elementor-col-100 elementor-top-column elementor-element elementor-element-ff1104d ae-bg-gallery-type-default\" data-id=\"ff1104d\" data-element_type=\"column\">\n\t\t\t<div class=\"elementor-widget-wrap elementor-element-populated\">\n\t\t\t\t\t\t<div class=\"elementor-element elementor-element-338260b elementor-widget elementor-widget-wd_text_block\" data-id=\"338260b\" data-element_type=\"widget\" data-widget_type=\"wd_text_block.default\">\n\t\t\t\t<div class=\"elementor-widget-container\">\n\t\t\t\t\t\t\t<div class=\"wd-text-block reset-last-child text-left\">\n\t\t\t\n\t\t\t<h2 data-start=\"4259\" data-end=\"4671\"><strong data-start=\"4288\" data-end=\"4347\">UNE EN 1143-1:2019 \u2013 Certification de r\u00e9sistance au vol<\/strong><\/h2><p data-start=\"4259\" data-end=\"4671\">La norme <strong data-start=\"4359\" data-end=\"4376\">UNE EN 1143-1<\/strong> est la r\u00e9f\u00e9rence europ\u00e9enne qui certifie la r\u00e9sistance des coffres-forts, portes blind\u00e9es et armoires de s\u00e9curit\u00e9 face aux tentatives d\u2019effraction. Elle repose sur des tests rigoureux effectu\u00e9s par des laboratoires ind\u00e9pendants, simulant des attaques avec des outils m\u00e9caniques et thermiques.<\/p><p data-start=\"4673\" data-end=\"5075\">\ud83d\udd39 <strong data-start=\"4676\" data-end=\"4703\">Niveaux de r\u00e9sistance :<\/strong> La certification attribue des grades de r\u00e9sistance allant du <strong data-start=\"4765\" data-end=\"4790\">Grade 0 au Grade XIII<\/strong>, indiquant la capacit\u00e9 du coffre-fort \u00e0 r\u00e9sister aux diff\u00e9rentes attaques.<br data-start=\"4865\" data-end=\"4868\" \/>\ud83d\udd39 <strong data-start=\"4871\" data-end=\"4924\">Obligatoire pour les banques et les entreprises :<\/strong> Dans des secteurs comme la banque et la joaillerie, l\u2019utilisation de coffres-forts certifi\u00e9s est indispensable pour r\u00e9pondre aux normes de s\u00e9curit\u00e9.<\/p><p data-start=\"5077\" data-end=\"5249\">Les coffres-forts Arcas Gruber respectent cette norme, garantissant une <strong data-start=\"5149\" data-end=\"5183\">protection fiable et certifi\u00e9e<\/strong> aux particuliers, entreprises et institutions gouvernementales.<\/p><h2 data-start=\"5251\" data-end=\"5608\"><strong data-start=\"5251\" data-end=\"5307\">ISO 9001:2015 \u2013 Gestion de qualit\u00e9 chez Arcas Gruber<\/strong><\/h2><p data-start=\"5251\" data-end=\"5608\">En plus de la certification de s\u00e9curit\u00e9, Arcas Gruber applique <strong data-start=\"5373\" data-end=\"5443\">un syst\u00e8me de gestion de qualit\u00e9 conforme \u00e0 la norme ISO 9001:2015<\/strong>. Cette certification garantit que nos processus de fabrication, de contr\u00f4le qualit\u00e9 et de service client r\u00e9pondent aux normes internationales les plus exigeantes.<\/p><p data-start=\"5610\" data-end=\"5877\">\ud83d\udd39 <strong data-start=\"5613\" data-end=\"5640\">Am\u00e9lioration continue :<\/strong> Nous mettons en place des contr\u00f4les qualit\u00e9 pour assurer que chaque coffre-fort r\u00e9pond aux exigences \u00e9tablies.<br data-start=\"5751\" data-end=\"5754\" \/>\ud83d\udd39 <strong data-start=\"5757\" data-end=\"5782\">Satisfaction client :<\/strong> Notre objectif est de proposer des produits s\u00e9curis\u00e9s et conformes aux attentes des clients.<\/p><p data-start=\"5879\" data-end=\"6026\">Gr\u00e2ce \u00e0 la certification ISO 9001, Arcas Gruber maintient son engagement envers <strong data-start=\"5959\" data-end=\"6023\">l\u2019excellence et l\u2019innovation en mati\u00e8re de s\u00e9curit\u00e9 physique<\/strong>.<\/p><p data-start=\"6028\" data-end=\"6202\">\u2705 Si vous recherchez un coffre-fort certifi\u00e9 UNE EN 1143-1, consultez notre s\u00e9lection de <a target=\"_new\" rel=\"noopener\" data-start=\"6117\" data-end=\"6199\"><strong data-start=\"6118\" data-end=\"6145\">Coffres-Forts Certifi\u00e9s<\/strong><\/a>.<\/p><p data-start=\"6204\" data-end=\"6407\"><strong data-start=\"6204\" data-end=\"6250\">Pourquoi choisir un coffre-fort certifi\u00e9 ?<\/strong><br data-start=\"6250\" data-end=\"6253\" \/>Acheter un coffre-fort certifi\u00e9 garantit que le produit a subi <strong data-start=\"6316\" data-end=\"6353\">des tests de r\u00e9sistance officiels<\/strong> et r\u00e9pond aux normes de s\u00e9curit\u00e9 les plus strictes.<\/p><p data-start=\"6409\" data-end=\"6725\">\u2705 <strong data-start=\"6411\" data-end=\"6436\">Protection garantie :<\/strong> Conforme aux r\u00e9glementations europ\u00e9ennes en mati\u00e8re de s\u00e9curit\u00e9.<br data-start=\"6501\" data-end=\"6504\" \/>\u2705 <strong data-start=\"6506\" data-end=\"6532\">Fiabilit\u00e9 sup\u00e9rieure :<\/strong> Mat\u00e9riaux haute r\u00e9sistance test\u00e9s en laboratoires ind\u00e9pendants.<br data-start=\"6596\" data-end=\"6599\" \/>\u2705 <strong data-start=\"6601\" data-end=\"6624\">Conformit\u00e9 l\u00e9gale :<\/strong> Requis dans des secteurs comme la banque, la joaillerie et la conservation de documents sensibles.<\/p><p data-start=\"6727\" data-end=\"6881\">\u2705 D\u00e9couvrez notre <span style=\"text-decoration: underline;\"><a href=\"https:\/\/arcasgruber.com\/fr\/coffres-forts\/\" target=\"_new\" rel=\"noopener\" data-start=\"6745\" data-end=\"6825\"><strong data-start=\"6746\" data-end=\"6781\">gamme compl\u00e8te de Coffres-Forts<\/strong><\/a><\/span> et trouvez la meilleure solution pour votre s\u00e9curit\u00e9.<\/p>\n\t\t\t\t\t<\/div>\n\t\t\t\t\t\t<\/div>\n\t\t\t\t<\/div>\n\t\t\t\t\t<\/div>\n\t\t<\/div>\n\t\t\t\t\t<\/div>\n\t\t<\/section>\n\t\t\t\t<\/div>\n\t\t","protected":false},"excerpt":{"rendered":"<p>Chez Arcas Gruber, nous garantissons une s\u00e9curit\u00e9 maximale \u00e0 nos produits gr\u00e2ce \u00e0 des certifications officielles reconnues internationalement. Nos coffres-forts<\/p>\n","protected":false},"author":3,"featured_media":503007,"parent":0,"menu_order":0,"comment_status":"closed","ping_status":"closed","template":"","meta":{"_acf_changed":false,"footnotes":""},"class_list":["post-504465","page","type-page","status-publish","has-post-thumbnail","hentry"],"acf":[],"_links":{"self":[{"href":"https:\/\/arcasgruber.com\/fr\/wp-json\/wp\/v2\/pages\/504465","targetHints":{"allow":["GET"]}}],"collection":[{"href":"https:\/\/arcasgruber.com\/fr\/wp-json\/wp\/v2\/pages"}],"about":[{"href":"https:\/\/arcasgruber.com\/fr\/wp-json\/wp\/v2\/types\/page"}],"author":[{"embeddable":true,"href":"https:\/\/arcasgruber.com\/fr\/wp-json\/wp\/v2\/users\/3"}],"replies":[{"embeddable":true,"href":"https:\/\/arcasgruber.com\/fr\/wp-json\/wp\/v2\/comments?post=504465"}],"version-history":[{"count":0,"href":"https:\/\/arcasgruber.com\/fr\/wp-json\/wp\/v2\/pages\/504465\/revisions"}],"wp:featuredmedia":[{"embeddable":true,"href":"https:\/\/arcasgruber.com\/fr\/wp-json\/wp\/v2\/media\/503007"}],"wp:attachment":[{"href":"https:\/\/arcasgruber.com\/fr\/wp-json\/wp\/v2\/media?parent=504465"}],"curies":[{"name":"wp","href":"https:\/\/api.w.org\/{rel}","templated":true}]}}