{"id":501916,"date":"2024-10-14T18:21:03","date_gmt":"2024-10-14T16:21:03","guid":{"rendered":"https:\/\/arcasgruber.com\/telechargements\/"},"modified":"2025-10-20T11:09:32","modified_gmt":"2025-10-20T09:09:32","slug":"telechargements","status":"publish","type":"page","link":"https:\/\/arcasgruber.com\/fr\/telechargements\/","title":{"rendered":"T\u00e9l\u00e9chargements"},"content":{"rendered":"\t\t<div data-elementor-type=\"wp-page\" data-elementor-id=\"501916\" class=\"elementor elementor-501916 elementor-12688\" data-elementor-post-type=\"page\">\n\t\t\t\t\t\t<section class=\"has_ae_slider elementor-section elementor-top-section elementor-element elementor-element-46c0193 elementor-section-boxed elementor-section-height-default elementor-section-height-default wd-section-disabled ae-bg-gallery-type-default\" data-id=\"46c0193\" data-element_type=\"section\">\n\t\t\t\t\t\t<div class=\"elementor-container elementor-column-gap-default\">\n\t\t\t\t\t<div class=\"has_ae_slider elementor-column elementor-col-100 elementor-top-column elementor-element elementor-element-a9a07d1 ae-bg-gallery-type-default\" data-id=\"a9a07d1\" data-element_type=\"column\">\n\t\t\t<div class=\"elementor-widget-wrap elementor-element-populated\">\n\t\t\t\t\t\t<div class=\"elementor-element elementor-element-56bc364 elementor-widget elementor-widget-wd_text_block\" data-id=\"56bc364\" data-element_type=\"widget\" data-widget_type=\"wd_text_block.default\">\n\t\t\t\t<div class=\"elementor-widget-container\">\n\t\t\t\t\t\t\t<div class=\"wd-text-block reset-last-child text-left\">\n\t\t\t\n\t\t\t<h2><strong>T\u00e9l\u00e9chargements techniques de coffres-forts, serrures et manuels de s\u00e9curit\u00e9<\/strong><\/h2><p>Chez <strong>Arcas Gruber<\/strong>, nous mettons \u00e0 votre disposition toutes les informations techniques n\u00e9cessaires sur nos coffres-forts certifi\u00e9s, serrures de haute s\u00e9curit\u00e9 et syst\u00e8mes de protection physique.<br \/>Dans cette section, vous trouverez des fiches techniques d\u00e9taill\u00e9es, des manuels d\u2019utilisation et des vid\u00e9os explicatives, con\u00e7us pour faciliter l\u2019installation, la configuration et la maintenance de nos produits.<\/p><p>Si vous souhaitez d\u00e9couvrir l\u2019ensemble de notre gamme, consultez le<br \/><strong><span style=\"text-decoration: underline;\"><a href=\"https:\/\/arcasgruber.com\/wp-content\/uploads\/2025\/10\/Arcas-Gruber-Catalogue-2025-FR.pdf\" target=\"_blank\" rel=\"noopener\">Catalogue complet Arcas Gruber 2025<\/a><\/span><\/strong>,<br \/>o\u00f9 figurent toutes nos lignes de coffres-forts, armoires de s\u00e9curit\u00e9, serrures et solutions personnalis\u00e9es de protection.<\/p><h2>Notre histoire<\/h2><p>Pour en savoir plus sur notre histoire et plus de 115 ans d\u2019exp\u00e9rience dans le domaine de la s\u00e9curit\u00e9, regardez la vid\u00e9o :<br \/><a href=\"https:\/\/youtu.be\/opujyT5PZAQ?si=XRtUarJx_n8DB7-k\"><strong><span style=\"text-decoration: underline;\">Arcas Gruber \u2013 Une histoire de s\u00e9curit\u00e9 depuis 1908<\/span><\/strong><\/a><\/p><h2>\ud83d\udcc2 Fiches techniques des coffres-forts<\/h2><p>Chaque coffre-fort Arcas Gruber est con\u00e7u et certifi\u00e9 selon la norme europ\u00e9enne <strong>UNE EN 1143-1<\/strong>, garantissant une r\u00e9sistance maximale contre toute tentative d\u2019effraction.<br \/>T\u00e9l\u00e9chargez les fiches techniques avec toutes les informations sur les dimensions, mat\u00e9riaux, niveaux de r\u00e9sistance, syst\u00e8mes de verrouillage et options de fixation.<\/p><h3>\ud83d\udc49 Types de coffres-forts disponibles :<\/h3><p>\u2714\ufe0f <span style=\"text-decoration: underline;\"><strong><a href=\"https:\/\/arcasgruber.com\/wp-content\/uploads\/2025\/10\/Fiche_technique_Coffres-forts_Classe_1.pdf\">Coffres-forts certifi\u00e9s Classe 1<\/a><\/strong><\/span><br \/>\u2714\ufe0f <span style=\"text-decoration: underline;\"><strong><a href=\"https:\/\/arcasgruber.com\/wp-content\/uploads\/2025\/10\/Fiche_technique_Coffres-forts_Classe_3.pdf\">Coffres-forts certifi\u00e9s Classe 3<\/a><\/strong><\/span><br \/>\u2714\ufe0f <span style=\"text-decoration: underline;\"><strong><a href=\"https:\/\/arcasgruber.com\/wp-content\/uploads\/2025\/10\/Fiche_technique_Coffres-forts_Classe_4.pdf\">Coffres-forts certifi\u00e9s Classe 4<\/a><\/strong><\/span><br \/>\u2714\ufe0f <span style=\"text-decoration: underline;\"><strong><a href=\"https:\/\/arcasgruber.com\/wp-content\/uploads\/2025\/10\/Fiche_technique_Coffres-forts_Classe_5_6.pdf\">Coffres-forts certifi\u00e9s Classes 5 et 6<\/a><\/strong><\/span><br \/>\u2714\ufe0f <span style=\"text-decoration: underline;\"><strong><a href=\"https:\/\/arcasgruber.com\/wp-content\/uploads\/2025\/10\/Fiche_technique_Coffres-forts_Classe_7_9.pdf\">Coffres-forts certifi\u00e9s Classes 7 \u00e0 9<\/a><\/strong><\/span><br \/>\u2714\ufe0f <span style=\"text-decoration: underline;\"><strong><a href=\"https:\/\/arcasgruber.com\/wp-content\/uploads\/2025\/10\/Fiche_technique_Coffres-forts_Demotables.pdf\">Coffres-forts d\u00e9montables<\/a><\/strong><\/span><br \/>\u2714\ufe0f <span style=\"text-decoration: underline;\"><strong><a href=\"https:\/\/arcasgruber.com\/wp-content\/uploads\/2025\/10\/Fiche_technique_Coffres-forts_Encastrables_Certifiees.pdf\">Coffres-forts encastrables certifi\u00e9s<\/a><\/strong><\/span><\/p><p>Chaque fiche technique contient des informations pr\u00e9cises sur la structure, le poids, les niveaux de s\u00e9curit\u00e9, les syst\u00e8mes de verrouillage disponibles et les conseils d\u2019installation.<\/p><h2>\ud83d\udd12 Fiches techniques des serrures et combinaisons<\/h2><p>Les serrures jouent un r\u00f4le fondamental dans la s\u00e9curit\u00e9 de tout coffre-fort.<\/p><p>Vous trouverez ici les documents techniques des diff\u00e9rents types de serrures m\u00e9caniques, \u00e9lectroniques et biom\u00e9triques utilis\u00e9es sur nos mod\u00e8les.<\/p><p>Chaque fiche d\u00e9taille la compatibilit\u00e9, le fonctionnement, la r\u00e9sistance et les instructions de maintenance.<\/p><h2>\ud83c\udfa5 Vid\u00e9os d\u2019installation et d\u2019utilisation<\/h2><p>Nos vid\u00e9os tutorielles vous guident pas \u00e0 pas pour l\u2019installation, la configuration et l\u2019entretien de votre coffre-fort.<\/p><p>Elles pr\u00e9sentent des d\u00e9monstrations pratiques et des conseils utiles pour prolonger la dur\u00e9e de vie de votre \u00e9quipement.<\/p><p>Exemples de vid\u00e9os disponibles :<\/p><ul><li>Types de serrures et de combinaisons disponibles<\/li><li>Comment ouvrir un coffre-fort \u00e0 combinaison m\u00e9canique<\/li><li>Comment ouvrir un coffre-fort \u00e0 combinaison \u00e9lectronique<\/li><li>Comment changer la pile d\u2019une serrure num\u00e9rique<\/li><li>Comment installer un coffre-fort mural ou \u00e0 poser<\/li><li>Comment ajuster la poign\u00e9e d\u2019un coffre-fort<\/li><\/ul><h2>\ud83d\udcdc Manuels d\u2019utilisation et guides de s\u00e9curit\u00e9<\/h2><p>T\u00e9l\u00e9chargez les manuels officiels et guides rapides de nos syst\u00e8mes de combinaison.<br \/>Chaque document inclut des instructions d\u00e9taill\u00e9es sur la programmation, le changement de code, la maintenance et les recommandations de s\u00e9curit\u00e9 pour l\u2019utilisateur final.<\/p><h3>\ud83d\udc49 Manuels disponibles :<\/h3><p>\u2714\ufe0f <a href=\"https:\/\/arcasgruber.com\/wp-content\/uploads\/2025\/10\/Fiche-technique-_MiniTech.pdf\"><span style=\"text-decoration: underline;\"><strong>Guide rapide de la combinaison digitale Minitech<\/strong><\/span><\/a><br \/>\u2714\ufe0f <a href=\"https:\/\/arcasgruber.com\/wp-content\/uploads\/2025\/10\/Fiche-technique-Utilisateur-BasicLine.pdf\"><span style=\"text-decoration: underline;\"><strong>Guide rapide de la combinaison digitale Pulse<\/strong><\/span><\/a><br \/>\u2714\ufe0f <a href=\"https:\/\/arcasgruber.com\/wp-content\/uploads\/2025\/10\/SG-3d.pdf\"><span style=\"text-decoration: underline;\"><strong>Guide m\u00e9canique Sargent &amp; Greenleaf \u00e0 trois disques<\/strong><\/span><\/a><br \/>\u2714\ufe0f Manuels ant\u00e9rieurs disponibles sur demande<\/p><h2>\u2753 Questions fr\u00e9quentes sur les t\u00e9l\u00e9chargements<\/h2><p><strong>\ud83d\udccc Comment t\u00e9l\u00e9charger une fiche technique ou un manuel ?<\/strong><\/p><p>Cliquez simplement sur le titre du document souhait\u00e9 : il s\u2019ouvrira automatiquement au format PDF, pr\u00eat \u00e0 \u00eatre sauvegard\u00e9 sur votre appareil.<br \/><br \/><\/p><p><strong>\ud83d\udccc Les fiches techniques incluent-elles les instructions d\u2019installation ?<\/strong><\/p><p>Oui. La plupart comportent des informations sur la fixation, le type de paroi recommand\u00e9 et les outils n\u00e9cessaires.<br \/><br \/><\/p><p><strong>\ud83d\udccc Puis-je recevoir une assistance technique ?<\/strong><br \/>Bien s\u00fbr. Notre \u00e9quipe technique est disponible pour r\u00e9pondre \u00e0 toute question concernant nos coffres-forts, serrures ou accessoires.<\/p><h2>\ud83d\ude80 Contact et assistance technique<\/h2><p>Si vous ne trouvez pas l\u2019information recherch\u00e9e, n\u2019h\u00e9sitez pas \u00e0 nous contacter.<br \/>Notre \u00e9quipe se fera un plaisir de vous aider.<br \/><br \/><\/p><p>\ud83d\udcde <strong>T\u00e9l\u00e9phone :<\/strong> +34 94 421 68 20<br \/>\ud83d\udce7 <strong>Email :<\/strong> france@arcasgruber.com<br \/>\ud83d\udcac <strong>WhatsApp :<\/strong> +34 605 72 60 72<br \/><br \/><\/p><p>Vous pouvez \u00e9galement consulter notre section d\u2019aide ou contacter un conseiller pour obtenir des informations compl\u00e9mentaires.<\/p>\n\t\t\t\t\t<\/div>\n\t\t\t\t\t\t<\/div>\n\t\t\t\t<\/div>\n\t\t\t\t\t<\/div>\n\t\t<\/div>\n\t\t\t\t\t<\/div>\n\t\t<\/section>\n\t\t\t\t<\/div>\n\t\t","protected":false},"excerpt":{"rendered":"<p>T\u00e9l\u00e9chargements techniques de coffres-forts, serrures et manuels de s\u00e9curit\u00e9 Chez Arcas Gruber, nous mettons \u00e0 votre disposition toutes les informations<\/p>\n","protected":false},"author":3,"featured_media":504521,"parent":0,"menu_order":6,"comment_status":"closed","ping_status":"closed","template":"","meta":{"_acf_changed":false,"footnotes":""},"class_list":["post-501916","page","type-page","status-publish","has-post-thumbnail","hentry"],"acf":[],"_links":{"self":[{"href":"https:\/\/arcasgruber.com\/fr\/wp-json\/wp\/v2\/pages\/501916","targetHints":{"allow":["GET"]}}],"collection":[{"href":"https:\/\/arcasgruber.com\/fr\/wp-json\/wp\/v2\/pages"}],"about":[{"href":"https:\/\/arcasgruber.com\/fr\/wp-json\/wp\/v2\/types\/page"}],"author":[{"embeddable":true,"href":"https:\/\/arcasgruber.com\/fr\/wp-json\/wp\/v2\/users\/3"}],"replies":[{"embeddable":true,"href":"https:\/\/arcasgruber.com\/fr\/wp-json\/wp\/v2\/comments?post=501916"}],"version-history":[{"count":0,"href":"https:\/\/arcasgruber.com\/fr\/wp-json\/wp\/v2\/pages\/501916\/revisions"}],"wp:featuredmedia":[{"embeddable":true,"href":"https:\/\/arcasgruber.com\/fr\/wp-json\/wp\/v2\/media\/504521"}],"wp:attachment":[{"href":"https:\/\/arcasgruber.com\/fr\/wp-json\/wp\/v2\/media?parent=501916"}],"curies":[{"name":"wp","href":"https:\/\/api.w.org\/{rel}","templated":true}]}}