{"id":23322,"date":"2022-03-02T13:06:49","date_gmt":"2022-03-02T12:06:49","guid":{"rendered":"https:\/\/pre.thelastdock.com\/gruber\/contact-2\/"},"modified":"2025-08-01T11:23:01","modified_gmt":"2025-08-01T09:23:01","slug":"contact","status":"publish","type":"page","link":"https:\/\/arcasgruber.com\/fr\/contact\/","title":{"rendered":"Contact"},"content":{"rendered":"\t\t<div data-elementor-type=\"wp-page\" data-elementor-id=\"23322\" class=\"elementor elementor-23322 elementor-8774\" data-elementor-post-type=\"page\">\n\t\t\t\t\t\t<section class=\"has_ae_slider elementor-section elementor-top-section elementor-element elementor-element-88395a8 elementor-section-boxed elementor-section-height-default elementor-section-height-default wd-section-disabled ae-bg-gallery-type-default\" data-id=\"88395a8\" data-element_type=\"section\">\n\t\t\t\t\t\t<div class=\"elementor-container elementor-column-gap-default\">\n\t\t\t\t\t<div class=\"has_ae_slider elementor-column elementor-col-50 elementor-top-column elementor-element elementor-element-324b7c6 ae-bg-gallery-type-default\" data-id=\"324b7c6\" data-element_type=\"column\">\n\t\t\t<div class=\"elementor-widget-wrap elementor-element-populated\">\n\t\t\t\t\t\t<div class=\"elementor-element elementor-element-1313155 elementor-widget elementor-widget-heading\" data-id=\"1313155\" data-element_type=\"widget\" data-widget_type=\"heading.default\">\n\t\t\t\t<div class=\"elementor-widget-container\">\n\t\t\t\t\t<h1 class=\"elementor-heading-title elementor-size-default\">Contactez-nous<\/h1>\t\t\t\t<\/div>\n\t\t\t\t<\/div>\n\t\t\t\t<div class=\"elementor-element elementor-element-f0d699a elementor-widget elementor-widget-heading\" data-id=\"f0d699a\" data-element_type=\"widget\" data-widget_type=\"heading.default\">\n\t\t\t\t<div class=\"elementor-widget-container\">\n\t\t\t\t\t<p class=\"elementor-heading-title elementor-size-default\">Nous vous aiderons \u00e0 trouver la solution id\u00e9ale pour votre syst\u00e8me de s\u00e9curit\u00e9. Remplissez le formulaire et notre \u00e9quipe vous contactera sous peu.<\/p>\t\t\t\t<\/div>\n\t\t\t\t<\/div>\n\t\t\t\t<div class=\"elementor-element elementor-element-52f42b6 elementor-widget elementor-widget-shortcode\" data-id=\"52f42b6\" data-element_type=\"widget\" data-widget_type=\"shortcode.default\">\n\t\t\t\t<div class=\"elementor-widget-container\">\n\t\t\t\t\t\t\t<div class=\"elementor-shortcode\">\n<div class=\"wpcf7 no-js\" id=\"wpcf7-f511050-o1\" lang=\"fr-FR\" dir=\"ltr\" data-wpcf7-id=\"511050\">\n<div class=\"screen-reader-response\"><p role=\"status\" aria-live=\"polite\" aria-atomic=\"true\"><\/p> <ul><\/ul><\/div>\n<form action=\"\/fr\/wp-json\/wp\/v2\/pages\/23322#wpcf7-f511050-o1\" method=\"post\" class=\"wpcf7-form init\" aria-label=\"Formulaire de contact\" novalidate=\"novalidate\" data-status=\"init\">\n<fieldset class=\"hidden-fields-container\"><input type=\"hidden\" name=\"_wpcf7\" value=\"511050\" \/><input type=\"hidden\" name=\"_wpcf7_version\" value=\"6.1.5\" \/><input type=\"hidden\" name=\"_wpcf7_locale\" value=\"fr_FR\" \/><input type=\"hidden\" name=\"_wpcf7_unit_tag\" value=\"wpcf7-f511050-o1\" \/><input type=\"hidden\" name=\"_wpcf7_container_post\" value=\"0\" \/><input type=\"hidden\" name=\"_wpcf7_posted_data_hash\" value=\"\" \/><input type=\"hidden\" name=\"_wpcf7dtx_version\" value=\"5.0.5\" \/><input type=\"hidden\" name=\"_wpcf7_recaptcha_response\" value=\"\" \/>\n<\/fieldset>\n<p><label>Nom et pr\u00e9nom<br \/>\n<span class=\"wpcf7-form-control-wrap\" data-name=\"your-name\"><input size=\"40\" maxlength=\"400\" class=\"wpcf7-form-control wpcf7-text wpcf7-validates-as-required\" autocomplete=\"nom\" aria-required=\"true\" aria-invalid=\"false\" value=\"\" type=\"text\" name=\"your-name\" \/><\/span><br \/>\n<\/label>\n<\/p>\n<p><label>Email<br \/>\n<span class=\"wpcf7-form-control-wrap\" data-name=\"your-email\"><input size=\"40\" maxlength=\"400\" class=\"wpcf7-form-control wpcf7-email wpcf7-validates-as-required wpcf7-text wpcf7-validates-as-email\" autocomplete=\"email\" aria-required=\"true\" aria-invalid=\"false\" value=\"\" type=\"email\" name=\"your-email\" \/><\/span><br \/>\n<\/label>\n<\/p>\n<p><label>T\u00e9l\u00e9phone<br \/>\n<span class=\"wpcf7-form-control-wrap\" data-name=\"tel-982\"><input size=\"40\" maxlength=\"400\" class=\"wpcf7-form-control wpcf7-tel wpcf7-validates-as-required wpcf7-text wpcf7-validates-as-tel\" aria-required=\"true\" aria-invalid=\"false\" value=\"\" type=\"tel\" name=\"tel-982\" \/><\/span><br \/>\n<\/label>\n<\/p>\n<p><label>Objet de la demande<br \/>\n<span class=\"wpcf7-form-control-wrap\" data-name=\"your-subject\"><input size=\"40\" maxlength=\"400\" class=\"wpcf7-form-control wpcf7-text wpcf7-validates-as-required\" aria-required=\"true\" aria-invalid=\"false\" value=\"\" type=\"text\" name=\"your-subject\" \/><\/span><br \/>\n<\/label>\n<\/p>\n<p><label>Message (optionnel)<br \/>\n<span class=\"wpcf7-form-control-wrap\" data-name=\"your-message\"><textarea cols=\"40\" rows=\"10\" maxlength=\"2000\" class=\"wpcf7-form-control wpcf7-textarea\" aria-invalid=\"false\" name=\"your-message\"><\/textarea><\/span><br \/>\n<\/label>\n<\/p>\n<p><input class=\"wpcf7-form-control wpcf7-submit has-spinner\" type=\"submit\" value=\"ENVOYER MESSAGE\" \/>\n<\/p><div class=\"wpcf7-response-output\" aria-hidden=\"true\"><\/div>\n<\/form>\n<\/div>\n<\/div>\n\t\t\t\t\t\t<\/div>\n\t\t\t\t<\/div>\n\t\t\t\t\t<\/div>\n\t\t<\/div>\n\t\t\t\t<div class=\"has_ae_slider elementor-column elementor-col-50 elementor-top-column elementor-element elementor-element-5a5c21f ae-bg-gallery-type-default\" data-id=\"5a5c21f\" data-element_type=\"column\">\n\t\t\t<div class=\"elementor-widget-wrap elementor-element-populated\">\n\t\t\t\t\t\t<div class=\"elementor-element elementor-element-42f5aa9 elementor-widget elementor-widget-heading\" data-id=\"42f5aa9\" data-element_type=\"widget\" data-widget_type=\"heading.default\">\n\t\t\t\t<div class=\"elementor-widget-container\">\n\t\t\t\t\t<h2 class=\"elementor-heading-title elementor-size-default\">Parlez avec nous<\/h2>\t\t\t\t<\/div>\n\t\t\t\t<\/div>\n\t\t\t\t<div class=\"elementor-element elementor-element-1e85dc0 elementor-widget elementor-widget-wd_text_block\" data-id=\"1e85dc0\" data-element_type=\"widget\" data-widget_type=\"wd_text_block.default\">\n\t\t\t\t<div class=\"elementor-widget-container\">\n\t\t\t\t\t\t\t<div class=\"wd-text-block reset-last-child text-left\">\n\t\t\t\n\t\t\tAppelez-nous au <span style=\"text-decoration: underline;\"><strong><a href=\"tel:+34944216820\">+34 944 216 820<\/a><\/strong><\/span>\n\nDisponible du lundi au vendredi de 8h00 \u00e0 14h00 et de 16h00 \u00e0 18h00\n\t\t\t\t\t<\/div>\n\t\t\t\t\t\t<\/div>\n\t\t\t\t<\/div>\n\t\t\t\t<div class=\"elementor-element elementor-element-96b3359 elementor-widget elementor-widget-wd_text_block\" data-id=\"96b3359\" data-element_type=\"widget\" data-widget_type=\"wd_text_block.default\">\n\t\t\t\t<div class=\"elementor-widget-container\">\n\t\t\t\t\t\t\t<div class=\"wd-text-block reset-last-child text-left\">\n\t\t\t\n\t\t\tOu \u00e9crivez-nous \u00e0 <span style=\"text-decoration: underline;\"><strong><a href=\"mailto:france@arcasgruber.com\">france@arcasgruber.com<\/a><\/strong><\/span>\n\t\t\t\t\t<\/div>\n\t\t\t\t\t\t<\/div>\n\t\t\t\t<\/div>\n\t\t\t\t<div class=\"elementor-element elementor-element-e936d4c elementor-widget elementor-widget-heading\" data-id=\"e936d4c\" data-element_type=\"widget\" data-widget_type=\"heading.default\">\n\t\t\t\t<div class=\"elementor-widget-container\">\n\t\t\t\t\t<h2 class=\"elementor-heading-title elementor-size-default\">Avez-vous des questions sur les coffres-forts ?<\/h2>\t\t\t\t<\/div>\n\t\t\t\t<\/div>\n\t\t\t\t<div class=\"elementor-element elementor-element-ab48bba elementor-widget elementor-widget-wd_text_block\" data-id=\"ab48bba\" data-element_type=\"widget\" data-widget_type=\"wd_text_block.default\">\n\t\t\t\t<div class=\"elementor-widget-container\">\n\t\t\t\t\t\t\t<div class=\"wd-text-block reset-last-child text-left\">\n\t\t\t\n\t\t\t<p>Si vous souhaitez d\u00e9couvrir tous nos produits, visitez notre section <a href=\"https:\/\/arcasgruber.com\/fr\/coffres-forts\/\"><strong><span style=\"text-decoration: underline;\">coffres-forts<\/span><\/strong><\/a>, o\u00f9 vous trouverez toutes les classes et mod\u00e8les disponibles.<\/p>\n\t\t\t\t\t<\/div>\n\t\t\t\t\t\t<\/div>\n\t\t\t\t<\/div>\n\t\t\t\t\t<\/div>\n\t\t<\/div>\n\t\t\t\t\t<\/div>\n\t\t<\/section>\n\t\t\t\t<section class=\"has_ae_slider elementor-section elementor-top-section elementor-element elementor-element-d32688e elementor-section-boxed elementor-section-height-default elementor-section-height-default wd-section-disabled ae-bg-gallery-type-default\" data-id=\"d32688e\" data-element_type=\"section\">\n\t\t\t\t\t\t<div class=\"elementor-container elementor-column-gap-default\">\n\t\t\t\t\t<div class=\"has_ae_slider elementor-column elementor-col-100 elementor-top-column elementor-element elementor-element-c905f76 ae-bg-gallery-type-default\" data-id=\"c905f76\" data-element_type=\"column\">\n\t\t\t<div class=\"elementor-widget-wrap elementor-element-populated\">\n\t\t\t\t\t\t<div class=\"elementor-element elementor-element-025c612 elementor-widget elementor-widget-heading\" data-id=\"025c612\" data-element_type=\"widget\" data-widget_type=\"heading.default\">\n\t\t\t\t<div class=\"elementor-widget-container\">\n\t\t\t\t\t<h2 class=\"elementor-heading-title elementor-size-default\">Pr\u00e9sence Internationale\n<\/h2>\t\t\t\t<\/div>\n\t\t\t\t<\/div>\n\t\t\t\t\t<\/div>\n\t\t<\/div>\n\t\t\t\t\t<\/div>\n\t\t<\/section>\n\t\t\t\t<section class=\"has_ae_slider elementor-section elementor-top-section elementor-element elementor-element-f085392 elementor-section-full_width elementor-section-stretched elementor-section-height-default elementor-section-height-default wd-section-disabled ae-bg-gallery-type-default\" data-id=\"f085392\" data-element_type=\"section\" data-settings=\"{&quot;stretch_section&quot;:&quot;section-stretched&quot;}\">\n\t\t\t\t\t\t<div class=\"elementor-container elementor-column-gap-extended\">\n\t\t\t\t\t<div class=\"has_ae_slider elementor-column elementor-col-100 elementor-top-column elementor-element elementor-element-f7b2ff2 ae-bg-gallery-type-default\" data-id=\"f7b2ff2\" data-element_type=\"column\">\n\t\t\t<div class=\"elementor-widget-wrap elementor-element-populated\">\n\t\t\t\t\t\t<div class=\"elementor-element elementor-element-cc8e1b9 elementor-widget elementor-widget-wd_open_street_map\" data-id=\"cc8e1b9\" data-element_type=\"widget\" data-widget_type=\"wd_open_street_map.default\">\n\t\t\t\t<div class=\"elementor-widget-container\">\n\t\t\t\t\t\t\t<div class=\"wd-osm-map-container wd-map-container\">\n\t\t\t<div id=\"wd-osm-map-cc8e1b9\" class=\"wd-osm-map-wrapper wd-map-wrapper\" data-settings=\"{&quot;zoom&quot;:2,&quot;iconUrl&quot;:&quot;https:\\\/\\\/arcasgruber.com\\\/wp-content\\\/themes\\\/woodmart\\\/images\\\/icons\\\/marker-icon.png&quot;,&quot;scrollWheelZoom&quot;:&quot;yes&quot;,&quot;zoomControl&quot;:&quot;yes&quot;,&quot;dragging&quot;:&quot;yes&quot;,&quot;geoapify_tile&quot;:&quot;osm-carto&quot;,&quot;markers&quot;:[{&quot;marker&quot;:{&quot;_id&quot;:&quot;13b8c12&quot;,&quot;marker_title&quot;:&quot;Espa\\u00f1a&quot;,&quot;marker_coords&quot;:&quot;40.41673, -3.70334&quot;,&quot;show_button&quot;:&quot;yes&quot;,&quot;button_text&quot;:&quot;Cajas fuertes en Espa\\u00f1a&quot;,&quot;button_url&quot;:&quot;https:\\\/\\\/arcasgruber.com\\\/cajas-fuertes-espana\\\/&quot;,&quot;button_url_target&quot;:&quot;_self&quot;,&quot;marker_description&quot;:&quot;&quot;,&quot;marker_behavior&quot;:&quot;popup&quot;,&quot;image&quot;:{&quot;url&quot;:&quot;&quot;,&quot;id&quot;:&quot;&quot;,&quot;size&quot;:&quot;&quot;},&quot;image_size&quot;:[],&quot;image_custom_dimension&quot;:null},&quot;lat&quot;:&quot;40.41673&quot;,&quot;lng&quot;:&quot; -3.70334&quot;},{&quot;marker&quot;:{&quot;marker_title&quot;:&quot;Italia&quot;,&quot;marker_coords&quot;:&quot;41.90278, 12.49636&quot;,&quot;show_button&quot;:&quot;yes&quot;,&quot;button_text&quot;:&quot;Casseforti in Italia&quot;,&quot;button_url&quot;:&quot;https:\\\/\\\/arcasgruber.com\\\/it\\\/casseforti-italia\\\/&quot;,&quot;_id&quot;:&quot;62b9e1a&quot;,&quot;marker_description&quot;:&quot;&quot;,&quot;marker_behavior&quot;:&quot;popup&quot;,&quot;button_url_target&quot;:&quot;_blank&quot;,&quot;image&quot;:{&quot;url&quot;:&quot;&quot;,&quot;id&quot;:&quot;&quot;,&quot;size&quot;:&quot;&quot;},&quot;image_size&quot;:[],&quot;image_custom_dimension&quot;:null},&quot;lat&quot;:&quot;41.90278&quot;,&quot;lng&quot;:&quot; 12.49636&quot;},{&quot;marker&quot;:{&quot;marker_title&quot;:&quot;Dubai&quot;,&quot;marker_coords&quot;:&quot;25.20485, 55.27078&quot;,&quot;show_button&quot;:&quot;yes&quot;,&quot;button_text&quot;:&quot;Safes in Dubai&quot;,&quot;button_url&quot;:&quot;https:\\\/\\\/arcasgruber.com\\\/en\\\/safes-worldwide\\\/dubai-safes\\\/&quot;,&quot;_id&quot;:&quot;4c12cd8&quot;,&quot;marker_description&quot;:&quot;&quot;,&quot;marker_behavior&quot;:&quot;popup&quot;,&quot;button_url_target&quot;:&quot;_blank&quot;,&quot;image&quot;:{&quot;url&quot;:&quot;&quot;,&quot;id&quot;:&quot;&quot;,&quot;size&quot;:&quot;&quot;},&quot;image_size&quot;:[],&quot;image_custom_dimension&quot;:null},&quot;lat&quot;:&quot;25.20485&quot;,&quot;lng&quot;:&quot; 55.27078&quot;},{&quot;marker&quot;:{&quot;marker_title&quot;:&quot;United Kingdom&quot;,&quot;marker_coords&quot;:&quot;51.50735, -0.12776&quot;,&quot;show_button&quot;:&quot;yes&quot;,&quot;button_text&quot;:&quot;Safes in United Kingdom&quot;,&quot;button_url&quot;:&quot;https:\\\/\\\/arcasgruber.com\\\/en\\\/safes\\\/&quot;,&quot;_id&quot;:&quot;840bdd4&quot;,&quot;marker_description&quot;:&quot;&quot;,&quot;marker_behavior&quot;:&quot;popup&quot;,&quot;button_url_target&quot;:&quot;_blank&quot;,&quot;image&quot;:{&quot;url&quot;:&quot;&quot;,&quot;id&quot;:&quot;&quot;,&quot;size&quot;:&quot;&quot;},&quot;image_size&quot;:[],&quot;image_custom_dimension&quot;:null},&quot;lat&quot;:&quot;51.50735&quot;,&quot;lng&quot;:&quot; -0.12776&quot;},{&quot;marker&quot;:{&quot;marker_title&quot;:&quot;France&quot;,&quot;marker_coords&quot;:&quot;48.85661, 2.35150&quot;,&quot;show_button&quot;:&quot;yes&quot;,&quot;button_text&quot;:&quot;Coffres-forts en France&quot;,&quot;button_url&quot;:&quot;https:\\\/\\\/arcasgruber.com\\\/fr\\\/coffres-forts-en-france\\\/&quot;,&quot;_id&quot;:&quot;feeead6&quot;,&quot;marker_description&quot;:&quot;&quot;,&quot;marker_behavior&quot;:&quot;popup&quot;,&quot;button_url_target&quot;:&quot;_blank&quot;,&quot;image&quot;:{&quot;url&quot;:&quot;&quot;,&quot;id&quot;:&quot;&quot;,&quot;size&quot;:&quot;&quot;},&quot;image_size&quot;:[],&quot;image_custom_dimension&quot;:null},&quot;lat&quot;:&quot;48.85661&quot;,&quot;lng&quot;:&quot; 2.35150&quot;},{&quot;marker&quot;:{&quot;marker_title&quot;:&quot;Suisse&quot;,&quot;marker_coords&quot;:&quot;46.8182, 8.2275&quot;,&quot;show_button&quot;:&quot;yes&quot;,&quot;button_text&quot;:&quot;Coffres-forts en Suisse&quot;,&quot;button_url&quot;:&quot;https:\\\/\\\/arcasgruber.com\\\/fr\\\/coffres-forts-en-suisse\\\/&quot;,&quot;_id&quot;:&quot;18e039a&quot;,&quot;marker_description&quot;:&quot;&quot;,&quot;marker_behavior&quot;:&quot;popup&quot;,&quot;button_url_target&quot;:&quot;_blank&quot;,&quot;image&quot;:{&quot;url&quot;:&quot;&quot;,&quot;id&quot;:&quot;&quot;,&quot;size&quot;:&quot;&quot;},&quot;image_size&quot;:[],&quot;image_custom_dimension&quot;:null},&quot;lat&quot;:&quot;46.8182&quot;,&quot;lng&quot;:&quot; 8.2275&quot;},{&quot;marker&quot;:{&quot;marker_title&quot;:&quot;Monaco&quot;,&quot;marker_coords&quot;:&quot;43.7384, 7.4246&quot;,&quot;show_button&quot;:&quot;yes&quot;,&quot;button_text&quot;:&quot;Coffres-forts en Monaco&quot;,&quot;button_url&quot;:&quot;https:\\\/\\\/arcasgruber.com\\\/fr\\\/coffres-forts-monaco\\\/&quot;,&quot;_id&quot;:&quot;a9e940a&quot;,&quot;marker_description&quot;:&quot;&quot;,&quot;marker_behavior&quot;:&quot;popup&quot;,&quot;button_url_target&quot;:&quot;_blank&quot;,&quot;image&quot;:{&quot;url&quot;:&quot;&quot;,&quot;id&quot;:&quot;&quot;,&quot;size&quot;:&quot;&quot;},&quot;image_size&quot;:[],&quot;image_custom_dimension&quot;:null},&quot;lat&quot;:&quot;43.7384&quot;,&quot;lng&quot;:&quot; 7.4246&quot;},{&quot;marker&quot;:{&quot;marker_title&quot;:&quot;Luxembourg&quot;,&quot;marker_coords&quot;:&quot;49.8153, 6.1296&quot;,&quot;show_button&quot;:&quot;yes&quot;,&quot;button_text&quot;:&quot;Coffres-forts en Luxembourg&quot;,&quot;button_url&quot;:&quot;https:\\\/\\\/arcasgruber.com\\\/fr\\\/coffres-forts-au-luxembourg\\\/&quot;,&quot;_id&quot;:&quot;6731204&quot;,&quot;marker_description&quot;:&quot;&quot;,&quot;marker_behavior&quot;:&quot;popup&quot;,&quot;button_url_target&quot;:&quot;_blank&quot;,&quot;image&quot;:{&quot;url&quot;:&quot;&quot;,&quot;id&quot;:&quot;&quot;,&quot;size&quot;:&quot;&quot;},&quot;image_size&quot;:[],&quot;image_custom_dimension&quot;:null},&quot;lat&quot;:&quot;49.8153&quot;,&quot;lng&quot;:&quot; 6.1296&quot;},{&quot;marker&quot;:{&quot;marker_title&quot;:&quot;Belgique&quot;,&quot;marker_coords&quot;:&quot;50.5039, 4.4699&quot;,&quot;show_button&quot;:&quot;yes&quot;,&quot;button_text&quot;:&quot;Coffres-forts en Belgique&quot;,&quot;button_url&quot;:&quot;https:\\\/\\\/arcasgruber.com\\\/fr\\\/coffres-forts-belgique\\\/&quot;,&quot;_id&quot;:&quot;9c9d1fc&quot;,&quot;marker_description&quot;:&quot;&quot;,&quot;marker_behavior&quot;:&quot;popup&quot;,&quot;button_url_target&quot;:&quot;_blank&quot;,&quot;image&quot;:{&quot;url&quot;:&quot;&quot;,&quot;id&quot;:&quot;&quot;,&quot;size&quot;:&quot;&quot;},&quot;image_size&quot;:[],&quot;image_custom_dimension&quot;:null},&quot;lat&quot;:&quot;50.5039&quot;,&quot;lng&quot;:&quot; 4.4699&quot;},{&quot;marker&quot;:{&quot;marker_title&quot;:&quot;Mexico&quot;,&quot;marker_coords&quot;:&quot;19.43261, -99.13321&quot;,&quot;show_button&quot;:&quot;yes&quot;,&quot;button_text&quot;:&quot;Cajas fuertes en Mexico&quot;,&quot;button_url&quot;:&quot;https:\\\/\\\/arcasgruber.com\\\/cajas-fuertes-mexico\\\/&quot;,&quot;_id&quot;:&quot;6fe4867&quot;,&quot;marker_description&quot;:&quot;&quot;,&quot;marker_behavior&quot;:&quot;popup&quot;,&quot;button_url_target&quot;:&quot;_blank&quot;,&quot;image&quot;:{&quot;url&quot;:&quot;&quot;,&quot;id&quot;:&quot;&quot;,&quot;size&quot;:&quot;&quot;},&quot;image_size&quot;:[],&quot;image_custom_dimension&quot;:null},&quot;lat&quot;:&quot;19.43261&quot;,&quot;lng&quot;:&quot; -99.13321&quot;},{&quot;marker&quot;:{&quot;marker_title&quot;:&quot;USA&quot;,&quot;marker_coords&quot;:&quot;38.89511, -77.03637&quot;,&quot;show_button&quot;:&quot;yes&quot;,&quot;button_text&quot;:&quot;Safes in the USA&quot;,&quot;button_url&quot;:&quot;https:\\\/\\\/arcasgruber.com\\\/en\\\/safes-worldwide\\\/usa-safes\\\/&quot;,&quot;_id&quot;:&quot;447078b&quot;,&quot;marker_description&quot;:&quot;&quot;,&quot;marker_behavior&quot;:&quot;popup&quot;,&quot;button_url_target&quot;:&quot;_blank&quot;,&quot;image&quot;:{&quot;url&quot;:&quot;&quot;,&quot;id&quot;:&quot;&quot;,&quot;size&quot;:&quot;&quot;},&quot;image_size&quot;:[],&quot;image_custom_dimension&quot;:null},&quot;lat&quot;:&quot;38.89511&quot;,&quot;lng&quot;:&quot; -77.03637&quot;},{&quot;marker&quot;:{&quot;marker_title&quot;:&quot;Argentina&quot;,&quot;marker_coords&quot;:&quot;-34.603684, -58.381559&quot;,&quot;show_button&quot;:&quot;yes&quot;,&quot;button_text&quot;:&quot;Cajas fuertes en Argentina&quot;,&quot;button_url&quot;:&quot;https:\\\/\\\/arcasgruber.com\\\/cajas-fuertes-argentina\\\/&quot;,&quot;_id&quot;:&quot;5eca843&quot;,&quot;marker_description&quot;:&quot;&quot;,&quot;marker_behavior&quot;:&quot;popup&quot;,&quot;button_url_target&quot;:&quot;_blank&quot;,&quot;image&quot;:{&quot;url&quot;:&quot;&quot;,&quot;id&quot;:&quot;&quot;,&quot;size&quot;:&quot;&quot;},&quot;image_size&quot;:[],&quot;image_custom_dimension&quot;:null},&quot;lat&quot;:&quot;-34.603684&quot;,&quot;lng&quot;:&quot; -58.381559&quot;},{&quot;marker&quot;:{&quot;marker_title&quot;:&quot;Chile&quot;,&quot;marker_coords&quot;:&quot;-33.4489, -70.6693&quot;,&quot;show_button&quot;:&quot;yes&quot;,&quot;button_text&quot;:&quot;Cajas fuertes en Chile&quot;,&quot;button_url&quot;:&quot;https:\\\/\\\/arcasgruber.com\\\/cajas-fuertes-chile\\\/&quot;,&quot;_id&quot;:&quot;12d4e91&quot;,&quot;marker_description&quot;:&quot;&quot;,&quot;marker_behavior&quot;:&quot;popup&quot;,&quot;button_url_target&quot;:&quot;_blank&quot;,&quot;image&quot;:{&quot;url&quot;:&quot;&quot;,&quot;id&quot;:&quot;&quot;,&quot;size&quot;:&quot;&quot;},&quot;image_size&quot;:[],&quot;image_custom_dimension&quot;:null},&quot;lat&quot;:&quot;-33.4489&quot;,&quot;lng&quot;:&quot; -70.6693&quot;},{&quot;marker&quot;:{&quot;marker_title&quot;:&quot;Ecuador&quot;,&quot;marker_coords&quot;:&quot;-0.1807, -78.4678&quot;,&quot;show_button&quot;:&quot;yes&quot;,&quot;button_text&quot;:&quot;Cajas fuertes en Ecuador&quot;,&quot;button_url&quot;:&quot;https:\\\/\\\/arcasgruber.com\\\/cajas-fuertes-ecuador\\\/&quot;,&quot;_id&quot;:&quot;be06468&quot;,&quot;marker_description&quot;:&quot;&quot;,&quot;marker_behavior&quot;:&quot;popup&quot;,&quot;button_url_target&quot;:&quot;_blank&quot;,&quot;image&quot;:{&quot;url&quot;:&quot;&quot;,&quot;id&quot;:&quot;&quot;,&quot;size&quot;:&quot;&quot;},&quot;image_size&quot;:[],&quot;image_custom_dimension&quot;:null},&quot;lat&quot;:&quot;-0.1807&quot;,&quot;lng&quot;:&quot; -78.4678&quot;},{&quot;marker&quot;:{&quot;marker_title&quot;:&quot;Per\\u00fa&quot;,&quot;marker_coords&quot;:&quot;-12.0464, -77.0428&quot;,&quot;show_button&quot;:&quot;yes&quot;,&quot;button_text&quot;:&quot;Cajas fuertes en Per\\u00fa&quot;,&quot;button_url&quot;:&quot;https:\\\/\\\/arcasgruber.com\\\/cajas-fuertes-peru\\\/&quot;,&quot;_id&quot;:&quot;70c16cc&quot;,&quot;marker_description&quot;:&quot;&quot;,&quot;marker_behavior&quot;:&quot;popup&quot;,&quot;button_url_target&quot;:&quot;_blank&quot;,&quot;image&quot;:{&quot;url&quot;:&quot;&quot;,&quot;id&quot;:&quot;&quot;,&quot;size&quot;:&quot;&quot;},&quot;image_size&quot;:[],&quot;image_custom_dimension&quot;:null},&quot;lat&quot;:&quot;-12.0464&quot;,&quot;lng&quot;:&quot; -77.0428&quot;},{&quot;marker&quot;:{&quot;marker_title&quot;:&quot;Uruguay&quot;,&quot;marker_coords&quot;:&quot; -34.9011, -56.1645&quot;,&quot;show_button&quot;:&quot;yes&quot;,&quot;button_text&quot;:&quot;Cajas fuertes en Uruguay&quot;,&quot;button_url&quot;:&quot;https:\\\/\\\/arcasgruber.com\\\/cajas-fuertes-uruguay\\\/&quot;,&quot;_id&quot;:&quot;98f466a&quot;,&quot;marker_description&quot;:&quot;&quot;,&quot;marker_behavior&quot;:&quot;popup&quot;,&quot;button_url_target&quot;:&quot;_blank&quot;,&quot;image&quot;:{&quot;url&quot;:&quot;&quot;,&quot;id&quot;:&quot;&quot;,&quot;size&quot;:&quot;&quot;},&quot;image_size&quot;:[],&quot;image_custom_dimension&quot;:null},&quot;lat&quot;:&quot; -34.9011&quot;,&quot;lng&quot;:&quot; -56.1645&quot;}],&quot;center&quot;:&quot;30.876556792624,-31.3266136995&quot;,&quot;init_type&quot;:&quot;page_load&quot;}\"><\/div>\n\n\t\t\t\n\t\t\t\n\t\t\t\t\t<\/div>\n\t\t\t\t\t\t<\/div>\n\t\t\t\t<\/div>\n\t\t\t\t\t<\/div>\n\t\t<\/div>\n\t\t\t\t\t<\/div>\n\t\t<\/section>\n\t\t\t\t<\/div>\n\t\t","protected":false},"excerpt":{"rendered":"<p>Contactez-nous Nous vous aiderons \u00e0 trouver la solution id\u00e9ale pour votre syst\u00e8me de s\u00e9curit\u00e9. Remplissez le formulaire et notre \u00e9quipe<\/p>\n","protected":false},"author":3,"featured_media":0,"parent":0,"menu_order":0,"comment_status":"closed","ping_status":"closed","template":"","meta":{"_acf_changed":false,"footnotes":""},"class_list":["post-23322","page","type-page","status-publish","hentry"],"acf":[],"_links":{"self":[{"href":"https:\/\/arcasgruber.com\/fr\/wp-json\/wp\/v2\/pages\/23322","targetHints":{"allow":["GET"]}}],"collection":[{"href":"https:\/\/arcasgruber.com\/fr\/wp-json\/wp\/v2\/pages"}],"about":[{"href":"https:\/\/arcasgruber.com\/fr\/wp-json\/wp\/v2\/types\/page"}],"author":[{"embeddable":true,"href":"https:\/\/arcasgruber.com\/fr\/wp-json\/wp\/v2\/users\/3"}],"replies":[{"embeddable":true,"href":"https:\/\/arcasgruber.com\/fr\/wp-json\/wp\/v2\/comments?post=23322"}],"version-history":[{"count":0,"href":"https:\/\/arcasgruber.com\/fr\/wp-json\/wp\/v2\/pages\/23322\/revisions"}],"wp:attachment":[{"href":"https:\/\/arcasgruber.com\/fr\/wp-json\/wp\/v2\/media?parent=23322"}],"curies":[{"name":"wp","href":"https:\/\/api.w.org\/{rel}","templated":true}]}}